{"id":2090,"date":"2025-09-26T09:45:01","date_gmt":"2025-09-26T09:45:01","guid":{"rendered":"https:\/\/www.shouyasanitary.com\/?post_type=product&#038;p=2090"},"modified":"2025-09-26T09:45:06","modified_gmt":"2025-09-26T09:45:06","slug":"wholesale-cabinet-white-bathroom","status":"publish","type":"product","link":"https:\/\/www.shouyasanitary.com\/fr\/produit\/wholesale-cabinet-white-bathroom\/","title":{"rendered":"Wholesale Cabinet White Bathroom, PVC Wall Hung Bathroom Vanity with Mirror Elegant Custom"},"content":{"rendered":"<div class=\"wp-block-columns is-layout-flex wp-container-core-columns-is-layout-9d6595d7 wp-block-columns-is-layout-flex\">\n<div class=\"wp-block-column is-layout-flow wp-block-column-is-layout-flow\">\n<h2 class=\"wp-block-heading\">Cabinet blanc Caract\u00e9ristiques de la salle de bains\uff1a<\/h2>\n\n\n\n<p><strong>Effets visuels remarquables : <\/strong>Le meuble principal est choisi dans un blanc pur, simple et \u00e9l\u00e9gant. La surface du meuble pr\u00e9sente un design tridimensionnel unique, qui ajoute une touche de design et de sophistication \u00e0 l'ensemble. Il s'int\u00e8gre parfaitement \u00e0 l'environnement de la salle de bains aux tons chauds, cr\u00e9ant une atmosph\u00e8re confortable et \u00e9l\u00e9gante et devenant facilement une pr\u00e9sence marquante dans la salle de bains.<\/p>\n\n\n\n<p><strong>Forte capacit\u00e9 de stockage : <\/strong>Il comporte plusieurs espaces de rangement, avec une combinaison de tiroirs et de portes de placard, permettant de ranger par cat\u00e9gorie les articles de toilette, les serviettes et d'autres articles, ce qui permet de garder la salle de bains bien rang\u00e9e, chaque type d'article ayant son propre espace de rangement, r\u00e9pondant ainsi aux besoins de rangement quotidiens et am\u00e9liorant la propret\u00e9 de la salle de bains.<\/p>\n\n\n\n<p><strong>Combinaison pratique et esth\u00e9tique : <\/strong>Le miroir LED, \u00e0 la fois pratique et esth\u00e9tique, fournit un \u00e9clairage doux et non \u00e9blouissant qui illumine clairement le visage, facilitant ainsi les t\u00e2ches telles que la toilette et le maquillage, tout en ajoutant une touche de technologie \u00e0 la salle de bains. <\/p>\n\n\n\n<p><strong>Mat\u00e9riaux de haute qualit\u00e9 :<\/strong>\u00a0Le meuble principal est fabriqu\u00e9 en PVC, qui poss\u00e8de de bonnes propri\u00e9t\u00e9s d'\u00e9tanch\u00e9it\u00e9 et de r\u00e9sistance \u00e0 l'humidit\u00e9, ce qui le rend bien adapt\u00e9 \u00e0 l'environnement humide de la salle de bains et moins sujet \u00e0 des probl\u00e8mes tels que la formation de moisissures et les d\u00e9formations. <\/p>\n\n\n\n<p><strong>Facile \u00e0 installer :<\/strong> Le PVC est \u00e9galement l\u00e9ger, ce qui facilite l'installation et le transport, tout en pr\u00e9sentant un certain degr\u00e9 de r\u00e9sistance \u00e0 l'usure, prolongeant ainsi la dur\u00e9e de vie de l'armoire de salle de bains.<\/p>\n\n\n\n<p><strong>Personnalisation flexible<\/strong>: Nous proposons une large gamme d'options d'armoires de salle de bain personnalis\u00e9es, vous permettant de choisir parmi une vari\u00e9t\u00e9 de mat\u00e9riaux, de couleurs et de designs pour r\u00e9pondre \u00e0 votre projet. Que vous recherchiez un style moderne et minimaliste, un classique vintage ou un design fonctionnel unique, nous pouvons cr\u00e9er l'armoire de salle de bain id\u00e9ale.<\/p>\n<\/div>\n\n\n\n<div class=\"wp-block-column is-layout-flow wp-block-column-is-layout-flow\"><div class=\"wp-block-image\">\n<figure class=\"aligncenter size-full\"><img decoding=\"async\" width=\"700\" height=\"700\" src=\"https:\/\/www.shouyasanitary.com\/wp-content\/uploads\/2025\/09\/Custom-Solutions-Vanity-Cabinet-1.webp\" alt=\"Solutions sur mesure Cabinet de toilette\" class=\"wp-image-2091\" style=\"object-fit:cover\" srcset=\"https:\/\/www.shouyasanitary.com\/wp-content\/uploads\/2025\/09\/Custom-Solutions-Vanity-Cabinet-1.webp 700w, https:\/\/www.shouyasanitary.com\/wp-content\/uploads\/2025\/09\/Custom-Solutions-Vanity-Cabinet-1-300x300.webp 300w, https:\/\/www.shouyasanitary.com\/wp-content\/uploads\/2025\/09\/Custom-Solutions-Vanity-Cabinet-1-150x150.webp 150w, https:\/\/www.shouyasanitary.com\/wp-content\/uploads\/2025\/09\/Custom-Solutions-Vanity-Cabinet-1-12x12.webp 12w, https:\/\/www.shouyasanitary.com\/wp-content\/uploads\/2025\/09\/Custom-Solutions-Vanity-Cabinet-1-600x600.webp 600w, https:\/\/www.shouyasanitary.com\/wp-content\/uploads\/2025\/09\/Custom-Solutions-Vanity-Cabinet-1-100x100.webp 100w\" sizes=\"(max-width: 700px) 100vw, 700px\" \/><\/figure>\n<\/div><\/div>\n<\/div>","protected":false},"excerpt":{"rendered":"<p>L'armoire de salle de bain blanche, avec un design graphique en 3D, un grand espace de rangement et une construction en PVC imperm\u00e9able pour une installation murale, avec une armoire en c\u00e9ramique, est le choix id\u00e9al pour cr\u00e9er un espace de salle de bain confortable et fonctionnel. N'h\u00e9sitez pas \u00e0 nous contacter pour obtenir un devis et un catalogue de produits.<\/p>\n<h2>Armoire Blanche Salle de Bain Attributs\uff1a<\/h2>\n<p><strong>Num\u00e9ro d'article : <\/strong>6087-80<strong><br \/>Mat\u00e9riau de l'armoire :<\/strong> PVC<br \/><strong>Couleur de l'armoire : <\/strong>Khkai<br \/><strong>Miroir :<\/strong> Miroir LED (3,5 mm\/3,8 mm), \u00e9clairage tricolore, d\u00e9sembuage par simple pression d'une touche, s\u00e9curis\u00e9 par un emballage en mousse multicouche.<br \/><strong>Type d'installation :<\/strong>\u00a0Montage mural<br \/><strong>Dimensions (L\u00d7L\u00d7H) :<\/strong> 80*50*45 cm<br \/><strong>Poids brut :<\/strong> 32kg\/set<\/p>\n<h2>Personnalisation et services :<\/h2>\n<p><strong>OEM ET ODM<\/strong>: Pris en charge<br \/><strong>Conception<\/strong>: Gratuit<br \/><strong>Accessoires<\/strong>: Lavabos, miroirs, robinets et autres accessoires de salle de bains<br \/><strong>Emballage<\/strong>: Pr\u00eat \u00e0 monter<\/p>","protected":false},"featured_media":2091,"comment_status":"closed","ping_status":"closed","template":"","meta":{"_acf_changed":true},"product_brand":[],"product_cat":[24],"product_tag":[],"class_list":{"0":"post-2090","1":"product","2":"type-product","3":"status-publish","4":"has-post-thumbnail","6":"product_cat-wholesale-pvc-bathroom-vanity-cabinets","8":"first","9":"instock","10":"shipping-taxable","11":"product-type-simple"},"acf":[],"_links":{"self":[{"href":"https:\/\/www.shouyasanitary.com\/fr\/wp-json\/wp\/v2\/product\/2090","targetHints":{"allow":["GET"]}}],"collection":[{"href":"https:\/\/www.shouyasanitary.com\/fr\/wp-json\/wp\/v2\/product"}],"about":[{"href":"https:\/\/www.shouyasanitary.com\/fr\/wp-json\/wp\/v2\/types\/product"}],"replies":[{"embeddable":true,"href":"https:\/\/www.shouyasanitary.com\/fr\/wp-json\/wp\/v2\/comments?post=2090"}],"wp:featuredmedia":[{"embeddable":true,"href":"https:\/\/www.shouyasanitary.com\/fr\/wp-json\/wp\/v2\/media\/2091"}],"wp:attachment":[{"href":"https:\/\/www.shouyasanitary.com\/fr\/wp-json\/wp\/v2\/media?parent=2090"}],"wp:term":[{"taxonomy":"product_brand","embeddable":true,"href":"https:\/\/www.shouyasanitary.com\/fr\/wp-json\/wp\/v2\/product_brand?post=2090"},{"taxonomy":"product_cat","embeddable":true,"href":"https:\/\/www.shouyasanitary.com\/fr\/wp-json\/wp\/v2\/product_cat?post=2090"},{"taxonomy":"product_tag","embeddable":true,"href":"https:\/\/www.shouyasanitary.com\/fr\/wp-json\/wp\/v2\/product_tag?post=2090"}],"curies":[{"name":"wp","href":"https:\/\/api.w.org\/{rel}","templated":true}]}}