{"id":2094,"date":"2025-10-09T12:18:37","date_gmt":"2025-10-09T12:18:37","guid":{"rendered":"https:\/\/www.shouyasanitary.com\/?post_type=product&#038;p=2094"},"modified":"2025-10-20T08:17:56","modified_gmt":"2025-10-20T08:17:56","slug":"wholesale-stainless-steel-bathroom-cabinet","status":"publish","type":"product","link":"https:\/\/www.shouyasanitary.com\/fr\/produit\/wholesale-stainless-steel-bathroom-cabinet\/","title":{"rendered":"Wholesale Stainless Steel Bathroom Cabinet, Floor Standing Bathroom Vanity Supplier Modern Design"},"content":{"rendered":"<div class=\"wp-block-columns is-layout-flex wp-container-core-columns-is-layout-9d6595d7 wp-block-columns-is-layout-flex\">\n<div class=\"wp-block-column is-layout-flow wp-block-column-is-layout-flow\">\n<h2 class=\"wp-block-heading\">Armoire de salle de bain en acier inoxydable Caract\u00e9ristiques\uff1a<\/h2>\n\n\n\n<p><strong>Mat\u00e9riau durable : <\/strong>Le corps de l'armoire est en acier inoxydable, qui est \u00e0 la fois r\u00e9sistant \u00e0 la corrosion et facile \u00e0 nettoyer. <\/p>\n\n\n\n<p><strong>Texture chaude<\/strong>: La texture grise de la pierre simul\u00e9e ajoute une touche de chaleur \u00e0 la duret\u00e9 de l'acier inoxydable, ce qui permet de l'utiliser dans des salles de bains modernes, l\u00e9g\u00e8rement luxueuses et dans d'autres styles diff\u00e9rents.<\/p>\n\n\n\n<p><strong>Un grand espace de rangement : <\/strong>\u00c9quip\u00e9 d'une combinaison de rangement \"deux tiroirs - une porte\", les tiroirs peuvent accueillir de petits articles de toilette, tandis que l'espace \u00e0 l'int\u00e9rieur de la porte de l'armoire peut contenir des produits d'entretien, etc. Le rangement cat\u00e9goris\u00e9 permet de garder la salle de bains en ordre et de r\u00e9pondre aux besoins quotidiens de rangement des articles de toilette.<\/p>\n\n\n\n<p><strong>D\u00e9tails assortis : T<\/strong>e dessus est associ\u00e9 \u00e0 un miroir carr\u00e9 avec une lumi\u00e8re, ce qui am\u00e9liore la commodit\u00e9 de la toilette \u00e0 l'aide de la lumi\u00e8re. La surface du miroir est simple et \u00e9l\u00e9gante. Il est associ\u00e9 \u00e0 une vasque en c\u00e9ramique blanche, d\u00e9licate et facile \u00e0 entretenir. Associ\u00e9 \u00e0 un robinet blanc, le ton g\u00e9n\u00e9ral des couleurs est harmonieux et unifi\u00e9, ce qui am\u00e9liore l'esth\u00e9tique visuelle.<\/p>\n\n\n\n<p><strong>Int\u00e9gration de la fonction et de l'esth\u00e9tique : <\/strong>La durabilit\u00e9 de l'acier inoxydable s'int\u00e8gre parfaitement \u00e0 l'environnement humide de la salle de bains, tandis que le design textur\u00e9 de l'ext\u00e9rieur brise l'impression de froideur de l'acier inoxydable, r\u00e9alisant ainsi la double valeur de la praticit\u00e9 et de l'esth\u00e9tique.<\/p>\n<\/div>\n\n\n\n<div class=\"wp-block-column is-layout-flow wp-block-column-is-layout-flow\"><div class=\"wp-block-image\">\n<figure class=\"aligncenter size-full\"><img decoding=\"async\" width=\"700\" height=\"700\" src=\"https:\/\/www.shouyasanitary.com\/wp-content\/uploads\/2025\/09\/Custom-Vanity-with-Wash-Basin-for-Hotel-Bathroom.webp\" alt=\"Vanit\u00e9 sur mesure avec lavabo pour salle de bain d&#039;h\u00f4tel\" class=\"wp-image-2098\" style=\"object-fit:cover\" srcset=\"https:\/\/www.shouyasanitary.com\/wp-content\/uploads\/2025\/09\/Custom-Vanity-with-Wash-Basin-for-Hotel-Bathroom.webp 700w, https:\/\/www.shouyasanitary.com\/wp-content\/uploads\/2025\/09\/Custom-Vanity-with-Wash-Basin-for-Hotel-Bathroom-300x300.webp 300w, https:\/\/www.shouyasanitary.com\/wp-content\/uploads\/2025\/09\/Custom-Vanity-with-Wash-Basin-for-Hotel-Bathroom-150x150.webp 150w, https:\/\/www.shouyasanitary.com\/wp-content\/uploads\/2025\/09\/Custom-Vanity-with-Wash-Basin-for-Hotel-Bathroom-12x12.webp 12w, https:\/\/www.shouyasanitary.com\/wp-content\/uploads\/2025\/09\/Custom-Vanity-with-Wash-Basin-for-Hotel-Bathroom-600x600.webp 600w, https:\/\/www.shouyasanitary.com\/wp-content\/uploads\/2025\/09\/Custom-Vanity-with-Wash-Basin-for-Hotel-Bathroom-100x100.webp 100w\" sizes=\"(max-width: 700px) 100vw, 700px\" \/><\/figure>\n<\/div><\/div>\n<\/div>\n\n\n\n<p><\/p>","protected":false},"excerpt":{"rendered":"<p>Bienvenue dans ce meuble de salle de bains en acier inoxydable, avec une texture en imitation de pierre grise et une vasque blanche, qui lui conf\u00e8re un aspect luxueux. Ce mod\u00e8le sur pied est r\u00e9sistant \u00e0 la rouille et durable, et comporte deux tiroirs pour un rangement facile. Fabriqu\u00e9 directement par Shouya, nous proposons des achats en gros et des commandes personnalis\u00e9es. Contactez-nous d\u00e8s aujourd'hui pour un devis !<\/p>\n<h2 class=\"wp-block wp-block-post-title block-editor-block-list__block editor-post-title editor-post-title__input rich-text is-selected\" role=\"textbox\" aria-label=\"Nom du produit\">Armoire de toilette en acier inoxydable Attributs\uff1a<\/h2>\n<p><strong>Num\u00e9ro d'article : <\/strong>SYS-1-60<strong><br \/>Mat\u00e9riau de l'armoire :<\/strong> Acier inoxydable<br \/><strong>Couleur de l'armoire : <\/strong>Gris<br \/><strong>Miroir : <\/strong>Miroir LED (3,5 mm\/3,8 mm), \u00e9clairage tricolore, d\u00e9sembuage par simple pression d'une touche, s\u00e9curis\u00e9 par un emballage en mousse multicouche.<strong><br \/>Type d'installation : <\/strong>Au sol<br \/><strong>Dimensions (L\u00d7L\u00d7H) :<\/strong> 60*45*62cm<br \/><strong>Poids brut :<\/strong> 30kg\/set<\/p>\n<h2>Personnalisation et services :<\/h2>\n<p><strong>OEM ET ODM<\/strong>: Pris en charge<br \/><strong>Conception<\/strong>: Gratuit<br \/><strong>Accessoires<\/strong>: Lavabos, miroirs, robinets et autres accessoires de salle de bains<br \/><strong>Emballage<\/strong>: Pr\u00eat \u00e0 monter<\/p>","protected":false},"featured_media":2098,"comment_status":"closed","ping_status":"closed","template":"","meta":{"_acf_changed":false},"product_brand":[],"product_cat":[27],"product_tag":[],"class_list":{"0":"post-2094","1":"product","2":"type-product","3":"status-publish","4":"has-post-thumbnail","6":"product_cat-wholesale-stainless-steel-bathroom-vanity-cabinets","8":"first","9":"instock","10":"shipping-taxable","11":"product-type-simple"},"acf":[],"_links":{"self":[{"href":"https:\/\/www.shouyasanitary.com\/fr\/wp-json\/wp\/v2\/product\/2094","targetHints":{"allow":["GET"]}}],"collection":[{"href":"https:\/\/www.shouyasanitary.com\/fr\/wp-json\/wp\/v2\/product"}],"about":[{"href":"https:\/\/www.shouyasanitary.com\/fr\/wp-json\/wp\/v2\/types\/product"}],"replies":[{"embeddable":true,"href":"https:\/\/www.shouyasanitary.com\/fr\/wp-json\/wp\/v2\/comments?post=2094"}],"wp:featuredmedia":[{"embeddable":true,"href":"https:\/\/www.shouyasanitary.com\/fr\/wp-json\/wp\/v2\/media\/2098"}],"wp:attachment":[{"href":"https:\/\/www.shouyasanitary.com\/fr\/wp-json\/wp\/v2\/media?parent=2094"}],"wp:term":[{"taxonomy":"product_brand","embeddable":true,"href":"https:\/\/www.shouyasanitary.com\/fr\/wp-json\/wp\/v2\/product_brand?post=2094"},{"taxonomy":"product_cat","embeddable":true,"href":"https:\/\/www.shouyasanitary.com\/fr\/wp-json\/wp\/v2\/product_cat?post=2094"},{"taxonomy":"product_tag","embeddable":true,"href":"https:\/\/www.shouyasanitary.com\/fr\/wp-json\/wp\/v2\/product_tag?post=2094"}],"curies":[{"name":"wp","href":"https:\/\/api.w.org\/{rel}","templated":true}]}}