{"id":2095,"date":"2025-10-20T08:17:37","date_gmt":"2025-10-20T08:17:37","guid":{"rendered":"https:\/\/www.shouyasanitary.com\/?post_type=product&#038;p=2095"},"modified":"2025-10-20T08:17:40","modified_gmt":"2025-10-20T08:17:40","slug":"wholesale-bathroom-cabinet-free-standing","status":"publish","type":"product","link":"https:\/\/www.shouyasanitary.com\/fr\/produit\/wholesale-bathroom-cabinet-free-standing\/","title":{"rendered":"Wholesale Bathroom Cabinet Free Standing, Stainless Steel Bathroom Vanity with Mirror Supplier"},"content":{"rendered":"<div class=\"wp-block-columns is-layout-flex wp-container-core-columns-is-layout-9d6595d7 wp-block-columns-is-layout-flex\">\n<div class=\"wp-block-column is-layout-flow wp-block-column-is-layout-flow\">\n<h2 class=\"wp-block-heading\">Caract\u00e9ristiques de l'armoire de salle de bains sur pied\uff1a<\/h2>\n\n\n\n<p><strong>Mat\u00e9riau et style durables Pr\u00e9sentation : <\/strong>Le mat\u00e9riau principal est l'acier inoxydable, avec une texture de marbre blanc sur la surface. Il allie la durabilit\u00e9 de l'acier inoxydable au luxe l\u00e9ger et \u00e0 l'\u00e9l\u00e9gance du marbre, ce qui le rend r\u00e9sistant \u00e0 la rouille et \u00e0 la corrosion dans l'environnement humide de la salle de bains. En m\u00eame temps, il conf\u00e8re \u00e0 l'espace une qualit\u00e9 haut de gamme qui convient aux styles de d\u00e9coration modernes, minimalistes et autres.<\/p>\n\n\n\n<p><strong>Colocalisation et conception d\u00e9taill\u00e9e : <\/strong>La partie sup\u00e9rieure est dot\u00e9e d'un grand miroir carr\u00e9 \u00e9clair\u00e9, qui facilite la toilette, le rasage et d'autres op\u00e9rations gr\u00e2ce \u00e0 sa fonction d'\u00e9clairage du miroir. Il est accompagn\u00e9 d'une vasque en c\u00e9ramique blanche, d\u00e9licate et facile \u00e0 nettoyer, et d'un simple robinet blanc, cr\u00e9ant ainsi un ensemble de couleurs harmonieux et unifi\u00e9, avec des d\u00e9tails exquis.<\/p>\n\n\n\n<p><strong>Structure pratique \u00e0 poser au sol :<\/strong>\u00a0La structure au sol soutenue par des pieds m\u00e9talliques renforce la stabilit\u00e9 de l'armoire tout en facilitant le nettoyage du fond de l'armoire et en \u00e9vitant les zones mortes sanitaires. La combinaison de la durabilit\u00e9 de l'acier inoxydable et de l'esth\u00e9tique de la texture r\u00e9pond non seulement aux besoins fonctionnels d'une utilisation quotidienne dans la salle de bains, mais ajoute \u00e9galement un sentiment de luxe \u00e0 la salle de bains gr\u00e2ce \u00e0 la pr\u00e9sentation visuelle, ce qui permet d'obtenir le double avantage de la praticit\u00e9 et de l'esth\u00e9tique.<\/p>\n\n\n\n<p><strong>Service personnalis\u00e9<\/strong>: La couleur de l'armoire, le mat\u00e9riau, la fonction de l'armoire de toilette, la forme du bassin, etc., peuvent \u00eatre ajust\u00e9s en fonction des besoins du client afin de r\u00e9pondre aux habitudes esth\u00e9tiques et d'utilisation des diff\u00e9rentes r\u00e9gions du monde.<\/p>\n<\/div>\n\n\n\n<div class=\"wp-block-column is-layout-flow wp-block-column-is-layout-flow\"><div class=\"wp-block-image\">\n<figure class=\"aligncenter size-full\"><img decoding=\"async\" width=\"700\" height=\"700\" src=\"https:\/\/www.shouyasanitary.com\/wp-content\/uploads\/2025\/09\/OEM-Vanity-with-Mirror-Wash-Basin-for-Hotel-Bathroom.webp\" alt=\"OEM Vanity with Mirror Wash Basin for Hotel Bathroom (Vanit\u00e9 avec miroir et lavabo pour salle de bain)\" class=\"wp-image-2104\" style=\"object-fit:cover\" srcset=\"https:\/\/www.shouyasanitary.com\/wp-content\/uploads\/2025\/09\/OEM-Vanity-with-Mirror-Wash-Basin-for-Hotel-Bathroom.webp 700w, https:\/\/www.shouyasanitary.com\/wp-content\/uploads\/2025\/09\/OEM-Vanity-with-Mirror-Wash-Basin-for-Hotel-Bathroom-300x300.webp 300w, https:\/\/www.shouyasanitary.com\/wp-content\/uploads\/2025\/09\/OEM-Vanity-with-Mirror-Wash-Basin-for-Hotel-Bathroom-150x150.webp 150w, https:\/\/www.shouyasanitary.com\/wp-content\/uploads\/2025\/09\/OEM-Vanity-with-Mirror-Wash-Basin-for-Hotel-Bathroom-12x12.webp 12w, https:\/\/www.shouyasanitary.com\/wp-content\/uploads\/2025\/09\/OEM-Vanity-with-Mirror-Wash-Basin-for-Hotel-Bathroom-600x600.webp 600w, https:\/\/www.shouyasanitary.com\/wp-content\/uploads\/2025\/09\/OEM-Vanity-with-Mirror-Wash-Basin-for-Hotel-Bathroom-100x100.webp 100w\" sizes=\"(max-width: 700px) 100vw, 700px\" \/><\/figure>\n<\/div><\/div>\n<\/div>","protected":false},"excerpt":{"rendered":"<p>Armoire de salle de bains \u00e0 poser en acier inoxydable avec \u00e9vier en c\u00e9ramique et miroir. R\u00e9sistantes \u00e0 la rouille et faciles \u00e0 installer, ces unit\u00e9s sont id\u00e9ales pour les r\u00e9novations d'h\u00f4tels et de maisons. La personnalisation est possible, et nous offrons une livraison rapide dans le monde entier. Contactez-nous pour des devis en gros et des commandes personnalis\u00e9es.<\/p>\n<h2>Armoire de salle de bain sur pied Attributs\uff1a<\/h2>\n<p><strong>Num\u00e9ro d'article :<\/strong> SYS-2-60<strong><br \/>Mat\u00e9riau de l'armoire :<\/strong> Acier inoxydable<br \/><strong>Couleur de l'armoire : <\/strong>Blanc<br \/><strong>Miroir : <\/strong>Miroir LED (3,5 mm\/3,8 mm), \u00e9clairage tricolore, d\u00e9sembuage par simple pression d'une touche, s\u00e9curis\u00e9 par un emballage en mousse multicouche.<strong><br \/>Type d'installation : <\/strong>Assise sur le sol<br \/><strong>Dimensions (L\u00d7L\u00d7H) : <\/strong>60*42*65 cm<br \/><strong>Poids brut : <\/strong>30kg\/set<\/p>\n<h2>Personnalisation et services :<\/h2>\n<p><strong>OEM ET ODM<\/strong>: Pris en charge<br \/><strong>Conception<\/strong>: Gratuit<br \/><strong>Accessoires<\/strong>: Lavabos, miroirs, robinets et autres accessoires de salle de bains<br \/><strong>Emballage<\/strong>: Pr\u00eat \u00e0 monter<\/p>","protected":false},"featured_media":2104,"comment_status":"closed","ping_status":"closed","template":"","meta":{"_acf_changed":true},"product_brand":[],"product_cat":[27],"product_tag":[],"class_list":{"0":"post-2095","1":"product","2":"type-product","3":"status-publish","4":"has-post-thumbnail","6":"product_cat-wholesale-stainless-steel-bathroom-vanity-cabinets","8":"first","9":"instock","10":"shipping-taxable","11":"product-type-simple"},"acf":[],"_links":{"self":[{"href":"https:\/\/www.shouyasanitary.com\/fr\/wp-json\/wp\/v2\/product\/2095","targetHints":{"allow":["GET"]}}],"collection":[{"href":"https:\/\/www.shouyasanitary.com\/fr\/wp-json\/wp\/v2\/product"}],"about":[{"href":"https:\/\/www.shouyasanitary.com\/fr\/wp-json\/wp\/v2\/types\/product"}],"replies":[{"embeddable":true,"href":"https:\/\/www.shouyasanitary.com\/fr\/wp-json\/wp\/v2\/comments?post=2095"}],"wp:featuredmedia":[{"embeddable":true,"href":"https:\/\/www.shouyasanitary.com\/fr\/wp-json\/wp\/v2\/media\/2104"}],"wp:attachment":[{"href":"https:\/\/www.shouyasanitary.com\/fr\/wp-json\/wp\/v2\/media?parent=2095"}],"wp:term":[{"taxonomy":"product_brand","embeddable":true,"href":"https:\/\/www.shouyasanitary.com\/fr\/wp-json\/wp\/v2\/product_brand?post=2095"},{"taxonomy":"product_cat","embeddable":true,"href":"https:\/\/www.shouyasanitary.com\/fr\/wp-json\/wp\/v2\/product_cat?post=2095"},{"taxonomy":"product_tag","embeddable":true,"href":"https:\/\/www.shouyasanitary.com\/fr\/wp-json\/wp\/v2\/product_tag?post=2095"}],"curies":[{"name":"wp","href":"https:\/\/api.w.org\/{rel}","templated":true}]}}