{"id":2096,"date":"2025-10-09T12:18:31","date_gmt":"2025-10-09T12:18:31","guid":{"rendered":"https:\/\/www.shouyasanitary.com\/?post_type=product&#038;p=2096"},"modified":"2025-10-09T12:18:35","modified_gmt":"2025-10-09T12:18:35","slug":"wholesale-free-standing-bathroom-cabinet","status":"publish","type":"product","link":"https:\/\/www.shouyasanitary.com\/fr\/produit\/wholesale-free-standing-bathroom-cabinet\/","title":{"rendered":"Wholesale Free Standing Bathroom Cabinet, Stainless Steel Bathroom Vanity with mirror custom"},"content":{"rendered":"<div class=\"wp-block-columns is-layout-flex wp-container-core-columns-is-layout-9d6595d7 wp-block-columns-is-layout-flex\">\n<div class=\"wp-block-column is-layout-flow wp-block-column-is-layout-flow\">\n<h2 class=\"wp-block-heading\">Caract\u00e9ristiques de l'armoire de toilette sur pied\uff1a<\/h2>\n\n\n\n<p><strong>Expression de la mati\u00e8re et de la texture : <\/strong>Le corps de l'armoire est principalement constitu\u00e9 d'acier inoxydable, avec une texture de marbre blanc sur la surface. Il poss\u00e8de non seulement les propri\u00e9t\u00e9s pratiques de l'acier inoxydable, telles que la r\u00e9sistance \u00e0 l'humidit\u00e9 et \u00e0 la corrosion, mais pr\u00e9sente \u00e9galement une texture visuelle l\u00e9g\u00e8re et luxueuse qui s'int\u00e8gre facilement dans les salles de bains modernes, minimalistes ou d'autres styles.<\/p>\n\n\n\n<p><strong>Un vaste espace de rangement : <\/strong>L'agencement \"deux tiroirs avec une porte\" est adopt\u00e9. Les deux tiroirs peuvent \u00eatre utilis\u00e9s pour le rangement par cat\u00e9gorie de petits articles tels que les outils de toilettage et les produits de soin de la peau, tandis que la porte de l'armoire peut accueillir des articles plus volumineux tels que les produits de bain et les consommables de nettoyage. L'agencement des rangements \u00e0 plusieurs niveaux permet d'organiser les articles de salle de bains de mani\u00e8re ordonn\u00e9e et de les rendre facilement accessibles.<\/p>\n\n\n\n<p><strong>Colocalisation et mise \u00e0 niveau fonctionnelle : <\/strong>\u00c9quip\u00e9 d'un miroir carr\u00e9 avec \u00e9clairage LED, l'\u00e9clairage am\u00e9liore la luminosit\u00e9 tout en facilitant l'habillage ; associ\u00e9 \u00e0 une vasque en c\u00e9ramique blanche, la surface en porcelaine est d\u00e9licate et facile \u00e0 nettoyer, et associ\u00e9 \u00e0 un robinet blanc simple, le ton g\u00e9n\u00e9ral est harmonieux et unifi\u00e9, les d\u00e9tails soulignant un sens de la qualit\u00e9.<\/p>\n\n\n\n<p><strong>Structure au sol<\/strong>: Il est soutenu par des pieds en m\u00e9tal, assurant la stabilit\u00e9 de l'armoire tout en facilitant le nettoyage du fond de l'armoire, \u00e9liminant ainsi les zones mortes. L'int\u00e9gration de la durabilit\u00e9 de l'acier inoxydable et du design esth\u00e9tique de la texture r\u00e9pond non seulement aux besoins fonctionnels de l'utilisation quotidienne dans la salle de bains, mais ajoute \u00e9galement un sentiment de luxe \u00e0 la salle de bains gr\u00e2ce \u00e0 son apparence unique, r\u00e9alisant ainsi la double valeur de la praticit\u00e9 et de l'esth\u00e9tique.<\/p>\n<\/div>\n\n\n\n<div class=\"wp-block-column is-layout-flow wp-block-column-is-layout-flow\"><div class=\"wp-block-image\">\n<figure class=\"aligncenter size-full\"><img decoding=\"async\" width=\"700\" height=\"700\" src=\"https:\/\/www.shouyasanitary.com\/wp-content\/uploads\/2025\/09\/Custom-Vanity-with-Mirror-Wash-Basin-for-Hotel-Bathroom.webp\" alt=\"Vanit\u00e9 sur mesure avec miroir Lavabo pour salle de bain d&#039;h\u00f4tel\" class=\"wp-image-2107\" style=\"object-fit:cover\" srcset=\"https:\/\/www.shouyasanitary.com\/wp-content\/uploads\/2025\/09\/Custom-Vanity-with-Mirror-Wash-Basin-for-Hotel-Bathroom.webp 700w, https:\/\/www.shouyasanitary.com\/wp-content\/uploads\/2025\/09\/Custom-Vanity-with-Mirror-Wash-Basin-for-Hotel-Bathroom-300x300.webp 300w, https:\/\/www.shouyasanitary.com\/wp-content\/uploads\/2025\/09\/Custom-Vanity-with-Mirror-Wash-Basin-for-Hotel-Bathroom-150x150.webp 150w, https:\/\/www.shouyasanitary.com\/wp-content\/uploads\/2025\/09\/Custom-Vanity-with-Mirror-Wash-Basin-for-Hotel-Bathroom-12x12.webp 12w, https:\/\/www.shouyasanitary.com\/wp-content\/uploads\/2025\/09\/Custom-Vanity-with-Mirror-Wash-Basin-for-Hotel-Bathroom-600x600.webp 600w, https:\/\/www.shouyasanitary.com\/wp-content\/uploads\/2025\/09\/Custom-Vanity-with-Mirror-Wash-Basin-for-Hotel-Bathroom-100x100.webp 100w\" sizes=\"(max-width: 700px) 100vw, 700px\" \/><\/figure>\n<\/div><\/div>\n<\/div>\n\n\n\n<p><\/p>","protected":false},"excerpt":{"rendered":"<p>Bienvenue sur notre site de vente en gros d'armoires de toilette avec miroir, d'armoires de toilette en acier inoxydable et d'armoires en c\u00e9ramique. C'est le choix id\u00e9al pour cr\u00e9er un espace confortable et fonctionnel dans la salle de bain. Veuillez nous contacter pour un devis et un catalogue de produits.<\/p>\n<h2>Miroir de salle de bain Vanity Attributes\uff1a<\/h2>\n<p><strong>Num\u00e9ro d'article : <\/strong>SYS-2-80<strong><br \/>Mat\u00e9riau de l'armoire :<\/strong> Acier inoxydable<br \/><strong>Couleur de l'armoire :<\/strong>Blanc<br \/><strong>Miroir : <\/strong>Miroir LED (3,5 mm\/3,8 mm), \u00e9clairage tricolore, d\u00e9sembuage par simple pression d'une touche, s\u00e9curis\u00e9 par un emballage en mousse multicouche.<strong><br \/>Type d'installation : <\/strong>Au sol<br \/><strong>Dimensions (L\u00d7L\u00d7H) :<\/strong> 80*42*65cm<br \/><strong>Poids brut :<\/strong> 35kg\/set<\/p>\n<h2>Personnalisation et services :<\/h2>\n<p><strong>OEM ET ODM<\/strong>: Pris en charge<br \/><strong>Conception<\/strong>: Gratuit<br \/><strong>Accessoires<\/strong>: Lavabos, miroirs, robinets et autres accessoires de salle de bains<br \/><strong>Emballage<\/strong>: Pr\u00eat \u00e0 monter<\/p>","protected":false},"featured_media":2107,"comment_status":"closed","ping_status":"closed","template":"","meta":{"_acf_changed":true},"product_brand":[],"product_cat":[27],"product_tag":[],"class_list":{"0":"post-2096","1":"product","2":"type-product","3":"status-publish","4":"has-post-thumbnail","6":"product_cat-wholesale-stainless-steel-bathroom-vanity-cabinets","8":"first","9":"instock","10":"shipping-taxable","11":"product-type-simple"},"acf":[],"_links":{"self":[{"href":"https:\/\/www.shouyasanitary.com\/fr\/wp-json\/wp\/v2\/product\/2096","targetHints":{"allow":["GET"]}}],"collection":[{"href":"https:\/\/www.shouyasanitary.com\/fr\/wp-json\/wp\/v2\/product"}],"about":[{"href":"https:\/\/www.shouyasanitary.com\/fr\/wp-json\/wp\/v2\/types\/product"}],"replies":[{"embeddable":true,"href":"https:\/\/www.shouyasanitary.com\/fr\/wp-json\/wp\/v2\/comments?post=2096"}],"wp:featuredmedia":[{"embeddable":true,"href":"https:\/\/www.shouyasanitary.com\/fr\/wp-json\/wp\/v2\/media\/2107"}],"wp:attachment":[{"href":"https:\/\/www.shouyasanitary.com\/fr\/wp-json\/wp\/v2\/media?parent=2096"}],"wp:term":[{"taxonomy":"product_brand","embeddable":true,"href":"https:\/\/www.shouyasanitary.com\/fr\/wp-json\/wp\/v2\/product_brand?post=2096"},{"taxonomy":"product_cat","embeddable":true,"href":"https:\/\/www.shouyasanitary.com\/fr\/wp-json\/wp\/v2\/product_cat?post=2096"},{"taxonomy":"product_tag","embeddable":true,"href":"https:\/\/www.shouyasanitary.com\/fr\/wp-json\/wp\/v2\/product_tag?post=2096"}],"curies":[{"name":"wp","href":"https:\/\/api.w.org\/{rel}","templated":true}]}}