{"id":2097,"date":"2025-10-20T08:17:35","date_gmt":"2025-10-20T08:17:35","guid":{"rendered":"https:\/\/www.shouyasanitary.com\/?post_type=product&#038;p=2097"},"modified":"2025-10-20T08:17:37","modified_gmt":"2025-10-20T08:17:37","slug":"custom-free-standing-bathroom-vanities","status":"publish","type":"product","link":"https:\/\/www.shouyasanitary.com\/fr\/produit\/custom-free-standing-bathroom-vanities\/","title":{"rendered":"Meubles de salle de bains sur mesure, ensemble de lavabos en c\u00e9ramique pour l'approvisionnement en ing\u00e9nierie"},"content":{"rendered":"<div class=\"wp-block-columns is-layout-flex wp-container-core-columns-is-layout-9d6595d7 wp-block-columns-is-layout-flex\">\n<div class=\"wp-block-column is-layout-flow wp-block-column-is-layout-flow\">\n<h2 class=\"wp-block-heading\">Caract\u00e9ristiques des meubles-lavabos pour salles de bains\uff1a<\/h2>\n\n\n\n<p><strong>Excellentes performances en mati\u00e8re d'\u00e9tanch\u00e9it\u00e9 et de protection contre la rouille :<\/strong> Il est fabriqu\u00e9 \u00e0 partir de mat\u00e9riaux en acier inoxydable de haute qualit\u00e9 et fait l'objet d'un traitement m\u00e9ticuleux, ce qui lui conf\u00e8re d'excellentes capacit\u00e9s d'\u00e9tanch\u00e9it\u00e9 et de protection contre la rouille. M\u00eame lorsqu'il est plac\u00e9 dans une salle de bains humide pendant une longue p\u00e9riode, il peut emp\u00eacher efficacement l'\u00e9rosion par l'eau et la formation de rouille, garantissant ainsi une utilisation stable \u00e0 long terme de l'armoire et r\u00e9duisant les co\u00fbts d'entretien et de remplacement.<\/p>\n\n\n\n<p><strong>Armoire de toilette intelligente :<\/strong> Il s'agit d'un syst\u00e8me d'\u00e9clairage int\u00e9gr\u00e9 et lumineux. La surface du miroir est claire, ce qui facilite la toilette et l'habillage quotidiens des utilisateurs.<\/p>\n\n\n\n<p><strong>Conception d\u00e9taill\u00e9e humanis\u00e9e :<\/strong> Il accorde une attention particuli\u00e8re aux consid\u00e9rations humaines dans chaque d\u00e9tail, offrant aux utilisateurs un large espace de travail sur le comptoir spacieux du bassin en c\u00e9ramique. Il est facile \u00e0 nettoyer et les taches peuvent \u00eatre \u00e9limin\u00e9es d'un simple coup de serviette. Les portes et les tiroirs de l'armoire sont \u00e9quip\u00e9s de rails coulissants silencieux, qui s'ouvrent et se ferment sans bruit. Le traitement des bords lisses permet \u00e9galement d'\u00e9viter les chocs et les blessures accidentels.<\/p>\n\n\n\n<p><strong>Mat\u00e9riaux \u00e9cologiques et sains :<\/strong> Tous les mat\u00e9riaux sont strictement conformes aux normes de protection de l'environnement. Ils sont non toxiques, inodores, s\u00fbrs et inoffensifs. L'acier inoxydable lui-m\u00eame poss\u00e8de de bonnes propri\u00e9t\u00e9s antibact\u00e9riennes, ce qui permet d'inhiber efficacement la croissance des bact\u00e9ries, de cr\u00e9er un environnement sain et s\u00fbr dans la salle de bains pour les utilisateurs et d'assurer la sant\u00e9 de leur famille.<\/p>\n\n\n\n<p><strong>Fourniture directe \u00e0 l'usine<\/strong>Il permet de r\u00e9aliser des commandes d'essai en petits lots et des personnalisations \u00e0 grande \u00e9chelle, de produire \u00e0 la demande pour r\u00e9duire les risques d'accumulation de stocks, de constituer des r\u00e9serves de stocks semi-personnalis\u00e9s en grandes quantit\u00e9s et d'assurer des livraisons rapides.<\/p>\n<\/div>\n\n\n\n<div class=\"wp-block-column is-layout-flow wp-block-column-is-layout-flow\"><div class=\"wp-block-image\">\n<figure class=\"aligncenter size-full\"><img decoding=\"async\" width=\"700\" height=\"700\" src=\"https:\/\/www.shouyasanitary.com\/wp-content\/uploads\/2025\/09\/engineering-procurement-Floor-mounted-bathroom-cabinet-vanity.webp\" alt=\"March\u00e9s publics d&#039;ing\u00e9nierie Meuble de salle de bains \u00e0 poser au sol\" class=\"wp-image-2118\" style=\"object-fit:cover\" srcset=\"https:\/\/www.shouyasanitary.com\/wp-content\/uploads\/2025\/09\/engineering-procurement-Floor-mounted-bathroom-cabinet-vanity.webp 700w, https:\/\/www.shouyasanitary.com\/wp-content\/uploads\/2025\/09\/engineering-procurement-Floor-mounted-bathroom-cabinet-vanity-300x300.webp 300w, https:\/\/www.shouyasanitary.com\/wp-content\/uploads\/2025\/09\/engineering-procurement-Floor-mounted-bathroom-cabinet-vanity-150x150.webp 150w, https:\/\/www.shouyasanitary.com\/wp-content\/uploads\/2025\/09\/engineering-procurement-Floor-mounted-bathroom-cabinet-vanity-12x12.webp 12w, https:\/\/www.shouyasanitary.com\/wp-content\/uploads\/2025\/09\/engineering-procurement-Floor-mounted-bathroom-cabinet-vanity-600x600.webp 600w, https:\/\/www.shouyasanitary.com\/wp-content\/uploads\/2025\/09\/engineering-procurement-Floor-mounted-bathroom-cabinet-vanity-100x100.webp 100w\" sizes=\"(max-width: 700px) 100vw, 700px\" \/><\/figure>\n<\/div><\/div>\n<\/div>","protected":false},"excerpt":{"rendered":"<p>Service sur mesure : Ce meuble de salle de bains en acier inoxydable pr\u00e9sente un design int\u00e9gr\u00e9 de lavabo de style minimaliste, ce qui le rend attrayant. Il peut \u00eatre personnalis\u00e9 selon les besoins du client, pr\u00e9sentant une apparence raffin\u00e9e qui rehausse le style de la salle de bain et ajoute des points forts au projet personnalis\u00e9. N'h\u00e9sitez pas \u00e0 nous contacter pour toute demande de renseignements.<\/p>\n<h2>Attributs des meubles-lavabos pour salles de bains\uff1a<\/h2>\n<p><strong>Num\u00e9ro d'article : <\/strong>SYS-5-80<strong><br \/>Mat\u00e9riau de l'armoire :<\/strong> Acier inoxydable<br \/><strong>Couleur de l'armoire : <\/strong>Jaune<br \/><strong>Miroir : <\/strong>Miroir LED (3,5 mm\/3,8 mm), \u00e9clairage tricolore, d\u00e9sembuage par simple pression d'une touche, s\u00e9curis\u00e9 par un emballage en mousse multicouche.<strong><br \/>Type d'installation : <\/strong>Au sol<br \/><strong>Dimensions (L\u00d7L\u00d7H) :<\/strong> 80*42*65 cm<br \/><strong>Poids brut :<\/strong> 35kg\/set<\/p>\n<h2>Personnalisation et services :<\/h2>\n<p><strong>OEM ET ODM<\/strong>: Pris en charge<br \/><strong>Conception<\/strong>: Gratuit<br \/><strong>Accessoires<\/strong>: Lavabos, miroirs, robinets et autres accessoires de salle de bains<br \/><strong>Emballage<\/strong>: Pr\u00eat \u00e0 monter<\/p>","protected":false},"featured_media":2118,"comment_status":"closed","ping_status":"closed","template":"","meta":{"_acf_changed":true},"product_brand":[],"product_cat":[27],"product_tag":[],"class_list":{"0":"post-2097","1":"product","2":"type-product","3":"status-publish","4":"has-post-thumbnail","6":"product_cat-wholesale-stainless-steel-bathroom-vanity-cabinets","8":"first","9":"instock","10":"shipping-taxable","11":"product-type-simple"},"acf":[],"_links":{"self":[{"href":"https:\/\/www.shouyasanitary.com\/fr\/wp-json\/wp\/v2\/product\/2097","targetHints":{"allow":["GET"]}}],"collection":[{"href":"https:\/\/www.shouyasanitary.com\/fr\/wp-json\/wp\/v2\/product"}],"about":[{"href":"https:\/\/www.shouyasanitary.com\/fr\/wp-json\/wp\/v2\/types\/product"}],"replies":[{"embeddable":true,"href":"https:\/\/www.shouyasanitary.com\/fr\/wp-json\/wp\/v2\/comments?post=2097"}],"wp:featuredmedia":[{"embeddable":true,"href":"https:\/\/www.shouyasanitary.com\/fr\/wp-json\/wp\/v2\/media\/2118"}],"wp:attachment":[{"href":"https:\/\/www.shouyasanitary.com\/fr\/wp-json\/wp\/v2\/media?parent=2097"}],"wp:term":[{"taxonomy":"product_brand","embeddable":true,"href":"https:\/\/www.shouyasanitary.com\/fr\/wp-json\/wp\/v2\/product_brand?post=2097"},{"taxonomy":"product_cat","embeddable":true,"href":"https:\/\/www.shouyasanitary.com\/fr\/wp-json\/wp\/v2\/product_cat?post=2097"},{"taxonomy":"product_tag","embeddable":true,"href":"https:\/\/www.shouyasanitary.com\/fr\/wp-json\/wp\/v2\/product_tag?post=2097"}],"curies":[{"name":"wp","href":"https:\/\/api.w.org\/{rel}","templated":true}]}}