{"id":2114,"date":"2025-10-09T12:18:24","date_gmt":"2025-10-09T12:18:24","guid":{"rendered":"https:\/\/www.shouyasanitary.com\/?post_type=product&#038;p=2114"},"modified":"2025-10-09T12:18:26","modified_gmt":"2025-10-09T12:18:26","slug":"custom-brown-bathroom-vanity","status":"publish","type":"product","link":"https:\/\/www.shouyasanitary.com\/fr\/produit\/custom-brown-bathroom-vanity\/","title":{"rendered":"Meuble de salle de bain marron sur mesure, meuble de salle de bain en acier inoxydable sur pied Wholesale"},"content":{"rendered":"<div class=\"wp-block-columns is-layout-flex wp-container-core-columns-is-layout-9d6595d7 wp-block-columns-is-layout-flex\">\n<div class=\"wp-block-column is-layout-flow wp-block-column-is-layout-flow\">\n<h2 class=\"wp-block-heading\">Caract\u00e9ristiques du meuble-lavabo brun\uff1a<\/h2>\n\n\n\n<p><strong>Combinaison de mat\u00e9riaux de haute qualit\u00e9 :<\/strong> Il se compose d'une combinaison d'acier inoxydable de haute qualit\u00e9 et d'une cuvette en c\u00e9ramique. Le cadre en acier inoxydable est robuste et durable, r\u00e9sistant \u00e0 l'humidit\u00e9 et \u00e0 la rouille ; la surface du bassin en c\u00e9ramique est lisse, facile \u00e0 nettoyer et tr\u00e8s r\u00e9sistante aux taches, ce qui garantit qu'il reste neuf pendant longtemps et qu'il convient \u00e0 une utilisation fr\u00e9quente sur les sites d'ing\u00e9nierie.<\/p>\n\n\n\n<p><strong>Style moderne et minimaliste :<\/strong> Avec des lignes douces et une apparence g\u00e9n\u00e9reuse. La conception au sol permet d'\u00e9conomiser de l'espace et convient \u00e0 l'am\u00e9nagement des salles de bains dans divers projets d'ing\u00e9nierie. Sa forme simple s'int\u00e8gre parfaitement \u00e0 diff\u00e9rents styles de d\u00e9coration et rehausse la qualit\u00e9 g\u00e9n\u00e9rale de l'environnement de la salle de bains.<\/p>\n\n\n\n<p><strong>Espace de rangement multifonctionnel :<\/strong> Il est \u00e9quip\u00e9 d'un meuble de rangement de grande capacit\u00e9 et de tiroirs, avec des s\u00e9parations raisonnables pour r\u00e9pondre aux besoins de rangement de divers articles de salle de bains. Le corps de l'armoire en acier inoxydable est associ\u00e9 \u00e0 des accessoires de quincaillerie exquis, s'ouvrant et se fermant en douceur, avec une grande durabilit\u00e9, fournissant des solutions de rangement de salle de bains efficaces et ordonn\u00e9es pour les clients de l'ing\u00e9nierie.<\/p>\n\n\n\n<p><strong>Consid\u00e9rations sur les d\u00e9tails humanis\u00e9s :<\/strong> La hauteur de la vasque en c\u00e9ramique est mod\u00e9r\u00e9e, conform\u00e9ment \u00e0 l'ergonomie, ce qui permet une utilisation confortable. Les bords du meuble sont trait\u00e9s en douceur pour \u00e9viter les chocs et les blessures. Par ailleurs, la combinaison de l'acier inoxydable et de la c\u00e9ramique n'est pas seulement belle, elle est aussi facile \u00e0 entretenir, ce qui r\u00e9duit les co\u00fbts de maintenance des projets d'ing\u00e9nierie dans les phases ult\u00e9rieures.<\/p>\n\n\n\n<p><strong>Fourniture directe \u00e0 l'usine<\/strong>: Une technologie de production de haute qualit\u00e9, un processus strict d'inspection de la qualit\u00e9 et un cycle de livraison flexible r\u00e9pondent aux besoins d'achat de gros volumes des h\u00f4tels, des appartements, des projets d'ing\u00e9nierie et des d\u00e9taillants.<\/p>\n<\/div>\n\n\n\n<div class=\"wp-block-column is-layout-flow wp-block-column-is-layout-flow\"><div class=\"wp-block-image\">\n<figure class=\"aligncenter size-full\"><img decoding=\"async\" width=\"700\" height=\"700\" src=\"https:\/\/www.shouyasanitary.com\/wp-content\/uploads\/2025\/09\/engineering-optimization-stainless-steel-bathroom-cabinet-vanity.webp\" alt=\"optimisation de l&#039;ing\u00e9nierie armoire de toilette en acier inoxydable\" class=\"wp-image-2115\" style=\"object-fit:cover\" srcset=\"https:\/\/www.shouyasanitary.com\/wp-content\/uploads\/2025\/09\/engineering-optimization-stainless-steel-bathroom-cabinet-vanity.webp 700w, https:\/\/www.shouyasanitary.com\/wp-content\/uploads\/2025\/09\/engineering-optimization-stainless-steel-bathroom-cabinet-vanity-300x300.webp 300w, https:\/\/www.shouyasanitary.com\/wp-content\/uploads\/2025\/09\/engineering-optimization-stainless-steel-bathroom-cabinet-vanity-150x150.webp 150w, https:\/\/www.shouyasanitary.com\/wp-content\/uploads\/2025\/09\/engineering-optimization-stainless-steel-bathroom-cabinet-vanity-12x12.webp 12w, https:\/\/www.shouyasanitary.com\/wp-content\/uploads\/2025\/09\/engineering-optimization-stainless-steel-bathroom-cabinet-vanity-600x600.webp 600w, https:\/\/www.shouyasanitary.com\/wp-content\/uploads\/2025\/09\/engineering-optimization-stainless-steel-bathroom-cabinet-vanity-100x100.webp 100w\" sizes=\"(max-width: 700px) 100vw, 700px\" \/><\/figure>\n<\/div><\/div>\n<\/div>","protected":false},"excerpt":{"rendered":"<p>Les armoires de salle de bain en acier inoxydable 304 sont con\u00e7ues pour allier l'esth\u00e9tique et la praticit\u00e9.<\/p>\n<h2>Vanit\u00e9s de salle de bain en acier inoxydable Attributs\uff1a<\/h2>\n<p><strong>Num\u00e9ro d'article :<\/strong> SYS-4-60<strong><br \/>Mat\u00e9riau de l'armoire :<\/strong> Acier inoxydable<br \/><strong>Couleur de l'armoire : <\/strong>Marron<br \/><strong>Miroir : <\/strong>Miroir LED (3,5 mm\/3,8 mm), \u00e9clairage tricolore, d\u00e9sembuage par simple pression d'une touche, s\u00e9curis\u00e9 par un emballage en mousse multicouche.<strong><br \/>Type d'installation : <\/strong>Assise sur le sol<br \/><strong>Dimensions (L\u00d7L\u00d7H) : <\/strong>60*42*65 cm<br \/><strong>Poids brut : <\/strong>30kg\/set<\/p>\n<h2>Personnalisation et services :<\/h2>\n<p><strong>OEM ET ODM<\/strong>: Pris en charge<br \/><strong>Conception<\/strong>: Gratuit<br \/><strong>Accessoires<\/strong>: Lavabos, miroirs, robinets et autres accessoires de salle de bains<br \/><strong>Emballage<\/strong>: Pr\u00eat \u00e0 monter<\/p>","protected":false},"featured_media":2115,"comment_status":"closed","ping_status":"closed","template":"","meta":{"_acf_changed":true},"product_brand":[],"product_cat":[27],"product_tag":[],"class_list":{"0":"post-2114","1":"product","2":"type-product","3":"status-publish","4":"has-post-thumbnail","6":"product_cat-wholesale-stainless-steel-bathroom-vanity-cabinets","8":"first","9":"instock","10":"shipping-taxable","11":"product-type-simple"},"acf":[],"_links":{"self":[{"href":"https:\/\/www.shouyasanitary.com\/fr\/wp-json\/wp\/v2\/product\/2114","targetHints":{"allow":["GET"]}}],"collection":[{"href":"https:\/\/www.shouyasanitary.com\/fr\/wp-json\/wp\/v2\/product"}],"about":[{"href":"https:\/\/www.shouyasanitary.com\/fr\/wp-json\/wp\/v2\/types\/product"}],"replies":[{"embeddable":true,"href":"https:\/\/www.shouyasanitary.com\/fr\/wp-json\/wp\/v2\/comments?post=2114"}],"wp:featuredmedia":[{"embeddable":true,"href":"https:\/\/www.shouyasanitary.com\/fr\/wp-json\/wp\/v2\/media\/2115"}],"wp:attachment":[{"href":"https:\/\/www.shouyasanitary.com\/fr\/wp-json\/wp\/v2\/media?parent=2114"}],"wp:term":[{"taxonomy":"product_brand","embeddable":true,"href":"https:\/\/www.shouyasanitary.com\/fr\/wp-json\/wp\/v2\/product_brand?post=2114"},{"taxonomy":"product_cat","embeddable":true,"href":"https:\/\/www.shouyasanitary.com\/fr\/wp-json\/wp\/v2\/product_cat?post=2114"},{"taxonomy":"product_tag","embeddable":true,"href":"https:\/\/www.shouyasanitary.com\/fr\/wp-json\/wp\/v2\/product_tag?post=2114"}],"curies":[{"name":"wp","href":"https:\/\/api.w.org\/{rel}","templated":true}]}}