{"id":2178,"date":"2025-10-20T08:17:31","date_gmt":"2025-10-20T08:17:31","guid":{"rendered":"https:\/\/www.shouyasanitary.com\/?post_type=product&#038;p=2178"},"modified":"2025-10-20T08:17:33","modified_gmt":"2025-10-20T08:17:33","slug":"wholesale-bathroom-vanity-and-mirror","status":"publish","type":"product","link":"https:\/\/www.shouyasanitary.com\/fr\/produit\/wholesale-bathroom-vanity-and-mirror\/","title":{"rendered":"Wholesale Bathroom Vanity and Mirror, Wave-Patterned Gray Bathroom Cabinets Set in Bulk"},"content":{"rendered":"<div class=\"wp-block-columns is-layout-flex wp-container-core-columns-is-layout-9d6595d7 wp-block-columns-is-layout-flex\">\n<div class=\"wp-block-column is-layout-flow wp-block-column-is-layout-flow\">\n<h2 class=\"wp-block-heading\">Caract\u00e9ristiques du meuble-lavabo et du miroir\uff1a<\/h2>\n\n\n\n<p><strong>Une exp\u00e9rience d'utilisation confortable<\/strong>: Cette table de toilette et vasque de salle de bains en PVC de 100CM pr\u00e9sente un plan de travail spacieux et une hauteur d'utilisation confortable, offrant aux utilisateurs une exp\u00e9rience de lavage ultime. Le design de la surface en forme de vague ajoute non seulement de la profondeur visuelle, mais rend \u00e9galement le produit plus unique et plus attrayant.<\/p>\n\n\n\n<p><strong>Garantie d'un mat\u00e9riau PVC de haute qualit\u00e9<\/strong>: Fabriqu\u00e9 en PVC de haute qualit\u00e9, il pr\u00e9sente des performances exceptionnelles en termes d'\u00e9tanch\u00e9it\u00e9 et de r\u00e9sistance \u00e0 l'humidit\u00e9, ce qui garantit la stabilit\u00e9 et la dur\u00e9e de vie \u00e0 long terme du produit. Les propri\u00e9t\u00e9s non toxiques et respectueuses de l'environnement du PVC correspondent \u00e9galement \u00e0 la recherche d'un mode de vie sain par les familles modernes, ce qui permet \u00e0 ce produit de se d\u00e9marquer sur le march\u00e9 des lavabos de salle de bains.<\/p>\n\n\n\n<p><strong>Combinaison de multifonctionnalit\u00e9 et d'intelligence<\/strong>: Le design de l'armoire de toilette offre non seulement un grand espace de rangement, mais int\u00e8gre \u00e9galement des \u00e9l\u00e9ments intelligents. L'ajout d'un \u00e9clairage LED et d'interrupteurs \u00e0 commande tactile intelligents rend cette armoire de toilette plus fonctionnelle, r\u00e9pondant ainsi \u00e0 la demande des utilisateurs pour des meubles de salle de bain intelligents et pratiques.<\/p>\n\n\n\n<p><strong>Nombreux sc\u00e9narios d'application et faibles co\u00fbts d'entretien<\/strong>: Il convient aux r\u00e9novations de salles de bains de diff\u00e9rentes tailles, qu'il s'agisse de salles de bains domestiques ou de salles de bains publiques dans des lieux commerciaux, et peut mettre en valeur son charme unique.<\/p>\n<\/div>\n\n\n\n<div class=\"wp-block-column is-layout-flow wp-block-column-is-layout-flow\"><div class=\"wp-block-image\">\n<figure class=\"aligncenter size-full\"><img decoding=\"async\" width=\"700\" height=\"700\" src=\"https:\/\/www.shouyasanitary.com\/wp-content\/uploads\/2025\/09\/factory-direct-sale-pvc-100cm-bathroom-cabinet-vanity-1.webp\" alt=\"vente directe d&#039;usine pvc 100cm meuble de salle de bain vanity\" class=\"wp-image-2184\" style=\"object-fit:cover\" srcset=\"https:\/\/www.shouyasanitary.com\/wp-content\/uploads\/2025\/09\/factory-direct-sale-pvc-100cm-bathroom-cabinet-vanity-1.webp 700w, https:\/\/www.shouyasanitary.com\/wp-content\/uploads\/2025\/09\/factory-direct-sale-pvc-100cm-bathroom-cabinet-vanity-1-300x300.webp 300w, https:\/\/www.shouyasanitary.com\/wp-content\/uploads\/2025\/09\/factory-direct-sale-pvc-100cm-bathroom-cabinet-vanity-1-150x150.webp 150w, https:\/\/www.shouyasanitary.com\/wp-content\/uploads\/2025\/09\/factory-direct-sale-pvc-100cm-bathroom-cabinet-vanity-1-12x12.webp 12w, https:\/\/www.shouyasanitary.com\/wp-content\/uploads\/2025\/09\/factory-direct-sale-pvc-100cm-bathroom-cabinet-vanity-1-600x600.webp 600w, https:\/\/www.shouyasanitary.com\/wp-content\/uploads\/2025\/09\/factory-direct-sale-pvc-100cm-bathroom-cabinet-vanity-1-100x100.webp 100w\" sizes=\"(max-width: 700px) 100vw, 700px\" \/><\/figure>\n<\/div><\/div>\n<\/div>","protected":false},"excerpt":{"rendered":"<p>Bienvenue sur le site de vente en gros de vanit\u00e9s et de miroirs de salle de bains.\u00a0<span data-leaf=\"true\"><span class=\"lb\">Conception murale peu encombrante, mat\u00e9riau PVC de qualit\u00e9 sup\u00e9rieure. Armoire de toilette multifonctionnelle dot\u00e9e d'une technologie avanc\u00e9e. Shouya offre un service professionnel ODM\/OEM. <\/span><\/span><span data-leaf=\"true\"><span class=\"lb\">Contactez-nous pour des devis comp\u00e9titifs et des solutions personnalis\u00e9es !<\/span><\/span><\/p>\n<h2>Attributs du meuble-lavabo et du miroir\uff1a<\/h2>\n<p><strong>Num\u00e9ro d'article : <\/strong>SY301-100<strong><br \/>Mat\u00e9riau de l'armoire :<\/strong> PVC<br \/><strong>Couleur de l'armoire :\u00a0<\/strong>Gris fonc\u00e9<br \/><strong>Miroir :<\/strong> Miroir LED (3,5 mm\/3,8 mm), \u00e9clairage tricolore, d\u00e9sembuage par simple pression d'une touche, s\u00e9curis\u00e9 par un emballage en mousse multicouche.<br \/><strong>Type d'installation :<\/strong>\u00a0Montage mural<br \/><strong>Dimensions (L\u00d7L\u00d7H) :<\/strong> 100*47*47 cm<br \/><strong>Poids brut :<\/strong> 35kg\/set<\/p>\n<h2>Personnalisation et services :<\/h2>\n<p><strong>OEM ET ODM<\/strong>: Pris en charge<br \/><strong>Conception<\/strong>: Gratuit<br \/><strong>Accessoires<\/strong>: Lavabos, miroirs, robinets et autres accessoires de salle de bains<br \/><strong>Emballage<\/strong>: Pr\u00eat \u00e0 monter<\/p>","protected":false},"featured_media":2184,"comment_status":"closed","ping_status":"closed","template":"","meta":{"_acf_changed":true},"product_brand":[],"product_cat":[24],"product_tag":[],"class_list":{"0":"post-2178","1":"product","2":"type-product","3":"status-publish","4":"has-post-thumbnail","6":"product_cat-wholesale-pvc-bathroom-vanity-cabinets","8":"first","9":"instock","10":"shipping-taxable","11":"product-type-simple"},"acf":[],"_links":{"self":[{"href":"https:\/\/www.shouyasanitary.com\/fr\/wp-json\/wp\/v2\/product\/2178","targetHints":{"allow":["GET"]}}],"collection":[{"href":"https:\/\/www.shouyasanitary.com\/fr\/wp-json\/wp\/v2\/product"}],"about":[{"href":"https:\/\/www.shouyasanitary.com\/fr\/wp-json\/wp\/v2\/types\/product"}],"replies":[{"embeddable":true,"href":"https:\/\/www.shouyasanitary.com\/fr\/wp-json\/wp\/v2\/comments?post=2178"}],"wp:featuredmedia":[{"embeddable":true,"href":"https:\/\/www.shouyasanitary.com\/fr\/wp-json\/wp\/v2\/media\/2184"}],"wp:attachment":[{"href":"https:\/\/www.shouyasanitary.com\/fr\/wp-json\/wp\/v2\/media?parent=2178"}],"wp:term":[{"taxonomy":"product_brand","embeddable":true,"href":"https:\/\/www.shouyasanitary.com\/fr\/wp-json\/wp\/v2\/product_brand?post=2178"},{"taxonomy":"product_cat","embeddable":true,"href":"https:\/\/www.shouyasanitary.com\/fr\/wp-json\/wp\/v2\/product_cat?post=2178"},{"taxonomy":"product_tag","embeddable":true,"href":"https:\/\/www.shouyasanitary.com\/fr\/wp-json\/wp\/v2\/product_tag?post=2178"}],"curies":[{"name":"wp","href":"https:\/\/api.w.org\/{rel}","templated":true}]}}