{"id":2179,"date":"2025-10-20T08:17:34","date_gmt":"2025-10-20T08:17:34","guid":{"rendered":"https:\/\/www.shouyasanitary.com\/?post_type=product&#038;p=2179"},"modified":"2025-10-20T08:17:35","modified_gmt":"2025-10-20T08:17:35","slug":"wholesale-bathroom-cabinet-with-mirror","status":"publish","type":"product","link":"https:\/\/www.shouyasanitary.com\/fr\/produit\/wholesale-bathroom-cabinet-with-mirror\/","title":{"rendered":"Wholesale Bathroom Cabinet with Mirror, Modern PVC Bathroom Vanity Single Sink Dark Grey Custom"},"content":{"rendered":"<div class=\"wp-block-columns is-layout-flex wp-container-core-columns-is-layout-9d6595d7 wp-block-columns-is-layout-flex\">\n<div class=\"wp-block-column is-layout-flow wp-block-column-is-layout-flow\">\n<h2 class=\"wp-block-heading\">Caract\u00e9ristiques de l'armoire de toilette avec miroir\uff1a<\/h2>\n\n\n\n<p><strong>Design \u00e0 la mode :<\/strong> Cette coiffeuse et armoire de toilette en PVC de 80CM, de par sa taille et son design \u00e9l\u00e9gant, r\u00e9pond parfaitement aux besoins des salles de bains de petite taille ou des chambres d'amis. Le design int\u00e9gr\u00e9 de l'armoire de toilette et de la vasque permet non seulement d'\u00e9conomiser de l'espace mais aussi d'ajouter une touche de modernit\u00e9. C'est un choix id\u00e9al qui allie rentabilit\u00e9 et esth\u00e9tique.<\/p>\n\n\n\n<p><strong>Performance exceptionnelle du mat\u00e9riau PVC<\/strong>: Utilisant du PVC de haute qualit\u00e9 comme mat\u00e9riau principal pour le lavabo de la salle de bains, ce produit pr\u00e9sente d'excellentes propri\u00e9t\u00e9s d'imperm\u00e9abilit\u00e9 \u00e0 l'eau et \u00e0 l'humidit\u00e9, conservant sa stabilit\u00e9 m\u00eame dans des environnements humides \u00e0 long terme. La facilit\u00e9 de mise en \u0153uvre du PVC permet de concevoir des produits plus flexibles tout en garantissant une surface lisse et un nettoyage facile, offrant ainsi aux utilisateurs une exp\u00e9rience d'utilisation pratique.<\/p>\n\n\n\n<p><strong>Fonction de l'armoire de toilette intelligente<\/strong>: L'armoire de toilette offre non seulement une r\u00e9flexion claire du miroir, mais int\u00e8gre \u00e9galement un syst\u00e8me d'\u00e9clairage LED, ajoutant une touche de technologie \u00e0 la salle de bains. L'interrupteur tactile intelligent rend l'utilisation plus pratique. En m\u00eame temps, l'espace de rangement \u00e0 l'int\u00e9rieur de l'armoire de toilette r\u00e9sout efficacement le probl\u00e8me de rangement dans la salle de bains, en gardant les articles de vaisselle en ordre et en r\u00e9pondant aux exigences \u00e9lev\u00e9es des familles modernes en mati\u00e8re de fonctionnalit\u00e9 des meubles de salle de bains.<\/p>\n\n\n\n<p><strong>Installation facile<\/strong>: La conception du produit tient compte de la facilit\u00e9 d'installation, ce qui permet une installation rapide sans processus de construction complexe. <\/p>\n\n\n\n<p><strong> Large application<\/strong>: Qu'il s'agisse d'un usage domestique ou de lieux commerciaux tels que des h\u00f4tels, des appartements, etc., il peut \u00eatre parfaitement int\u00e9gr\u00e9 et devenir un choix populaire sur le march\u00e9 des lavabos de salle de bains.<\/p>\n<\/div>\n\n\n\n<div class=\"wp-block-column is-layout-flow wp-block-column-is-layout-flow\"><div class=\"wp-block-image\">\n<figure class=\"aligncenter size-full\"><img decoding=\"async\" width=\"700\" height=\"700\" src=\"https:\/\/www.shouyasanitary.com\/wp-content\/uploads\/2025\/09\/wholesale-supply-pvc-bathroom-cabinet-vanity.webp\" alt=\"fourniture en gros d&#039;armoires de salle de bain en pvc vanity\" class=\"wp-image-2180\" style=\"object-fit:cover\" srcset=\"https:\/\/www.shouyasanitary.com\/wp-content\/uploads\/2025\/09\/wholesale-supply-pvc-bathroom-cabinet-vanity.webp 700w, https:\/\/www.shouyasanitary.com\/wp-content\/uploads\/2025\/09\/wholesale-supply-pvc-bathroom-cabinet-vanity-300x300.webp 300w, https:\/\/www.shouyasanitary.com\/wp-content\/uploads\/2025\/09\/wholesale-supply-pvc-bathroom-cabinet-vanity-150x150.webp 150w, https:\/\/www.shouyasanitary.com\/wp-content\/uploads\/2025\/09\/wholesale-supply-pvc-bathroom-cabinet-vanity-12x12.webp 12w, https:\/\/www.shouyasanitary.com\/wp-content\/uploads\/2025\/09\/wholesale-supply-pvc-bathroom-cabinet-vanity-600x600.webp 600w, https:\/\/www.shouyasanitary.com\/wp-content\/uploads\/2025\/09\/wholesale-supply-pvc-bathroom-cabinet-vanity-100x100.webp 100w\" sizes=\"(max-width: 700px) 100vw, 700px\" \/><\/figure>\n<\/div><\/div>\n<\/div>","protected":false},"excerpt":{"rendered":"<p>Armoire de salle de bain avec miroir, gris fonc\u00e9, d'apparence simple. Le mat\u00e9riau PVC de haute qualit\u00e9 est imperm\u00e9able et durable, et la conception murale permet d'\u00e9conomiser de l'espace. L'armoire de toilette est \u00e9quip\u00e9e de lumi\u00e8res pour faciliter le lavage et l'utilisation au quotidien. C'est un choix rentable pour un projet de salle de bain. N'h\u00e9sitez pas \u00e0 nous contacter !<\/p>\n<h2>Armoire de salle de bain avec miroir Attributs\uff1a<\/h2>\n<p><strong>Num\u00e9ro d'article : <\/strong>SY301-80<strong><br \/>Mat\u00e9riau de l'armoire :<\/strong> PVC<br \/><strong>Couleur de l'armoire :\u00a0<\/strong>Gris fonc\u00e9<br \/><strong>Miroir :<\/strong> Miroir LED (3,5 mm\/3,8 mm), \u00e9clairage tricolore, d\u00e9sembuage par simple pression d'une touche, s\u00e9curis\u00e9 par un emballage en mousse multicouche.<br \/><strong>Type d'installation :<\/strong>\u00a0Montage mural<br \/><strong>Dimensions (L\u00d7L\u00d7H) :<\/strong> 80*47*47 cm<br \/><strong>Poids brut :<\/strong> 30kg\/set<\/p>\n<h2>Personnalisation et services :<\/h2>\n<p><strong>OEM ET ODM<\/strong>: Pris en charge<br \/><strong>Conception<\/strong>: Gratuit<br \/><strong>Accessoires<\/strong>: Lavabos, miroirs, robinets et autres accessoires de salle de bains<br \/><strong>Emballage<\/strong>: Pr\u00eat \u00e0 monter<\/p>","protected":false},"featured_media":2180,"comment_status":"closed","ping_status":"closed","template":"","meta":{"_acf_changed":true},"product_brand":[],"product_cat":[24],"product_tag":[],"class_list":{"0":"post-2179","1":"product","2":"type-product","3":"status-publish","4":"has-post-thumbnail","6":"product_cat-wholesale-pvc-bathroom-vanity-cabinets","8":"first","9":"instock","10":"shipping-taxable","11":"product-type-simple"},"acf":[],"_links":{"self":[{"href":"https:\/\/www.shouyasanitary.com\/fr\/wp-json\/wp\/v2\/product\/2179","targetHints":{"allow":["GET"]}}],"collection":[{"href":"https:\/\/www.shouyasanitary.com\/fr\/wp-json\/wp\/v2\/product"}],"about":[{"href":"https:\/\/www.shouyasanitary.com\/fr\/wp-json\/wp\/v2\/types\/product"}],"replies":[{"embeddable":true,"href":"https:\/\/www.shouyasanitary.com\/fr\/wp-json\/wp\/v2\/comments?post=2179"}],"wp:featuredmedia":[{"embeddable":true,"href":"https:\/\/www.shouyasanitary.com\/fr\/wp-json\/wp\/v2\/media\/2180"}],"wp:attachment":[{"href":"https:\/\/www.shouyasanitary.com\/fr\/wp-json\/wp\/v2\/media?parent=2179"}],"wp:term":[{"taxonomy":"product_brand","embeddable":true,"href":"https:\/\/www.shouyasanitary.com\/fr\/wp-json\/wp\/v2\/product_brand?post=2179"},{"taxonomy":"product_cat","embeddable":true,"href":"https:\/\/www.shouyasanitary.com\/fr\/wp-json\/wp\/v2\/product_cat?post=2179"},{"taxonomy":"product_tag","embeddable":true,"href":"https:\/\/www.shouyasanitary.com\/fr\/wp-json\/wp\/v2\/product_tag?post=2179"}],"curies":[{"name":"wp","href":"https:\/\/api.w.org\/{rel}","templated":true}]}}