{"id":2188,"date":"2025-11-03T09:16:26","date_gmt":"2025-11-03T09:16:26","guid":{"rendered":"https:\/\/www.shouyasanitary.com\/?post_type=product&#038;p=2188"},"modified":"2025-11-03T09:16:28","modified_gmt":"2025-11-03T09:16:28","slug":"oem-small-bathroom-vanity-with-sink","status":"publish","type":"product","link":"https:\/\/www.shouyasanitary.com\/fr\/produit\/oem-small-bathroom-vanity-with-sink\/","title":{"rendered":"OEM Petit meuble de salle de bain avec \u00e9vier, vert clair, armoire de salle de bain en PVC Wholesale"},"content":{"rendered":"<div class=\"wp-block-columns is-layout-flex wp-container-core-columns-is-layout-9d6595d7 wp-block-columns-is-layout-flex\">\n<div class=\"wp-block-column is-layout-flow wp-block-column-is-layout-flow\">\n<h2 class=\"wp-block-heading\">Petit meuble-lavabo avec \u00e9vier Caract\u00e9ristiques\uff1a<\/h2>\n\n\n\n<p><strong>Mat\u00e9riaux PVC de haute qualit\u00e9<\/strong>l : Fabriqu\u00e9e en PVC durable de haute qualit\u00e9, l'armoire de salle de bains flottante et fine \u00e0 montage mural pr\u00e9sente des caract\u00e9ristiques d'\u00e9tanch\u00e9it\u00e9 et de r\u00e9sistance \u00e0 l'humidit\u00e9 de haut niveau, id\u00e9ales pour les salles de bains humides. Facile \u00e0 nettoyer et l\u00e9g\u00e8re, elle dure des ann\u00e9es avec un minimum d'entretien.<\/p>\n\n\n\n<p><strong>Conception murale intelligente<\/strong>: Le style flottant mural permet de conserver l'espace au sol tout en facilitant le nettoyage. Il offre une plus grande ouverture dans la salle de bains sans compromettre l'aspect \u00e9pur\u00e9 et moderne, ce qui convient aussi bien aux petites qu'aux grandes salles de bains.<\/p>\n\n\n\n<p><strong>Armoire de toilette fonctionnelle<\/strong>: L'armoire de toilette LED int\u00e9gr\u00e9e offre une lumi\u00e8re cristalline pour les soins quotidiens, ainsi qu'un espace de rangement dissimul\u00e9 suppl\u00e9mentaire pour les accessoires de soins personnels.<\/p>\n\n\n\n<p><strong>\u00c9vier en c\u00e9ramique encastr\u00e9 :<\/strong> Facile \u00e0 nettoyer, lisse et pratique.<\/p>\n\n\n\n<p><strong>Vert clair Finition moderne<\/strong>: La teinte vert clair revitalisante apporte un sentiment de vitalit\u00e9 et d'\u00e9l\u00e9gance contemporaine \u00e0 toute salle de bains, ce qui ne manquera pas d'attirer les clients \u00e0 la recherche de nouveaut\u00e9 et d'une d\u00e9coration d'int\u00e9rieur avant-gardiste.<\/p>\n\n\n\n<p><strong>Personnalisation OEM\/ODM<\/strong>: Disponible pour une personnalisation compl\u00e8te OEM\/ODM de la couleur, de la taille, de l'\u00e9clairage et du design du miroir afin de r\u00e9pondre aux diff\u00e9rentes exigences du projet. Id\u00e9al pour les grossistes, les entrepreneurs et les projets d'appartements ou d'h\u00f4tels n\u00e9cessitant des solutions de salle de bains durables, visuellement attrayantes et fonctionnelles.<\/p>\n<\/div>\n\n\n\n<div class=\"wp-block-column is-layout-flow wp-block-column-is-layout-flow\"><div class=\"wp-block-image\">\n<figure class=\"aligncenter size-full\"><img decoding=\"async\" width=\"700\" height=\"700\" src=\"https:\/\/www.shouyasanitary.com\/wp-content\/uploads\/2025\/09\/Wholesale-Bathroom-Vanity-Cabinet.webp\" alt=\"Wholesale Bathroom Vanity Cabinet\" class=\"wp-image-2189\" style=\"object-fit:cover\" srcset=\"https:\/\/www.shouyasanitary.com\/wp-content\/uploads\/2025\/09\/Wholesale-Bathroom-Vanity-Cabinet.webp 700w, https:\/\/www.shouyasanitary.com\/wp-content\/uploads\/2025\/09\/Wholesale-Bathroom-Vanity-Cabinet-300x300.webp 300w, https:\/\/www.shouyasanitary.com\/wp-content\/uploads\/2025\/09\/Wholesale-Bathroom-Vanity-Cabinet-150x150.webp 150w, https:\/\/www.shouyasanitary.com\/wp-content\/uploads\/2025\/09\/Wholesale-Bathroom-Vanity-Cabinet-12x12.webp 12w, https:\/\/www.shouyasanitary.com\/wp-content\/uploads\/2025\/09\/Wholesale-Bathroom-Vanity-Cabinet-600x600.webp 600w, https:\/\/www.shouyasanitary.com\/wp-content\/uploads\/2025\/09\/Wholesale-Bathroom-Vanity-Cabinet-100x100.webp 100w\" sizes=\"(max-width: 700px) 100vw, 700px\" \/><\/figure>\n<\/div><\/div>\n<\/div>","protected":false},"excerpt":{"rendered":"<p>Le petit meuble de salle de bain avec lavabo OEM est dot\u00e9 d'un design graphique en 3D, d'une armoire de toilette \u00e0 LED, d'un lavabo en c\u00e9ramique, d'une finition vert clair, d'un mat\u00e9riau PVC et d'un design mural. Etanche, durable et peu encombrant, il est id\u00e9al pour les projets modernes. Fourni par le fabricant Shouya au prix de gros. Renseignez-vous d\u00e8s maintenant !<\/p>\n<h2>Petit meuble-lavabo avec \u00e9vier Attributs\uff1a<\/h2>\n<p><strong>Num\u00e9ro d'article :\u00a0<\/strong>SY302-60<strong><br \/>Mat\u00e9riau de l'armoire :<\/strong> PVC<br \/><strong>Couleur de l'armoire :\u00a0<\/strong>Vert clair<br \/><strong>Miroir :<\/strong> Miroir LED (3,5 mm\/3,8 mm), \u00e9clairage tricolore, d\u00e9sembuage par simple pression d'une touche, s\u00e9curis\u00e9 par un emballage en mousse multicouche.<br \/><strong>Type d'installation :<\/strong>\u00a0Montage mural<br \/><strong>Dimensions (L\u00d7L\u00d7H) :<\/strong> 60*47*45 cm<br \/><strong>Poids brut :<\/strong> 28kg\/set<\/p>\n<h2>Personnalisation et services :<\/h2>\n<p><strong>OEM ET ODM<\/strong>: Pris en charge<br \/><strong>Conception<\/strong>: Gratuit<br \/><strong>Accessoires<\/strong>: Lavabos, miroirs, robinets et autres accessoires de salle de bains<br \/><strong>Emballage<\/strong>: Pr\u00eat \u00e0 monter<\/p>","protected":false},"featured_media":2189,"comment_status":"closed","ping_status":"closed","template":"","meta":{"_acf_changed":true},"product_brand":[],"product_cat":[24],"product_tag":[],"class_list":{"0":"post-2188","1":"product","2":"type-product","3":"status-publish","4":"has-post-thumbnail","6":"product_cat-wholesale-pvc-bathroom-vanity-cabinets","8":"first","9":"instock","10":"shipping-taxable","11":"product-type-simple"},"acf":[],"_links":{"self":[{"href":"https:\/\/www.shouyasanitary.com\/fr\/wp-json\/wp\/v2\/product\/2188","targetHints":{"allow":["GET"]}}],"collection":[{"href":"https:\/\/www.shouyasanitary.com\/fr\/wp-json\/wp\/v2\/product"}],"about":[{"href":"https:\/\/www.shouyasanitary.com\/fr\/wp-json\/wp\/v2\/types\/product"}],"replies":[{"embeddable":true,"href":"https:\/\/www.shouyasanitary.com\/fr\/wp-json\/wp\/v2\/comments?post=2188"}],"wp:featuredmedia":[{"embeddable":true,"href":"https:\/\/www.shouyasanitary.com\/fr\/wp-json\/wp\/v2\/media\/2189"}],"wp:attachment":[{"href":"https:\/\/www.shouyasanitary.com\/fr\/wp-json\/wp\/v2\/media?parent=2188"}],"wp:term":[{"taxonomy":"product_brand","embeddable":true,"href":"https:\/\/www.shouyasanitary.com\/fr\/wp-json\/wp\/v2\/product_brand?post=2188"},{"taxonomy":"product_cat","embeddable":true,"href":"https:\/\/www.shouyasanitary.com\/fr\/wp-json\/wp\/v2\/product_cat?post=2188"},{"taxonomy":"product_tag","embeddable":true,"href":"https:\/\/www.shouyasanitary.com\/fr\/wp-json\/wp\/v2\/product_tag?post=2188"}],"curies":[{"name":"wp","href":"https:\/\/api.w.org\/{rel}","templated":true}]}}