{"id":2195,"date":"2025-11-03T09:16:28","date_gmt":"2025-11-03T09:16:28","guid":{"rendered":"https:\/\/www.shouyasanitary.com\/?post_type=product&#038;p=2195"},"modified":"2025-11-03T09:16:31","modified_gmt":"2025-11-03T09:16:31","slug":"wholesale-bathroom-vanity-floating","status":"publish","type":"product","link":"https:\/\/www.shouyasanitary.com\/fr\/produit\/wholesale-bathroom-vanity-floating\/","title":{"rendered":"Wholesale Bathroom Vanity Floating Rock Slate Mirror Cabinet for Hotel"},"content":{"rendered":"<div class=\"wp-block-columns is-layout-flex wp-container-core-columns-is-layout-9d6595d7 wp-block-columns-is-layout-flex\">\n<div class=\"wp-block-column is-layout-flow wp-block-column-is-layout-flow\">\n<h2 class=\"wp-block-heading\">Vanit\u00e9 de salle de bain Caract\u00e9ristiques flottantes\uff1a<\/h2>\n\n\n\n<p><strong>Mat\u00e9riau des plaques de roche de premi\u00e8re qualit\u00e9<\/strong>: Fabriqu\u00e9 \u00e0 partir d'une plaque de roche de haute qualit\u00e9, le meuble de salle de bains offre une r\u00e9sistance sup\u00e9rieure aux rayures, aux taches et \u00e0 la chaleur. Son contraste noir et blanc offre une esth\u00e9tique moderne et luxueuse tout en garantissant une durabilit\u00e9 \u00e0 long terme pour une utilisation r\u00e9sidentielle ou commerciale.<\/p>\n\n\n\n<p><strong>Miroir int\u00e9gr\u00e9 et conception fonctionnelle<\/strong>: Le miroir LED sans cadre offre un \u00e9clairage clair et doux pour les activit\u00e9s quotidiennes. La conception murale maximise l'espace au sol et facilite le nettoyage, tandis que l'\u00e9vier en pierre lisse assure un entretien facile. Des rangements cach\u00e9s permettent de garder l'espace rang\u00e9 et organis\u00e9.<\/p>\n\n\n\n<p><strong>Gain de place et modernit\u00e9<\/strong>: La structure flottante et l'\u00e9tag\u00e8re inf\u00e9rieure ouverte renforcent la commodit\u00e9 et le minimalisme moderne, parfaits pour les salles de bains compactes ou les int\u00e9rieurs haut de gamme.<\/p>\n\n\n\n<p><strong>Id\u00e9al pour les projets de salle de bains<\/strong>: Convient aux h\u00f4tels, aux appartements et aux projets de r\u00e9novation. Offre une personnalisation OEM\/ODM de la taille, de la couleur, de l'\u00e9clairage et des options de miroir pour r\u00e9pondre aux divers besoins des projets.<\/p>\n<\/div>\n\n\n\n<div class=\"wp-block-column is-layout-flow wp-block-column-is-layout-flow\"><div class=\"wp-block-image\">\n<figure class=\"aligncenter size-full\"><img decoding=\"async\" width=\"700\" height=\"700\" src=\"https:\/\/www.shouyasanitary.com\/wp-content\/uploads\/2025\/09\/Wholesale-Vanity.webp\" alt=\"Vanit\u00e9 en gros\" class=\"wp-image-2202\" style=\"object-fit:cover\" srcset=\"https:\/\/www.shouyasanitary.com\/wp-content\/uploads\/2025\/09\/Wholesale-Vanity.webp 700w, https:\/\/www.shouyasanitary.com\/wp-content\/uploads\/2025\/09\/Wholesale-Vanity-300x300.webp 300w, https:\/\/www.shouyasanitary.com\/wp-content\/uploads\/2025\/09\/Wholesale-Vanity-150x150.webp 150w, https:\/\/www.shouyasanitary.com\/wp-content\/uploads\/2025\/09\/Wholesale-Vanity-12x12.webp 12w, https:\/\/www.shouyasanitary.com\/wp-content\/uploads\/2025\/09\/Wholesale-Vanity-600x600.webp 600w, https:\/\/www.shouyasanitary.com\/wp-content\/uploads\/2025\/09\/Wholesale-Vanity-100x100.webp 100w\" sizes=\"(max-width: 700px) 100vw, 700px\" \/><\/figure>\n<\/div><\/div>\n<\/div>","protected":false},"excerpt":{"rendered":"<p>Salle de bain flottante, design moderne en ardoise noire et blanche, structure murale avec miroir LED. Durable, \u00e9l\u00e9gant et facile \u00e0 nettoyer, id\u00e9al pour les projets r\u00e9sidentiels et commerciaux avec une personnalisation compl\u00e8te OEM\/ODM. Contactez-nous d\u00e8s maintenant pour obtenir un devis !<\/p>\n<h2>Meuble de salle de bain flottant Attributs\uff1a<\/h2>\n<p><strong>Num\u00e9ro d'article<\/strong>: ZJ1301-80<br \/><strong>Mat\u00e9riau de l'armoire<\/strong>: Marbre <br \/><strong>Couleur de l'armoire<\/strong>: Noir et blanc<br \/><strong>Miroir<\/strong>: Miroir LED (3,5mm \/ 3,8mm), \u00e9clairage tricolore, d\u00e9sembuage par simple pression d'une touche, s\u00e9curis\u00e9 par un emballage en mousse multicouche. <br \/><strong>Type d'installation<\/strong>: Montage mural <br \/><strong>Dimensions (L \u00d7 L \u00d7 H)<\/strong>: 80 \u00d7 47 \u00d7 14,5 cm <br \/><strong>Poids brut<\/strong>: 30 kg\/set<\/p>\n<h2>Personnalisation et services :<\/h2>\n<p><strong>OEM ET ODM<\/strong>: Pris en charge<br \/><strong>Conception<\/strong>: Gratuit<br \/><strong>Accessoires<\/strong>: Lavabos, miroirs, robinets et autres accessoires de salle de bains<br \/><strong>Emballage<\/strong>: Pr\u00eat \u00e0 monter<\/p>","protected":false},"featured_media":2202,"comment_status":"closed","ping_status":"closed","template":"","meta":{"_acf_changed":true},"product_brand":[],"product_cat":[22],"product_tag":[],"class_list":{"0":"post-2195","1":"product","2":"type-product","3":"status-publish","4":"has-post-thumbnail","6":"product_cat-wholesale-marble-bathroom-vanity-cabinets","8":"first","9":"instock","10":"shipping-taxable","11":"product-type-simple"},"acf":[],"_links":{"self":[{"href":"https:\/\/www.shouyasanitary.com\/fr\/wp-json\/wp\/v2\/product\/2195","targetHints":{"allow":["GET"]}}],"collection":[{"href":"https:\/\/www.shouyasanitary.com\/fr\/wp-json\/wp\/v2\/product"}],"about":[{"href":"https:\/\/www.shouyasanitary.com\/fr\/wp-json\/wp\/v2\/types\/product"}],"replies":[{"embeddable":true,"href":"https:\/\/www.shouyasanitary.com\/fr\/wp-json\/wp\/v2\/comments?post=2195"}],"wp:featuredmedia":[{"embeddable":true,"href":"https:\/\/www.shouyasanitary.com\/fr\/wp-json\/wp\/v2\/media\/2202"}],"wp:attachment":[{"href":"https:\/\/www.shouyasanitary.com\/fr\/wp-json\/wp\/v2\/media?parent=2195"}],"wp:term":[{"taxonomy":"product_brand","embeddable":true,"href":"https:\/\/www.shouyasanitary.com\/fr\/wp-json\/wp\/v2\/product_brand?post=2195"},{"taxonomy":"product_cat","embeddable":true,"href":"https:\/\/www.shouyasanitary.com\/fr\/wp-json\/wp\/v2\/product_cat?post=2195"},{"taxonomy":"product_tag","embeddable":true,"href":"https:\/\/www.shouyasanitary.com\/fr\/wp-json\/wp\/v2\/product_tag?post=2195"}],"curies":[{"name":"wp","href":"https:\/\/api.w.org\/{rel}","templated":true}]}}