{"id":2196,"date":"2025-11-03T09:16:20","date_gmt":"2025-11-03T09:16:20","guid":{"rendered":"https:\/\/www.shouyasanitary.com\/?post_type=product&#038;p=2196"},"modified":"2025-11-03T09:16:23","modified_gmt":"2025-11-03T09:16:23","slug":"custom-cabinet-white-bathroom","status":"publish","type":"product","link":"https:\/\/www.shouyasanitary.com\/fr\/produit\/custom-cabinet-white-bathroom\/","title":{"rendered":"Custom Cabinet White Bathroom Rock Slate Floating Marble Single Cabinet in Bulk"},"content":{"rendered":"<div class=\"wp-block-columns is-layout-flex wp-container-core-columns-is-layout-9d6595d7 wp-block-columns-is-layout-flex\">\n<div class=\"wp-block-column is-layout-flow wp-block-column-is-layout-flow\">\n<h2 class=\"wp-block-heading\">Armoire blanche Caract\u00e9ristiques de la salle de bains :<\/h2>\n\n\n\n<p><strong>\u00c9l\u00e9gant et minimaliste<\/strong>: Les lignes \u00e9pur\u00e9es et incurv\u00e9es cr\u00e9ent un aspect moderne et minimaliste, qui s'int\u00e8gre facilement \u00e0 tous les styles de salle de bains, du nordique pur \u00e0 l'industriel en passant par le luxueux chic.<\/p>\n\n\n\n<p><strong>Montage mural<\/strong>: La conception unique de la fixation murale \u00e9limine l'espace au sol, cr\u00e9ant ainsi un sol de salle de bain plus grand et plus ordonn\u00e9 tout en facilitant le nettoyage quotidien.<\/p>\n\n\n\n<p><strong>Mat\u00e9riau d'ardoise de haute qualit\u00e9<\/strong>: Le meuble et le plan de travail sont tous deux fabriqu\u00e9s en ardoise de haute qualit\u00e9, qui pr\u00e9sente une excellente r\u00e9sistance \u00e0 l'usure, \u00e0 la corrosion et aux taches, pour une finition durable. La surface plane et lisse est facile \u00e0 nettoyer, \u00e9liminant rapidement les taches et l'eau d'un simple coup de chiffon.<\/p>\n\n\n\n<p><strong>Moulage int\u00e9gr\u00e9<\/strong>: Le meuble et le plan de travail sont int\u00e9gr\u00e9s ensemble, ce qui donne un aspect beau et \u00e9l\u00e9gant tout en apportant une stabilit\u00e9 structurelle globale et en emp\u00eachant efficacement la salet\u00e9 et les fuites.<\/p>\n\n\n\n<p><strong>D\u00e9tails d\u00e9licats :<\/strong> Les bords sont polis avec finesse pour offrir une finition arrondie et lisse, r\u00e9sistante aux rayures et aux dommages, ce qui t\u00e9moigne de la qualit\u00e9 et de l'attention port\u00e9e aux d\u00e9tails. Une \u00e9tag\u00e8re ou une armoire de toilette bien con\u00e7ue offre suffisamment d'espace pour ranger les articles de toilette et les produits cosm\u00e9tiques, ce qui permet de maintenir l'ordre dans la salle de bains.<\/p>\n<\/div>\n\n\n\n<div class=\"wp-block-column is-layout-flow wp-block-column-is-layout-flow\"><div class=\"wp-block-image\">\n<figure class=\"aligncenter size-full\"><img decoding=\"async\" width=\"700\" height=\"700\" src=\"https:\/\/www.shouyasanitary.com\/wp-content\/uploads\/2025\/09\/Bulk-Purchases-Batnroom-Vanity-Cabinet.webp\" alt=\"Achats en vrac Meuble de salle de bain\" class=\"wp-image-2197\" style=\"object-fit:cover\" srcset=\"https:\/\/www.shouyasanitary.com\/wp-content\/uploads\/2025\/09\/Bulk-Purchases-Batnroom-Vanity-Cabinet.webp 700w, https:\/\/www.shouyasanitary.com\/wp-content\/uploads\/2025\/09\/Bulk-Purchases-Batnroom-Vanity-Cabinet-300x300.webp 300w, https:\/\/www.shouyasanitary.com\/wp-content\/uploads\/2025\/09\/Bulk-Purchases-Batnroom-Vanity-Cabinet-150x150.webp 150w, https:\/\/www.shouyasanitary.com\/wp-content\/uploads\/2025\/09\/Bulk-Purchases-Batnroom-Vanity-Cabinet-12x12.webp 12w, https:\/\/www.shouyasanitary.com\/wp-content\/uploads\/2025\/09\/Bulk-Purchases-Batnroom-Vanity-Cabinet-600x600.webp 600w, https:\/\/www.shouyasanitary.com\/wp-content\/uploads\/2025\/09\/Bulk-Purchases-Batnroom-Vanity-Cabinet-100x100.webp 100w\" sizes=\"(max-width: 700px) 100vw, 700px\" \/><\/figure>\n<\/div><\/div>\n<\/div>","protected":false},"excerpt":{"rendered":"<p>Grossiste meuble de salle de bain avec double vasque,ce meuble en ardoise est con\u00e7u avec une couleur blanche,alliant esth\u00e9tique et praticit\u00e9.veuillez nous contacter pour un devis et un catalogue de produits !<\/p>\n<h2>Attributs du meuble-lavabo\uff1a<\/h2>\n<p><strong>Num\u00e9ro d'article<\/strong>: ZJ1101-60<br \/><strong>Mat\u00e9riau de l'armoire<\/strong>: Marbre <br \/><strong>Couleur de l'armoire<\/strong>: Blanc <br \/><strong>Miroir<\/strong>: Miroir LED (3,5mm \/ 3,8mm), \u00e9clairage tricolore, d\u00e9sembuage par simple pression d'une touche, s\u00e9curis\u00e9 par un emballage en mousse multicouche. <br \/><strong>Type d'installation<\/strong>: Montage mural <br \/><strong>Dimensions (L \u00d7 L \u00d7 H)<\/strong>: 60 \u00d7 50 \u00d7 14,5 cm <br \/><strong>Poids brut<\/strong>: 31 kg\/set<\/p>\n<h2>Personnalisation et services :<\/h2>\n<p><strong>OEM ET ODM<\/strong>: Pris en charge<br \/><strong>Conception<\/strong>: Gratuit<br \/><strong>Accessoires<\/strong>: Lavabos, miroirs, robinets et autres accessoires de salle de bains<br \/><strong>Emballage<\/strong>: Pr\u00eat \u00e0 monter<\/p>","protected":false},"featured_media":2197,"comment_status":"closed","ping_status":"closed","template":"","meta":{"_acf_changed":false},"product_brand":[],"product_cat":[22],"product_tag":[],"class_list":{"0":"post-2196","1":"product","2":"type-product","3":"status-publish","4":"has-post-thumbnail","6":"product_cat-wholesale-marble-bathroom-vanity-cabinets","8":"first","9":"instock","10":"shipping-taxable","11":"product-type-simple"},"acf":[],"_links":{"self":[{"href":"https:\/\/www.shouyasanitary.com\/fr\/wp-json\/wp\/v2\/product\/2196","targetHints":{"allow":["GET"]}}],"collection":[{"href":"https:\/\/www.shouyasanitary.com\/fr\/wp-json\/wp\/v2\/product"}],"about":[{"href":"https:\/\/www.shouyasanitary.com\/fr\/wp-json\/wp\/v2\/types\/product"}],"replies":[{"embeddable":true,"href":"https:\/\/www.shouyasanitary.com\/fr\/wp-json\/wp\/v2\/comments?post=2196"}],"wp:featuredmedia":[{"embeddable":true,"href":"https:\/\/www.shouyasanitary.com\/fr\/wp-json\/wp\/v2\/media\/2197"}],"wp:attachment":[{"href":"https:\/\/www.shouyasanitary.com\/fr\/wp-json\/wp\/v2\/media?parent=2196"}],"wp:term":[{"taxonomy":"product_brand","embeddable":true,"href":"https:\/\/www.shouyasanitary.com\/fr\/wp-json\/wp\/v2\/product_brand?post=2196"},{"taxonomy":"product_cat","embeddable":true,"href":"https:\/\/www.shouyasanitary.com\/fr\/wp-json\/wp\/v2\/product_cat?post=2196"},{"taxonomy":"product_tag","embeddable":true,"href":"https:\/\/www.shouyasanitary.com\/fr\/wp-json\/wp\/v2\/product_tag?post=2196"}],"curies":[{"name":"wp","href":"https:\/\/api.w.org\/{rel}","templated":true}]}}