{"id":2222,"date":"2025-10-20T08:17:42","date_gmt":"2025-10-20T08:17:42","guid":{"rendered":"https:\/\/www.shouyasanitary.com\/?post_type=product&#038;p=2222"},"modified":"2025-10-20T08:17:45","modified_gmt":"2025-10-20T08:17:45","slug":"oem-floating-bathroom-vanity-with-sink","status":"publish","type":"product","link":"https:\/\/www.shouyasanitary.com\/fr\/produit\/oem-floating-bathroom-vanity-with-sink\/","title":{"rendered":"OEM Meuble de salle de bain flottant avec \u00e9vier, armoire de toilette avec tiroirs Salle de bain Wholesale"},"content":{"rendered":"<div class=\"wp-block-columns is-layout-flex wp-container-core-columns-is-layout-9d6595d7 wp-block-columns-is-layout-flex\">\n<div class=\"wp-block-column is-layout-flow wp-block-column-is-layout-flow\">\n<h2 class=\"wp-block-heading\">Meuble de salle de bain flottant avec \u00e9vier Caract\u00e9ristiques\uff1a<\/h2>\n\n\n\n<p><strong>Design moderne et minimaliste :<\/strong> Il pr\u00e9sente un design minimaliste moderne avec des lignes simples et claires. La forme g\u00e9n\u00e9rale est nette et propre, s'int\u00e9grant parfaitement aux diff\u00e9rents styles de d\u00e9coration de la salle de bains. Son \u00e9l\u00e9gant ton gris clair apporte une exp\u00e9rience visuelle sereine et confortable.<\/p>\n\n\n\n<p><strong>Espace de rangement multifonctionnel :<\/strong> Elle est \u00e9quip\u00e9e d'une grande armoire de rangement et d'une armoire de toilette. L'int\u00e9rieur de l'armoire de toilette est dot\u00e9 de plusieurs compartiments et de bandes lumineuses LED, ce qui permet de ranger et d'exposer divers articles de toilette et d\u00e9corations. Les tiroirs et les portes situ\u00e9s au bas de l'armoire offrent un vaste espace de rangement cach\u00e9, ce qui permet de garder la salle de bains bien rang\u00e9e et organis\u00e9e.<\/p>\n\n\n\n<p><strong>Mat\u00e9riau de haute qualit\u00e9 : contreplaqu\u00e9 :<\/strong> Elle est fabriqu\u00e9e en contreplaqu\u00e9 de haute qualit\u00e9, avec une structure solide et durable, r\u00e9sistante \u00e0 l'humidit\u00e9, adapt\u00e9e \u00e0 l'environnement particulier de la salle de bains. La surface est sp\u00e9cialement trait\u00e9e, r\u00e9sistante \u00e0 l'usure, et la vasque en c\u00e9ramique est facile \u00e0 nettoyer, ce qui lui permet de rester comme neuve pendant longtemps.<\/p>\n\n\n\n<p><strong>Armoire de toilette int\u00e9gr\u00e9e :<\/strong> L'armoire de toilette et l'armoire de rangement sont parfaitement combin\u00e9es, ce qui permet non seulement d'\u00e9conomiser de l'espace, mais aussi d'ajouter des fonctions pratiques. La porte de l'armoire de toilette utilise un miroir de haute qualit\u00e9, avec une image claire, et l'arri\u00e8re est \u00e9quip\u00e9 d'une bande lumineuse LED, fournissant un \u00e9clairage uniforme et doux, am\u00e9liorant l'exp\u00e9rience d'utilisation.<\/p>\n\n\n\n<p><strong>Service OEM\/ODM<\/strong>: Shouya ajuste la hauteur, la largeur, la profondeur du meuble, les accessoires, etc., en fonction des exigences du projet du client pour s'adapter aux diff\u00e9rents espaces de la salle de bains.<\/p>\n<\/div>\n\n\n\n<div class=\"wp-block-column is-layout-flow wp-block-column-is-layout-flow\"><div class=\"wp-block-image\">\n<figure class=\"aligncenter size-full\"><img decoding=\"async\" width=\"700\" height=\"700\" src=\"https:\/\/www.shouyasanitary.com\/wp-content\/uploads\/2025\/10\/wholesale-selection-modern-plywood-material-cabinet-set.webp\" alt=\"S\u00e9lection en gros d&#039;un ensemble d&#039;armoires modernes en contreplaqu\u00e9\" class=\"wp-image-2227\" style=\"object-fit:cover\" srcset=\"https:\/\/www.shouyasanitary.com\/wp-content\/uploads\/2025\/10\/wholesale-selection-modern-plywood-material-cabinet-set.webp 700w, https:\/\/www.shouyasanitary.com\/wp-content\/uploads\/2025\/10\/wholesale-selection-modern-plywood-material-cabinet-set-300x300.webp 300w, https:\/\/www.shouyasanitary.com\/wp-content\/uploads\/2025\/10\/wholesale-selection-modern-plywood-material-cabinet-set-150x150.webp 150w, https:\/\/www.shouyasanitary.com\/wp-content\/uploads\/2025\/10\/wholesale-selection-modern-plywood-material-cabinet-set-12x12.webp 12w, https:\/\/www.shouyasanitary.com\/wp-content\/uploads\/2025\/10\/wholesale-selection-modern-plywood-material-cabinet-set-600x600.webp 600w, https:\/\/www.shouyasanitary.com\/wp-content\/uploads\/2025\/10\/wholesale-selection-modern-plywood-material-cabinet-set-100x100.webp 100w\" sizes=\"(max-width: 700px) 100vw, 700px\" \/><\/figure>\n<\/div><\/div>\n<\/div>","protected":false},"excerpt":{"rendered":"<p>Shouya oem meuble de salle de bain flottant avec \u00e9vier, fabriqu\u00e9 en contreplaqu\u00e9 de haute qualit\u00e9, dot\u00e9 d'une armoire de toilette \u00e0 LED int\u00e9gr\u00e9e, qui est \u00e9quip\u00e9e de bandes lumineuses \u00e0 LED et de plusieurs couches d'\u00e9tag\u00e8res, offrant \u00e0 la fois des fonctions de stockage et d'affichage. Nous prenons en charge la personnalisation OEM\/ODM. Contactez-nous d\u00e8s aujourd'hui pour un devis !\u00a0<\/p>\n<h2>Meuble de salle de bain flottant avec \u00e9vier Attributs\uff1a<\/h2>\n<p><strong>Num\u00e9ro d'article :<\/strong>3209-100<strong><br \/>Mat\u00e9riau de l'armoire :<\/strong>\u00a0Contreplaqu\u00e9<br \/><strong>Couleur de l'armoire :<\/strong> Kaki<br \/><strong>Miroir :<\/strong> Miroir LED (3,5 mm\/3,8 mm), \u00e9clairage tricolore, d\u00e9sembuage par simple pression d'une touche, s\u00e9curis\u00e9 par un emballage en mousse multicouche.<br \/><strong>Type d'installation :<\/strong>\u00a0Montage mural<br \/><strong>Dimensions (L\u00d7L\u00d7H) :<\/strong> 100x47x48 cm<br \/><strong>Poids brut :<\/strong> 35kg\/set<\/p>\n<h2>Personnalisation et services :<\/h2>\n<p><strong>OEM ET ODM<\/strong>: Pris en charge<br \/><strong>Conception<\/strong>: Gratuit<br \/><strong>Accessoires<\/strong>: Lavabos, miroirs, robinets et autres accessoires de salle de bains<br \/><strong>Emballage<\/strong>: Pr\u00eat \u00e0 monter<\/p>","protected":false},"featured_media":2227,"comment_status":"closed","ping_status":"closed","template":"","meta":{"_acf_changed":true},"product_brand":[],"product_cat":[20],"product_tag":[],"class_list":{"0":"post-2222","1":"product","2":"type-product","3":"status-publish","4":"has-post-thumbnail","6":"product_cat-wholesale-plywood-bathroom-vanity-cabinets","8":"first","9":"instock","10":"shipping-taxable","11":"product-type-simple"},"acf":[],"_links":{"self":[{"href":"https:\/\/www.shouyasanitary.com\/fr\/wp-json\/wp\/v2\/product\/2222","targetHints":{"allow":["GET"]}}],"collection":[{"href":"https:\/\/www.shouyasanitary.com\/fr\/wp-json\/wp\/v2\/product"}],"about":[{"href":"https:\/\/www.shouyasanitary.com\/fr\/wp-json\/wp\/v2\/types\/product"}],"replies":[{"embeddable":true,"href":"https:\/\/www.shouyasanitary.com\/fr\/wp-json\/wp\/v2\/comments?post=2222"}],"wp:featuredmedia":[{"embeddable":true,"href":"https:\/\/www.shouyasanitary.com\/fr\/wp-json\/wp\/v2\/media\/2227"}],"wp:attachment":[{"href":"https:\/\/www.shouyasanitary.com\/fr\/wp-json\/wp\/v2\/media?parent=2222"}],"wp:term":[{"taxonomy":"product_brand","embeddable":true,"href":"https:\/\/www.shouyasanitary.com\/fr\/wp-json\/wp\/v2\/product_brand?post=2222"},{"taxonomy":"product_cat","embeddable":true,"href":"https:\/\/www.shouyasanitary.com\/fr\/wp-json\/wp\/v2\/product_cat?post=2222"},{"taxonomy":"product_tag","embeddable":true,"href":"https:\/\/www.shouyasanitary.com\/fr\/wp-json\/wp\/v2\/product_tag?post=2222"}],"curies":[{"name":"wp","href":"https:\/\/api.w.org\/{rel}","templated":true}]}}