{"id":2223,"date":"2025-10-20T08:17:45","date_gmt":"2025-10-20T08:17:45","guid":{"rendered":"https:\/\/www.shouyasanitary.com\/?post_type=product&#038;p=2223"},"modified":"2025-10-20T08:17:46","modified_gmt":"2025-10-20T08:17:46","slug":"custom-bathroom-single-vanity","status":"publish","type":"product","link":"https:\/\/www.shouyasanitary.com\/fr\/produit\/custom-bathroom-single-vanity\/","title":{"rendered":"Meuble de salle de bain sur mesure, Meuble de salle de bain gris moderne avec miroir Fabricant"},"content":{"rendered":"<div class=\"wp-block-columns is-layout-flex wp-container-core-columns-is-layout-9d6595d7 wp-block-columns-is-layout-flex\">\n<div class=\"wp-block-column is-layout-flow wp-block-column-is-layout-flow\">\n<h2 class=\"wp-block-heading\">Caract\u00e9ristiques du meuble-lavabo dans la salle de bains\uff1a<\/h2>\n\n\n\n<p><strong>Style minimaliste exquis :<\/strong> Il s'inscrit dans le cadre d'un design minimaliste. Le corps du meuble gris clair est simple et \u00e9l\u00e9gant. Il s'adapte parfaitement \u00e0 diff\u00e9rents styles de salles de bains, apporte tranquillit\u00e9 et \u00e9l\u00e9gance \u00e0 l'espace et cr\u00e9e un effet visuel rafra\u00eechissant et ordonn\u00e9 dans la salle de bains.<\/p>\n\n\n\n<p><strong>Armoire de toilette intelligente charme :<\/strong> L'armoire de toilette \u00e9clair\u00e9e, unique en son genre, est un atout majeur. De douces lumi\u00e8res LED illuminent le pourtour de l'armoire de toilette, cr\u00e9ant une atmosph\u00e8re chaleureuse et \u00e9clairant chaque d\u00e9tail, facilitant ainsi la toilette. L'int\u00e9rieur de l'armoire de toilette est ing\u00e9nieusement divis\u00e9, les diff\u00e9rents articles \u00e9tant plac\u00e9s dans leurs zones respectives, ce qui garantit un rangement ordonn\u00e9 et am\u00e9liore la convivialit\u00e9.<\/p>\n\n\n\n<p><strong>Garantie de qualit\u00e9 du contreplaqu\u00e9 :<\/strong> Le corps principal est fabriqu\u00e9 en contreplaqu\u00e9 de haute qualit\u00e9, avec d'excellentes propri\u00e9t\u00e9s de r\u00e9sistance \u00e0 l'humidit\u00e9 et \u00e0 la d\u00e9formation. Il peut conserver des performances stables dans l'environnement humide de la salle de bains. La finition de la surface est exquise, avec un toucher d\u00e9licat. Non seulement elle r\u00e9siste bien aux taches, mais elle est \u00e9galement facile \u00e0 nettoyer et conserve un bel aspect apr\u00e8s une longue p\u00e9riode d'utilisation.<\/p>\n\n\n\n<p><strong>Convient \u00e0 diff\u00e9rents sc\u00e9narios :<\/strong> La taille de 80CM en fait un excellent choix pour les salles de bains ou les endroits o\u00f9 l'espace est limit\u00e9. Qu'il s'agisse d'une salle de bains familiale, d'une salle de bains d'h\u00f4tel ou d'une salle de bains d'appartement, il peut \u00eatre parfaitement adapt\u00e9, offrant des fonctions de stockage et de lavage pratiques et r\u00e9pondant aux besoins d'utilisation de diff\u00e9rents sc\u00e9narios.<\/p>\n<\/div>\n\n\n\n<div class=\"wp-block-column is-layout-flow wp-block-column-is-layout-flow\"><div class=\"wp-block-image\">\n<figure class=\"aligncenter size-full\"><img decoding=\"async\" width=\"700\" height=\"700\" src=\"https:\/\/www.shouyasanitary.com\/wp-content\/uploads\/2025\/10\/direct-supply-by-manufacturer-plywood-bathroom-cabinet-vanity.webp\" alt=\"fourniture directe par le fabricant meuble de salle de bain en contreplaqu\u00e9 vanity\" class=\"wp-image-2230\" style=\"object-fit:cover\" srcset=\"https:\/\/www.shouyasanitary.com\/wp-content\/uploads\/2025\/10\/direct-supply-by-manufacturer-plywood-bathroom-cabinet-vanity.webp 700w, https:\/\/www.shouyasanitary.com\/wp-content\/uploads\/2025\/10\/direct-supply-by-manufacturer-plywood-bathroom-cabinet-vanity-300x300.webp 300w, https:\/\/www.shouyasanitary.com\/wp-content\/uploads\/2025\/10\/direct-supply-by-manufacturer-plywood-bathroom-cabinet-vanity-150x150.webp 150w, https:\/\/www.shouyasanitary.com\/wp-content\/uploads\/2025\/10\/direct-supply-by-manufacturer-plywood-bathroom-cabinet-vanity-12x12.webp 12w, https:\/\/www.shouyasanitary.com\/wp-content\/uploads\/2025\/10\/direct-supply-by-manufacturer-plywood-bathroom-cabinet-vanity-600x600.webp 600w, https:\/\/www.shouyasanitary.com\/wp-content\/uploads\/2025\/10\/direct-supply-by-manufacturer-plywood-bathroom-cabinet-vanity-100x100.webp 100w\" sizes=\"(max-width: 700px) 100vw, 700px\" \/><\/figure>\n<\/div><\/div>\n<\/div>\n\n\n\n<p><\/p>","protected":false},"excerpt":{"rendered":"<p>Contr\u00f4le direct par le fabricant : Armoire de salle de bain minimaliste en composite 80CM, avec miroir LED ajout\u00e9. Le mat\u00e9riau composite de haute qualit\u00e9 est r\u00e9sistant \u00e0 l'humidit\u00e9 et durable, avec une conception exquise de l'espace et une fonction de stockage puissante. N'h\u00e9sitez pas \u00e0 demander le prix !<\/p>\n<h2>Vanit\u00e9 moderne Attributs de la salle de bain :<\/h2>\n<p><strong>Num\u00e9ro d'article<\/strong>: 3227-80<br \/><strong>Mat\u00e9riau de l'armoire :<\/strong>\u00a0Contreplaqu\u00e9<br \/><strong>Couleur de l'armoire :\u00a0<\/strong>Gris<\/p>\n<p><strong>Miroir :<\/strong> Miroir LED (3,5 mm\/3,8 mm), \u00e9clairage tricolore, d\u00e9sembuage par simple pression d'une touche, s\u00e9curis\u00e9 par un emballage en mousse multicouche.<br \/><strong>Type d'installation :<\/strong>\u00a0Montage mural<br \/><strong>Dimensions (L\u00d7L\u00d7H) :<\/strong> 80x 50 x 48cm<br \/><strong>Poids brut :<\/strong> 32 kg\/set<\/p>\n<h2>Personnalisation et services :<\/h2>\n<p><strong>OEM ET ODM<\/strong>: Pris en charge<br \/><strong>Conception<\/strong>: Gratuit<br \/><strong>Accessoires<\/strong>: Lavabos, miroirs, robinets et autres accessoires de salle de bains<br \/><strong>Emballage<\/strong>: Pr\u00eat \u00e0 monter<\/p>","protected":false},"featured_media":2230,"comment_status":"closed","ping_status":"closed","template":"","meta":{"_acf_changed":true},"product_brand":[],"product_cat":[20],"product_tag":[],"class_list":{"0":"post-2223","1":"product","2":"type-product","3":"status-publish","4":"has-post-thumbnail","6":"product_cat-wholesale-plywood-bathroom-vanity-cabinets","8":"first","9":"instock","10":"shipping-taxable","11":"product-type-simple"},"acf":[],"_links":{"self":[{"href":"https:\/\/www.shouyasanitary.com\/fr\/wp-json\/wp\/v2\/product\/2223","targetHints":{"allow":["GET"]}}],"collection":[{"href":"https:\/\/www.shouyasanitary.com\/fr\/wp-json\/wp\/v2\/product"}],"about":[{"href":"https:\/\/www.shouyasanitary.com\/fr\/wp-json\/wp\/v2\/types\/product"}],"replies":[{"embeddable":true,"href":"https:\/\/www.shouyasanitary.com\/fr\/wp-json\/wp\/v2\/comments?post=2223"}],"wp:featuredmedia":[{"embeddable":true,"href":"https:\/\/www.shouyasanitary.com\/fr\/wp-json\/wp\/v2\/media\/2230"}],"wp:attachment":[{"href":"https:\/\/www.shouyasanitary.com\/fr\/wp-json\/wp\/v2\/media?parent=2223"}],"wp:term":[{"taxonomy":"product_brand","embeddable":true,"href":"https:\/\/www.shouyasanitary.com\/fr\/wp-json\/wp\/v2\/product_brand?post=2223"},{"taxonomy":"product_cat","embeddable":true,"href":"https:\/\/www.shouyasanitary.com\/fr\/wp-json\/wp\/v2\/product_cat?post=2223"},{"taxonomy":"product_tag","embeddable":true,"href":"https:\/\/www.shouyasanitary.com\/fr\/wp-json\/wp\/v2\/product_tag?post=2223"}],"curies":[{"name":"wp","href":"https:\/\/api.w.org\/{rel}","templated":true}]}}