{"id":2233,"date":"2025-10-20T08:17:47","date_gmt":"2025-10-20T08:17:47","guid":{"rendered":"https:\/\/www.shouyasanitary.com\/?post_type=product&#038;p=2233"},"modified":"2025-10-20T08:17:48","modified_gmt":"2025-10-20T08:17:48","slug":"wholesale-wash-basin-sink-cabinet","status":"publish","type":"product","link":"https:\/\/www.shouyasanitary.com\/fr\/produit\/wholesale-wash-basin-sink-cabinet\/","title":{"rendered":"Wholesale Wash Basin Sink Cabinet, Bulk Floating Bathroom Vanity Brown"},"content":{"rendered":"<div class=\"wp-block-columns is-layout-flex wp-container-core-columns-is-layout-9d6595d7 wp-block-columns-is-layout-flex\">\n<div class=\"wp-block-column is-layout-flow wp-block-column-is-layout-flow\">\n<h2 class=\"wp-block-heading\">Meuble de salle de bains avec lavabo et \u00e9vier Caract\u00e9ristiques :<\/h2>\n\n\n\n<p><strong>Conception murale peu encombrante : <\/strong>Ce meuble de salle de bains en contreplaqu\u00e9 pr\u00e9sente une structure murale \u00e9l\u00e9gante, ce qui en fait un choix id\u00e9al pour les salles de bains compactes. Il maximise l'espace au sol tout en ajoutant une touche de modernit\u00e9 \u00e0 votre salle de bains.<\/p>\n\n\n\n<p><strong>Grande capacit\u00e9 de stockage : <\/strong>\u00c9quip\u00e9 d'une armoire \u00e0 deux portes et d'une armoire \u00e0 miroir LED combin\u00e9e (avec une section d'\u00e9tag\u00e8res ouverte), il offre un grand espace de rangement pour les articles de toilette, les serviettes et les produits cosm\u00e9tiques. Les rangements cat\u00e9goris\u00e9s permettent \u00e0 votre salle de bains d'\u00eatre bien rang\u00e9e et organis\u00e9e.<\/p>\n\n\n\n<p><strong>Construction en contreplaqu\u00e9 de premi\u00e8re qualit\u00e9 : <\/strong>Fabriqu\u00e9 en contreplaqu\u00e9 de haute qualit\u00e9, ce meuble est d'une excellente durabilit\u00e9, r\u00e9sistant \u00e0 l'humidit\u00e9 et stable, ce qui garantit des performances durables dans l'environnement humide de la salle de bains.<\/p>\n\n\n\n<p><strong>Miroir LED int\u00e9gr\u00e9 et lavabo en c\u00e9ramique :<\/strong>&nbsp;Le miroir LED avec commandes tactiles fournit non seulement un \u00e9clairage clair pour la toilette, mais ajoute \u00e9galement une touche technologique. L'\u00e9vier en c\u00e9ramique lisse est facile \u00e0 nettoyer et conserve un aspect impeccable au fil du temps.<\/p>\n\n\n\n<p><strong>Solution de personnalisation de la marque<\/strong>: Shouya prend en charge l'impression du LOGO, l'emballage et la personnalisation d'accessoires exclusifs afin d'aider les clients finaux \u00e0 cr\u00e9er leurs propres marques.<\/p>\n<\/div>\n\n\n\n<div class=\"wp-block-column is-layout-flow wp-block-column-is-layout-flow\"><div class=\"wp-block-image\">\n<figure class=\"aligncenter size-full\"><img decoding=\"async\" width=\"700\" height=\"700\" src=\"https:\/\/www.shouyasanitary.com\/wp-content\/uploads\/2025\/10\/bathroom-cabinet-with-LED-cabinet-and-basin.webp\" alt=\"meuble de salle de bain avec meuble LED et vasque\" class=\"wp-image-2236\" style=\"object-fit:cover\" srcset=\"https:\/\/www.shouyasanitary.com\/wp-content\/uploads\/2025\/10\/bathroom-cabinet-with-LED-cabinet-and-basin.webp 700w, https:\/\/www.shouyasanitary.com\/wp-content\/uploads\/2025\/10\/bathroom-cabinet-with-LED-cabinet-and-basin-300x300.webp 300w, https:\/\/www.shouyasanitary.com\/wp-content\/uploads\/2025\/10\/bathroom-cabinet-with-LED-cabinet-and-basin-150x150.webp 150w, https:\/\/www.shouyasanitary.com\/wp-content\/uploads\/2025\/10\/bathroom-cabinet-with-LED-cabinet-and-basin-12x12.webp 12w, https:\/\/www.shouyasanitary.com\/wp-content\/uploads\/2025\/10\/bathroom-cabinet-with-LED-cabinet-and-basin-600x600.webp 600w, https:\/\/www.shouyasanitary.com\/wp-content\/uploads\/2025\/10\/bathroom-cabinet-with-LED-cabinet-and-basin-100x100.webp 100w\" sizes=\"(max-width: 700px) 100vw, 700px\" \/><\/figure>\n<\/div><\/div>\n<\/div>","protected":false},"excerpt":{"rendered":"<p>Le meuble lavabo Wholesale wash basin est con\u00e7u pour \u00eatre mont\u00e9 au mur, avec une construction en contreplaqu\u00e9 durable, un miroir LED int\u00e9gr\u00e9 et un \u00e9vier en c\u00e9ramique. Son design \u00e0 double porte et ses \u00e9tag\u00e8res ouvertes offrent un rangement organis\u00e9, et il est possible de le personnaliser, ce qui en fait un choix id\u00e9al pour les salles de bains modernes. Contactez-nous pour une solution personnalis\u00e9e !<\/p>\n<h2>Meuble lavabo de salle de bains Attributs\uff1a<\/h2>\n<p><strong>Num\u00e9ro d'article<\/strong>: J3231-80<br \/><strong>Mat\u00e9riau de l'armoire<\/strong>: Contreplaqu\u00e9<br \/><strong>Couleur de l'armoire<\/strong>: Marron<br \/><strong>Miroir<\/strong>: Miroir LED (3,5mm \/ 3,8mm), \u00e9clairage tricolore, d\u00e9sembuage par simple pression d'une touche, s\u00e9curis\u00e9 par un emballage en mousse multicouche. <br \/><strong>Type d'installation<\/strong>: Montage mural<br \/><strong>Dimensions (L \u00d7 L \u00d7 H)<\/strong>: 80 x 50 x 44 cm<br \/><strong>Poids brut<\/strong>: 32kg\/set<\/p>\n<h2>Personnalisation et services :<\/h2>\n<p><strong>OEM ET ODM<\/strong>: Pris en charge<br \/><strong>Conception<\/strong>: Gratuit<br \/><strong>Accessoires<\/strong>: Lavabos, miroirs, robinets et autres accessoires de salle de bains<br \/><strong>Emballage<\/strong>: Pr\u00eat \u00e0 monter<\/p>","protected":false},"featured_media":2236,"comment_status":"closed","ping_status":"closed","template":"","meta":{"_acf_changed":true},"product_brand":[],"product_cat":[20],"product_tag":[],"class_list":{"0":"post-2233","1":"product","2":"type-product","3":"status-publish","4":"has-post-thumbnail","6":"product_cat-wholesale-plywood-bathroom-vanity-cabinets","8":"first","9":"instock","10":"shipping-taxable","11":"product-type-simple"},"acf":[],"_links":{"self":[{"href":"https:\/\/www.shouyasanitary.com\/fr\/wp-json\/wp\/v2\/product\/2233","targetHints":{"allow":["GET"]}}],"collection":[{"href":"https:\/\/www.shouyasanitary.com\/fr\/wp-json\/wp\/v2\/product"}],"about":[{"href":"https:\/\/www.shouyasanitary.com\/fr\/wp-json\/wp\/v2\/types\/product"}],"replies":[{"embeddable":true,"href":"https:\/\/www.shouyasanitary.com\/fr\/wp-json\/wp\/v2\/comments?post=2233"}],"wp:featuredmedia":[{"embeddable":true,"href":"https:\/\/www.shouyasanitary.com\/fr\/wp-json\/wp\/v2\/media\/2236"}],"wp:attachment":[{"href":"https:\/\/www.shouyasanitary.com\/fr\/wp-json\/wp\/v2\/media?parent=2233"}],"wp:term":[{"taxonomy":"product_brand","embeddable":true,"href":"https:\/\/www.shouyasanitary.com\/fr\/wp-json\/wp\/v2\/product_brand?post=2233"},{"taxonomy":"product_cat","embeddable":true,"href":"https:\/\/www.shouyasanitary.com\/fr\/wp-json\/wp\/v2\/product_cat?post=2233"},{"taxonomy":"product_tag","embeddable":true,"href":"https:\/\/www.shouyasanitary.com\/fr\/wp-json\/wp\/v2\/product_tag?post=2233"}],"curies":[{"name":"wp","href":"https:\/\/api.w.org\/{rel}","templated":true}]}}