{"id":2234,"date":"2025-10-20T08:17:51","date_gmt":"2025-10-20T08:17:51","guid":{"rendered":"https:\/\/www.shouyasanitary.com\/?post_type=product&#038;p=2234"},"modified":"2025-10-20T08:17:53","modified_gmt":"2025-10-20T08:17:53","slug":"wholesale-white-bathroom-cabinets","status":"publish","type":"product","link":"https:\/\/www.shouyasanitary.com\/fr\/produit\/wholesale-white-bathroom-cabinets\/","title":{"rendered":"Wholesale White Bathroom Cabinets, OEM Wall Hung Bathroom Vanity with Mirrors (Meuble de salle de bain avec miroir)"},"content":{"rendered":"<div class=\"wp-block-columns is-layout-flex wp-container-core-columns-is-layout-9d6595d7 wp-block-columns-is-layout-flex\">\n<div class=\"wp-block-column is-layout-flow wp-block-column-is-layout-flow\">\n<h2 class=\"wp-block-heading\">Caract\u00e9ristiques des armoires de salle de bains blanches\uff1a<\/h2>\n\n\n\n<p><strong>Esth\u00e9tique murale sur mesure : <\/strong>Cette armoire de salle de bains en contreplaqu\u00e9 fabriqu\u00e9e sur mesure se fixe au mur et peut \u00eatre personnalis\u00e9e en termes de taille et de style pour s'adapter \u00e0 n'importe quel agencement de salle de bains. Sa silhouette \u00e9l\u00e9gante lui conf\u00e8re une touche de modernit\u00e9 et en fait une pi\u00e8ce ma\u00eetresse pour les r\u00e9novations de salles de bains sur mesure.<\/p>\n\n\n\n<p><strong>Personnalisation intelligente du stockage : <\/strong>L'armoire de toilette \u00e0 LED int\u00e9gr\u00e9e et le rangement sous l'\u00e9vier offrent des compartiments personnalisables. Que vous ayez besoin de plus d'\u00e9tag\u00e8res ouvertes ou de tiroirs cach\u00e9s, l'armoire peut \u00eatre adapt\u00e9e pour organiser les articles de toilette, le maquillage et les produits d'entretien exactement comme vous le souhaitez.<\/p>\n\n\n\n<p><strong>Contreplaqu\u00e9 durable : <\/strong>Fabriqu\u00e9 en contreplaqu\u00e9 de haute qualit\u00e9, ce meuble est con\u00e7u pour r\u00e9sister \u00e0 l'humidit\u00e9 et \u00e0 l'usure quotidienne. Ses finitions et ses couleurs sont personnalisables, ce qui lui permet de s'adapter au th\u00e8me unique de votre salle de bains tout en conservant une durabilit\u00e9 \u00e0 long terme.<\/p>\n\n\n\n<p><strong>Id\u00e9al pour les projets personnalis\u00e9s :<\/strong>&nbsp;Parfaite pour les propri\u00e9taires et les designers \u00e0 la recherche de solutions uniques pour leur salle de bains, cette armoire de salle de bains en contreplaqu\u00e9 fabriqu\u00e9e sur mesure allie fonctionnalit\u00e9, style et personnalisation. Elle r\u00e9pond aux exigences des projets personnalis\u00e9s haut de gamme, garantissant que chaque pi\u00e8ce est aussi unique que l'espace qu'elle habite.<\/p>\n\n\n\n<p><strong>Installation et entretien faciles<\/strong>: Installation murale simple avec des supports m\u00e9talliques robustes et une surface facile \u00e0 nettoyer.<\/p>\n<\/div>\n\n\n\n<div class=\"wp-block-column is-layout-flow wp-block-column-is-layout-flow\"><div class=\"wp-block-image\">\n<figure class=\"aligncenter size-full\"><img decoding=\"async\" width=\"700\" height=\"700\" src=\"https:\/\/www.shouyasanitary.com\/wp-content\/uploads\/2025\/10\/high-quality-of-batnroom-cabinet-with-white-basin.webp\" alt=\"Meuble de salle de bain de haute qualit\u00e9 avec vasque blanche\" class=\"wp-image-2242\" style=\"object-fit:cover\" srcset=\"https:\/\/www.shouyasanitary.com\/wp-content\/uploads\/2025\/10\/high-quality-of-batnroom-cabinet-with-white-basin.webp 700w, https:\/\/www.shouyasanitary.com\/wp-content\/uploads\/2025\/10\/high-quality-of-batnroom-cabinet-with-white-basin-300x300.webp 300w, https:\/\/www.shouyasanitary.com\/wp-content\/uploads\/2025\/10\/high-quality-of-batnroom-cabinet-with-white-basin-150x150.webp 150w, https:\/\/www.shouyasanitary.com\/wp-content\/uploads\/2025\/10\/high-quality-of-batnroom-cabinet-with-white-basin-12x12.webp 12w, https:\/\/www.shouyasanitary.com\/wp-content\/uploads\/2025\/10\/high-quality-of-batnroom-cabinet-with-white-basin-600x600.webp 600w, https:\/\/www.shouyasanitary.com\/wp-content\/uploads\/2025\/10\/high-quality-of-batnroom-cabinet-with-white-basin-100x100.webp 100w\" sizes=\"(max-width: 700px) 100vw, 700px\" \/><\/figure>\n<\/div><\/div>\n<\/div>","protected":false},"excerpt":{"rendered":"<p data-start=\"1733\" data-end=\"1935\">Vente en gros d'armoires de salle de bains blanches avec miroir LED. Le design mural, le contreplaqu\u00e9 r\u00e9sistant \u00e0 l'humidit\u00e9 et les nombreuses solutions de rangement pour les projets d'int\u00e9rieur constituent le choix id\u00e9al pour cr\u00e9er un espace de salle de bain confortable et fonctionnel. Veuillez nous contacter pour un devis et un catalogue de produits.<\/p>\n<h2>Armoires de salle de bains blanches Attributs\uff1a<\/h2>\n<p><strong>Num\u00e9ro d'article :<\/strong>J3233-80<strong><br \/>Mat\u00e9riau de l'armoire :<\/strong>\u00a0Contreplaqu\u00e9<br \/><strong>Couleur de l'armoire :<\/strong> Blanc<br \/><strong>Miroir :<\/strong> Miroir LED (3,5 mm\/3,8 mm), \u00e9clairage tricolore, d\u00e9sembuage par simple pression d'une touche, s\u00e9curis\u00e9 par un emballage en mousse multicouche.<br \/><strong>Type d'installation :<\/strong>\u00a0Montage mural<br \/><strong>Dimensions (L\u00d7L\u00d7H) :<\/strong> 80x50x45 cm<br \/><strong>Poids brut :<\/strong> 30kg\/set<\/p>\n<h2>Personnalisation et services :<\/h2>\n<p><strong>OEM ET ODM<\/strong>: Pris en charge<br \/><strong>Conception<\/strong>: Gratuit<br \/><strong>Accessoires<\/strong>: Lavabos, miroirs, robinets et autres accessoires de salle de bains<br \/><strong>Emballage<\/strong>: Pr\u00eat \u00e0 monter<\/p>","protected":false},"featured_media":2242,"comment_status":"closed","ping_status":"closed","template":"","meta":{"_acf_changed":true},"product_brand":[],"product_cat":[20],"product_tag":[],"class_list":{"0":"post-2234","1":"product","2":"type-product","3":"status-publish","4":"has-post-thumbnail","6":"product_cat-wholesale-plywood-bathroom-vanity-cabinets","8":"first","9":"instock","10":"shipping-taxable","11":"product-type-simple"},"acf":[],"_links":{"self":[{"href":"https:\/\/www.shouyasanitary.com\/fr\/wp-json\/wp\/v2\/product\/2234","targetHints":{"allow":["GET"]}}],"collection":[{"href":"https:\/\/www.shouyasanitary.com\/fr\/wp-json\/wp\/v2\/product"}],"about":[{"href":"https:\/\/www.shouyasanitary.com\/fr\/wp-json\/wp\/v2\/types\/product"}],"replies":[{"embeddable":true,"href":"https:\/\/www.shouyasanitary.com\/fr\/wp-json\/wp\/v2\/comments?post=2234"}],"wp:featuredmedia":[{"embeddable":true,"href":"https:\/\/www.shouyasanitary.com\/fr\/wp-json\/wp\/v2\/media\/2242"}],"wp:attachment":[{"href":"https:\/\/www.shouyasanitary.com\/fr\/wp-json\/wp\/v2\/media?parent=2234"}],"wp:term":[{"taxonomy":"product_brand","embeddable":true,"href":"https:\/\/www.shouyasanitary.com\/fr\/wp-json\/wp\/v2\/product_brand?post=2234"},{"taxonomy":"product_cat","embeddable":true,"href":"https:\/\/www.shouyasanitary.com\/fr\/wp-json\/wp\/v2\/product_cat?post=2234"},{"taxonomy":"product_tag","embeddable":true,"href":"https:\/\/www.shouyasanitary.com\/fr\/wp-json\/wp\/v2\/product_tag?post=2234"}],"curies":[{"name":"wp","href":"https:\/\/api.w.org\/{rel}","templated":true}]}}