{"id":2235,"date":"2025-10-20T08:17:48","date_gmt":"2025-10-20T08:17:48","guid":{"rendered":"https:\/\/www.shouyasanitary.com\/?post_type=product&#038;p=2235"},"modified":"2025-10-20T08:17:51","modified_gmt":"2025-10-20T08:17:51","slug":"custom-bathroom-vanity-top-with-sink","status":"publish","type":"product","link":"https:\/\/www.shouyasanitary.com\/fr\/produit\/custom-bathroom-vanity-top-with-sink\/","title":{"rendered":"Meuble de salle de bain avec \u00e9vier, armoire de toilette en contreplaqu\u00e9 Fournisseur de salle de bain"},"content":{"rendered":"<div class=\"wp-block-columns is-layout-flex wp-container-core-columns-is-layout-9d6595d7 wp-block-columns-is-layout-flex\">\n<div class=\"wp-block-column is-layout-flow wp-block-column-is-layout-flow\">\n<h2 class=\"wp-block-heading\">Caract\u00e9ristiques du plan de toilette avec \u00e9vier\uff1a<\/h2>\n\n\n\n<p><strong>Installation murale moderne : <\/strong>Ce meuble de salle de bains en contreplaqu\u00e9 est suspendu au mur, ce qui est non seulement esth\u00e9tique, mais facilite \u00e9galement le nettoyage du dessous. Elle convient \u00e0 divers am\u00e9nagements de salle de bains, en particulier \u00e0 ceux qui recherchent un style minimaliste et contemporain.<\/p>\n\n\n\n<p><strong>Solutions de rangement multifonctionnelles : <\/strong>L'armoire int\u00e8gre un meuble de rangement ferm\u00e9 et une armoire de toilette \u00e0 LED avec des espaces de rangement ouverts et cach\u00e9s. Elle peut accueillir tous les \u00e9l\u00e9ments essentiels de votre salle de bains, des produits de soin aux produits d'entretien, en gardant tout \u00e0 port\u00e9e de main et bien rang\u00e9.<\/p>\n\n\n\n<p><strong>Mat\u00e9riau en contreplaqu\u00e9 durable : <\/strong>Fabriqu\u00e9e en contreplaqu\u00e9 de qualit\u00e9 sup\u00e9rieure, cette armoire r\u00e9siste \u00e0 la d\u00e9formation et \u00e0 l'humidit\u00e9, ce qui garantit son int\u00e9grit\u00e9 structurelle et sa long\u00e9vit\u00e9, m\u00eame dans les salles de bains humides. C'est un choix fiable pour une utilisation \u00e0 long terme.<\/p>\n\n\n\n<p><strong>Combinaison \u00e9l\u00e9gante de miroir LED et de vasque en c\u00e9ramique :<\/strong>&nbsp;Le miroir LED est dot\u00e9 d'un \u00e9clairage doux, offrant une excellente visibilit\u00e9 pour les soins quotidiens. La vasque en c\u00e9ramique, r\u00e9sistante aux taches et facile \u00e0 entretenir, est \u00e0 la fois pratique et \u00e9l\u00e9gante.<\/p>\n\n\n\n<p><strong>Options personnalisables :<\/strong> Possibilit\u00e9 de personnalisation OEM\/ODM pour la taille, le type d'\u00e9clairage et le design du miroir afin de r\u00e9pondre aux besoins de diff\u00e9rents projets.<\/p>\n<\/div>\n\n\n\n<div class=\"wp-block-column is-layout-flow wp-block-column-is-layout-flow\"><div class=\"wp-block-image\">\n<figure class=\"aligncenter size-full\"><img decoding=\"async\" width=\"700\" height=\"700\" src=\"https:\/\/www.shouyasanitary.com\/wp-content\/uploads\/2025\/10\/bathroom-cabinet-with-ceramic-basin.webp\" alt=\"meuble de salle de bain avec vasque en c\u00e9ramique\" class=\"wp-image-2239\" style=\"object-fit:cover\" srcset=\"https:\/\/www.shouyasanitary.com\/wp-content\/uploads\/2025\/10\/bathroom-cabinet-with-ceramic-basin.webp 700w, https:\/\/www.shouyasanitary.com\/wp-content\/uploads\/2025\/10\/bathroom-cabinet-with-ceramic-basin-300x300.webp 300w, https:\/\/www.shouyasanitary.com\/wp-content\/uploads\/2025\/10\/bathroom-cabinet-with-ceramic-basin-150x150.webp 150w, https:\/\/www.shouyasanitary.com\/wp-content\/uploads\/2025\/10\/bathroom-cabinet-with-ceramic-basin-12x12.webp 12w, https:\/\/www.shouyasanitary.com\/wp-content\/uploads\/2025\/10\/bathroom-cabinet-with-ceramic-basin-600x600.webp 600w, https:\/\/www.shouyasanitary.com\/wp-content\/uploads\/2025\/10\/bathroom-cabinet-with-ceramic-basin-100x100.webp 100w\" sizes=\"(max-width: 700px) 100vw, 700px\" \/><\/figure>\n<\/div><\/div>\n<\/div>","protected":false},"excerpt":{"rendered":"<p>Meuble de salle de bain sur mesure avec \u00e9vier. Shouya propose en gros une armoire de toilette murale en contreplaqu\u00e9 blanc avec un rangement intelligent, un nettoyage facile et des options de personnalisation OEM\/ODM compl\u00e8tes. Fourniture directe d'usine, nouvel arrivage 2025. Veuillez nous contacter pour un devis et un catalogue de produits.<\/p>\n<h2>Plan de toilette avec vasque Attributs\uff1a<\/h2>\n<p><strong>Num\u00e9ro d'article :<\/strong>J3232-80<strong><br \/>Mat\u00e9riau de l'armoire :<\/strong>\u00a0Contreplaqu\u00e9<br \/><strong>Couleur de l'armoire :<\/strong> Blanc<br \/><strong>Miroir :<\/strong> Miroir LED (3,5 mm\/3,8 mm), \u00e9clairage tricolore, d\u00e9sembuage par simple pression d'une touche, s\u00e9curis\u00e9 par un emballage en mousse multicouche.<br \/><strong>Type d'installation :<\/strong> Montage mural<br \/><strong>Dimensions (L\u00d7L\u00d7H) :<\/strong> 80x50x48 cm<br \/><strong>Poids brut :<\/strong> 35kg\/set<\/p>\n<h2>Personnalisation et services :<\/h2>\n<p><strong>OEM ET ODM<\/strong>: Pris en charge<br \/><strong>Conception<\/strong>: Gratuit<br \/><strong>Accessoires<\/strong>: Lavabos, miroirs, robinets et autres accessoires de salle de bains<br \/><strong>Emballage<\/strong>: Pr\u00eat \u00e0 monter<\/p>","protected":false},"featured_media":2239,"comment_status":"closed","ping_status":"closed","template":"","meta":{"_acf_changed":true},"product_brand":[],"product_cat":[20],"product_tag":[],"class_list":{"0":"post-2235","1":"product","2":"type-product","3":"status-publish","4":"has-post-thumbnail","6":"product_cat-wholesale-plywood-bathroom-vanity-cabinets","8":"first","9":"instock","10":"shipping-taxable","11":"product-type-simple"},"acf":[],"_links":{"self":[{"href":"https:\/\/www.shouyasanitary.com\/fr\/wp-json\/wp\/v2\/product\/2235","targetHints":{"allow":["GET"]}}],"collection":[{"href":"https:\/\/www.shouyasanitary.com\/fr\/wp-json\/wp\/v2\/product"}],"about":[{"href":"https:\/\/www.shouyasanitary.com\/fr\/wp-json\/wp\/v2\/types\/product"}],"replies":[{"embeddable":true,"href":"https:\/\/www.shouyasanitary.com\/fr\/wp-json\/wp\/v2\/comments?post=2235"}],"wp:featuredmedia":[{"embeddable":true,"href":"https:\/\/www.shouyasanitary.com\/fr\/wp-json\/wp\/v2\/media\/2239"}],"wp:attachment":[{"href":"https:\/\/www.shouyasanitary.com\/fr\/wp-json\/wp\/v2\/media?parent=2235"}],"wp:term":[{"taxonomy":"product_brand","embeddable":true,"href":"https:\/\/www.shouyasanitary.com\/fr\/wp-json\/wp\/v2\/product_brand?post=2235"},{"taxonomy":"product_cat","embeddable":true,"href":"https:\/\/www.shouyasanitary.com\/fr\/wp-json\/wp\/v2\/product_cat?post=2235"},{"taxonomy":"product_tag","embeddable":true,"href":"https:\/\/www.shouyasanitary.com\/fr\/wp-json\/wp\/v2\/product_tag?post=2235"}],"curies":[{"name":"wp","href":"https:\/\/api.w.org\/{rel}","templated":true}]}}