{"id":2317,"date":"2025-11-21T08:23:56","date_gmt":"2025-11-21T08:23:56","guid":{"rendered":"https:\/\/www.shouyasanitary.com\/?post_type=product&#038;p=2317"},"modified":"2025-11-21T08:24:03","modified_gmt":"2025-11-21T08:24:03","slug":"wholesale-bathroom-sink-vanity","status":"publish","type":"product","link":"https:\/\/www.shouyasanitary.com\/fr\/produit\/wholesale-bathroom-sink-vanity\/","title":{"rendered":"Wholesale Bathroom Sink Vanity, Floating Bathroom Mirror Cabinet with Side Cabinet Custom"},"content":{"rendered":"<div class=\"wp-block-columns is-layout-flex wp-container-core-columns-is-layout-9d6595d7 wp-block-columns-is-layout-flex\">\n<div class=\"wp-block-column is-layout-flow wp-block-column-is-layout-flow\">\n<h2 class=\"wp-block-heading\">Caract\u00e9ristiques du meuble-lavabo\uff1a<\/h2>\n\n\n\n<p><strong>Mat\u00e9riau durable<\/strong>: Il est fabriqu\u00e9 \u00e0 partir d'un mat\u00e9riau PVC de haute qualit\u00e9, qui pr\u00e9sente d'excellentes caract\u00e9ristiques de r\u00e9sistance \u00e0 l'humidit\u00e9, \u00e0 l'eau et \u00e0 la corrosion, et qui convient \u00e0 une utilisation \u00e0 long terme dans les salles de bains.<\/p>\n\n\n\n<p><strong>Style moderne :<\/strong> Dot\u00e9s d'un design minimaliste moderne et de miroirs circulaires r\u00e9tro\u00e9clair\u00e9s, ils cr\u00e9ent une ambiance \u00e0 la fois tendance et chaleureuse. La ligne simple de l'armoire et son style \u00e0 rayures verticales noires conviennent \u00e0 une vari\u00e9t\u00e9 de styles de d\u00e9coration de salle de bains.<\/p>\n\n\n\n<p><strong>R\u00e9glage de la fonction<\/strong>: Gr\u00e2ce aux miroirs circulaires r\u00e9tro-\u00e9clair\u00e9s, l'\u00e9clairage du visage est suffisant pour r\u00e9pondre aux besoins quotidiens de maquillage ou de rasage. Le design du lavabo est simple et pratique, facile \u00e0 utiliser et peu encombrant.<\/p>\n\n\n\n<p><strong>Installation facile<\/strong>: Il est facile d'installer le meuble-lavabo flottant, car toutes les pi\u00e8ces sont con\u00e7ues sur une base standardis\u00e9e qui permet un assemblage rapide.<\/p>\n\n\n\n<p><strong>Peu d'entretien<\/strong>: La surface lisse du mat\u00e9riau PVC est r\u00e9sistante \u00e0 la salet\u00e9 ; le nettoyage r\u00e9gulier ne n\u00e9cessite qu'une serviette mouill\u00e9e, ce qui est peu co\u00fbteux.<\/p>\n<\/div>\n\n\n\n<div class=\"wp-block-column is-layout-flow wp-block-column-is-layout-flow\"><div class=\"wp-block-image\">\n<figure class=\"aligncenter size-full\"><img decoding=\"async\" width=\"700\" height=\"700\" src=\"https:\/\/www.shouyasanitary.com\/wp-content\/uploads\/2025\/11\/OEM-available-modern-minimalist-PVC-bathroom-cabinet-vanity.webp\" alt=\"Armoire de toilette OEM\" class=\"wp-image-2319\" style=\"object-fit:cover\" srcset=\"https:\/\/www.shouyasanitary.com\/wp-content\/uploads\/2025\/11\/OEM-available-modern-minimalist-PVC-bathroom-cabinet-vanity.webp 700w, https:\/\/www.shouyasanitary.com\/wp-content\/uploads\/2025\/11\/OEM-available-modern-minimalist-PVC-bathroom-cabinet-vanity-300x300.webp 300w, https:\/\/www.shouyasanitary.com\/wp-content\/uploads\/2025\/11\/OEM-available-modern-minimalist-PVC-bathroom-cabinet-vanity-150x150.webp 150w, https:\/\/www.shouyasanitary.com\/wp-content\/uploads\/2025\/11\/OEM-available-modern-minimalist-PVC-bathroom-cabinet-vanity-12x12.webp 12w, https:\/\/www.shouyasanitary.com\/wp-content\/uploads\/2025\/11\/OEM-available-modern-minimalist-PVC-bathroom-cabinet-vanity-600x600.webp 600w, https:\/\/www.shouyasanitary.com\/wp-content\/uploads\/2025\/11\/OEM-available-modern-minimalist-PVC-bathroom-cabinet-vanity-100x100.webp 100w\" sizes=\"(max-width: 700px) 100vw, 700px\" \/><\/figure>\n<\/div><\/div>\n<\/div>","protected":false},"excerpt":{"rendered":"<p>L'\u00e9vier de salle de bains en gros comprend un PVC r\u00e9sistant \u00e0 l'humidit\u00e9, un design mural moderne, un \u00e9clairage int\u00e9gr\u00e9, un miroir et un meuble lat\u00e9ral, parfait pour diff\u00e9rents styles de salle de bains. Approvisionnement direct de l'usine, services de personnalisation disponibles. Contactez-nous d\u00e8s aujourd'hui pour des solutions de salle de bains !<\/p>\n<h2>Attributs du meuble-lavabo\uff1a<\/h2>\n<p><strong>Num\u00e9ro d'article :\u00a0<\/strong>6094-80B<strong><br \/>Mat\u00e9riau de l'armoire :<\/strong> PVC<br \/><strong>Couleur de l'armoire : <\/strong>Noir<br \/><strong>Miroir :<\/strong> Miroir LED (3,5 mm\/3,8 mm), \u00e9clairage tricolore, d\u00e9sembuage par simple pression d'une touche, s\u00e9curis\u00e9 par un emballage en mousse multicouche.<br \/><strong>Type d'installation :<\/strong>\u00a0Montage mural<br \/><strong>Dimensions (L\u00d7L\u00d7H) :<\/strong> 80*50*55 cm<br \/><strong>Poids brut :<\/strong> 30kg\/set<\/p>\n<h2>Personnalisation et services :<\/h2>\n<p><strong>OEM ET ODM<\/strong>: Pris en charge<br \/><strong>Conception<\/strong>: Gratuit<br \/><strong>Accessoires<\/strong>: Lavabos, miroirs, robinets et autres accessoires de salle de bains<br \/><strong>Emballage<\/strong>: Pr\u00eat \u00e0 monter<\/p>","protected":false},"featured_media":2319,"comment_status":"closed","ping_status":"closed","template":"","meta":{"_acf_changed":true},"product_brand":[],"product_cat":[24],"product_tag":[],"class_list":{"0":"post-2317","1":"product","2":"type-product","3":"status-publish","4":"has-post-thumbnail","6":"product_cat-wholesale-pvc-bathroom-vanity-cabinets","8":"first","9":"instock","10":"shipping-taxable","11":"product-type-simple"},"acf":[],"_links":{"self":[{"href":"https:\/\/www.shouyasanitary.com\/fr\/wp-json\/wp\/v2\/product\/2317","targetHints":{"allow":["GET"]}}],"collection":[{"href":"https:\/\/www.shouyasanitary.com\/fr\/wp-json\/wp\/v2\/product"}],"about":[{"href":"https:\/\/www.shouyasanitary.com\/fr\/wp-json\/wp\/v2\/types\/product"}],"replies":[{"embeddable":true,"href":"https:\/\/www.shouyasanitary.com\/fr\/wp-json\/wp\/v2\/comments?post=2317"}],"wp:featuredmedia":[{"embeddable":true,"href":"https:\/\/www.shouyasanitary.com\/fr\/wp-json\/wp\/v2\/media\/2319"}],"wp:attachment":[{"href":"https:\/\/www.shouyasanitary.com\/fr\/wp-json\/wp\/v2\/media?parent=2317"}],"wp:term":[{"taxonomy":"product_brand","embeddable":true,"href":"https:\/\/www.shouyasanitary.com\/fr\/wp-json\/wp\/v2\/product_brand?post=2317"},{"taxonomy":"product_cat","embeddable":true,"href":"https:\/\/www.shouyasanitary.com\/fr\/wp-json\/wp\/v2\/product_cat?post=2317"},{"taxonomy":"product_tag","embeddable":true,"href":"https:\/\/www.shouyasanitary.com\/fr\/wp-json\/wp\/v2\/product_tag?post=2317"}],"curies":[{"name":"wp","href":"https:\/\/api.w.org\/{rel}","templated":true}]}}