{"id":2318,"date":"2025-11-22T02:13:34","date_gmt":"2025-11-22T02:13:34","guid":{"rendered":"https:\/\/www.shouyasanitary.com\/?post_type=product&#038;p=2318"},"modified":"2025-11-22T02:13:40","modified_gmt":"2025-11-22T02:13:40","slug":"custom-grey-bathroom-vanity-cabinet","status":"publish","type":"product","link":"https:\/\/www.shouyasanitary.com\/fr\/produit\/custom-grey-bathroom-vanity-cabinet\/","title":{"rendered":"Meuble de salle de bain gris sur mesure, miroir de salle de bain flottant Cabiner en vrac"},"content":{"rendered":"<div class=\"wp-block-columns is-layout-flex wp-container-core-columns-is-layout-9d6595d7 wp-block-columns-is-layout-flex\">\n<div class=\"wp-block-column is-layout-flow wp-block-column-is-layout-flow\">\n<h2 class=\"wp-block-heading\">Meuble de salle de bain gris Caract\u00e9ristiques\uff1a<\/h2>\n\n\n\n<p><strong>PVC Mat\u00e9riau :<\/strong> Il est robuste, r\u00e9sistant \u00e0 l'eau et id\u00e9al pour les salles de bain o\u00f9 r\u00e8gne la vapeur. Sa surface lisse et facile \u00e0 nettoyer le rend r\u00e9sistant aux rayures, aux d\u00e9formations et aux moisissures, ce qui lui assure une longue dur\u00e9e de vie avec un minimum d'entretien.<\/p>\n\n\n\n<p><strong>Conception de l'armoire \u00e0 deux tiroirs<\/strong>: La base flottante \u00e0 deux tiroirs offre un vaste espace de rangement organis\u00e9 ; les poign\u00e9es \u00e9l\u00e9gantes sans poign\u00e9e avec indentations int\u00e9gr\u00e9es cr\u00e9ent un look moderne et sans encombrement ; et l'empreinte compacte maximise l'espace au sol, ce qui est parfait pour les petites salles de bains.<\/p>\n\n\n\n<p><strong>Fonctionnalit\u00e9 de l'armoire de toilette \u00e0 LED : <\/strong>L'armoire de toilette murale comprend un miroir int\u00e9gral avec \u00e9clairage LED int\u00e9gr\u00e9 et des compartiments de rangement internes avec des niches ouvertes pour les articles de toilette quotidiens. Elle est \u00e9galement dot\u00e9e d'un panneau de commande tactile subtil pour le r\u00e9glage de l'\u00e9clairage.<\/p>\n\n\n\n<p><strong>Int\u00e9gration de l'\u00e9vier en c\u00e9ramique<\/strong>: Cet \u00e9vier en c\u00e9ramique sans joint et tr\u00e8s brillant r\u00e9siste aux d\u00e9colorations et s'int\u00e8gre parfaitement au meuble en PVC. La surface \u00e9tant lisse et non poreuse, l'eau ne peut s'y accumuler. De plus, il est encastr\u00e9, ce qui permet d'harmoniser le design int\u00e9gr\u00e9 et sans joint avec l'aspect \u00e9pur\u00e9 du meuble-lavabo.<\/p>\n\n\n\n<p><strong>Fourniture directe par l'usine :<\/strong> En tant que fournisseur d'articles sanitaires pour salles de bains poss\u00e9dant sa propre usine et des ann\u00e9es d'exp\u00e9rience en mati\u00e8re de commerce ext\u00e9rieur, nous contr\u00f4lons de mani\u00e8re ind\u00e9pendante l'ensemble du processus, de la production \u00e0 l'inspection de la qualit\u00e9, afin de garantir une qualit\u00e9 stable ; nous proposons \u00e9galement des prix d'achat en gros et des services personnalis\u00e9s.<\/p>\n<\/div>\n\n\n\n<div class=\"wp-block-column is-layout-flow wp-block-column-is-layout-flow\"><div class=\"wp-block-image\">\n<figure class=\"aligncenter size-full\"><img decoding=\"async\" width=\"700\" height=\"700\" src=\"https:\/\/www.shouyasanitary.com\/wp-content\/uploads\/2025\/11\/Custom-Vanity-with-Wash-Basin-for-Hotel-Bathroom.webp\" alt=\"\" class=\"wp-image-2326\" style=\"object-fit:cover\" srcset=\"https:\/\/www.shouyasanitary.com\/wp-content\/uploads\/2025\/11\/Custom-Vanity-with-Wash-Basin-for-Hotel-Bathroom.webp 700w, https:\/\/www.shouyasanitary.com\/wp-content\/uploads\/2025\/11\/Custom-Vanity-with-Wash-Basin-for-Hotel-Bathroom-300x300.webp 300w, https:\/\/www.shouyasanitary.com\/wp-content\/uploads\/2025\/11\/Custom-Vanity-with-Wash-Basin-for-Hotel-Bathroom-150x150.webp 150w, https:\/\/www.shouyasanitary.com\/wp-content\/uploads\/2025\/11\/Custom-Vanity-with-Wash-Basin-for-Hotel-Bathroom-12x12.webp 12w, https:\/\/www.shouyasanitary.com\/wp-content\/uploads\/2025\/11\/Custom-Vanity-with-Wash-Basin-for-Hotel-Bathroom-600x600.webp 600w, https:\/\/www.shouyasanitary.com\/wp-content\/uploads\/2025\/11\/Custom-Vanity-with-Wash-Basin-for-Hotel-Bathroom-100x100.webp 100w\" sizes=\"(max-width: 700px) 100vw, 700px\" \/><\/figure>\n<\/div><\/div>\n<\/div>","protected":false},"excerpt":{"rendered":"<p>Meuble de salle de bain gris sur mesure, en PVC imperm\u00e9able, comprenant une base flottante \u00e0 deux tiroirs, une armoire de toilette \u00e0 LED et un lavabo en c\u00e9ramique int\u00e9gr\u00e9, parfaitement adapt\u00e9 \u00e0 une salle de bain moderne. Approvisionnement direct de l'usine, offrant des prix de gros et des services de personnalisation. Pour plus d'informations ou un devis, n'h\u00e9sitez pas \u00e0 nous contacter !<\/p>\n<h2>Meuble de salle de bain gris Attributs\uff1a<\/h2>\n<p><strong>Num\u00e9ro d'article : <\/strong>7742-60<strong><br \/>Mat\u00e9riau de l'armoire :<\/strong> PVC<br \/><strong>Couleur de l'armoire : <\/strong>Gris<br \/><strong>Miroir :<\/strong> Miroir LED (3,5 mm\/3,8 mm), \u00e9clairage tricolore, d\u00e9sembuage par simple pression d'une touche, s\u00e9curis\u00e9 par un emballage en mousse multicouche.<br \/><strong>Type d'installation :<\/strong>\u00a0Montage mural<br \/><strong>Dimensions (L\u00d7L\u00d7H) :<\/strong> 60*47*45 cm<br \/><strong>Poids brut :<\/strong> 28kg\/set<\/p>\n<h2>Personnalisation et services :<\/h2>\n<p><strong>OEM ET ODM<\/strong>: Pris en charge<br \/><strong>Conception<\/strong>: Gratuit<br \/><strong>Accessoires<\/strong>: Lavabos, miroirs, robinets et autres accessoires de salle de bains<br \/><strong>Emballage<\/strong>: Pr\u00eat \u00e0 monter<\/p>","protected":false},"featured_media":2326,"comment_status":"closed","ping_status":"closed","template":"","meta":{"_acf_changed":true},"product_brand":[],"product_cat":[24],"product_tag":[],"class_list":{"0":"post-2318","1":"product","2":"type-product","3":"status-publish","4":"has-post-thumbnail","6":"product_cat-wholesale-pvc-bathroom-vanity-cabinets","8":"first","9":"instock","10":"shipping-taxable","11":"product-type-simple"},"acf":[],"_links":{"self":[{"href":"https:\/\/www.shouyasanitary.com\/fr\/wp-json\/wp\/v2\/product\/2318","targetHints":{"allow":["GET"]}}],"collection":[{"href":"https:\/\/www.shouyasanitary.com\/fr\/wp-json\/wp\/v2\/product"}],"about":[{"href":"https:\/\/www.shouyasanitary.com\/fr\/wp-json\/wp\/v2\/types\/product"}],"replies":[{"embeddable":true,"href":"https:\/\/www.shouyasanitary.com\/fr\/wp-json\/wp\/v2\/comments?post=2318"}],"wp:featuredmedia":[{"embeddable":true,"href":"https:\/\/www.shouyasanitary.com\/fr\/wp-json\/wp\/v2\/media\/2326"}],"wp:attachment":[{"href":"https:\/\/www.shouyasanitary.com\/fr\/wp-json\/wp\/v2\/media?parent=2318"}],"wp:term":[{"taxonomy":"product_brand","embeddable":true,"href":"https:\/\/www.shouyasanitary.com\/fr\/wp-json\/wp\/v2\/product_brand?post=2318"},{"taxonomy":"product_cat","embeddable":true,"href":"https:\/\/www.shouyasanitary.com\/fr\/wp-json\/wp\/v2\/product_cat?post=2318"},{"taxonomy":"product_tag","embeddable":true,"href":"https:\/\/www.shouyasanitary.com\/fr\/wp-json\/wp\/v2\/product_tag?post=2318"}],"curies":[{"name":"wp","href":"https:\/\/api.w.org\/{rel}","templated":true}]}}