{"id":2329,"date":"2025-11-21T09:35:18","date_gmt":"2025-11-21T09:35:18","guid":{"rendered":"https:\/\/www.shouyasanitary.com\/?post_type=product&#038;p=2329"},"modified":"2025-11-21T09:35:24","modified_gmt":"2025-11-21T09:35:24","slug":"wholesale-bathroom-cabinet-wall-mounted","status":"publish","type":"product","link":"https:\/\/www.shouyasanitary.com\/fr\/produit\/wholesale-bathroom-cabinet-wall-mounted\/","title":{"rendered":"Wholesale Bathroom Cabinet Wall Mounted, White Bathroom Vanity with Drawers Supplier"},"content":{"rendered":"<div class=\"wp-block-columns is-layout-flex wp-container-core-columns-is-layout-9d6595d7 wp-block-columns-is-layout-flex\">\n<div class=\"wp-block-column is-layout-flow wp-block-column-is-layout-flow\">\n<h2 class=\"wp-block-heading\">Caract\u00e9ristiques de l'armoire de salle de bains \u00e0 montage mural\uff1a<\/h2>\n\n\n\n<p><strong>Imperm\u00e9able et durable<\/strong>: Fabriqu\u00e9 en PVC de qualit\u00e9 sup\u00e9rieure, il pr\u00e9sente d'excellentes performances en mati\u00e8re d'\u00e9tanch\u00e9it\u00e9, de r\u00e9sistance \u00e0 l'humidit\u00e9 et de propri\u00e9t\u00e9s anticorrosion, ce qui lui permet de ne pas craindre les environnements humides et lui assure une longue dur\u00e9e de vie.<\/p>\n\n\n\n<p><strong>Armoire de toilette \u00e0 lumi\u00e8re douce :<\/strong> L'armoire de toilette int\u00e9gr\u00e9e est dot\u00e9e d'un r\u00e9tro\u00e9clairage LED int\u00e9gr\u00e9 qui fournit un \u00e9clairage homog\u00e8ne et doux pour les soins quotidiens et le rasage sans ombres.<\/p>\n\n\n\n<p><strong>Design flottant<\/strong>: L'installation murale permet d'\u00e9conomiser de l'espace au sol. Combin\u00e9 \u00e0 des tiroirs doubles et \u00e0 un plan de travail bien con\u00e7u, il permet d'organiser facilement une multitude d'articles de toilette tout en gardant le plan de travail propre.<\/p>\n\n\n\n<p><strong>Simple et polyvalent :<\/strong> Il s'agit d'un ensemble de couleurs neutres, gris et blanc pur, aux lignes pures et nettes. Ce design moderne et minimaliste s'int\u00e8gre parfaitement \u00e0 une vari\u00e9t\u00e9 de styles de d\u00e9coration, de l'industriel au scandinave, et constitue un \u00e9l\u00e9ment visuel de premier plan dans la salle de bains.<\/p>\n\n\n\n<p><strong>Personnalisation possible<\/strong>: Shouya, fabricant professionnel d'armoires de toilette, propose des services d'articles sanitaires OEM\/ODM afin de permettre une personnalisation souple des dimensions, des couleurs et des mat\u00e9riaux, de garantir une qualit\u00e9 de produit stable et de r\u00e9pondre aux besoins d'achat en gros des h\u00f4tels, des appartements et des marques de vente au d\u00e9tail.<\/p>\n<\/div>\n\n\n\n<div class=\"wp-block-column is-layout-flow wp-block-column-is-layout-flow\"><div class=\"wp-block-image\">\n<figure class=\"aligncenter size-full\"><img decoding=\"async\" width=\"700\" height=\"700\" src=\"https:\/\/www.shouyasanitary.com\/wp-content\/uploads\/2025\/11\/wholesale-focus-80CM-white-PVC-bathroom-cabinet-vanity.webp\" alt=\"grossiste focus 80CM meuble de salle de bain vanity en PVC blanc\" class=\"wp-image-2331\" style=\"object-fit:cover\" srcset=\"https:\/\/www.shouyasanitary.com\/wp-content\/uploads\/2025\/11\/wholesale-focus-80CM-white-PVC-bathroom-cabinet-vanity.webp 700w, https:\/\/www.shouyasanitary.com\/wp-content\/uploads\/2025\/11\/wholesale-focus-80CM-white-PVC-bathroom-cabinet-vanity-300x300.webp 300w, https:\/\/www.shouyasanitary.com\/wp-content\/uploads\/2025\/11\/wholesale-focus-80CM-white-PVC-bathroom-cabinet-vanity-150x150.webp 150w, https:\/\/www.shouyasanitary.com\/wp-content\/uploads\/2025\/11\/wholesale-focus-80CM-white-PVC-bathroom-cabinet-vanity-12x12.webp 12w, https:\/\/www.shouyasanitary.com\/wp-content\/uploads\/2025\/11\/wholesale-focus-80CM-white-PVC-bathroom-cabinet-vanity-600x600.webp 600w, https:\/\/www.shouyasanitary.com\/wp-content\/uploads\/2025\/11\/wholesale-focus-80CM-white-PVC-bathroom-cabinet-vanity-100x100.webp 100w\" sizes=\"(max-width: 700px) 100vw, 700px\" \/><\/figure>\n<\/div><\/div>\n<\/div>","protected":false},"excerpt":{"rendered":"<p>Meuble de salle de bain mural en gros, meuble de salle de bain en PVC imperm\u00e9able avec miroir \u00e0 lumi\u00e8re tamis\u00e9e LED. Des tailles et des couleurs personnalis\u00e9es sont disponibles, et des services OEM\/ODM sont propos\u00e9s. Convient aux h\u00f4tels, aux appartements et aux maisons. Contactez-nous pour obtenir des prix de gros et un catalogue de produits !<\/p>\n<h2>Armoire de salle de bain \u00e0 montage mural Attributs\uff1a<\/h2>\n<p><strong>Num\u00e9ro d'article : <\/strong>7755-80<strong><br \/>Mat\u00e9riau de l'armoire :<\/strong> PVC<br \/><strong>Couleur de l'armoire :\u00a0<\/strong>Blanc<br \/><strong>Miroir :<\/strong> Miroir LED (3,5 mm\/3,8 mm), \u00e9clairage tricolore, d\u00e9sembuage par simple pression d'une touche, s\u00e9curis\u00e9 par un emballage en mousse multicouche.<br \/><strong>Type d'installation :<\/strong>\u00a0Montage mural<br \/><strong>Dimensions (L\u00d7L\u00d7H) :<\/strong> 80*50*57 cm<br \/><strong>Poids brut :<\/strong> 30kg\/set<\/p>\n<h2>Personnalisation et services :<\/h2>\n<p><strong>OEM ET ODM<\/strong>: Pris en charge<br \/><strong>Conception<\/strong>: Gratuit<br \/><strong>Accessoires<\/strong>: Lavabos, miroirs, robinets et autres accessoires de salle de bains<br \/><strong>Emballage<\/strong>: Pr\u00eat \u00e0 monter<\/p>","protected":false},"featured_media":2331,"comment_status":"closed","ping_status":"closed","template":"","meta":{"_acf_changed":true},"product_brand":[],"product_cat":[24],"product_tag":[],"class_list":{"0":"post-2329","1":"product","2":"type-product","3":"status-publish","4":"has-post-thumbnail","6":"product_cat-wholesale-pvc-bathroom-vanity-cabinets","8":"first","9":"instock","10":"shipping-taxable","11":"product-type-simple"},"acf":[],"_links":{"self":[{"href":"https:\/\/www.shouyasanitary.com\/fr\/wp-json\/wp\/v2\/product\/2329","targetHints":{"allow":["GET"]}}],"collection":[{"href":"https:\/\/www.shouyasanitary.com\/fr\/wp-json\/wp\/v2\/product"}],"about":[{"href":"https:\/\/www.shouyasanitary.com\/fr\/wp-json\/wp\/v2\/types\/product"}],"replies":[{"embeddable":true,"href":"https:\/\/www.shouyasanitary.com\/fr\/wp-json\/wp\/v2\/comments?post=2329"}],"wp:featuredmedia":[{"embeddable":true,"href":"https:\/\/www.shouyasanitary.com\/fr\/wp-json\/wp\/v2\/media\/2331"}],"wp:attachment":[{"href":"https:\/\/www.shouyasanitary.com\/fr\/wp-json\/wp\/v2\/media?parent=2329"}],"wp:term":[{"taxonomy":"product_brand","embeddable":true,"href":"https:\/\/www.shouyasanitary.com\/fr\/wp-json\/wp\/v2\/product_brand?post=2329"},{"taxonomy":"product_cat","embeddable":true,"href":"https:\/\/www.shouyasanitary.com\/fr\/wp-json\/wp\/v2\/product_cat?post=2329"},{"taxonomy":"product_tag","embeddable":true,"href":"https:\/\/www.shouyasanitary.com\/fr\/wp-json\/wp\/v2\/product_tag?post=2329"}],"curies":[{"name":"wp","href":"https:\/\/api.w.org\/{rel}","templated":true}]}}