{"id":2330,"date":"2025-11-22T03:04:40","date_gmt":"2025-11-22T03:04:40","guid":{"rendered":"https:\/\/www.shouyasanitary.com\/?post_type=product&#038;p=2330"},"modified":"2025-11-22T03:04:46","modified_gmt":"2025-11-22T03:04:46","slug":"custom-bathroom-cabinet-and-vanity","status":"publish","type":"product","link":"https:\/\/www.shouyasanitary.com\/fr\/produit\/custom-bathroom-cabinet-and-vanity\/","title":{"rendered":"Meuble de salle de bain et meuble-lavabo sur mesure, meuble-lavabo en PVC avec tiroirs kaki en vrac"},"content":{"rendered":"<div class=\"wp-block-columns is-layout-flex wp-container-core-columns-is-layout-9d6595d7 wp-block-columns-is-layout-flex\">\n<div class=\"wp-block-column is-layout-flow wp-block-column-is-layout-flow\">\n<h2 class=\"wp-block-heading\">Caract\u00e9ristiques du meuble de salle de bains et du meuble-lavabo\uff1a<\/h2>\n\n\n\n<p><strong>Construction en PVC<\/strong>: Fabriqu\u00e9 en PVC de haute qualit\u00e9, il offre de bonnes performances dans des conditions humides. Sa surface non poreuse et imperm\u00e9able repousse l'humidit\u00e9 et \u00e9vite la formation de moisissures, tout en restant intacte en cas d'utilisation quotidienne de l'eau. La finition mate ajoute un aspect \u00e9l\u00e9gant et moderne tout en \u00e9tant facile \u00e0 nettoyer.<\/p>\n\n\n\n<p><strong>Base \u00e0 deux tiroirs<\/strong>: Unit\u00e9 flottante \u00e0 deux tiroirs avec des poign\u00e9es subtiles, relev\u00e9es sur les bords, qui offrent un rangement cach\u00e9 et organis\u00e9 ; chaque tiroir peut contenir des articles de toilette avec facilit\u00e9, tandis que la conception murale permet de garder les sols d\u00e9gag\u00e9s. Le m\u00e9canisme de fermeture en douceur favorise un fonctionnement silencieux et sans \u00e0-coups des tiroirs.<\/p>\n\n\n\n<p><strong>Armoire de toilette LED : <\/strong>Une armoire de toilette jumel\u00e9e avec un miroir de grande taille et un \u00e9clairage LED int\u00e9gr\u00e9 est compl\u00e9t\u00e9e par un miroir circulaire grossissant suppl\u00e9mentaire, tandis que des commandes tactiles permettent d'ajuster les niveaux de lumi\u00e8re et qu'un rangement ferm\u00e9 garde les objets essentiels \u00e0 l'abri de la poussi\u00e8re.<\/p>\n\n\n\n<p><strong>Evier en c\u00e9ramique :<\/strong> L'\u00e9vier en c\u00e9ramique int\u00e9gr\u00e9 s'harmonise parfaitement avec le meuble en PVC, dont la surface lisse et r\u00e9sistante aux taches assure une bonne r\u00e9sistance aux rayures. La conception sans joint \u00e9limine \u00e9galement les interstices. La forme \u00e9pur\u00e9e du design cr\u00e9e un minimalisme parfait avec cette armoire.<\/p>\n\n\n\n<p><strong>Livraison rapide : <\/strong>La cha\u00eene d'approvisionnement et le processus de production matures de Shouya raccourcissent le cycle de personnalisation et aident les clients, tels que les entreprises de d\u00e9coration et les distributeurs, \u00e0 acc\u00e9l\u00e9rer la mise en \u0153uvre des projets.<\/p>\n<\/div>\n\n\n\n<div class=\"wp-block-column is-layout-flow wp-block-column-is-layout-flow\"><div class=\"wp-block-image\">\n<figure class=\"aligncenter size-full\"><img decoding=\"async\" width=\"700\" height=\"700\" src=\"https:\/\/www.shouyasanitary.com\/wp-content\/uploads\/2025\/11\/Custom-Bathroom-Cabinets-with-Mirror.webp\" alt=\"Armoires de salle de bain sur mesure avec miroir\" class=\"wp-image-2334\" style=\"object-fit:cover\" srcset=\"https:\/\/www.shouyasanitary.com\/wp-content\/uploads\/2025\/11\/Custom-Bathroom-Cabinets-with-Mirror.webp 700w, https:\/\/www.shouyasanitary.com\/wp-content\/uploads\/2025\/11\/Custom-Bathroom-Cabinets-with-Mirror-300x300.webp 300w, https:\/\/www.shouyasanitary.com\/wp-content\/uploads\/2025\/11\/Custom-Bathroom-Cabinets-with-Mirror-150x150.webp 150w, https:\/\/www.shouyasanitary.com\/wp-content\/uploads\/2025\/11\/Custom-Bathroom-Cabinets-with-Mirror-12x12.webp 12w, https:\/\/www.shouyasanitary.com\/wp-content\/uploads\/2025\/11\/Custom-Bathroom-Cabinets-with-Mirror-600x600.webp 600w, https:\/\/www.shouyasanitary.com\/wp-content\/uploads\/2025\/11\/Custom-Bathroom-Cabinets-with-Mirror-100x100.webp 100w\" sizes=\"(max-width: 700px) 100vw, 700px\" \/><\/figure>\n<\/div><\/div>\n<\/div>","protected":false},"excerpt":{"rendered":"<p>Armoire de salle de bains et meuble-lavabo sur mesure, r\u00e9sistant \u00e0 l'humidit\u00e9, en PVC durable. Elle est dot\u00e9e d'un double tiroir flottant et d'une armoire de toilette \u00e0 LED. Fourniture directe de l'usine, livraison rapide personnalis\u00e9e, id\u00e9al pour divers sc\u00e9narios de salle de bains. Veuillez nous contacter pour un devis et un catalogue de produits !<\/p>\n<h2>Attributs des armoires et meubles-lavabos de salle de bains\uff1a<\/h2>\n<p><strong>Num\u00e9ro d'article : <\/strong>7757-80<strong><br \/>Mat\u00e9riau de l'armoire :<\/strong> PVC<br \/><strong>Couleur de l'armoire :\u00a0<\/strong>Kaki<br \/><strong>Miroir :<\/strong> Miroir LED (3,5 mm\/3,8 mm), \u00e9clairage tricolore, d\u00e9sembuage par simple pression d'une touche, s\u00e9curis\u00e9 par un emballage en mousse multicouche.<br \/><strong>Type d'installation :<\/strong>\u00a0Montage mural<br \/><strong>Dimensions (L\u00d7L\u00d7H) :<\/strong> 80*50*57 cm<br \/><strong>Poids brut :<\/strong> 30kg\/set<\/p>\n<h2>Personnalisation et services :<\/h2>\n<p><strong>OEM ET ODM<\/strong>: Pris en charge<br \/><strong>Conception<\/strong>: Gratuit<br \/><strong>Accessoires<\/strong>: Lavabos, miroirs, robinets et autres accessoires de salle de bains<br \/><strong>Emballage<\/strong>: Pr\u00eat \u00e0 monter<\/p>","protected":false},"featured_media":2334,"comment_status":"closed","ping_status":"closed","template":"","meta":{"_acf_changed":false},"product_brand":[],"product_cat":[24],"product_tag":[],"class_list":{"0":"post-2330","1":"product","2":"type-product","3":"status-publish","4":"has-post-thumbnail","6":"product_cat-wholesale-pvc-bathroom-vanity-cabinets","8":"first","9":"instock","10":"shipping-taxable","11":"product-type-simple"},"acf":[],"_links":{"self":[{"href":"https:\/\/www.shouyasanitary.com\/fr\/wp-json\/wp\/v2\/product\/2330","targetHints":{"allow":["GET"]}}],"collection":[{"href":"https:\/\/www.shouyasanitary.com\/fr\/wp-json\/wp\/v2\/product"}],"about":[{"href":"https:\/\/www.shouyasanitary.com\/fr\/wp-json\/wp\/v2\/types\/product"}],"replies":[{"embeddable":true,"href":"https:\/\/www.shouyasanitary.com\/fr\/wp-json\/wp\/v2\/comments?post=2330"}],"wp:featuredmedia":[{"embeddable":true,"href":"https:\/\/www.shouyasanitary.com\/fr\/wp-json\/wp\/v2\/media\/2334"}],"wp:attachment":[{"href":"https:\/\/www.shouyasanitary.com\/fr\/wp-json\/wp\/v2\/media?parent=2330"}],"wp:term":[{"taxonomy":"product_brand","embeddable":true,"href":"https:\/\/www.shouyasanitary.com\/fr\/wp-json\/wp\/v2\/product_brand?post=2330"},{"taxonomy":"product_cat","embeddable":true,"href":"https:\/\/www.shouyasanitary.com\/fr\/wp-json\/wp\/v2\/product_cat?post=2330"},{"taxonomy":"product_tag","embeddable":true,"href":"https:\/\/www.shouyasanitary.com\/fr\/wp-json\/wp\/v2\/product_tag?post=2330"}],"curies":[{"name":"wp","href":"https:\/\/api.w.org\/{rel}","templated":true}]}}