{"id":2337,"date":"2025-11-22T03:42:23","date_gmt":"2025-11-22T03:42:23","guid":{"rendered":"https:\/\/www.shouyasanitary.com\/?post_type=product&#038;p=2337"},"modified":"2025-11-22T03:42:41","modified_gmt":"2025-11-22T03:42:41","slug":"wholesale-bathroom-vanity-with-cabinet","status":"publish","type":"product","link":"https:\/\/www.shouyasanitary.com\/fr\/produit\/wholesale-bathroom-vanity-with-cabinet\/","title":{"rendered":"Wholesale Bathroom Vanity with Cabinet, Modern Wall Mounted Bathroom Cabinet Supplier"},"content":{"rendered":"<div class=\"wp-block-columns is-layout-flex wp-container-core-columns-is-layout-9d6595d7 wp-block-columns-is-layout-flex\">\n<div class=\"wp-block-column is-layout-flow wp-block-column-is-layout-flow\">\n<h2 class=\"wp-block-heading\">Caract\u00e9ristiques du meuble-lavabo avec armoire\uff1a<\/h2>\n\n\n\n<p><strong>Construction en PVC adapt\u00e9e \u00e0 la vente en gros :<\/strong> PVC durable, r\u00e9sistant aux rayures, l\u00e9ger et facile \u00e0 exp\u00e9dier, parfait pour les salles de bains \u00e0 fort trafic. Id\u00e9al pour les commandes en gros.<\/p>\n\n\n\n<p><strong>Un grand espace de rangement : <\/strong>Un meuble flottant peu encombrant pour un grand espace de rangement. Id\u00e9al pour les petites salles de bains et les r\u00e9novations modernes.<\/p>\n\n\n\n<p><strong>Armoire de toilette LED :<\/strong> Miroir de taille normale r\u00e9tro-\u00e9clair\u00e9 par LED avec commandes tactiles pour une meilleure toilette. Design \u00e9pur\u00e9, sans cadre, tr\u00e8s attrayant pour les projets de salles de bains modernes.<\/p>\n\n\n\n<p><strong>\u00c9vier en c\u00e9ramique int\u00e9gr\u00e9 :<\/strong> \u00c9vier sans joint et r\u00e9sistant aux taches pour un entretien facile. Parfait pour les gestionnaires immobiliers et les entrepreneurs.<\/p>\n\n\n\n<p><strong>Service OEM\/ODM<\/strong>: Nous proposons des solutions de conception sur mesure et de commande en gros, garantissant une qualit\u00e9 constante et une grande flexibilit\u00e9 pour les clients du commerce de gros.<\/p>\n<\/div>\n\n\n\n<div class=\"wp-block-column is-layout-flow wp-block-column-is-layout-flow\"><div class=\"wp-block-image\">\n<figure class=\"aligncenter size-full\"><img decoding=\"async\" width=\"700\" height=\"700\" src=\"https:\/\/www.shouyasanitary.com\/wp-content\/uploads\/2025\/11\/OEM-Vanity-with-Mirror-Wash-Basin-for-Hotel-Bathroom.webp\" alt=\"OEM Vanity with Mirror Wash Basin for Hotel Bathroom (Vanit\u00e9 avec miroir et lavabo pour salle de bain)\" class=\"wp-image-2340\" style=\"object-fit:cover\" srcset=\"https:\/\/www.shouyasanitary.com\/wp-content\/uploads\/2025\/11\/OEM-Vanity-with-Mirror-Wash-Basin-for-Hotel-Bathroom.webp 700w, https:\/\/www.shouyasanitary.com\/wp-content\/uploads\/2025\/11\/OEM-Vanity-with-Mirror-Wash-Basin-for-Hotel-Bathroom-300x300.webp 300w, https:\/\/www.shouyasanitary.com\/wp-content\/uploads\/2025\/11\/OEM-Vanity-with-Mirror-Wash-Basin-for-Hotel-Bathroom-150x150.webp 150w, https:\/\/www.shouyasanitary.com\/wp-content\/uploads\/2025\/11\/OEM-Vanity-with-Mirror-Wash-Basin-for-Hotel-Bathroom-12x12.webp 12w, https:\/\/www.shouyasanitary.com\/wp-content\/uploads\/2025\/11\/OEM-Vanity-with-Mirror-Wash-Basin-for-Hotel-Bathroom-600x600.webp 600w, https:\/\/www.shouyasanitary.com\/wp-content\/uploads\/2025\/11\/OEM-Vanity-with-Mirror-Wash-Basin-for-Hotel-Bathroom-100x100.webp 100w\" sizes=\"(max-width: 700px) 100vw, 700px\" \/><\/figure>\n<\/div><\/div>\n<\/div>","protected":false},"excerpt":{"rendered":"<p>Bienvenue dans la vente en gros de meubles de salle de bain avec armoire, structure de montage mural, miroir LED moderne et \u00e9viers en c\u00e9ramique r\u00e9sistants aux taches. Id\u00e9al pour les commandes en gros, offrant une performance durable pour les espaces r\u00e9sidentiels et commerciaux. N'h\u00e9sitez pas \u00e0 nous contacter !<\/p>\n<h2>Meuble de salle de bain avec armoire Attributs\uff1a<\/h2>\n<p><strong>Num\u00e9ro d'article : <\/strong>JD2019-60WV<strong><br \/>Mat\u00e9riau de l'armoire :<\/strong> PVC<br \/><strong>Couleur de l'armoire : <\/strong>Blanc<br \/><strong>Miroir :<\/strong> Miroir LED (3,5 mm\/3,8 mm), \u00e9clairage tricolore, d\u00e9sembuage par simple pression d'une touche, s\u00e9curis\u00e9 par un emballage en mousse multicouche.<br \/><strong>Type d'installation :<\/strong>\u00a0Montage mural<br \/><strong>Dimensions (L\u00d7L\u00d7H) :<\/strong> 60*50*48 cm<br \/><strong>Poids brut :<\/strong> 30kg\/set<\/p>\n<h2>Personnalisation et services :<\/h2>\n<p><strong>OEM ET ODM<\/strong>: Pris en charge<br \/><strong>Conception<\/strong>: Gratuit<br \/><strong>Accessoires<\/strong>: Lavabos, miroirs, robinets et autres accessoires de salle de bains<br \/><strong>Emballage<\/strong>: Pr\u00eat \u00e0 monter<\/p>","protected":false},"featured_media":2340,"comment_status":"closed","ping_status":"closed","template":"","meta":{"_acf_changed":false},"product_brand":[],"product_cat":[24],"product_tag":[],"class_list":{"0":"post-2337","1":"product","2":"type-product","3":"status-publish","4":"has-post-thumbnail","6":"product_cat-wholesale-pvc-bathroom-vanity-cabinets","8":"first","9":"instock","10":"shipping-taxable","11":"product-type-simple"},"acf":[],"_links":{"self":[{"href":"https:\/\/www.shouyasanitary.com\/fr\/wp-json\/wp\/v2\/product\/2337","targetHints":{"allow":["GET"]}}],"collection":[{"href":"https:\/\/www.shouyasanitary.com\/fr\/wp-json\/wp\/v2\/product"}],"about":[{"href":"https:\/\/www.shouyasanitary.com\/fr\/wp-json\/wp\/v2\/types\/product"}],"replies":[{"embeddable":true,"href":"https:\/\/www.shouyasanitary.com\/fr\/wp-json\/wp\/v2\/comments?post=2337"}],"wp:featuredmedia":[{"embeddable":true,"href":"https:\/\/www.shouyasanitary.com\/fr\/wp-json\/wp\/v2\/media\/2340"}],"wp:attachment":[{"href":"https:\/\/www.shouyasanitary.com\/fr\/wp-json\/wp\/v2\/media?parent=2337"}],"wp:term":[{"taxonomy":"product_brand","embeddable":true,"href":"https:\/\/www.shouyasanitary.com\/fr\/wp-json\/wp\/v2\/product_brand?post=2337"},{"taxonomy":"product_cat","embeddable":true,"href":"https:\/\/www.shouyasanitary.com\/fr\/wp-json\/wp\/v2\/product_cat?post=2337"},{"taxonomy":"product_tag","embeddable":true,"href":"https:\/\/www.shouyasanitary.com\/fr\/wp-json\/wp\/v2\/product_tag?post=2337"}],"curies":[{"name":"wp","href":"https:\/\/api.w.org\/{rel}","templated":true}]}}