{"id":2339,"date":"2025-11-28T02:29:31","date_gmt":"2025-11-28T02:29:31","guid":{"rendered":"https:\/\/www.shouyasanitary.com\/?post_type=product&#038;p=2339"},"modified":"2025-11-28T02:29:33","modified_gmt":"2025-11-28T02:29:33","slug":"custom-white-bathroom-cabinets","status":"publish","type":"product","link":"https:\/\/www.shouyasanitary.com\/fr\/produit\/custom-white-bathroom-cabinets\/","title":{"rendered":"Meuble de salle de bain blanc sur mesure, Meuble de salle de bain avec tiroirs Miroir rond en vrac"},"content":{"rendered":"<div class=\"wp-block-columns is-layout-flex wp-container-core-columns-is-layout-9d6595d7 wp-block-columns-is-layout-flex\">\n<div class=\"wp-block-column is-layout-flow wp-block-column-is-layout-flow\">\n<h2 class=\"wp-block-heading\">Caract\u00e9ristiques des armoires de salle de bains blanches\uff1a<\/h2>\n\n\n\n<p><strong>PVC Construction :<\/strong> Fabriqu\u00e9 en PVC solide et \u00e9conomique, il est con\u00e7u pour les commandes en gros. Sa surface imperm\u00e9able, qui ne se d\u00e9colore pas, convient parfaitement aux salles de bains humides. La durabilit\u00e9 constante d'une unit\u00e9 \u00e0 l'autre en fait une excellente option pour les d\u00e9taillants ou les entrepreneurs \u00e0 la recherche d'accessoires fiables et n\u00e9cessitant peu d'entretien en volume. La l\u00e9g\u00e8ret\u00e9 du PVC r\u00e9duit \u00e9galement les frais d'exp\u00e9dition, ce qui en fait un atout majeur pour les grossistes.<\/p>\n\n\n\n<p><strong>Conception \u00e0 deux tiroirs<\/strong>: La base flottante \u00e0 double tiroir pr\u00e9sente des fa\u00e7ades incurv\u00e9es, sans poign\u00e9e, qui allient esth\u00e9tique moderne et rangement fonctionnel. Chaque tiroir permet de ranger facilement les articles de toilette quotidiens, et la structure murale optimise l'espace au sol - un argument de vente cl\u00e9 pour les clients qui r\u00e9novent de petites salles de bains. Les tiroirs \u00e0 fermeture progressive offrent une touche haut de gamme sans gonfler les co\u00fbts.<\/p>\n\n\n\n<p><strong>Miroir LED :<\/strong> Associ\u00e9 \u00e0 un miroir circulaire r\u00e9tro-\u00e9clair\u00e9 par LED, avec une lumi\u00e8re homog\u00e8ne et r\u00e9glable, ce meuble de salle de bains augmente encore sa valeur de gros. Le design \u00e9l\u00e9gant et moderne de ce miroir permet une meilleure visibilit\u00e9 pendant la toilette, tandis que l'installation pr\u00eate \u00e0 l'emploi le rend tout \u00e0 fait adapt\u00e9 aux projets en vrac o\u00f9 l'efficacit\u00e9 est essentielle. Son design minimaliste suit les derni\u00e8res tendances en mati\u00e8re de salle de bains et permet ainsi d'am\u00e9liorer les taux de vente.<\/p>\n\n\n\n<p><strong>\u00c9vier en c\u00e9ramique int\u00e9gr\u00e9 :<\/strong> Gr\u00e2ce \u00e0 sa surface non poreuse et r\u00e9sistante aux taches, l'\u00e9vier en c\u00e9ramique sans joint constitue une solution pratique pour le nettoyage, que ce soit dans un immeuble locatif ou dans un foyer tr\u00e8s actif. Il permet \u00e9galement d'obtenir un aspect soign\u00e9 et coh\u00e9rent. <\/p>\n\n\n\n<p><strong>Shouya Factory Supply :<\/strong> Nous garantissons le contr\u00f4le de la qualit\u00e9, offrons des remises pour les commandes en gros et proposons des services de personnalisation.<\/p>\n<\/div>\n\n\n\n<div class=\"wp-block-column is-layout-flow wp-block-column-is-layout-flow\"><div class=\"wp-block-image\">\n<figure class=\"aligncenter size-full\"><img decoding=\"async\" width=\"700\" height=\"700\" src=\"https:\/\/www.shouyasanitary.com\/wp-content\/uploads\/2025\/11\/Custom-Vanity-with-Mirror-Wash-Basin-for-Hotel-Bathroom.webp\" alt=\"Vanit\u00e9 sur mesure avec miroir Lavabo pour salle de bain d&#039;h\u00f4tel\" class=\"wp-image-2346\" style=\"object-fit:cover\" srcset=\"https:\/\/www.shouyasanitary.com\/wp-content\/uploads\/2025\/11\/Custom-Vanity-with-Mirror-Wash-Basin-for-Hotel-Bathroom.webp 700w, https:\/\/www.shouyasanitary.com\/wp-content\/uploads\/2025\/11\/Custom-Vanity-with-Mirror-Wash-Basin-for-Hotel-Bathroom-300x300.webp 300w, https:\/\/www.shouyasanitary.com\/wp-content\/uploads\/2025\/11\/Custom-Vanity-with-Mirror-Wash-Basin-for-Hotel-Bathroom-150x150.webp 150w, https:\/\/www.shouyasanitary.com\/wp-content\/uploads\/2025\/11\/Custom-Vanity-with-Mirror-Wash-Basin-for-Hotel-Bathroom-12x12.webp 12w, https:\/\/www.shouyasanitary.com\/wp-content\/uploads\/2025\/11\/Custom-Vanity-with-Mirror-Wash-Basin-for-Hotel-Bathroom-600x600.webp 600w, https:\/\/www.shouyasanitary.com\/wp-content\/uploads\/2025\/11\/Custom-Vanity-with-Mirror-Wash-Basin-for-Hotel-Bathroom-100x100.webp 100w\" sizes=\"(max-width: 700px) 100vw, 700px\" \/><\/figure>\n<\/div><\/div>\n<\/div>","protected":false},"excerpt":{"rendered":"<p>Ce meuble-lavabo en PVC, avec cabinet en c\u00e9ramique, est le choix id\u00e9al pour cr\u00e9er un espace de salle de bain confortable et fonctionnel. Veuillez nous contacter pour un devis et un catalogue de produits.<\/p>\n<h2>Armoire Blanche Salle de Bain Attributs\uff1a<\/h2>\n<p><strong>Num\u00e9ro d'article : <\/strong>LT-5080-80<strong><br \/>Mat\u00e9riau de l'armoire :<\/strong> PVC<br \/><strong>Couleur de l'armoire : <\/strong>Blanc<br \/><strong>Miroir :<\/strong> Miroir LED (3,5 mm\/3,8 mm), \u00e9clairage tricolore, d\u00e9sembuage par simple pression d'une touche, s\u00e9curis\u00e9 par un emballage en mousse multicouche.<br \/><strong>Type d'installation :<\/strong>\u00a0Montage mural<br \/><strong>Dimensions (L\u00d7L\u00d7H) :<\/strong> 80*47*50 cm<br \/><strong>Poids brut :<\/strong> 32kg\/set<\/p>\n<h2>Personnalisation et services :<\/h2>\n<p><strong>OEM ET ODM<\/strong>: Pris en charge<br \/><strong>Conception<\/strong>: Gratuit<br \/><strong>Accessoires<\/strong>: Lavabos, miroirs, robinets et autres accessoires de salle de bains<br \/><strong>Emballage<\/strong>: Pr\u00eat \u00e0 monter<\/p>","protected":false},"featured_media":2346,"comment_status":"closed","ping_status":"closed","template":"","meta":{"_acf_changed":true},"product_brand":[],"product_cat":[24],"product_tag":[],"class_list":{"0":"post-2339","1":"product","2":"type-product","3":"status-publish","4":"has-post-thumbnail","6":"product_cat-wholesale-pvc-bathroom-vanity-cabinets","8":"first","9":"instock","10":"shipping-taxable","11":"product-type-simple"},"acf":[],"_links":{"self":[{"href":"https:\/\/www.shouyasanitary.com\/fr\/wp-json\/wp\/v2\/product\/2339","targetHints":{"allow":["GET"]}}],"collection":[{"href":"https:\/\/www.shouyasanitary.com\/fr\/wp-json\/wp\/v2\/product"}],"about":[{"href":"https:\/\/www.shouyasanitary.com\/fr\/wp-json\/wp\/v2\/types\/product"}],"replies":[{"embeddable":true,"href":"https:\/\/www.shouyasanitary.com\/fr\/wp-json\/wp\/v2\/comments?post=2339"}],"wp:featuredmedia":[{"embeddable":true,"href":"https:\/\/www.shouyasanitary.com\/fr\/wp-json\/wp\/v2\/media\/2346"}],"wp:attachment":[{"href":"https:\/\/www.shouyasanitary.com\/fr\/wp-json\/wp\/v2\/media?parent=2339"}],"wp:term":[{"taxonomy":"product_brand","embeddable":true,"href":"https:\/\/www.shouyasanitary.com\/fr\/wp-json\/wp\/v2\/product_brand?post=2339"},{"taxonomy":"product_cat","embeddable":true,"href":"https:\/\/www.shouyasanitary.com\/fr\/wp-json\/wp\/v2\/product_cat?post=2339"},{"taxonomy":"product_tag","embeddable":true,"href":"https:\/\/www.shouyasanitary.com\/fr\/wp-json\/wp\/v2\/product_tag?post=2339"}],"curies":[{"name":"wp","href":"https:\/\/api.w.org\/{rel}","templated":true}]}}