{"id":2349,"date":"2025-11-28T02:27:23","date_gmt":"2025-11-28T02:27:23","guid":{"rendered":"https:\/\/www.shouyasanitary.com\/?post_type=product&#038;p=2349"},"modified":"2025-11-28T02:27:29","modified_gmt":"2025-11-28T02:27:29","slug":"wholesale-bathroom-vanities-with-sink","status":"publish","type":"product","link":"https:\/\/www.shouyasanitary.com\/fr\/produit\/wholesale-bathroom-vanities-with-sink\/","title":{"rendered":"Wholesale Bathroom Vanities with Sink, Wall Hung Bathroom Cabinet Embossed Wave Pattern (meuble de salle de bain avec \u00e9vier)"},"content":{"rendered":"<div class=\"wp-block-columns is-layout-flex wp-container-core-columns-is-layout-9d6595d7 wp-block-columns-is-layout-flex\">\n<div class=\"wp-block-column is-layout-flow wp-block-column-is-layout-flow\">\n<h2 class=\"wp-block-heading\">Caract\u00e9ristiques des meubles-lavabos avec \u00e9vier\uff1a<\/h2>\n\n\n\n<p><strong>Mati\u00e8re PVC de haute qualit\u00e9<\/strong>: Il est fabriqu\u00e9 en PVC de premi\u00e8re qualit\u00e9 qui offre une r\u00e9sistance exceptionnelle \u00e0 l'eau, \u00e0 l'humidit\u00e9 et \u00e0 la corrosion. Il offre une durabilit\u00e9 et une fiabilit\u00e9 \u00e0 long terme dans les salles de bains les plus humides. Le nettoyage et l'entretien du mat\u00e9riau sont \u00e9galement faciles, ce qui minimise le co\u00fbt total de possession.<\/p>\n\n\n\n<p><strong>Design \u00e9l\u00e9gant et fonctionnel :<\/strong> Il pr\u00e9sente un design tr\u00e8s minimaliste avec des lignes \u00e9pur\u00e9es et une finition lisse. Outre le miroir en pied, l'armoire de toilette int\u00e9gr\u00e9e offre un espace de rangement suppl\u00e9mentaire pour les accessoires de la salle de bains. La fa\u00e7ade blanche \u00e0 la texture ondul\u00e9e de l'armoire ajoute une touche d'\u00e9l\u00e9gance moderne \u00e0 l'ensemble du design.<\/p>\n\n\n\n<p><strong>Beaucoup de rangement et d'organisation :<\/strong> Dot\u00e9 d'un comptoir spacieux et d'un grand meuble au design unique \u00e0 la texture ondul\u00e9e, ce meuble-lavabo vous offrira suffisamment d'espace pour ranger les serviettes, les articles de toilette et les objets de la salle de bains. L'armoire de toilette comprend un compartiment lat\u00e9ral pratique pour les articles fr\u00e9quemment utilis\u00e9s, ce qui permet de garder la salle de bains bien rang\u00e9e.<\/p>\n\n\n\n<p><strong>Facilit\u00e9 d'installation et polyvalence : <\/strong>Le mat\u00e9riel de montage et les instructions d\u00e9taill\u00e9es sont inclus pour une installation rapide et facile. Il est facile \u00e0 installer sur la plupart des types de murs et s'adapte \u00e0 une multitude de d\u00e9cors de salle de bains, du moderne au traditionnel, gr\u00e2ce \u00e0 sa couleur neutre et \u00e0 son style minimaliste.<\/p>\n\n\n\n<p><strong>Services OEM\/ODM<\/strong>: Nous proposons des services d'image de marque et prenons en charge la personnalisation compl\u00e8te de la taille, de la couleur, de l'armoire de toilette, de l'\u00e9clairage, de l'\u00e9vier, des mat\u00e9riaux, etc.<\/p>\n<\/div>\n\n\n\n<div class=\"wp-block-column is-layout-flow wp-block-column-is-layout-flow\"><div class=\"wp-block-image\">\n<figure class=\"aligncenter size-full\"><img decoding=\"async\" width=\"700\" height=\"700\" src=\"https:\/\/www.shouyasanitary.com\/wp-content\/uploads\/2025\/11\/wholesale-supply-modern-minimalist-PVC-bathroom-cabinet-vanity.webp\" alt=\"fourniture en gros d&#039;un meuble de salle de bain moderne et minimaliste en PVC\" class=\"wp-image-2351\" style=\"object-fit:cover\" srcset=\"https:\/\/www.shouyasanitary.com\/wp-content\/uploads\/2025\/11\/wholesale-supply-modern-minimalist-PVC-bathroom-cabinet-vanity.webp 700w, https:\/\/www.shouyasanitary.com\/wp-content\/uploads\/2025\/11\/wholesale-supply-modern-minimalist-PVC-bathroom-cabinet-vanity-300x300.webp 300w, https:\/\/www.shouyasanitary.com\/wp-content\/uploads\/2025\/11\/wholesale-supply-modern-minimalist-PVC-bathroom-cabinet-vanity-150x150.webp 150w, https:\/\/www.shouyasanitary.com\/wp-content\/uploads\/2025\/11\/wholesale-supply-modern-minimalist-PVC-bathroom-cabinet-vanity-12x12.webp 12w, https:\/\/www.shouyasanitary.com\/wp-content\/uploads\/2025\/11\/wholesale-supply-modern-minimalist-PVC-bathroom-cabinet-vanity-600x600.webp 600w, https:\/\/www.shouyasanitary.com\/wp-content\/uploads\/2025\/11\/wholesale-supply-modern-minimalist-PVC-bathroom-cabinet-vanity-100x100.webp 100w\" sizes=\"(max-width: 700px) 100vw, 700px\" \/><\/figure>\n<\/div><\/div>\n<\/div>","protected":false},"excerpt":{"rendered":"<p>Bienvenue sur le site de vente en gros de meubles de salle de bain avec \u00e9vier. Fabriqu\u00e9s en PVC \u00e9conomique, imperm\u00e9able et r\u00e9sistant \u00e0 l'humidit\u00e9, avec un design minimaliste et \u00e9l\u00e9gant, ils sont faciles \u00e0 installer et id\u00e9aux pour les achats en gros. Contactez-nous pour des prix de gros !<\/p>\n<h2>Meubles-lavabos avec attributs de l'\u00e9vier\uff1a<\/h2>\n<p><strong>Num\u00e9ro d'article : <\/strong>SY303-80A<strong><br \/>Mat\u00e9riau de l'armoire :<\/strong> PVC<br \/><strong>Couleur de l'armoire :\u00a0<\/strong>Blanc<br \/><strong>Miroir :<\/strong> Miroir LED (3,5 mm\/3,8 mm), \u00e9clairage tricolore, d\u00e9sembuage par simple pression d'une touche, s\u00e9curis\u00e9 par un emballage en mousse multicouche.<br \/><strong>Type d'installation :<\/strong>\u00a0Montage mural<br \/><strong>Dimensions (L\u00d7L\u00d7H) :<\/strong> 80*47*47 cm<br \/><strong>Poids brut :<\/strong> 32kg\/set<\/p>\n<h2>Personnalisation et services :<\/h2>\n<p><strong>OEM ET ODM<\/strong>: Pris en charge<br \/><strong>Conception<\/strong>: Gratuit<br \/><strong>Accessoires<\/strong>: Lavabos, miroirs, robinets et autres accessoires de salle de bains<br \/><strong>Emballage<\/strong>: Pr\u00eat \u00e0 monter<\/p>","protected":false},"featured_media":2351,"comment_status":"closed","ping_status":"closed","template":"","meta":{"_acf_changed":true},"product_brand":[],"product_cat":[24],"product_tag":[],"class_list":{"0":"post-2349","1":"product","2":"type-product","3":"status-publish","4":"has-post-thumbnail","6":"product_cat-wholesale-pvc-bathroom-vanity-cabinets","8":"first","9":"instock","10":"shipping-taxable","11":"product-type-simple"},"acf":[],"_links":{"self":[{"href":"https:\/\/www.shouyasanitary.com\/fr\/wp-json\/wp\/v2\/product\/2349","targetHints":{"allow":["GET"]}}],"collection":[{"href":"https:\/\/www.shouyasanitary.com\/fr\/wp-json\/wp\/v2\/product"}],"about":[{"href":"https:\/\/www.shouyasanitary.com\/fr\/wp-json\/wp\/v2\/types\/product"}],"replies":[{"embeddable":true,"href":"https:\/\/www.shouyasanitary.com\/fr\/wp-json\/wp\/v2\/comments?post=2349"}],"wp:featuredmedia":[{"embeddable":true,"href":"https:\/\/www.shouyasanitary.com\/fr\/wp-json\/wp\/v2\/media\/2351"}],"wp:attachment":[{"href":"https:\/\/www.shouyasanitary.com\/fr\/wp-json\/wp\/v2\/media?parent=2349"}],"wp:term":[{"taxonomy":"product_brand","embeddable":true,"href":"https:\/\/www.shouyasanitary.com\/fr\/wp-json\/wp\/v2\/product_brand?post=2349"},{"taxonomy":"product_cat","embeddable":true,"href":"https:\/\/www.shouyasanitary.com\/fr\/wp-json\/wp\/v2\/product_cat?post=2349"},{"taxonomy":"product_tag","embeddable":true,"href":"https:\/\/www.shouyasanitary.com\/fr\/wp-json\/wp\/v2\/product_tag?post=2349"}],"curies":[{"name":"wp","href":"https:\/\/api.w.org\/{rel}","templated":true}]}}