{"id":2350,"date":"2025-11-28T10:26:04","date_gmt":"2025-11-28T10:26:04","guid":{"rendered":"https:\/\/www.shouyasanitary.com\/?post_type=product&#038;p=2350"},"modified":"2025-11-28T10:26:11","modified_gmt":"2025-11-28T10:26:11","slug":"wholesale-bathroom-cabinets-vanity","status":"publish","type":"product","link":"https:\/\/www.shouyasanitary.com\/fr\/produit\/wholesale-bathroom-cabinets-vanity\/","title":{"rendered":"Wholesale Bathroom Cabinets Vanity, Floating Bathroom Vanities White Modern Custom"},"content":{"rendered":"<div class=\"wp-block-columns is-layout-flex wp-container-core-columns-is-layout-9d6595d7 wp-block-columns-is-layout-flex\">\n<div class=\"wp-block-column is-layout-flow wp-block-column-is-layout-flow\">\n<h2 class=\"wp-block-heading\">Armoires de salle de bains Vanity Features\uff1a<\/h2>\n\n\n\n<p><strong>Construction en PVC :<\/strong> Fabriqu\u00e9 en PVC l\u00e9ger mais robuste, ce meuble simplifie l'installation flottante. Sa structure compacte et r\u00e9sistante \u00e0 l'humidit\u00e9 est facile \u00e0 monter sur les murs, tandis que la rigidit\u00e9 du mat\u00e9riau assure un support mural stable et \u00e0 long terme, essentiel pour des installations flottantes s\u00fbres.<\/p>\n\n\n\n<p><strong>Armoire flottante Design<\/strong>: Il comporte des points de fixation pr\u00e9-perc\u00e9s pour une installation rapide et sans probl\u00e8me. Son design mural \u00e9limine le besoin d'ajustements au niveau du sol, lib\u00e9rant ainsi l'espace sous le meuble-lavabo. Ce design est parfait pour les petites salles de bains et s'aligne sur les tendances modernes en mati\u00e8re de vanit\u00e9 flottante.<\/p>\n\n\n\n<p><strong>Armoire de toilette LED<\/strong>: Le profil mince et sans cadre du miroir se monte parfaitement au-dessus de l'armoire flottante, sans n\u00e9cessiter de travaux structurels suppl\u00e9mentaires, tandis que son \u00e9clairage int\u00e9gr\u00e9 ajoute de la fonctionnalit\u00e9 sans encombrer l'espace mural.<\/p>\n\n\n\n<p><strong>Evier en c\u00e9ramique : Sans joint<\/strong>: L'\u00e9vier int\u00e9gr\u00e9 en c\u00e9ramique est moul\u00e9 sur le dessus de l'armoire de salle de bain en PVC. Sa surface l\u00e9g\u00e8re et non poreuse se fixe solidement \u00e0 l'armoire.<\/p>\n<\/div>\n\n\n\n<div class=\"wp-block-column is-layout-flow wp-block-column-is-layout-flow\"><div class=\"wp-block-image\">\n<figure class=\"aligncenter size-full\"><img decoding=\"async\" width=\"700\" height=\"700\" src=\"https:\/\/www.shouyasanitary.com\/wp-content\/uploads\/2025\/11\/wholesale-Bathroom-Cabinet-with-Mirror.webp\" alt=\"Armoire de salle de bain en gros avec miroir\" class=\"wp-image-2354\" style=\"object-fit:cover\" srcset=\"https:\/\/www.shouyasanitary.com\/wp-content\/uploads\/2025\/11\/wholesale-Bathroom-Cabinet-with-Mirror.webp 700w, https:\/\/www.shouyasanitary.com\/wp-content\/uploads\/2025\/11\/wholesale-Bathroom-Cabinet-with-Mirror-300x300.webp 300w, https:\/\/www.shouyasanitary.com\/wp-content\/uploads\/2025\/11\/wholesale-Bathroom-Cabinet-with-Mirror-150x150.webp 150w, https:\/\/www.shouyasanitary.com\/wp-content\/uploads\/2025\/11\/wholesale-Bathroom-Cabinet-with-Mirror-12x12.webp 12w, https:\/\/www.shouyasanitary.com\/wp-content\/uploads\/2025\/11\/wholesale-Bathroom-Cabinet-with-Mirror-600x600.webp 600w, https:\/\/www.shouyasanitary.com\/wp-content\/uploads\/2025\/11\/wholesale-Bathroom-Cabinet-with-Mirror-100x100.webp 100w\" sizes=\"(max-width: 700px) 100vw, 700px\" \/><\/figure>\n<\/div><\/div>\n<\/div>","protected":false},"excerpt":{"rendered":"<p>Bienvenue dans la vente en gros d'armoires de salle de bain vanity, fourniture directe d'usine, mat\u00e9riau PVC, structure murale, comprend une armoire de toilette et un lavabo en c\u00e9ramique. La personnalisation en vrac et la livraison rapide sont prises en charge. Contactez-nous d\u00e8s maintenant pour obtenir des \u00e9chantillons et des devis en gros.<\/p>\n<h2>Armoires de salle de bain Vanity Attributes\uff1a<\/h2>\n<p><strong>Num\u00e9ro d'article :\u00a0<\/strong>SY8507-80<strong><br \/>Mat\u00e9riau de l'armoire :<\/strong> PVC<br \/><strong>Couleur de l'armoire : <\/strong>Blanc<br \/><strong>Miroir :<\/strong> Miroir LED (3,5 mm\/3,8 mm), \u00e9clairage tricolore, d\u00e9sembuage par simple pression d'une touche, s\u00e9curis\u00e9 par un emballage en mousse multicouche.<br \/><strong>Type d'installation :<\/strong>\u00a0Montage mural<br \/><strong>Dimensions (L\u00d7L\u00d7H) :<\/strong> 80*47*47 cm<br \/><strong>Poids brut :<\/strong> 32kg\/set<\/p>\n<h2>Personnalisation et services :<\/h2>\n<p><strong>OEM ET ODM<\/strong>: Pris en charge<br \/><strong>Conception<\/strong>: Gratuit<br \/><strong>Accessoires<\/strong>: Lavabos, miroirs, robinets et autres accessoires de salle de bains<br \/><strong>Emballage<\/strong>: Pr\u00eat \u00e0 monter<\/p>","protected":false},"featured_media":2354,"comment_status":"closed","ping_status":"closed","template":"","meta":{"_acf_changed":false},"product_brand":[],"product_cat":[24],"product_tag":[],"class_list":{"0":"post-2350","1":"product","2":"type-product","3":"status-publish","4":"has-post-thumbnail","6":"product_cat-wholesale-pvc-bathroom-vanity-cabinets","8":"first","9":"instock","10":"shipping-taxable","11":"product-type-simple"},"acf":[],"_links":{"self":[{"href":"https:\/\/www.shouyasanitary.com\/fr\/wp-json\/wp\/v2\/product\/2350","targetHints":{"allow":["GET"]}}],"collection":[{"href":"https:\/\/www.shouyasanitary.com\/fr\/wp-json\/wp\/v2\/product"}],"about":[{"href":"https:\/\/www.shouyasanitary.com\/fr\/wp-json\/wp\/v2\/types\/product"}],"replies":[{"embeddable":true,"href":"https:\/\/www.shouyasanitary.com\/fr\/wp-json\/wp\/v2\/comments?post=2350"}],"wp:featuredmedia":[{"embeddable":true,"href":"https:\/\/www.shouyasanitary.com\/fr\/wp-json\/wp\/v2\/media\/2354"}],"wp:attachment":[{"href":"https:\/\/www.shouyasanitary.com\/fr\/wp-json\/wp\/v2\/media?parent=2350"}],"wp:term":[{"taxonomy":"product_brand","embeddable":true,"href":"https:\/\/www.shouyasanitary.com\/fr\/wp-json\/wp\/v2\/product_brand?post=2350"},{"taxonomy":"product_cat","embeddable":true,"href":"https:\/\/www.shouyasanitary.com\/fr\/wp-json\/wp\/v2\/product_cat?post=2350"},{"taxonomy":"product_tag","embeddable":true,"href":"https:\/\/www.shouyasanitary.com\/fr\/wp-json\/wp\/v2\/product_tag?post=2350"}],"curies":[{"name":"wp","href":"https:\/\/api.w.org\/{rel}","templated":true}]}}