{"id":2370,"date":"2025-12-03T02:03:55","date_gmt":"2025-12-03T02:03:55","guid":{"rendered":"https:\/\/www.shouyasanitary.com\/?post_type=product&#038;p=2370"},"modified":"2025-12-03T02:04:02","modified_gmt":"2025-12-03T02:04:02","slug":"custom-small-bathroom-vanity-with-sink","status":"publish","type":"product","link":"https:\/\/www.shouyasanitary.com\/fr\/produit\/custom-small-bathroom-vanity-with-sink\/","title":{"rendered":"Meuble de salle de bain avec \u00e9vier, meuble de salle de bain mural en bois clair en vrac"},"content":{"rendered":"<div class=\"wp-block-columns is-layout-flex wp-container-core-columns-is-layout-9d6595d7 wp-block-columns-is-layout-flex\">\n<div class=\"wp-block-column is-layout-flow wp-block-column-is-layout-flow\">\n<h2 class=\"wp-block-heading\">Caract\u00e9ristiques du petit meuble-lavabo avec \u00e9vier\uff1a<\/h2>\n\n\n\n<p><strong>Mat\u00e9riau PVC de haute qualit\u00e9 :<\/strong> Il est tr\u00e8s durable, imperm\u00e9able, r\u00e9sistant \u00e0 la moisissure et \u00e0 la d\u00e9formation, et convient mieux aux environnements humides que le bois. La surface est dense, non absorbante et imperm\u00e9able, ce qui permet de l'essuyer facilement.<\/p>\n\n\n\n<p><strong>Grain de bois Texture :<\/strong> Le d\u00e9licat grain de bois clair offre un effet visuel naturel et chaleureux. En outre, la texture du bois est r\u00e9sistante \u00e0 la d\u00e9coloration ; elle conserve sa couleur fra\u00eeche m\u00eame apr\u00e8s un long contact avec l'eau et les produits de nettoyage.<\/p>\n\n\n\n<p><strong>Structure murale :<\/strong> Il permet de gagner de l'espace au sol, ce qui donne \u00e0 la salle de bains une impression d'ouverture et d'ordre ; les armoires de rangement cach\u00e9es permettent d'organiser les objets essentiels au quotidien sans encombrer le plan de travail. C'est une option parfaite pour les petits appartements et les grands projets.<\/p>\n\n\n\n<p><strong>Conception pratique de l'armoire de toilette :<\/strong> Le meuble situ\u00e9 derri\u00e8re le miroir est dot\u00e9 d'\u00e9tag\u00e8res int\u00e9gr\u00e9es qui peuvent accueillir de grands flacons de produits de toilette et de petits cosm\u00e9tiques. Associ\u00e9 \u00e0 un miroir LED minimaliste, il renforce l'effet d'\u00e9clairage, ce qui le rend plus pratique et plus beau.<\/p>\n\n\n\n<p><strong>L\u00e9ger et facile \u00e0 installer :<\/strong> La structure l\u00e9g\u00e8re en PVC peut \u00eatre install\u00e9e sur diff\u00e9rents types de murs, ce qui augmente l'efficacit\u00e9 de la construction du projet ; elle est recyclable, facile \u00e0 entretenir et donc tr\u00e8s rentable. C'est pourquoi les appartements en location, les h\u00f4tels et les march\u00e9s de gros pr\u00e9f\u00e8rent ce type de mat\u00e9riau.<\/p>\n<\/div>\n\n\n\n<div class=\"wp-block-column is-layout-flow wp-block-column-is-layout-flow\"><div class=\"wp-block-image\">\n<figure class=\"aligncenter size-full\"><img decoding=\"async\" width=\"700\" height=\"700\" src=\"https:\/\/www.shouyasanitary.com\/wp-content\/uploads\/2025\/11\/Custom-Bathroom-Cabinets-with-Mirror-1.webp\" alt=\"Armoires de salle de bain sur mesure avec miroir\" class=\"wp-image-2372\" style=\"object-fit:cover\" srcset=\"https:\/\/www.shouyasanitary.com\/wp-content\/uploads\/2025\/11\/Custom-Bathroom-Cabinets-with-Mirror-1.webp 700w, https:\/\/www.shouyasanitary.com\/wp-content\/uploads\/2025\/11\/Custom-Bathroom-Cabinets-with-Mirror-1-300x300.webp 300w, https:\/\/www.shouyasanitary.com\/wp-content\/uploads\/2025\/11\/Custom-Bathroom-Cabinets-with-Mirror-1-150x150.webp 150w, https:\/\/www.shouyasanitary.com\/wp-content\/uploads\/2025\/11\/Custom-Bathroom-Cabinets-with-Mirror-1-12x12.webp 12w, https:\/\/www.shouyasanitary.com\/wp-content\/uploads\/2025\/11\/Custom-Bathroom-Cabinets-with-Mirror-1-600x600.webp 600w, https:\/\/www.shouyasanitary.com\/wp-content\/uploads\/2025\/11\/Custom-Bathroom-Cabinets-with-Mirror-1-100x100.webp 100w\" sizes=\"(max-width: 700px) 100vw, 700px\" \/><\/figure>\n<\/div><\/div>\n<\/div>","protected":false},"excerpt":{"rendered":"<p>Petit meuble de salle de bain avec \u00e9vier, mat\u00e9riau PVC, texture bois clair, design mural, r\u00e9sistant \u00e0 l'humidit\u00e9, facile \u00e0 installer, id\u00e9al pour les projets commerciaux. Fourniture d'usine avec personnalisation en vrac. Contactez-nous pour un devis.<\/p>\n<h2 class=\"wp-block wp-block-post-title block-editor-block-list__block editor-post-title editor-post-title__input rich-text is-selected\" role=\"textbox\" contenteditable=\"true\" aria-label=\"Nom du produit\" aria-multiline=\"true\">Petit meuble-lavabo avec \u00e9vier Attributs\uff1a<\/h2>\n<p><strong>Num\u00e9ro d'article : <\/strong>V66<strong><br \/>Mat\u00e9riau de l'armoire :<\/strong> PVC<br \/><strong>Couleur de l'armoire :\u00a0<\/strong>Jaune<br \/><strong>Miroir :<\/strong> Miroir LED (3,5 mm\/3,8 mm), \u00e9clairage tricolore, d\u00e9sembuage par simple pression d'une touche, s\u00e9curis\u00e9 par un emballage en mousse multicouche.<br \/><strong>Type d'installation :<\/strong>\u00a0Montage mural<br \/><strong>Dimensions (L\u00d7L\u00d7H) :<\/strong> 46*26*51 cm<br \/><strong>Poids brut :<\/strong> 21kg\/set<\/p>\n<h2>Personnalisation et services :<\/h2>\n<p><strong>OEM ET ODM<\/strong>: Pris en charge<br \/><strong>Conception<\/strong>: Gratuit<br \/><strong>Accessoires<\/strong>: Lavabos, miroirs, robinets et autres accessoires de salle de bains<br \/><strong>Emballage<\/strong>: Pr\u00eat \u00e0 monter<\/p>","protected":false},"featured_media":2372,"comment_status":"closed","ping_status":"closed","template":"","meta":{"_acf_changed":false},"product_brand":[],"product_cat":[24],"product_tag":[],"class_list":{"0":"post-2370","1":"product","2":"type-product","3":"status-publish","4":"has-post-thumbnail","6":"product_cat-wholesale-pvc-bathroom-vanity-cabinets","8":"first","9":"instock","10":"shipping-taxable","11":"product-type-simple"},"acf":[],"_links":{"self":[{"href":"https:\/\/www.shouyasanitary.com\/fr\/wp-json\/wp\/v2\/product\/2370","targetHints":{"allow":["GET"]}}],"collection":[{"href":"https:\/\/www.shouyasanitary.com\/fr\/wp-json\/wp\/v2\/product"}],"about":[{"href":"https:\/\/www.shouyasanitary.com\/fr\/wp-json\/wp\/v2\/types\/product"}],"replies":[{"embeddable":true,"href":"https:\/\/www.shouyasanitary.com\/fr\/wp-json\/wp\/v2\/comments?post=2370"}],"wp:featuredmedia":[{"embeddable":true,"href":"https:\/\/www.shouyasanitary.com\/fr\/wp-json\/wp\/v2\/media\/2372"}],"wp:attachment":[{"href":"https:\/\/www.shouyasanitary.com\/fr\/wp-json\/wp\/v2\/media?parent=2370"}],"wp:term":[{"taxonomy":"product_brand","embeddable":true,"href":"https:\/\/www.shouyasanitary.com\/fr\/wp-json\/wp\/v2\/product_brand?post=2370"},{"taxonomy":"product_cat","embeddable":true,"href":"https:\/\/www.shouyasanitary.com\/fr\/wp-json\/wp\/v2\/product_cat?post=2370"},{"taxonomy":"product_tag","embeddable":true,"href":"https:\/\/www.shouyasanitary.com\/fr\/wp-json\/wp\/v2\/product_tag?post=2370"}],"curies":[{"name":"wp","href":"https:\/\/api.w.org\/{rel}","templated":true}]}}