{"id":2371,"date":"2025-12-03T02:29:01","date_gmt":"2025-12-03T02:29:01","guid":{"rendered":"https:\/\/www.shouyasanitary.com\/?post_type=product&#038;p=2371"},"modified":"2025-12-03T02:29:08","modified_gmt":"2025-12-03T02:29:08","slug":"wholesale-gray-bathroom-cabinet","status":"publish","type":"product","link":"https:\/\/www.shouyasanitary.com\/fr\/produit\/wholesale-gray-bathroom-cabinet\/","title":{"rendered":"Wholesale Gray Bathroom Cabinet, Floating Bathroom Vanity Minimalist with Drawers Custom (meuble de salle de bain flottant minimaliste avec tiroirs)"},"content":{"rendered":"<div class=\"wp-block-columns is-layout-flex wp-container-core-columns-is-layout-9d6595d7 wp-block-columns-is-layout-flex\">\n<div class=\"wp-block-column is-layout-flow wp-block-column-is-layout-flow\">\n<h2 class=\"wp-block-heading\">Caract\u00e9ristiques de l'armoire de salle de bains grise\uff1a<\/h2>\n\n\n\n<p><strong>PVC Mat\u00e9riau :<\/strong> Les feuilles de PVC \u00e9paisses et respectueuses de l'environnement sont imperm\u00e9ables \u00e0 l'eau, \u00e0 l'humidit\u00e9 et \u00e0 la moisissure. Leur finition gris clair mat est r\u00e9sistante \u00e0 l'usure, ne se marque pas facilement et convient aux h\u00f4tels, aux appartements et aux autres salles de bains tr\u00e8s fr\u00e9quent\u00e9es.<\/p>\n\n\n\n<p><strong>Design mural<\/strong>: Am\u00e9lioration de la ventilation du sol, moins d'accumulation d'eau et de poussi\u00e8re, convient aux salles de bains de petite taille \u00e0 l'agencement moderne et minimaliste. La conception l\u00e9g\u00e8re all\u00e8ge les t\u00e2ches d'installation tout en garantissant une capacit\u00e9 de charge stable.<\/p>\n\n\n\n<p><strong>D\u00e9tails fonctionnels pratiques :<\/strong> La structure de rangement \u00e0 deux tiroirs et une porte permet de ranger les articles de toilette. Les tiroirs sont \u00e9quip\u00e9s de glissi\u00e8res \u00e0 fermeture progressive pour un fonctionnement silencieux et sans \u00e0-coups. L'armoire permet de ranger des articles de grande taille, tels que les serviettes et les produits d'entretien, tandis que l'armoire \u00e0 miroir augmente encore l'espace de rangement vertical.<\/p>\n\n\n\n<p><strong>\u00c9clairage d'ambiance :<\/strong> Des bandes lumineuses LED incrust\u00e9es \u00e9clairent la zone du miroir, apportant un confort \u00e0 l'utilisation quotidienne, tout en ajoutant une touche de modernit\u00e9 et de profondeur \u00e0 la salle de bains.<\/p>\n\n\n\n<p><strong>Convient aux projets en vrac<\/strong>: Fabriqu\u00e9 en PVC recyclable, il est respectueux de l'environnement, r\u00e9sistant et durable, ce qui permet de r\u00e9duire les co\u00fbts d'entretien et de remplacement. Son faible poids et ses co\u00fbts de transport en font un produit id\u00e9al pour les projets de r\u00e9novation, les h\u00f4tels et les appartements, et les achats en gros pour les projets de grande envergure.<\/p>\n<\/div>\n\n\n\n<div class=\"wp-block-column is-layout-flow wp-block-column-is-layout-flow\"><div class=\"wp-block-image\">\n<figure class=\"aligncenter size-full\"><img decoding=\"async\" width=\"700\" height=\"700\" src=\"https:\/\/www.shouyasanitary.com\/wp-content\/uploads\/2025\/11\/Wholesale-of-Bathroom-Cabinet.webp\" alt=\"Vente en gros d&#039;armoires de toilette\" class=\"wp-image-2375\" style=\"object-fit:cover\" srcset=\"https:\/\/www.shouyasanitary.com\/wp-content\/uploads\/2025\/11\/Wholesale-of-Bathroom-Cabinet.webp 700w, https:\/\/www.shouyasanitary.com\/wp-content\/uploads\/2025\/11\/Wholesale-of-Bathroom-Cabinet-300x300.webp 300w, https:\/\/www.shouyasanitary.com\/wp-content\/uploads\/2025\/11\/Wholesale-of-Bathroom-Cabinet-150x150.webp 150w, https:\/\/www.shouyasanitary.com\/wp-content\/uploads\/2025\/11\/Wholesale-of-Bathroom-Cabinet-12x12.webp 12w, https:\/\/www.shouyasanitary.com\/wp-content\/uploads\/2025\/11\/Wholesale-of-Bathroom-Cabinet-600x600.webp 600w, https:\/\/www.shouyasanitary.com\/wp-content\/uploads\/2025\/11\/Wholesale-of-Bathroom-Cabinet-100x100.webp 100w\" sizes=\"(max-width: 700px) 100vw, 700px\" \/><\/figure>\n<\/div><\/div>\n<\/div>","protected":false},"excerpt":{"rendered":"<p>L'armoire de salle de bain en PVC gris se compose d'une structure murale, \u00e9tanche et durable, avec des tiroirs doubles et une porte simple pour un rangement organis\u00e9. L'\u00e9clairage LED int\u00e9gr\u00e9 du miroir am\u00e9liore le confort et le style moderne. Respectueux de l'environnement et l\u00e9ger, id\u00e9al pour les h\u00f4tels, les appartements et les commandes de projets en vrac. Contactez-nous pour un devis et une personnalisation !<\/p>\n<h2>Armoire de salle de bain grise Attributs\uff1a<\/h2>\n<p><strong>Num\u00e9ro d'article :\u00a0<\/strong>6602-100<strong><br \/>Mat\u00e9riau de l'armoire :<\/strong> PVC<br \/><strong>Couleur de l'armoire :\u00a0<\/strong>Gris<br \/><strong>Miroir :<\/strong> Miroir LED (3,5 mm\/3,8 mm), \u00e9clairage tricolore, d\u00e9sembuage par simple pression d'une touche, s\u00e9curis\u00e9 par un emballage en mousse multicouche.<br \/><strong>Type d'installation :<\/strong>\u00a0Montage mural<br \/><strong>Dimensions (L\u00d7L\u00d7H) :<\/strong> 100*47.5*50 cm<br \/><strong>Poids brut :<\/strong> 40kg\/set<\/p>\n<h2>Personnalisation et services :<\/h2>\n<p><strong>OEM ET ODM<\/strong>: Pris en charge<br \/><strong>Conception<\/strong>: Gratuit<br \/><strong>Accessoires<\/strong>: Lavabos, miroirs, robinets et autres accessoires de salle de bains<br \/><strong>Emballage<\/strong>: Pr\u00eat \u00e0 monter<\/p>","protected":false},"featured_media":2375,"comment_status":"closed","ping_status":"closed","template":"","meta":{"_acf_changed":false},"product_brand":[],"product_cat":[24],"product_tag":[],"class_list":{"0":"post-2371","1":"product","2":"type-product","3":"status-publish","4":"has-post-thumbnail","6":"product_cat-wholesale-pvc-bathroom-vanity-cabinets","8":"first","9":"instock","10":"shipping-taxable","11":"product-type-simple"},"acf":[],"_links":{"self":[{"href":"https:\/\/www.shouyasanitary.com\/fr\/wp-json\/wp\/v2\/product\/2371","targetHints":{"allow":["GET"]}}],"collection":[{"href":"https:\/\/www.shouyasanitary.com\/fr\/wp-json\/wp\/v2\/product"}],"about":[{"href":"https:\/\/www.shouyasanitary.com\/fr\/wp-json\/wp\/v2\/types\/product"}],"replies":[{"embeddable":true,"href":"https:\/\/www.shouyasanitary.com\/fr\/wp-json\/wp\/v2\/comments?post=2371"}],"wp:featuredmedia":[{"embeddable":true,"href":"https:\/\/www.shouyasanitary.com\/fr\/wp-json\/wp\/v2\/media\/2375"}],"wp:attachment":[{"href":"https:\/\/www.shouyasanitary.com\/fr\/wp-json\/wp\/v2\/media?parent=2371"}],"wp:term":[{"taxonomy":"product_brand","embeddable":true,"href":"https:\/\/www.shouyasanitary.com\/fr\/wp-json\/wp\/v2\/product_brand?post=2371"},{"taxonomy":"product_cat","embeddable":true,"href":"https:\/\/www.shouyasanitary.com\/fr\/wp-json\/wp\/v2\/product_cat?post=2371"},{"taxonomy":"product_tag","embeddable":true,"href":"https:\/\/www.shouyasanitary.com\/fr\/wp-json\/wp\/v2\/product_tag?post=2371"}],"curies":[{"name":"wp","href":"https:\/\/api.w.org\/{rel}","templated":true}]}}