{"id":2378,"date":"2025-12-03T03:07:31","date_gmt":"2025-12-03T03:07:31","guid":{"rendered":"https:\/\/www.shouyasanitary.com\/?post_type=product&#038;p=2378"},"modified":"2025-12-03T03:07:37","modified_gmt":"2025-12-03T03:07:37","slug":"wholesale-bathroom-cabinets-wall-mounted","status":"publish","type":"product","link":"https:\/\/www.shouyasanitary.com\/fr\/produit\/wholesale-bathroom-cabinets-wall-mounted\/","title":{"rendered":"Wholesale Bathroom Cabinets Wall Mounted, Wood-Grain Bathroom Vanity Set with Drawers Custom"},"content":{"rendered":"<div class=\"wp-block-columns is-layout-flex wp-container-core-columns-is-layout-9d6595d7 wp-block-columns-is-layout-flex\">\n<div class=\"wp-block-column is-layout-flow wp-block-column-is-layout-flow\">\n<h2 class=\"wp-block-heading\">Caract\u00e9ristiques des armoires de salle de bains \u00e0 montage mural\uff1a<\/h2>\n\n\n\n<p><strong>Texture moderne de haute qualit\u00e9<\/strong>: Le corps du meuble est constitu\u00e9 de panneaux imitant le bois de noyer, qui combinent la texture naturelle du bois massif avec d'excellentes propri\u00e9t\u00e9s d'imperm\u00e9abilit\u00e9 et de r\u00e9sistance \u00e0 l'humidit\u00e9. Le style sombre ajoute une touche luxueuse et sophistiqu\u00e9e \u00e0 la salle de bains, convenant aux r\u00e9sidences haut de gamme et aux h\u00f4tels de charme pour l'am\u00e9nagement de l'espace de la salle de bains.<\/p>\n\n\n\n<p><strong>Intelligence et \u00e9clairage : <\/strong>\u00a0Il est \u00e9quip\u00e9 d'un miroir intelligent \u00e0 diodes \u00e9lectroluminescentes sur tout l'\u00e9cran. La luminosit\u00e9 de l'\u00e9clairage ambiant peut \u00eatre r\u00e9gl\u00e9e \u00e0 l'aide d'une commande tactile. Trois couleurs d'\u00e9clairage, une surface de miroir claire et lumineuse pendant la toilette et le maquillage, am\u00e9liorent l'exp\u00e9rience intelligente de l'utilisation de la salle de bains.<\/p>\n\n\n\n<p><strong>Fonction et stockage : <\/strong>Le double tiroir offre un grand espace de rangement, qui peut \u00eatre utilis\u00e9 pour ranger les articles de toilette, les produits de soin de la peau, etc. La structure suspendue permet d'\u00e9conomiser de l'espace au sol.<\/p>\n\n\n\n<p><strong>Cuvette int\u00e9gr\u00e9e en c\u00e9ramique : <\/strong>Le plan de travail en c\u00e9ramique de grande taille est facile \u00e0 nettoyer et r\u00e9pond aux besoins quotidiens de lavage et de toilettage.<\/p>\n\n\n\n<p><strong>Shouya Wholesale Services :\u00a0<\/strong>Prise en charge des achats en gros. Les prix peuvent \u00eatre r\u00e9duits en fonction de la quantit\u00e9 command\u00e9e. Nous disposons d'une \u00e9quipe logistique professionnelle et d'un syst\u00e8me apr\u00e8s-vente pour garantir le d\u00e9lai de livraison et la qualit\u00e9 de grandes quantit\u00e9s de marchandises. En m\u00eame temps, nous fournissons des suggestions de s\u00e9lection de style.<\/p>\n<\/div>\n\n\n\n<div class=\"wp-block-column is-layout-flow wp-block-column-is-layout-flow\"><div class=\"wp-block-image\">\n<figure class=\"aligncenter size-full\"><img decoding=\"async\" width=\"700\" height=\"700\" src=\"https:\/\/www.shouyasanitary.com\/wp-content\/uploads\/2025\/11\/Wholesale-Walnut-Wood-Grain-Bathroom-Vanity-Set-with-LED-Smart-Mirror.webp\" alt=\"Wholesale Walnut Wood-Grain Bathroom Vanity Set with LED Smart Mirror (Ensemble de meubles-lavabos en bois de noyer avec miroir LED intelligent)\" class=\"wp-image-2381\" style=\"object-fit:cover\" srcset=\"https:\/\/www.shouyasanitary.com\/wp-content\/uploads\/2025\/11\/Wholesale-Walnut-Wood-Grain-Bathroom-Vanity-Set-with-LED-Smart-Mirror.webp 700w, https:\/\/www.shouyasanitary.com\/wp-content\/uploads\/2025\/11\/Wholesale-Walnut-Wood-Grain-Bathroom-Vanity-Set-with-LED-Smart-Mirror-300x300.webp 300w, https:\/\/www.shouyasanitary.com\/wp-content\/uploads\/2025\/11\/Wholesale-Walnut-Wood-Grain-Bathroom-Vanity-Set-with-LED-Smart-Mirror-150x150.webp 150w, https:\/\/www.shouyasanitary.com\/wp-content\/uploads\/2025\/11\/Wholesale-Walnut-Wood-Grain-Bathroom-Vanity-Set-with-LED-Smart-Mirror-12x12.webp 12w, https:\/\/www.shouyasanitary.com\/wp-content\/uploads\/2025\/11\/Wholesale-Walnut-Wood-Grain-Bathroom-Vanity-Set-with-LED-Smart-Mirror-600x600.webp 600w, https:\/\/www.shouyasanitary.com\/wp-content\/uploads\/2025\/11\/Wholesale-Walnut-Wood-Grain-Bathroom-Vanity-Set-with-LED-Smart-Mirror-100x100.webp 100w\" sizes=\"(max-width: 700px) 100vw, 700px\" \/><\/figure>\n<\/div><\/div>\n<\/div>","protected":false},"excerpt":{"rendered":"<p data-start=\"106\" data-end=\"527\">L'armoire de salle de bains murale Wholesale comprend des panneaux \u00e0 effet noyer r\u00e9sistants \u00e0 l'eau, des tiroirs doubles pour un rangement organis\u00e9 et un grand plan de travail en c\u00e9ramique. Le miroir LED int\u00e9gr\u00e9 offre un \u00e9clairage r\u00e9glable avec trois modes de couleur, am\u00e9liorant ainsi l'utilisation quotidienne. Id\u00e9al pour les maisons modernes, les h\u00f4tels de charme et les commandes en gros. Contactez-nous pour un devis et une personnalisation !<\/p>\n<p data-start=\"529\" data-end=\"750\"><strong data-start=\"529\" data-end=\"567\">Page TD (160 caract\u00e8res optimis\u00e9s)<\/strong><\/p>\n<h2>Armoires de salle de bains \u00e0 montage mural Attributs\uff1a<\/h2>\n<p><strong>Num\u00e9ro d'article : <\/strong>6052-801V<strong><br \/>Mat\u00e9riau de l'armoire :<\/strong> PVC<br \/><strong>Couleur de l'armoire :\u00a0<\/strong>Marron<br \/><strong>Miroir :<\/strong> Miroir LED (3,5 mm\/3,8 mm), \u00e9clairage tricolore, d\u00e9sembuage par simple pression d'une touche, s\u00e9curis\u00e9 par un emballage en mousse multicouche.<br \/><strong>Type d'installation :<\/strong>\u00a0Montage mural<br \/><strong>Dimensions (L\u00d7L\u00d7H) :<\/strong> 80*47*53 cm<br \/><strong>Poids brut :<\/strong> 30kg\/set<\/p>\n<h2>Personnalisation et services :<\/h2>\n<p><strong>OEM ET ODM<\/strong>: Pris en charge<br \/><strong>Conception<\/strong>: Gratuit<br \/><strong>Accessoires<\/strong>: Lavabos, miroirs, robinets et autres accessoires de salle de bains<br \/><strong>Emballage<\/strong>: Pr\u00eat \u00e0 monter<\/p>","protected":false},"featured_media":2381,"comment_status":"closed","ping_status":"closed","template":"","meta":{"_acf_changed":false},"product_brand":[],"product_cat":[24],"product_tag":[],"class_list":{"0":"post-2378","1":"product","2":"type-product","3":"status-publish","4":"has-post-thumbnail","6":"product_cat-wholesale-pvc-bathroom-vanity-cabinets","8":"first","9":"instock","10":"shipping-taxable","11":"product-type-simple"},"acf":[],"_links":{"self":[{"href":"https:\/\/www.shouyasanitary.com\/fr\/wp-json\/wp\/v2\/product\/2378","targetHints":{"allow":["GET"]}}],"collection":[{"href":"https:\/\/www.shouyasanitary.com\/fr\/wp-json\/wp\/v2\/product"}],"about":[{"href":"https:\/\/www.shouyasanitary.com\/fr\/wp-json\/wp\/v2\/types\/product"}],"replies":[{"embeddable":true,"href":"https:\/\/www.shouyasanitary.com\/fr\/wp-json\/wp\/v2\/comments?post=2378"}],"wp:featuredmedia":[{"embeddable":true,"href":"https:\/\/www.shouyasanitary.com\/fr\/wp-json\/wp\/v2\/media\/2381"}],"wp:attachment":[{"href":"https:\/\/www.shouyasanitary.com\/fr\/wp-json\/wp\/v2\/media?parent=2378"}],"wp:term":[{"taxonomy":"product_brand","embeddable":true,"href":"https:\/\/www.shouyasanitary.com\/fr\/wp-json\/wp\/v2\/product_brand?post=2378"},{"taxonomy":"product_cat","embeddable":true,"href":"https:\/\/www.shouyasanitary.com\/fr\/wp-json\/wp\/v2\/product_cat?post=2378"},{"taxonomy":"product_tag","embeddable":true,"href":"https:\/\/www.shouyasanitary.com\/fr\/wp-json\/wp\/v2\/product_tag?post=2378"}],"curies":[{"name":"wp","href":"https:\/\/api.w.org\/{rel}","templated":true}]}}