{"id":2379,"date":"2025-12-04T03:12:59","date_gmt":"2025-12-04T03:12:59","guid":{"rendered":"https:\/\/www.shouyasanitary.com\/?post_type=product&#038;p=2379"},"modified":"2025-12-04T03:13:05","modified_gmt":"2025-12-04T03:13:05","slug":"wholesale-small-bathroom-vanity","status":"publish","type":"product","link":"https:\/\/www.shouyasanitary.com\/fr\/produit\/wholesale-small-bathroom-vanity\/","title":{"rendered":"Wholesale Small Bathroom Vanity, Gray Bathroom Cabinets Wood-Grain Custom"},"content":{"rendered":"<div class=\"wp-block-columns is-layout-flex wp-container-core-columns-is-layout-9d6595d7 wp-block-columns-is-layout-flex\">\n<div class=\"wp-block-column is-layout-flow wp-block-column-is-layout-flow\">\n<h2 class=\"wp-block-heading\">Caract\u00e9ristiques du petit meuble-lavabo\uff1a<\/h2>\n\n\n\n<p><strong>Style polyvalent : <\/strong>Le corps de l'armoire en grain de bois gris clair, associ\u00e9 aux miroirs noirs classiques, pr\u00e9sente un style simple et polyvalent, adapt\u00e9 \u00e0 diff\u00e9rents styles de d\u00e9coration de salle de bains, tels que les styles moderne, minimaliste et nordique. Il peut \u00eatre largement utilis\u00e9 dans des projets de salle de bains standardis\u00e9s tels que les appartements et les maisons d'h\u00f4tes.<\/p>\n\n\n\n<p><strong>Praticit\u00e9 et \u00e9conomie<\/strong>: Le tiroir unique r\u00e9pond aux besoins de rangement de base. La vasque et le plan de travail en c\u00e9ramique sont faciles \u00e0 nettoyer. Un simple coup de chiffon suffit \u00e0 \u00e9liminer les taches. La fonction est pratique et le co\u00fbt d'entretien est faible. La structure suspendue est facile \u00e0 installer et r\u00e9duit consid\u00e9rablement la p\u00e9riode de construction du projet.<\/p>\n\n\n\n<p><strong>Mat\u00e9riaux et durabilit\u00e9<\/strong>: Le corps de l'armoire est fabriqu\u00e9 en PVC r\u00e9sistant \u00e0 l'humidit\u00e9, avec une texture de surface naturelle et des propri\u00e9t\u00e9s anti-usure. Il est peu probable qu'il se d\u00e9forme au cours d'une longue p\u00e9riode d'utilisation. Le mod\u00e8le de miroir classique n'a pas de fonctions inutiles, ce qui r\u00e9duit les co\u00fbts du produit et pr\u00e9sente un avantage consid\u00e9rable en termes de rapport co\u00fbt\/performance.<\/p>\n\n\n\n<p><strong>Production et fourniture de lots<\/strong>: Soutien aux achats en gros, avec une capacit\u00e9 de production stable et un cycle d'approvisionnement court, permettant de r\u00e9pondre rapidement aux commandes d'ing\u00e9nierie \u00e0 grande \u00e9chelle. Le m\u00eame mod\u00e8le disponible en plusieurs tailles peut r\u00e9pondre aux besoins d'installation de diff\u00e9rents espaces, ce qui en fait un choix rentable pour la d\u00e9coration par lots.<\/p>\n<\/div>\n\n\n\n<div class=\"wp-block-column is-layout-flow wp-block-column-is-layout-flow\"><div class=\"wp-block-image\">\n<figure class=\"aligncenter size-full\"><img decoding=\"async\" width=\"700\" height=\"700\" src=\"https:\/\/www.shouyasanitary.com\/wp-content\/uploads\/2025\/11\/bulk-purchases-gray-wood-grain-bathroom-vanity.webp\" alt=\"achats en vrac meuble de salle de bain gris grain de bois\" class=\"wp-image-2388\" style=\"object-fit:cover\" srcset=\"https:\/\/www.shouyasanitary.com\/wp-content\/uploads\/2025\/11\/bulk-purchases-gray-wood-grain-bathroom-vanity.webp 700w, https:\/\/www.shouyasanitary.com\/wp-content\/uploads\/2025\/11\/bulk-purchases-gray-wood-grain-bathroom-vanity-300x300.webp 300w, https:\/\/www.shouyasanitary.com\/wp-content\/uploads\/2025\/11\/bulk-purchases-gray-wood-grain-bathroom-vanity-150x150.webp 150w, https:\/\/www.shouyasanitary.com\/wp-content\/uploads\/2025\/11\/bulk-purchases-gray-wood-grain-bathroom-vanity-12x12.webp 12w, https:\/\/www.shouyasanitary.com\/wp-content\/uploads\/2025\/11\/bulk-purchases-gray-wood-grain-bathroom-vanity-600x600.webp 600w, https:\/\/www.shouyasanitary.com\/wp-content\/uploads\/2025\/11\/bulk-purchases-gray-wood-grain-bathroom-vanity-100x100.webp 100w\" sizes=\"(max-width: 700px) 100vw, 700px\" \/><\/figure>\n<\/div><\/div>\n<\/div>","protected":false},"excerpt":{"rendered":"<p>Le petit meuble de salle de bain en gros, fabriqu\u00e9 en PVC de premi\u00e8re qualit\u00e9, est dot\u00e9 d'un tiroir unique, d'un plan de travail facile \u00e0 nettoyer, d'une finition en grain de bois et d'une suspension \u00e0 installation rapide. Il convient aux styles moderne, nordique et autres. Nous prenons en charge la personnalisation en vrac de plusieurs tailles et offrons un approvisionnement stable pour les commandes de projets. Contactez-nous pour des solutions personnalis\u00e9es.<\/p>\n<h2>Petit meuble-lavabo Attributs\uff1a<\/h2>\n<p><strong>Num\u00e9ro d'article : <\/strong>5030-5v<strong><br \/>Mat\u00e9riau de l'armoire :<\/strong> PVC<br \/><strong>Couleur de l'armoire :\u00a0<\/strong>Gris<br \/><strong>Miroir :<\/strong> Miroir LED (3,5 mm\/3,8 mm), \u00e9clairage tricolore, d\u00e9sembuage par simple pression d'une touche, s\u00e9curis\u00e9 par un emballage en mousse multicouche.<br \/><strong>Type d'installation :<\/strong>\u00a0Montage mural<br \/><strong>Dimensions (L\u00d7L\u00d7H) :<\/strong> 50*30*42.5 cm<br \/><strong>Poids brut :<\/strong> 25kg\/set<\/p>\n<h2>Personnalisation et services :<\/h2>\n<p><strong>OEM ET ODM<\/strong>: Pris en charge<br \/><strong>Conception<\/strong>: Gratuit<br \/><strong>Accessoires<\/strong>: Lavabos, miroirs, robinets et autres accessoires de salle de bains<br \/><strong>Emballage<\/strong>: Pr\u00eat \u00e0 monter<\/p>","protected":false},"featured_media":2388,"comment_status":"closed","ping_status":"closed","template":"","meta":{"_acf_changed":false},"product_brand":[],"product_cat":[24],"product_tag":[],"class_list":{"0":"post-2379","1":"product","2":"type-product","3":"status-publish","4":"has-post-thumbnail","6":"product_cat-wholesale-pvc-bathroom-vanity-cabinets","8":"first","9":"instock","10":"shipping-taxable","11":"product-type-simple"},"acf":[],"_links":{"self":[{"href":"https:\/\/www.shouyasanitary.com\/fr\/wp-json\/wp\/v2\/product\/2379","targetHints":{"allow":["GET"]}}],"collection":[{"href":"https:\/\/www.shouyasanitary.com\/fr\/wp-json\/wp\/v2\/product"}],"about":[{"href":"https:\/\/www.shouyasanitary.com\/fr\/wp-json\/wp\/v2\/types\/product"}],"replies":[{"embeddable":true,"href":"https:\/\/www.shouyasanitary.com\/fr\/wp-json\/wp\/v2\/comments?post=2379"}],"wp:featuredmedia":[{"embeddable":true,"href":"https:\/\/www.shouyasanitary.com\/fr\/wp-json\/wp\/v2\/media\/2388"}],"wp:attachment":[{"href":"https:\/\/www.shouyasanitary.com\/fr\/wp-json\/wp\/v2\/media?parent=2379"}],"wp:term":[{"taxonomy":"product_brand","embeddable":true,"href":"https:\/\/www.shouyasanitary.com\/fr\/wp-json\/wp\/v2\/product_brand?post=2379"},{"taxonomy":"product_cat","embeddable":true,"href":"https:\/\/www.shouyasanitary.com\/fr\/wp-json\/wp\/v2\/product_cat?post=2379"},{"taxonomy":"product_tag","embeddable":true,"href":"https:\/\/www.shouyasanitary.com\/fr\/wp-json\/wp\/v2\/product_tag?post=2379"}],"curies":[{"name":"wp","href":"https:\/\/api.w.org\/{rel}","templated":true}]}}