{"id":2380,"date":"2025-12-03T03:34:24","date_gmt":"2025-12-03T03:34:24","guid":{"rendered":"https:\/\/www.shouyasanitary.com\/?post_type=product&#038;p=2380"},"modified":"2025-12-03T03:34:45","modified_gmt":"2025-12-03T03:34:45","slug":"custom-modern-bathroom-cabinet","status":"publish","type":"product","link":"https:\/\/www.shouyasanitary.com\/fr\/produit\/custom-modern-bathroom-cabinet\/","title":{"rendered":"Meuble de salle de bain moderne sur mesure, PVC blanc lisse Wave-Textured Vanity Unit Wall Mount in Bulk"},"content":{"rendered":"<div class=\"wp-block-columns is-layout-flex wp-container-core-columns-is-layout-9d6595d7 wp-block-columns-is-layout-flex\">\n<div class=\"wp-block-column is-layout-flow wp-block-column-is-layout-flow\">\n<h2 class=\"wp-block-heading\">Caract\u00e9ristiques de l'armoire de salle de bains moderne\uff1a<\/h2>\n\n\n\n<p><strong>Mati\u00e8re PVC haute densit\u00e9 : <\/strong>L\u00e9ger et solide, il r\u00e9siste efficacement \u00e0 la d\u00e9formation et \u00e0 la formation de moisissures caus\u00e9es par un environnement humide. La surface non poreuse, blanche, \u00e0 la texture ondul\u00e9e, est imperm\u00e9able \u00e0 l'eau, aux r\u00e9sidus de savon et r\u00e9sistante aux taches. Elle est donc facile \u00e0 nettoyer et conserve longtemps son aspect neuf.<\/p>\n\n\n\n<p><strong>Design de la texture de la vague :<\/strong> Cette texture ondul\u00e9e blanche unique ajoute de la douceur et une touche de modernit\u00e9 aux murs. Gr\u00e2ce \u00e0 son design mural flottant, elle renforce la profondeur visuelle de l'espace, tout en conciliant style et praticit\u00e9.<\/p>\n\n\n\n<p><strong>Miroir r\u00e9tro-\u00e9clair\u00e9 par LED int\u00e9gr\u00e9 : <\/strong>Le miroir r\u00e9tro\u00e9clair\u00e9 par LED int\u00e9gr\u00e9 fournit un \u00e9clairage doux au miroir, augmentant la visibilit\u00e9 tout en am\u00e9liorant l'exp\u00e9rience de lavage, ajoutant une touche moderne et haut de gamme \u00e0 la salle de bains.<\/p>\n\n\n\n<p><strong>Comptoir ouvert avec un seul \u00e9vier<\/strong>: Le comptoir abrite le rangement des articles de toilette utilis\u00e9s tous les jours. Associ\u00e9 \u00e0 un lavabo simple \u00e9l\u00e9gant et \u00e0 un robinet moderne, il permet d'\u00e9quilibrer le rangement et l'esth\u00e9tique en gardant la salle de bains propre et organis\u00e9e.<\/p>\n\n\n\n<p><strong>Convient \u00e0 diverses sc\u00e8nes :<\/strong> Le support mural pr\u00e9-perc\u00e9 facilite l'installation, tandis que le mat\u00e9riau PVC assure une stabilit\u00e9 durable sans s'affaisser. Pour les r\u00e9sidences, les h\u00f4tels de charme ou les locations Airbnb afin d'\u00e9conomiser de l'espace tout en restant durable.<\/p>\n<\/div>\n\n\n\n<div class=\"wp-block-column is-layout-flow wp-block-column-is-layout-flow\"><div class=\"wp-block-image\">\n<figure class=\"aligncenter size-full\"><img decoding=\"async\" width=\"700\" height=\"700\" src=\"https:\/\/www.shouyasanitary.com\/wp-content\/uploads\/2025\/11\/Bulk-Purchases-Batnroom-Vanity-Cabinet.webp\" alt=\"Achats en vrac Meuble de salle de bain\" class=\"wp-image-2384\" style=\"object-fit:cover\" srcset=\"https:\/\/www.shouyasanitary.com\/wp-content\/uploads\/2025\/11\/Bulk-Purchases-Batnroom-Vanity-Cabinet.webp 700w, https:\/\/www.shouyasanitary.com\/wp-content\/uploads\/2025\/11\/Bulk-Purchases-Batnroom-Vanity-Cabinet-300x300.webp 300w, https:\/\/www.shouyasanitary.com\/wp-content\/uploads\/2025\/11\/Bulk-Purchases-Batnroom-Vanity-Cabinet-150x150.webp 150w, https:\/\/www.shouyasanitary.com\/wp-content\/uploads\/2025\/11\/Bulk-Purchases-Batnroom-Vanity-Cabinet-12x12.webp 12w, https:\/\/www.shouyasanitary.com\/wp-content\/uploads\/2025\/11\/Bulk-Purchases-Batnroom-Vanity-Cabinet-600x600.webp 600w, https:\/\/www.shouyasanitary.com\/wp-content\/uploads\/2025\/11\/Bulk-Purchases-Batnroom-Vanity-Cabinet-100x100.webp 100w\" sizes=\"(max-width: 700px) 100vw, 700px\" \/><\/figure>\n<\/div><\/div>\n<\/div>","protected":false},"excerpt":{"rendered":"<p>L'armoire de salle de bains moderne personnalis\u00e9e Shouya est fabriqu\u00e9e en PVC haute densit\u00e9 avec une texture lisse et ondul\u00e9e, imperm\u00e9able et r\u00e9sistante \u00e0 la moisissure. L\u00e9ger mais robuste, il comprend un miroir r\u00e9tro-\u00e9clair\u00e9 par LED et un plan de travail \u00e0 une seule vasque. Id\u00e9al pour les h\u00f4tels ou les commandes en gros. Contactez-nous pour un devis et une personnalisation !<\/p>\n<h2>Armoire de salle de bains moderne Attributs\uff1a<\/h2>\n<p><strong>Num\u00e9ro d'article : <\/strong>6016-60<strong><br \/>Mat\u00e9riau de l'armoire :<\/strong> PVC<br \/><strong>Couleur de l'armoire : <\/strong>Kaki<br \/><strong>Miroir :<\/strong> Miroir LED (3,5 mm\/3,8 mm), \u00e9clairage tricolore, d\u00e9sembuage par simple pression d'une touche, s\u00e9curis\u00e9 par un emballage en mousse multicouche.<br \/><strong>Type d'installation :<\/strong>\u00a0Montage mural<br \/><strong>Dimensions (L\u00d7L\u00d7H) :<\/strong> 60*47*42 cm<br \/><strong>Poids brut :<\/strong> 30kg\/set<\/p>\n<h2>Personnalisation et services :<\/h2>\n<p><strong>OEM ET ODM<\/strong>: Pris en charge<br \/><strong>Conception<\/strong>: Gratuit<br \/><strong>Accessoires<\/strong>: Lavabos, miroirs, robinets et autres accessoires de salle de bains<br \/><strong>Emballage<\/strong>: Pr\u00eat \u00e0 monter<\/p>","protected":false},"featured_media":2384,"comment_status":"closed","ping_status":"closed","template":"","meta":{"_acf_changed":true},"product_brand":[],"product_cat":[24],"product_tag":[],"class_list":{"0":"post-2380","1":"product","2":"type-product","3":"status-publish","4":"has-post-thumbnail","6":"product_cat-wholesale-pvc-bathroom-vanity-cabinets","8":"first","9":"instock","10":"shipping-taxable","11":"product-type-simple"},"acf":[],"_links":{"self":[{"href":"https:\/\/www.shouyasanitary.com\/fr\/wp-json\/wp\/v2\/product\/2380","targetHints":{"allow":["GET"]}}],"collection":[{"href":"https:\/\/www.shouyasanitary.com\/fr\/wp-json\/wp\/v2\/product"}],"about":[{"href":"https:\/\/www.shouyasanitary.com\/fr\/wp-json\/wp\/v2\/types\/product"}],"replies":[{"embeddable":true,"href":"https:\/\/www.shouyasanitary.com\/fr\/wp-json\/wp\/v2\/comments?post=2380"}],"wp:featuredmedia":[{"embeddable":true,"href":"https:\/\/www.shouyasanitary.com\/fr\/wp-json\/wp\/v2\/media\/2384"}],"wp:attachment":[{"href":"https:\/\/www.shouyasanitary.com\/fr\/wp-json\/wp\/v2\/media?parent=2380"}],"wp:term":[{"taxonomy":"product_brand","embeddable":true,"href":"https:\/\/www.shouyasanitary.com\/fr\/wp-json\/wp\/v2\/product_brand?post=2380"},{"taxonomy":"product_cat","embeddable":true,"href":"https:\/\/www.shouyasanitary.com\/fr\/wp-json\/wp\/v2\/product_cat?post=2380"},{"taxonomy":"product_tag","embeddable":true,"href":"https:\/\/www.shouyasanitary.com\/fr\/wp-json\/wp\/v2\/product_tag?post=2380"}],"curies":[{"name":"wp","href":"https:\/\/api.w.org\/{rel}","templated":true}]}}