{"id":2391,"date":"2025-12-04T03:31:25","date_gmt":"2025-12-04T03:31:25","guid":{"rendered":"https:\/\/www.shouyasanitary.com\/?post_type=product&#038;p=2391"},"modified":"2025-12-04T03:31:31","modified_gmt":"2025-12-04T03:31:31","slug":"wholesale-bathroom-cabinet-white","status":"publish","type":"product","link":"https:\/\/www.shouyasanitary.com\/fr\/produit\/wholesale-bathroom-cabinet-white\/","title":{"rendered":"Wholesale Bathroom Cabinet White, Textured Bathroom Vanity with LED Mirror Supplier"},"content":{"rendered":"<div class=\"wp-block-columns is-layout-flex wp-container-core-columns-is-layout-9d6595d7 wp-block-columns-is-layout-flex\">\n<div class=\"wp-block-column is-layout-flow wp-block-column-is-layout-flow\">\n<h2 class=\"wp-block-heading\">Armoire de salle de bain blanche Caract\u00e9ristiques\uff1a<\/h2>\n\n\n\n<p><strong>Design pratique et \u00e0 la mode : <\/strong>La combinaison d'armoires blanches \u00e0 rayures verticales et de miroirs LED arrondis est s\u00fbre avec des bords lisses. Il convient aux appartements de petite taille et aux salles de bains d'angle. Il maximise l'utilisation de l'espace dans une zone limit\u00e9e tout en am\u00e9liorant la chaleur et la mode de la salle de bains.<\/p>\n\n\n\n<p><strong>Fonction humaine et d\u00e9tails :<\/strong> L'armoire est \u00e9quip\u00e9e de grands compartiments de rangement et de poign\u00e9es noires. Elle offre une grande capacit\u00e9 de rangement et un acc\u00e8s pratique. Le miroir LED est dot\u00e9 d'une lumi\u00e8re douce et non \u00e9blouissante. L'interrupteur \u00e0 commande tactile est facile \u00e0 utiliser et s'adapte \u00e0 diff\u00e9rents styles de salle de bains.<\/p>\n\n\n\n<p><strong>Assurance de haute qualit\u00e9<\/strong>: Le panneau en PVC a pass\u00e9 les tests de protection de l'environnement. Les accessoires de quincaillerie sont solidement reli\u00e9s \u00e0 l'armoire en PVC. Le produit a \u00e9t\u00e9 soumis \u00e0 des tests d'\u00e9tanch\u00e9it\u00e9 stricts et ne pr\u00e9sente aucun probl\u00e8me de service apr\u00e8s-vente.<\/p>\n\n\n\n<p><strong>Services personnalis\u00e9s<\/strong>: Nous proposons un processus complet de personnalisation OEM\/ODM. Vous pouvez ajuster la couleur de l'armoire, la texture, la forme du miroir (ronde ou ovale) et les accessoires de quincaillerie en fonction de vos besoins.<\/p>\n<\/div>\n\n\n\n<div class=\"wp-block-column is-layout-flow wp-block-column-is-layout-flow\"><div class=\"wp-block-image\">\n<figure class=\"aligncenter size-full\"><img decoding=\"async\" width=\"700\" height=\"700\" src=\"https:\/\/www.shouyasanitary.com\/wp-content\/uploads\/2025\/11\/OEM-White-Textured-Bathroom-Vanity-with-Rounded-LED-Mirror.webp\" alt=\"OEM Meuble de salle de bain textur\u00e9 blanc avec miroir LED arrondi\" class=\"wp-image-2392\" style=\"object-fit:cover\" srcset=\"https:\/\/www.shouyasanitary.com\/wp-content\/uploads\/2025\/11\/OEM-White-Textured-Bathroom-Vanity-with-Rounded-LED-Mirror.webp 700w, https:\/\/www.shouyasanitary.com\/wp-content\/uploads\/2025\/11\/OEM-White-Textured-Bathroom-Vanity-with-Rounded-LED-Mirror-300x300.webp 300w, https:\/\/www.shouyasanitary.com\/wp-content\/uploads\/2025\/11\/OEM-White-Textured-Bathroom-Vanity-with-Rounded-LED-Mirror-150x150.webp 150w, https:\/\/www.shouyasanitary.com\/wp-content\/uploads\/2025\/11\/OEM-White-Textured-Bathroom-Vanity-with-Rounded-LED-Mirror-12x12.webp 12w, https:\/\/www.shouyasanitary.com\/wp-content\/uploads\/2025\/11\/OEM-White-Textured-Bathroom-Vanity-with-Rounded-LED-Mirror-600x600.webp 600w, https:\/\/www.shouyasanitary.com\/wp-content\/uploads\/2025\/11\/OEM-White-Textured-Bathroom-Vanity-with-Rounded-LED-Mirror-100x100.webp 100w\" sizes=\"(max-width: 700px) 100vw, 700px\" \/><\/figure>\n<\/div><\/div>\n<\/div>\n\n\n\n<p><\/p>","protected":false},"excerpt":{"rendered":"<p>Armoire de salle de bain blanche en gros, comprenant une armoire en PVC ray\u00e9 blanc avec des miroirs LED arrondis, offrant \u00e0 la fois s\u00e9curit\u00e9 et style. Possibilit\u00e9 de personnalisation OEM\/ODM. Id\u00e9al pour les salles de bains d'appartement ! Les demandes de renseignements sont les bienvenues.<\/p>\n<h2>Armoire de salle de bain blanche Attributs\uff1a<\/h2>\n<p><strong>Num\u00e9ro d'article :<\/strong>3329-80<strong><br \/>Mat\u00e9riau de l'armoire :<\/strong> PVC<br \/><strong>Couleur de l'armoire :<\/strong> Blanc<br \/><strong>Miroir :<\/strong> Miroir LED (3,5 mm\/3,8 mm), \u00e9clairage tricolore, d\u00e9sembuage par simple pression d'une touche, s\u00e9curis\u00e9 par un emballage en mousse multicouche.<br \/><strong>Type d'installation :<\/strong>\u00a0Montage mural<br \/><strong>Dimensions (L\u00d7L\u00d7H) :<\/strong> 80*47*52 cm<br \/><strong>Poids brut :<\/strong> 30kg\/set<\/p>\n<h2>Personnalisation et services :<\/h2>\n<p><strong>OEM ET ODM<\/strong>: Pris en charge<br \/><strong>Conception<\/strong>: Gratuit<br \/><strong>Accessoires<\/strong>: Lavabos, miroirs, robinets et autres accessoires de salle de bains<br \/><strong>Emballage<\/strong>: Pr\u00eat \u00e0 monter<\/p>","protected":false},"featured_media":2392,"comment_status":"closed","ping_status":"closed","template":"","meta":{"_acf_changed":false},"product_brand":[],"product_cat":[24],"product_tag":[],"class_list":{"0":"post-2391","1":"product","2":"type-product","3":"status-publish","4":"has-post-thumbnail","6":"product_cat-wholesale-pvc-bathroom-vanity-cabinets","8":"first","9":"instock","10":"shipping-taxable","11":"product-type-simple"},"acf":[],"_links":{"self":[{"href":"https:\/\/www.shouyasanitary.com\/fr\/wp-json\/wp\/v2\/product\/2391","targetHints":{"allow":["GET"]}}],"collection":[{"href":"https:\/\/www.shouyasanitary.com\/fr\/wp-json\/wp\/v2\/product"}],"about":[{"href":"https:\/\/www.shouyasanitary.com\/fr\/wp-json\/wp\/v2\/types\/product"}],"replies":[{"embeddable":true,"href":"https:\/\/www.shouyasanitary.com\/fr\/wp-json\/wp\/v2\/comments?post=2391"}],"wp:featuredmedia":[{"embeddable":true,"href":"https:\/\/www.shouyasanitary.com\/fr\/wp-json\/wp\/v2\/media\/2392"}],"wp:attachment":[{"href":"https:\/\/www.shouyasanitary.com\/fr\/wp-json\/wp\/v2\/media?parent=2391"}],"wp:term":[{"taxonomy":"product_brand","embeddable":true,"href":"https:\/\/www.shouyasanitary.com\/fr\/wp-json\/wp\/v2\/product_brand?post=2391"},{"taxonomy":"product_cat","embeddable":true,"href":"https:\/\/www.shouyasanitary.com\/fr\/wp-json\/wp\/v2\/product_cat?post=2391"},{"taxonomy":"product_tag","embeddable":true,"href":"https:\/\/www.shouyasanitary.com\/fr\/wp-json\/wp\/v2\/product_tag?post=2391"}],"curies":[{"name":"wp","href":"https:\/\/api.w.org\/{rel}","templated":true}]}}