{"id":2426,"date":"2025-12-06T10:05:34","date_gmt":"2025-12-06T10:05:34","guid":{"rendered":"https:\/\/www.shouyasanitary.com\/?post_type=product&#038;p=2426"},"modified":"2025-12-06T10:05:40","modified_gmt":"2025-12-06T10:05:40","slug":"oem-bathroom-cabinet-on-vanity","status":"publish","type":"product","link":"https:\/\/www.shouyasanitary.com\/fr\/produit\/oem-bathroom-cabinet-on-vanity\/","title":{"rendered":"OEM Meuble de salle de bain sur meuble-lavabo, Meuble de salle de bain avec miroir en fibre de carbone, montage mural Wholesale"},"content":{"rendered":"<div class=\"wp-block-columns is-layout-flex wp-container-core-columns-is-layout-9d6595d7 wp-block-columns-is-layout-flex\">\n<div class=\"wp-block-column is-layout-flow wp-block-column-is-layout-flow\">\n<h2 class=\"wp-block-heading\">Armoire de salle de bains sur meuble-lavabo Caract\u00e9ristiques\uff1a<\/h2>\n\n\n\n<p><strong>Style moderne et minimaliste :<\/strong> Il peut \u00eatre assorti \u00e0 diff\u00e9rents styles de salles de bains. Le design pr\u00e9sente une couleur bois avec une texture claire et fine. Le design simple est agr\u00e9able \u00e0 l'\u0153il et cr\u00e9e un effet visuel global harmonieux et unifi\u00e9.<\/p>\n\n\n\n<p><strong>Acier inoxydable et c\u00e9ramique<\/strong>: L'armoire principale et l'armoire \u00e0 glace de la salle de bains sont fabriqu\u00e9es en fibre de carbone. Ce mat\u00e9riau a une faible densit\u00e9 et une structure stable. Associ\u00e9e \u00e0 une vasque en c\u00e9ramique blanche, la c\u00e9ramique est fabriqu\u00e9e par cuisson \u00e0 haute temp\u00e9rature, ce qui la rend stable, r\u00e9sistante \u00e0 l'usure et aux rayures, et lui conf\u00e8re une longue dur\u00e9e de vie. De plus, la vasque en c\u00e9ramique est facile \u00e0 nettoyer. Qu'il s'agisse de taches ou de taches d'huile, il suffit d'un l\u00e9ger coup de chiffon pour les \u00e9liminer. L'entretien quotidien est tr\u00e8s pratique.<\/p>\n\n\n\n<p><strong>Fonction de stockage :<\/strong>\u00a0Cette armoire de toilette est disponible dans les tailles 60\/80\/100CM, ce qui vous offre diverses options. L'armoire de toilette est dot\u00e9e d'une double porte, ce qui permet de ranger les produits cosm\u00e9tiques et les produits de soin quotidiens.<\/p>\n\n\n\n<p><strong>Armoire de toilette pratique avec \u00e9clairage LED<\/strong>: Le coin inf\u00e9rieur droit de l'armoire de toilette comporte \u00e9galement un tiroir \u00e0 mouchoirs. L'ensemble est simple et ordonn\u00e9. L'armoire est dot\u00e9e d'un \u00e9clairage LED en haut et en bas, avec trois couleurs. La surface du miroir est \u00e9galement dot\u00e9e d'une fonction antibu\u00e9e. Un l\u00e9ger contact peut facilement \u00e9liminer la bu\u00e9e, cr\u00e9ant ainsi une salle de bains confortable.<\/p>\n\n\n\n<p><strong>Utilisation de l'espace<\/strong>: Le mod\u00e8le est fix\u00e9 au mur, ce qui permet d'\u00e9conomiser de l'espace et de faciliter le nettoyage de la salle de bains. Il optimise l'utilisation de l'espace, ce qui permet \u00e0 nos petites salles de bains de disposer de suffisamment d'espace.<\/p>\n<\/div>\n\n\n\n<div class=\"wp-block-column is-layout-flow wp-block-column-is-layout-flow\"><div class=\"wp-block-image\">\n<figure class=\"aligncenter size-full\"><img decoding=\"async\" width=\"700\" height=\"700\" src=\"https:\/\/www.shouyasanitary.com\/wp-content\/uploads\/2025\/11\/bulk-purchases-wood-grain-color-bathroom-cabinet-vanity.webp\" alt=\"achats en vrac meuble de salle de bain vanit\u00e9 couleur grain de bois\" class=\"wp-image-2430\" style=\"object-fit:cover\" srcset=\"https:\/\/www.shouyasanitary.com\/wp-content\/uploads\/2025\/11\/bulk-purchases-wood-grain-color-bathroom-cabinet-vanity.webp 700w, https:\/\/www.shouyasanitary.com\/wp-content\/uploads\/2025\/11\/bulk-purchases-wood-grain-color-bathroom-cabinet-vanity-300x300.webp 300w, https:\/\/www.shouyasanitary.com\/wp-content\/uploads\/2025\/11\/bulk-purchases-wood-grain-color-bathroom-cabinet-vanity-150x150.webp 150w, https:\/\/www.shouyasanitary.com\/wp-content\/uploads\/2025\/11\/bulk-purchases-wood-grain-color-bathroom-cabinet-vanity-12x12.webp 12w, https:\/\/www.shouyasanitary.com\/wp-content\/uploads\/2025\/11\/bulk-purchases-wood-grain-color-bathroom-cabinet-vanity-600x600.webp 600w, https:\/\/www.shouyasanitary.com\/wp-content\/uploads\/2025\/11\/bulk-purchases-wood-grain-color-bathroom-cabinet-vanity-100x100.webp 100w\" sizes=\"(max-width: 700px) 100vw, 700px\" \/><\/figure>\n<\/div><\/div>\n<\/div>","protected":false},"excerpt":{"rendered":"<p>L'armoire de salle de bain Shouya OEM sur meuble-lavabo est fabriqu\u00e9e en fibre de carbone avec une texture semblable \u00e0 celle du bois. Combin\u00e9 avec les armoires de toilette LED anti-bu\u00e9e, le design mural permet d'\u00e9conomiser de l'espace dans la salle de bain, de cr\u00e9er un environnement harmonieux et unifi\u00e9, et de cr\u00e9er une salle de bain confortable. Veuillez nous contacter pour obtenir le prix en priorit\u00e9 !<\/p>\n<h2>Armoire de salle de bains sur meuble-lavabo Attributs\uff1a<\/h2>\n<p><strong>Num\u00e9ro d'article :<\/strong> SY314-60<strong><br \/>Mat\u00e9riau de l'armoire :<\/strong> Acier inoxydable+ABS<br \/><strong>Couleur de l'armoire : <\/strong>Jaune<br \/><strong>Miroir : <\/strong>Miroir LED (3,5 mm\/3,8 mm), \u00e9clairage tricolore, d\u00e9sembuage par simple pression d'une touche, s\u00e9curis\u00e9 par un emballage en mousse multicouche.<strong><br \/>Type d'installation : <\/strong>Montage mural<br \/><strong>Dimensions (L\u00d7L\u00d7H) : <\/strong>60*50*52 cm<br \/><strong>Poids brut : <\/strong>29kg\/set<\/p>\n<h2>Personnalisation et services :<\/h2>\n<p><strong>OEM ET ODM<\/strong>: Pris en charge<br \/><strong>Conception<\/strong>: Gratuit<br \/><strong>Accessoires<\/strong>: Lavabos, miroirs, robinets et autres accessoires de salle de bains<br \/><strong>Emballage<\/strong>: Pr\u00eat \u00e0 monter<\/p>","protected":false},"featured_media":2430,"comment_status":"closed","ping_status":"closed","template":"","meta":{"_acf_changed":false},"product_brand":[],"product_cat":[27],"product_tag":[],"class_list":{"0":"post-2426","1":"product","2":"type-product","3":"status-publish","4":"has-post-thumbnail","6":"product_cat-wholesale-stainless-steel-bathroom-vanity-cabinets","8":"first","9":"instock","10":"shipping-taxable","11":"product-type-simple"},"acf":[],"_links":{"self":[{"href":"https:\/\/www.shouyasanitary.com\/fr\/wp-json\/wp\/v2\/product\/2426","targetHints":{"allow":["GET"]}}],"collection":[{"href":"https:\/\/www.shouyasanitary.com\/fr\/wp-json\/wp\/v2\/product"}],"about":[{"href":"https:\/\/www.shouyasanitary.com\/fr\/wp-json\/wp\/v2\/types\/product"}],"replies":[{"embeddable":true,"href":"https:\/\/www.shouyasanitary.com\/fr\/wp-json\/wp\/v2\/comments?post=2426"}],"wp:featuredmedia":[{"embeddable":true,"href":"https:\/\/www.shouyasanitary.com\/fr\/wp-json\/wp\/v2\/media\/2430"}],"wp:attachment":[{"href":"https:\/\/www.shouyasanitary.com\/fr\/wp-json\/wp\/v2\/media?parent=2426"}],"wp:term":[{"taxonomy":"product_brand","embeddable":true,"href":"https:\/\/www.shouyasanitary.com\/fr\/wp-json\/wp\/v2\/product_brand?post=2426"},{"taxonomy":"product_cat","embeddable":true,"href":"https:\/\/www.shouyasanitary.com\/fr\/wp-json\/wp\/v2\/product_cat?post=2426"},{"taxonomy":"product_tag","embeddable":true,"href":"https:\/\/www.shouyasanitary.com\/fr\/wp-json\/wp\/v2\/product_tag?post=2426"}],"curies":[{"name":"wp","href":"https:\/\/api.w.org\/{rel}","templated":true}]}}