{"id":2427,"date":"2025-12-10T07:37:24","date_gmt":"2025-12-10T07:37:24","guid":{"rendered":"https:\/\/www.shouyasanitary.com\/?post_type=product&#038;p=2427"},"modified":"2025-12-10T07:38:00","modified_gmt":"2025-12-10T07:38:00","slug":"custom-wall-hanging-bathroom-cabinet","status":"publish","type":"product","link":"https:\/\/www.shouyasanitary.com\/fr\/produit\/custom-wall-hanging-bathroom-cabinet\/","title":{"rendered":"Meuble de salle de bain suspendu, meuble de salle de bain en acier inoxydable en vrac"},"content":{"rendered":"<div class=\"wp-block-columns is-layout-flex wp-container-core-columns-is-layout-9d6595d7 wp-block-columns-is-layout-flex\">\n<div class=\"wp-block-column is-layout-flow wp-block-column-is-layout-flow\">\n<h2 class=\"wp-block-heading\">Armoire de salle de bain suspendue Caract\u00e9ristiques\uff1a<\/h2>\n\n\n\n<p><strong>Acier inoxydable durable :<\/strong> Il est naturellement r\u00e9sistant \u00e0 l'eau et \u00e0 la corrosion et ne rouille pas et ne se d\u00e9forme pas dans l'environnement humide de la salle de bains. Associ\u00e9 \u00e0 la robustesse de la fibre de carbone, il n'a pas besoin d'\u00eatre manipul\u00e9 avec pr\u00e9caution lors des chocs et des nettoyages quotidiens, et sa dur\u00e9e de vie peut \u00eatre pleinement prolong\u00e9e.<\/p>\n\n\n\n<p><strong>Design minimaliste :<\/strong> Le grain de bois brun fonc\u00e9 + la couleur gris m\u00e9tal argent\u00e9 nob\u00e9lisent la sobri\u00e9t\u00e9, la texture froide de l'acier inoxydable neutralise la chaleur apport\u00e9e par la fibre de carbone. Qu'il s'agisse d'une salle de bains moderne et minimaliste ou d'une salle de bains l\u00e9g\u00e8re et luxueuse, elle s'int\u00e8gre parfaitement.<\/p>\n\n\n\n<p><strong>Facile \u00e0 nettoyer et \u00e0 entretenir<\/strong>La surface de l'acier inoxydable est lisse et exempte de salissures. Par cons\u00e9quent, les taches d'eau et les r\u00e9sidus de lavage peuvent \u00eatre nettoy\u00e9s imm\u00e9diatement ; l'armoire en fibre de carbone est imperm\u00e9able \u00e0 l'eau et \u00e0 l'humidit\u00e9, de sorte qu'il n'y a pas lieu de s'inqui\u00e9ter des infiltrations d'eau et des moisissures pendant le nettoyage.<\/p>\n\n\n\n<p><strong>L\u00e9ger et stable<\/strong>: Le m\u00e9lange d'acier inoxydable et de fibre de carbone rend l'armoire l\u00e9g\u00e8re tout en assurant un support de charge stable. Elle ne n\u00e9cessite donc pas de renforcement extr\u00eame des murs lorsqu'elle est suspendue. En m\u00eame temps, elle est id\u00e9ale pour les salles de bains petites ou anciennes, car elle permet d'\u00e9conomiser de l'espace tout en garantissant la s\u00e9curit\u00e9 et la fiabilit\u00e9.<\/p>\n\n\n\n<p><strong>Solution de personnalisation de la marque<\/strong>: Shouya propose l'impression de LOGO, l'emballage et la personnalisation d'accessoires exclusifs pour aider les clients \u00e0 cr\u00e9er leur propre marque.<\/p>\n<\/div>\n\n\n\n<div class=\"wp-block-column is-layout-flow wp-block-column-is-layout-flow\"><div class=\"wp-block-image\">\n<figure class=\"aligncenter size-full\"><img decoding=\"async\" width=\"700\" height=\"700\" src=\"https:\/\/www.shouyasanitary.com\/wp-content\/uploads\/2025\/11\/custom-wall-mount-cabinet.webp\" alt=\"armoire murale personnalis\u00e9e\" class=\"wp-image-2433\" style=\"object-fit:cover\" srcset=\"https:\/\/www.shouyasanitary.com\/wp-content\/uploads\/2025\/11\/custom-wall-mount-cabinet.webp 700w, https:\/\/www.shouyasanitary.com\/wp-content\/uploads\/2025\/11\/custom-wall-mount-cabinet-300x300.webp 300w, https:\/\/www.shouyasanitary.com\/wp-content\/uploads\/2025\/11\/custom-wall-mount-cabinet-150x150.webp 150w, https:\/\/www.shouyasanitary.com\/wp-content\/uploads\/2025\/11\/custom-wall-mount-cabinet-12x12.webp 12w, https:\/\/www.shouyasanitary.com\/wp-content\/uploads\/2025\/11\/custom-wall-mount-cabinet-600x600.webp 600w, https:\/\/www.shouyasanitary.com\/wp-content\/uploads\/2025\/11\/custom-wall-mount-cabinet-100x100.webp 100w\" sizes=\"(max-width: 700px) 100vw, 700px\" \/><\/figure>\n<\/div><\/div>\n<\/div>","protected":false},"excerpt":{"rendered":"<p>Meuble de salle de bains suspendu personnalis\u00e9 en bois brun fonc\u00e9 avec une armoire de toilette et une vasque en c\u00e9ramique. Fabriqu\u00e9e en acier inoxydable, elle est durable, r\u00e9sistante \u00e0 l'humidit\u00e9 et convient \u00e0 toute salle de bain moderne. Contactez-nous pour des prix de gros et des options de design personnalis\u00e9.<\/p>\n<h2>Armoire de salle de bain suspendue Attributs\uff1a<\/h2>\n<p><strong>Num\u00e9ro d'article :<\/strong> SY315-60<strong><br \/>Mat\u00e9riau de l'armoire :<\/strong> Acier inoxydable+ABS<br \/><strong>Couleur de l'armoire : <\/strong>Marron<br \/><strong>Miroir : <\/strong>Miroir LED (3,5 mm\/3,8 mm), \u00e9clairage tricolore, d\u00e9sembuage par simple pression d'une touche, s\u00e9curis\u00e9 par un emballage en mousse multicouche.<strong><br \/>Type d'installation : <\/strong>Montage mural<br \/><strong>Dimensions (L\u00d7L\u00d7H) : <\/strong>60*50*52 cm<br \/><strong>Poids brut : <\/strong>28kg\/set<\/p>\n<h2>Personnalisation et services :<\/h2>\n<p><strong>OEM ET ODM<\/strong>: Pris en charge<br \/><strong>Conception<\/strong>: Gratuit<br \/><strong>Accessoires<\/strong>: Lavabos, miroirs, robinets et autres accessoires de salle de bains<br \/><strong>Emballage<\/strong>: Pr\u00eat \u00e0 monter<\/p>","protected":false},"featured_media":2433,"comment_status":"closed","ping_status":"closed","template":"","meta":{"_acf_changed":true},"product_brand":[],"product_cat":[27],"product_tag":[],"class_list":{"0":"post-2427","1":"product","2":"type-product","3":"status-publish","4":"has-post-thumbnail","6":"product_cat-wholesale-stainless-steel-bathroom-vanity-cabinets","8":"first","9":"instock","10":"shipping-taxable","11":"product-type-simple"},"acf":[],"_links":{"self":[{"href":"https:\/\/www.shouyasanitary.com\/fr\/wp-json\/wp\/v2\/product\/2427","targetHints":{"allow":["GET"]}}],"collection":[{"href":"https:\/\/www.shouyasanitary.com\/fr\/wp-json\/wp\/v2\/product"}],"about":[{"href":"https:\/\/www.shouyasanitary.com\/fr\/wp-json\/wp\/v2\/types\/product"}],"replies":[{"embeddable":true,"href":"https:\/\/www.shouyasanitary.com\/fr\/wp-json\/wp\/v2\/comments?post=2427"}],"wp:featuredmedia":[{"embeddable":true,"href":"https:\/\/www.shouyasanitary.com\/fr\/wp-json\/wp\/v2\/media\/2433"}],"wp:attachment":[{"href":"https:\/\/www.shouyasanitary.com\/fr\/wp-json\/wp\/v2\/media?parent=2427"}],"wp:term":[{"taxonomy":"product_brand","embeddable":true,"href":"https:\/\/www.shouyasanitary.com\/fr\/wp-json\/wp\/v2\/product_brand?post=2427"},{"taxonomy":"product_cat","embeddable":true,"href":"https:\/\/www.shouyasanitary.com\/fr\/wp-json\/wp\/v2\/product_cat?post=2427"},{"taxonomy":"product_tag","embeddable":true,"href":"https:\/\/www.shouyasanitary.com\/fr\/wp-json\/wp\/v2\/product_tag?post=2427"}],"curies":[{"name":"wp","href":"https:\/\/api.w.org\/{rel}","templated":true}]}}