{"id":2428,"date":"2025-12-10T08:22:52","date_gmt":"2025-12-10T08:22:52","guid":{"rendered":"https:\/\/www.shouyasanitary.com\/?post_type=product&#038;p=2428"},"modified":"2025-12-10T08:22:58","modified_gmt":"2025-12-10T08:22:58","slug":"wholesale-white-bathroom-vanities","status":"publish","type":"product","link":"https:\/\/www.shouyasanitary.com\/fr\/produit\/wholesale-white-bathroom-vanities\/","title":{"rendered":"Wholesale White Bathroom Vanities with Rock Slate Towel Rack"},"content":{"rendered":"<div class=\"wp-block-columns is-layout-flex wp-container-core-columns-is-layout-9d6595d7 wp-block-columns-is-layout-flex\">\n<div class=\"wp-block-column is-layout-flow wp-block-column-is-layout-flow\">\n<h2 class=\"wp-block-heading\">Caract\u00e9ristiques des meubles-lavabos blancs\uff1a<\/h2>\n\n\n\n<p><strong>Int\u00e9gration transparente :\u00a0<\/strong>La vasque en c\u00e9ramique sans soudure est pr\u00e9cis\u00e9ment reli\u00e9e au plateau de table en dalles de roche, et il n'y a pas d'espace pour cacher la salet\u00e9. Les taches d'eau et la mousse qui se forment lors du lavage peuvent \u00eatre nettoy\u00e9es sans qu'il soit n\u00e9cessaire de ramasser les r\u00e9sidus dans l'interstice. C'est extr\u00eamement pratique pour l'entretien quotidien.<\/p>\n\n\n\n<p><strong>Dalles rocheuses durables<\/strong>: Les plaques de roche elles-m\u00eames sont r\u00e9sistantes aux rayures, \u00e0 l'usure et aux temp\u00e9ratures \u00e9lev\u00e9es. Elles ne laissent pas de traces lorsqu'elles sont utilis\u00e9es pour le toilettage ou lorsqu'elles sont plac\u00e9es dans une bouillotte. Associ\u00e9es \u00e0 des pots en c\u00e9ramique pour r\u00e9sister aux taches, elles conservent leur fra\u00eecheur m\u00eame apr\u00e8s une utilisation prolong\u00e9e et conviennent \u00e0 des sc\u00e9narios de salle de bains tr\u00e8s fr\u00e9quents.<\/p>\n\n\n\n<p><strong>Aspect l\u00e9ger et luxueux<\/strong>: Les panneaux de pierre \u00e0 texture de marbre apportent un sentiment de luxe, associ\u00e9s \u00e0 des miroirs d'\u00e9clairage ambiant encastr\u00e9s ; la texture froide d\u00e9gage une atmosph\u00e8re douce. Qu'il s'agisse d'une salle de bains moderne et luxueuse ou d'une salle de bains minimaliste, ces panneaux peuvent devenir le point de mire visuel et rehausser le style de l'espace.<\/p>\n\n\n\n<p><strong>Conception suspendue<\/strong>: L'installation suspendue permet non seulement d'\u00e9conomiser de l'espace au sol, mais aussi d'\u00e9viter le probl\u00e8me de l'humidit\u00e9 au fond des armoires de sol traditionnelles.<\/p>\n\n\n\n<p><strong>Mat\u00e9riau imperm\u00e9able<\/strong>: Les propri\u00e9t\u00e9s des panneaux de roche et des c\u00e9ramiques permettent \u00e0 la salle de bains de rester s\u00e8che et propre m\u00eame dans les environnements humides, et m\u00eame les petites unit\u00e9s peuvent obtenir une salle de bains propre.<\/p>\n<\/div>\n\n\n\n<div class=\"wp-block-column is-layout-flow wp-block-column-is-layout-flow\"><div class=\"wp-block-image\">\n<figure class=\"aligncenter size-full\"><img decoding=\"async\" width=\"700\" height=\"700\" src=\"https:\/\/www.shouyasanitary.com\/wp-content\/uploads\/2025\/11\/OEM-rock-slate-basin-with-mirror.webp\" alt=\"OEM bassin en ardoise avec miroir\" class=\"wp-image-2439\" style=\"object-fit:cover\" srcset=\"https:\/\/www.shouyasanitary.com\/wp-content\/uploads\/2025\/11\/OEM-rock-slate-basin-with-mirror.webp 700w, https:\/\/www.shouyasanitary.com\/wp-content\/uploads\/2025\/11\/OEM-rock-slate-basin-with-mirror-300x300.webp 300w, https:\/\/www.shouyasanitary.com\/wp-content\/uploads\/2025\/11\/OEM-rock-slate-basin-with-mirror-150x150.webp 150w, https:\/\/www.shouyasanitary.com\/wp-content\/uploads\/2025\/11\/OEM-rock-slate-basin-with-mirror-12x12.webp 12w, https:\/\/www.shouyasanitary.com\/wp-content\/uploads\/2025\/11\/OEM-rock-slate-basin-with-mirror-600x600.webp 600w, https:\/\/www.shouyasanitary.com\/wp-content\/uploads\/2025\/11\/OEM-rock-slate-basin-with-mirror-100x100.webp 100w\" sizes=\"(max-width: 700px) 100vw, 700px\" \/><\/figure>\n<\/div><\/div>\n<\/div>","protected":false},"excerpt":{"rendered":"<p>Meubles de salle de bains blancs en gros avec panneau en ardoise, design mural, porte-serviettes, porte-serviettes, armoire de toilette \u00e0 LED et vasque en c\u00e9ramique. Ils procurent une sensation de luxe, id\u00e9ale pour les h\u00f4tels et les appartements. L'usine Shouya propose des produits OEM\/ODM et des produits en vrac. Contactez-nous pour obtenir un devis !<\/p>\n<h2>Attributs des meubles-lavabos\uff1a<\/h2>\n<p><strong>Num\u00e9ro d'article<\/strong>: SYY20251101<br \/><strong>Mat\u00e9riau de l'armoire<\/strong>: Marbre <br \/><strong>Couleur de l'armoire<\/strong>: Blanc<br \/><strong>Miroir<\/strong>: Miroir LED (3,5mm \/ 3,8mm), \u00e9clairage tricolore, d\u00e9sembuage par simple pression d'une touche, s\u00e9curis\u00e9 par un emballage en mousse multicouche. <br \/><strong>Type d'installation<\/strong>: Montage mural <br \/><strong>Dimensions (L \u00d7 L \u00d7 H)<\/strong>: 80 \u00d7 50 \u00d7 15 cm <br \/><strong>Poids brut<\/strong>: 35 kg\/set<\/p>\n<h2>Personnalisation et services :<\/h2>\n<p><strong>OEM ET ODM<\/strong>: Pris en charge<br \/><strong>Conception<\/strong>: Gratuit<br \/><strong>Accessoires<\/strong>: Lavabos, miroirs, robinets et autres accessoires de salle de bains<br \/><strong>Emballage<\/strong>: Pr\u00eat \u00e0 monter<\/p>","protected":false},"featured_media":2439,"comment_status":"closed","ping_status":"closed","template":"","meta":{"_acf_changed":false},"product_brand":[],"product_cat":[22],"product_tag":[],"class_list":{"0":"post-2428","1":"product","2":"type-product","3":"status-publish","4":"has-post-thumbnail","6":"product_cat-wholesale-marble-bathroom-vanity-cabinets","8":"first","9":"instock","10":"shipping-taxable","11":"product-type-simple"},"acf":[],"_links":{"self":[{"href":"https:\/\/www.shouyasanitary.com\/fr\/wp-json\/wp\/v2\/product\/2428","targetHints":{"allow":["GET"]}}],"collection":[{"href":"https:\/\/www.shouyasanitary.com\/fr\/wp-json\/wp\/v2\/product"}],"about":[{"href":"https:\/\/www.shouyasanitary.com\/fr\/wp-json\/wp\/v2\/types\/product"}],"replies":[{"embeddable":true,"href":"https:\/\/www.shouyasanitary.com\/fr\/wp-json\/wp\/v2\/comments?post=2428"}],"wp:featuredmedia":[{"embeddable":true,"href":"https:\/\/www.shouyasanitary.com\/fr\/wp-json\/wp\/v2\/media\/2439"}],"wp:attachment":[{"href":"https:\/\/www.shouyasanitary.com\/fr\/wp-json\/wp\/v2\/media?parent=2428"}],"wp:term":[{"taxonomy":"product_brand","embeddable":true,"href":"https:\/\/www.shouyasanitary.com\/fr\/wp-json\/wp\/v2\/product_brand?post=2428"},{"taxonomy":"product_cat","embeddable":true,"href":"https:\/\/www.shouyasanitary.com\/fr\/wp-json\/wp\/v2\/product_cat?post=2428"},{"taxonomy":"product_tag","embeddable":true,"href":"https:\/\/www.shouyasanitary.com\/fr\/wp-json\/wp\/v2\/product_tag?post=2428"}],"curies":[{"name":"wp","href":"https:\/\/api.w.org\/{rel}","templated":true}]}}