{"id":2429,"date":"2025-12-10T07:56:14","date_gmt":"2025-12-10T07:56:14","guid":{"rendered":"https:\/\/www.shouyasanitary.com\/?post_type=product&#038;p=2429"},"modified":"2025-12-10T07:56:20","modified_gmt":"2025-12-10T07:56:20","slug":"oem-sink-bathroom-vanity","status":"publish","type":"product","link":"https:\/\/www.shouyasanitary.com\/fr\/produit\/oem-sink-bathroom-vanity\/","title":{"rendered":"OEM Meuble de salle de bain, Meuble de salle de bain en marbre, finition ardoise brillante avec dessus Wholesale"},"content":{"rendered":"<div class=\"wp-block-columns is-layout-flex wp-container-core-columns-is-layout-9d6595d7 wp-block-columns-is-layout-flex\">\n<div class=\"wp-block-column is-layout-flow wp-block-column-is-layout-flow\">\n<h2 class=\"wp-block-heading\">Caract\u00e9ristiques du meuble-lavabo OEM :<\/h2>\n\n\n\n<p><strong>Design \u00e9l\u00e9gant : <\/strong>Le plan de travail est constitu\u00e9 de plaques de marbre \u00e0 la texture naturelle et fine. La couleur cr\u00e8me p\u00e2le conf\u00e8re \u00e0 l'ensemble un aspect sophistiqu\u00e9, propre et lumineux.<\/p>\n\n\n\n<p><strong>Miroir multifonctionnel : <\/strong>Le miroir LED ovale dispose d'un r\u00e9tro\u00e9clairage au dos et de trois couleurs : lumi\u00e8re blanche, lumi\u00e8re chaude et lumi\u00e8re naturelle. Il peut passer de l'une \u00e0 l'autre \u00e0 volont\u00e9 pour cr\u00e9er une atmosph\u00e8re.<\/p>\n\n\n\n<p><strong>Mat\u00e9riau de qualit\u00e9 : <\/strong>Le mat\u00e9riau utilis\u00e9 est le marbre, associ\u00e9 \u00e0 des vasques en c\u00e9ramique. Le plan de travail est spacieux, ce qui permet d'y placer les articles de toilette, les produits cosm\u00e9tiques, etc.<\/p>\n\n\n\n<p><strong>Structure flottante : <\/strong>la conception murale permet d'\u00e9conomiser de l'espace dans la salle de bains et facilite le nettoyage quotidien.<\/p>\n\n\n\n<p><strong>Solution de stockage :<\/strong> Une poign\u00e9e de rangement est plac\u00e9e sur le c\u00f4t\u00e9 gauche de l'armoire principale. Cette conception r\u00e9sout le probl\u00e8me de l'emplacement des serviettes dans la salle de bains. Apr\u00e8s avoir pris un bain, les utilisateurs peuvent facilement trouver les serviettes, et apr\u00e8s les avoir utilis\u00e9es, ils peuvent les suspendre pour les faire s\u00e9cher. Cette conception nous permet \u00e9galement de garder l'\u00e9diteur du compartiment ouvert du c\u00f4t\u00e9 droit bien rang\u00e9.<\/p>\n\n\n\n<p><strong>Options personnalisables :<\/strong>\u00a0Nous proposons un service OEM\/ODM, permettant de personnaliser la taille, le type d'\u00e9clairage et le design du miroir afin de r\u00e9pondre aux besoins de divers projets.<\/p>\n<\/div>\n\n\n\n<div class=\"wp-block-column is-layout-flow wp-block-column-is-layout-flow\"><div class=\"wp-block-image\">\n<figure class=\"aligncenter size-full\"><img decoding=\"async\" width=\"700\" height=\"700\" src=\"https:\/\/www.shouyasanitary.com\/wp-content\/uploads\/2025\/11\/OEM-bathroom-vanity-rock-slate-glossy-finishing-combination.webp\" alt=\"OEM vanit\u00e9 de salle de bain pierre ardoise finition brillante combinaison\" class=\"wp-image-2436\" style=\"object-fit:cover\" srcset=\"https:\/\/www.shouyasanitary.com\/wp-content\/uploads\/2025\/11\/OEM-bathroom-vanity-rock-slate-glossy-finishing-combination.webp 700w, https:\/\/www.shouyasanitary.com\/wp-content\/uploads\/2025\/11\/OEM-bathroom-vanity-rock-slate-glossy-finishing-combination-300x300.webp 300w, https:\/\/www.shouyasanitary.com\/wp-content\/uploads\/2025\/11\/OEM-bathroom-vanity-rock-slate-glossy-finishing-combination-150x150.webp 150w, https:\/\/www.shouyasanitary.com\/wp-content\/uploads\/2025\/11\/OEM-bathroom-vanity-rock-slate-glossy-finishing-combination-12x12.webp 12w, https:\/\/www.shouyasanitary.com\/wp-content\/uploads\/2025\/11\/OEM-bathroom-vanity-rock-slate-glossy-finishing-combination-600x600.webp 600w, https:\/\/www.shouyasanitary.com\/wp-content\/uploads\/2025\/11\/OEM-bathroom-vanity-rock-slate-glossy-finishing-combination-100x100.webp 100w\" sizes=\"(max-width: 700px) 100vw, 700px\" \/><\/figure>\n<\/div><\/div>\n<\/div>","protected":false},"excerpt":{"rendered":"<p>Meuble de salle de bain avec lavabo OEM en ardoise, miroir LED intelligent \u00e0 trois couleurs, vasque en c\u00e9ramique avec comptoir, facile \u00e0 nettoyer, design mural, \u00e9conomisant l'espace de la salle de bain.  Parfait pour les h\u00f4tels et les appartements. Shouya fournit des produits d'usine, contactez-nous pour l'approvisionnement en vrac et la personnalisation.<\/p>\n<h2>Attributs du meuble-lavabo OEM\uff1a<\/h2>\n<p><strong>Num\u00e9ro d'article<\/strong>: SYR10018-80<br \/><strong>Mat\u00e9riau de l'armoire<\/strong>: Marbre <br \/><strong>Couleur de l'armoire<\/strong>: Noir et blanc <br \/><strong>Miroir<\/strong>: Miroir LED (3,5mm \/ 3,8mm), \u00e9clairage tricolore, d\u00e9sembuage par simple pression d'une touche, s\u00e9curis\u00e9 par un emballage en mousse multicouche. <br \/><strong>Type d'installation<\/strong>: Montage mural <br \/><strong>Dimensions (L \u00d7 L \u00d7 H)<\/strong>: 80 \u00d7 50 \u00d7 30 cm <br \/><strong>Poids brut<\/strong>: 31 kg\/set<\/p>\n<h2>Personnalisation et services :<\/h2>\n<p><strong>OEM ET ODM<\/strong>: Pris en charge<br \/><strong>Conception<\/strong>: Gratuit<br \/><strong>Accessoires<\/strong>: Lavabos, miroirs, robinets et autres accessoires de salle de bains<br \/><strong>Emballage<\/strong>: Pr\u00eat \u00e0 monter<\/p>","protected":false},"featured_media":2436,"comment_status":"closed","ping_status":"closed","template":"","meta":{"_acf_changed":false},"product_brand":[],"product_cat":[22],"product_tag":[],"class_list":{"0":"post-2429","1":"product","2":"type-product","3":"status-publish","4":"has-post-thumbnail","6":"product_cat-wholesale-marble-bathroom-vanity-cabinets","8":"first","9":"instock","10":"shipping-taxable","11":"product-type-simple"},"acf":[],"_links":{"self":[{"href":"https:\/\/www.shouyasanitary.com\/fr\/wp-json\/wp\/v2\/product\/2429","targetHints":{"allow":["GET"]}}],"collection":[{"href":"https:\/\/www.shouyasanitary.com\/fr\/wp-json\/wp\/v2\/product"}],"about":[{"href":"https:\/\/www.shouyasanitary.com\/fr\/wp-json\/wp\/v2\/types\/product"}],"replies":[{"embeddable":true,"href":"https:\/\/www.shouyasanitary.com\/fr\/wp-json\/wp\/v2\/comments?post=2429"}],"wp:featuredmedia":[{"embeddable":true,"href":"https:\/\/www.shouyasanitary.com\/fr\/wp-json\/wp\/v2\/media\/2436"}],"wp:attachment":[{"href":"https:\/\/www.shouyasanitary.com\/fr\/wp-json\/wp\/v2\/media?parent=2429"}],"wp:term":[{"taxonomy":"product_brand","embeddable":true,"href":"https:\/\/www.shouyasanitary.com\/fr\/wp-json\/wp\/v2\/product_brand?post=2429"},{"taxonomy":"product_cat","embeddable":true,"href":"https:\/\/www.shouyasanitary.com\/fr\/wp-json\/wp\/v2\/product_cat?post=2429"},{"taxonomy":"product_tag","embeddable":true,"href":"https:\/\/www.shouyasanitary.com\/fr\/wp-json\/wp\/v2\/product_tag?post=2429"}],"curies":[{"name":"wp","href":"https:\/\/api.w.org\/{rel}","templated":true}]}}