{"id":2449,"date":"2025-12-11T08:42:35","date_gmt":"2025-12-11T08:42:35","guid":{"rendered":"https:\/\/www.shouyasanitary.com\/?post_type=product&#038;p=2449"},"modified":"2025-12-11T08:42:42","modified_gmt":"2025-12-11T08:42:42","slug":"wholesale-floating-vanity-for-bathroom","status":"publish","type":"product","link":"https:\/\/www.shouyasanitary.com\/fr\/produit\/wholesale-floating-vanity-for-bathroom\/","title":{"rendered":"Wholesale Vanity Floating Vanity for Bathroom, White Bathroom Cabinet with Double Drawers LED Mirror Cutsom"},"content":{"rendered":"<div class=\"wp-block-columns is-layout-flex wp-container-core-columns-is-layout-9d6595d7 wp-block-columns-is-layout-flex\">\n<div class=\"wp-block-column is-layout-flow wp-block-column-is-layout-flow\">\n<h2 class=\"wp-block-heading\">Caract\u00e9ristiques du meuble-lavabo flottant pour salle de bains\uff1a<\/h2>\n\n\n\n<p><strong>Minimalisme Apparence :<\/strong> Le corps du meuble de salle de bains est d'un blanc doux et cr\u00e9meux, \u00e9l\u00e9gant et simple, conforme \u00e0 l'esth\u00e9tique contemporaine, adapt\u00e9 \u00e0 diff\u00e9rents styles de salles de bains et procurant une sensation d'apaisement.<\/p>\n\n\n\n<p><strong>Texture haut de gamme :<\/strong> Fabriqu\u00e9 en PVC de haute qualit\u00e9, il pr\u00e9sente une texture lisse, est tr\u00e8s \u00e9tanche et r\u00e9siste \u00e0 l'humidit\u00e9. Il est associ\u00e9 \u00e0 une vasque int\u00e9gr\u00e9e en c\u00e9ramique blanche, fabriqu\u00e9e par cuisson \u00e0 haute temp\u00e9rature et \u00e9quip\u00e9e d'une plaque de blocage de l'eau pour \u00e9viter les \u00e9claboussures.<\/p>\n\n\n\n<p><strong>Facile \u00e0 nettoyer :<\/strong> Il suffit d'un l\u00e9ger coup de chiffon pour \u00e9liminer les taches et retrouver la blancheur et la propret\u00e9 d'origine.<\/p>\n\n\n\n<p><strong>Miroir intelligent \u00e0 LED :<\/strong> La lentille rectangulaire et arrondie du miroir intelligent \u00e0 LED est simple et \u00e9l\u00e9gante. Trois couleurs de r\u00e9tro\u00e9clairage sont disponibles \u00e0 l'arri\u00e8re, notamment le blanc, la couleur chaude et la couleur naturelle, s'adaptant facilement \u00e0 l'effet d'\u00e9clairage que vous souhaitez, cr\u00e9ant ainsi une atmosph\u00e8re.<\/p>\n\n\n\n<p><strong>Grande capacit\u00e9 de stockage :<\/strong> Il comporte des tiroirs avec des compartiments en haut et en bas, ce qui permet de classer les articles par cat\u00e9gorie et de ranger s\u00e9par\u00e9ment des articles tels que les brosses \u00e0 dents et les produits de soin de la peau. De plus, la m\u00e9thode d'installation murale permet d'\u00e9conomiser de l'espace.<\/p>\n<\/div>\n\n\n\n<div class=\"wp-block-column is-layout-flow wp-block-column-is-layout-flow\"><div class=\"wp-block-image\">\n<figure class=\"aligncenter size-full\"><img decoding=\"async\" width=\"700\" height=\"700\" src=\"https:\/\/www.shouyasanitary.com\/wp-content\/uploads\/2025\/11\/wholesale-custom-cream-white-bathroom-cabinet-vanity.webp\" alt=\"meuble de salle de bain blanc-cr\u00e8me en gros\" class=\"wp-image-2451\" style=\"object-fit:cover\" srcset=\"https:\/\/www.shouyasanitary.com\/wp-content\/uploads\/2025\/11\/wholesale-custom-cream-white-bathroom-cabinet-vanity.webp 700w, https:\/\/www.shouyasanitary.com\/wp-content\/uploads\/2025\/11\/wholesale-custom-cream-white-bathroom-cabinet-vanity-300x300.webp 300w, https:\/\/www.shouyasanitary.com\/wp-content\/uploads\/2025\/11\/wholesale-custom-cream-white-bathroom-cabinet-vanity-150x150.webp 150w, https:\/\/www.shouyasanitary.com\/wp-content\/uploads\/2025\/11\/wholesale-custom-cream-white-bathroom-cabinet-vanity-12x12.webp 12w, https:\/\/www.shouyasanitary.com\/wp-content\/uploads\/2025\/11\/wholesale-custom-cream-white-bathroom-cabinet-vanity-600x600.webp 600w, https:\/\/www.shouyasanitary.com\/wp-content\/uploads\/2025\/11\/wholesale-custom-cream-white-bathroom-cabinet-vanity-100x100.webp 100w\" sizes=\"(max-width: 700px) 100vw, 700px\" \/><\/figure>\n<\/div><\/div>\n<\/div>","protected":false},"excerpt":{"rendered":"<p>Meuble de salle de bain flottant en gros, mat\u00e9riau PVC combin\u00e9 \u00e0 une vasque en c\u00e9ramique, les taches peuvent \u00eatre enlev\u00e9es avec un l\u00e9ger essuyage, le miroir LED avec trois couleurs de r\u00e9tro-\u00e9clairage, cr\u00e9ant une atmosph\u00e8re dans la salle de bain.  Les doubles tiroirs offrent un grand espace de rangement. Nous prenons en charge la personnalisation OEM. N'h\u00e9sitez pas \u00e0 vous renseigner sur les prix de gros et les solutions personnalis\u00e9es !<\/p>\n<h2>Vanit\u00e9 flottante pour salle de bain Attributs\uff1a<\/h2>\n<p><strong><br \/>Mat\u00e9riau de l'armoire :<\/strong> PVC<br \/><strong>Couleur de l'armoire : <\/strong>Blanc<br \/><strong>Miroir :<\/strong> Miroir LED (3,5 mm\/3,8 mm), \u00e9clairage tricolore, d\u00e9sembuage par simple pression d'une touche, s\u00e9curis\u00e9 par un emballage en mousse multicouche.<br \/><strong>Type d'installation :<\/strong>\u00a0Montage mural<br \/><strong>Dimensions (L\u00d7L\u00d7H) :<\/strong> 60*47*47 cm<br \/><strong>Poids brut :<\/strong> 32kg\/set<\/p>\n<h2>Personnalisation et services :<\/h2>\n<p><strong>OEM ET ODM<\/strong>: Pris en charge<br \/><strong>Conception<\/strong>: Gratuit<br \/><strong>Accessoires<\/strong>: Lavabos, miroirs, robinets et autres accessoires de salle de bains<br \/><strong>Emballage<\/strong>: Pr\u00eat \u00e0 monter<\/p>","protected":false},"featured_media":2451,"comment_status":"closed","ping_status":"closed","template":"","meta":{"_acf_changed":false},"product_brand":[],"product_cat":[24],"product_tag":[],"class_list":{"0":"post-2449","1":"product","2":"type-product","3":"status-publish","4":"has-post-thumbnail","6":"product_cat-wholesale-pvc-bathroom-vanity-cabinets","8":"first","9":"instock","10":"shipping-taxable","11":"product-type-simple"},"acf":[],"_links":{"self":[{"href":"https:\/\/www.shouyasanitary.com\/fr\/wp-json\/wp\/v2\/product\/2449","targetHints":{"allow":["GET"]}}],"collection":[{"href":"https:\/\/www.shouyasanitary.com\/fr\/wp-json\/wp\/v2\/product"}],"about":[{"href":"https:\/\/www.shouyasanitary.com\/fr\/wp-json\/wp\/v2\/types\/product"}],"replies":[{"embeddable":true,"href":"https:\/\/www.shouyasanitary.com\/fr\/wp-json\/wp\/v2\/comments?post=2449"}],"wp:featuredmedia":[{"embeddable":true,"href":"https:\/\/www.shouyasanitary.com\/fr\/wp-json\/wp\/v2\/media\/2451"}],"wp:attachment":[{"href":"https:\/\/www.shouyasanitary.com\/fr\/wp-json\/wp\/v2\/media?parent=2449"}],"wp:term":[{"taxonomy":"product_brand","embeddable":true,"href":"https:\/\/www.shouyasanitary.com\/fr\/wp-json\/wp\/v2\/product_brand?post=2449"},{"taxonomy":"product_cat","embeddable":true,"href":"https:\/\/www.shouyasanitary.com\/fr\/wp-json\/wp\/v2\/product_cat?post=2449"},{"taxonomy":"product_tag","embeddable":true,"href":"https:\/\/www.shouyasanitary.com\/fr\/wp-json\/wp\/v2\/product_tag?post=2449"}],"curies":[{"name":"wp","href":"https:\/\/api.w.org\/{rel}","templated":true}]}}