{"id":2450,"date":"2025-12-15T08:47:52","date_gmt":"2025-12-15T08:47:52","guid":{"rendered":"https:\/\/www.shouyasanitary.com\/?post_type=product&#038;p=2450"},"modified":"2025-12-15T08:47:55","modified_gmt":"2025-12-15T08:47:55","slug":"wholesale-bathroom-vanity-with-top","status":"publish","type":"product","link":"https:\/\/www.shouyasanitary.com\/fr\/produit\/wholesale-bathroom-vanity-with-top\/","title":{"rendered":"Wholesale Bathroom Vanity with Top,Luxury black Cabinet Bathroom Large Size PVC Custom"},"content":{"rendered":"<div class=\"wp-block-columns is-layout-flex wp-container-core-columns-is-layout-9d6595d7 wp-block-columns-is-layout-flex\">\n<div class=\"wp-block-column is-layout-flow wp-block-column-is-layout-flow\">\n<h2 class=\"wp-block-heading\">Caract\u00e9ristiques du meuble-lavabo avec plateau :<\/h2>\n\n\n\n<p><strong>Style moderne et minimaliste<\/strong>: Le plan de travail est en granit noir avec des motifs blancs, et le meuble principal est \u00e9quip\u00e9 d'une grille beige et de lampes intelligentes de forme irr\u00e9guli\u00e8re. L'aspect g\u00e9n\u00e9ral donne une impression de sophistication, adapt\u00e9e aux grandes salles de bains.<\/p>\n\n\n\n<p><strong>Mat\u00e9riau de qualit\u00e9 :<\/strong> Le comptoir est en ardoise de roche marbr\u00e9e, avec une base noire brillante et des motifs blancs. Le meuble principal est en PVC, qui est r\u00e9sistant \u00e0 l'humidit\u00e9, \u00e0 l'eau, aux taches et \u00e0 la d\u00e9formation.<\/p>\n\n\n\n<p><strong>Conception murale :<\/strong> Il permet de r\u00e9duire l'espace de la salle de bains et facilite le nettoyage des recoins cach\u00e9s de la salle de bains.<\/p>\n\n\n\n<p><strong>Miroir LED :<\/strong>\u00a0Il est \u00e9quip\u00e9 d'un miroir LED intelligent de grande taille et de forme irr\u00e9guli\u00e8re, offrant un r\u00e9tro\u00e9clairage en trois couleurs et une fonction antibu\u00e9e. Il permet de d\u00e9shumidifier en un seul clic et de cr\u00e9er un style de salle de bains parfait.<\/p>\n\n\n\n<p><strong>Fonction de stockage :<\/strong>\u00a0Le meuble principal est dot\u00e9 d'une grille et de doubles portes. L'int\u00e9rieur dispose d'un grand espace de rangement, qui permet de stocker les articles de toilette quotidiens tels que les articles de toilette et les serviettes, tout en conciliant intimit\u00e9 et ordre.<\/p>\n\n\n\n<p><strong>Service OEM\/ODM<\/strong>: Shouya propose des services OEM\/ODM pour r\u00e9pondre aux exigences des clients. La taille, la couleur, le mat\u00e9riau, le logo et l'emballage peuvent \u00eatre personnalis\u00e9s de mani\u00e8re flexible pour s'adapter aux diff\u00e9rents besoins du march\u00e9 mondial.<\/p>\n<\/div>\n\n\n\n<div class=\"wp-block-column is-layout-flow wp-block-column-is-layout-flow\"><div class=\"wp-block-image\">\n<figure class=\"aligncenter size-full\"><img decoding=\"async\" width=\"700\" height=\"700\" src=\"https:\/\/www.shouyasanitary.com\/wp-content\/uploads\/2025\/11\/bulk-purchases-vanity-bathroom-in-luxury-black-with-sink.webp\" alt=\"\" class=\"wp-image-2454\" style=\"object-fit:cover\" srcset=\"https:\/\/www.shouyasanitary.com\/wp-content\/uploads\/2025\/11\/bulk-purchases-vanity-bathroom-in-luxury-black-with-sink.webp 700w, https:\/\/www.shouyasanitary.com\/wp-content\/uploads\/2025\/11\/bulk-purchases-vanity-bathroom-in-luxury-black-with-sink-300x300.webp 300w, https:\/\/www.shouyasanitary.com\/wp-content\/uploads\/2025\/11\/bulk-purchases-vanity-bathroom-in-luxury-black-with-sink-150x150.webp 150w, https:\/\/www.shouyasanitary.com\/wp-content\/uploads\/2025\/11\/bulk-purchases-vanity-bathroom-in-luxury-black-with-sink-12x12.webp 12w, https:\/\/www.shouyasanitary.com\/wp-content\/uploads\/2025\/11\/bulk-purchases-vanity-bathroom-in-luxury-black-with-sink-600x600.webp 600w, https:\/\/www.shouyasanitary.com\/wp-content\/uploads\/2025\/11\/bulk-purchases-vanity-bathroom-in-luxury-black-with-sink-100x100.webp 100w\" sizes=\"(max-width: 700px) 100vw, 700px\" \/><\/figure>\n<\/div><\/div>\n<\/div>","protected":false},"excerpt":{"rendered":"<p>Ce meuble-lavabo en PVC, avec cabinet en c\u00e9ramique, est le choix id\u00e9al pour cr\u00e9er un espace de salle de bain confortable et fonctionnel. Veuillez nous contacter pour un devis et un catalogue de produits.<\/p>\n<h2>Armoire Blanche Salle de Bain Attributs\uff1a<\/h2>\n<p><strong><br \/>Mat\u00e9riau de l'armoire :<\/strong> PVC<br \/><strong>Couleur de l'armoire : <\/strong>Marron et noir<br \/><strong>Miroir :<\/strong> Miroir LED (3,5 mm\/3,8 mm), \u00e9clairage tricolore, d\u00e9sembuage par simple pression d'une touche, s\u00e9curis\u00e9 par un emballage en mousse multicouche.<br \/><strong>Type d'installation :<\/strong>\u00a0Montage mural<br \/><strong>Dimensions (L\u00d7L\u00d7H) :<\/strong> 100*47*50 cm<br \/><strong>Poids brut :<\/strong> 35kg\/set<\/p>\n<h2>Personnalisation et services :<\/h2>\n<p><strong>OEM ET ODM<\/strong>: Pris en charge<br \/><strong>Conception<\/strong>: Gratuit<br \/><strong>Accessoires<\/strong>: Lavabos, miroirs, robinets et autres accessoires de salle de bains<br \/><strong>Emballage<\/strong>: Pr\u00eat \u00e0 monter<\/p>","protected":false},"featured_media":2454,"comment_status":"closed","ping_status":"closed","template":"","meta":{"_acf_changed":true},"product_brand":[],"product_cat":[24],"product_tag":[],"class_list":{"0":"post-2450","1":"product","2":"type-product","3":"status-publish","4":"has-post-thumbnail","6":"product_cat-wholesale-pvc-bathroom-vanity-cabinets","8":"first","9":"instock","10":"shipping-taxable","11":"product-type-simple"},"acf":[],"_links":{"self":[{"href":"https:\/\/www.shouyasanitary.com\/fr\/wp-json\/wp\/v2\/product\/2450","targetHints":{"allow":["GET"]}}],"collection":[{"href":"https:\/\/www.shouyasanitary.com\/fr\/wp-json\/wp\/v2\/product"}],"about":[{"href":"https:\/\/www.shouyasanitary.com\/fr\/wp-json\/wp\/v2\/types\/product"}],"replies":[{"embeddable":true,"href":"https:\/\/www.shouyasanitary.com\/fr\/wp-json\/wp\/v2\/comments?post=2450"}],"wp:featuredmedia":[{"embeddable":true,"href":"https:\/\/www.shouyasanitary.com\/fr\/wp-json\/wp\/v2\/media\/2454"}],"wp:attachment":[{"href":"https:\/\/www.shouyasanitary.com\/fr\/wp-json\/wp\/v2\/media?parent=2450"}],"wp:term":[{"taxonomy":"product_brand","embeddable":true,"href":"https:\/\/www.shouyasanitary.com\/fr\/wp-json\/wp\/v2\/product_brand?post=2450"},{"taxonomy":"product_cat","embeddable":true,"href":"https:\/\/www.shouyasanitary.com\/fr\/wp-json\/wp\/v2\/product_cat?post=2450"},{"taxonomy":"product_tag","embeddable":true,"href":"https:\/\/www.shouyasanitary.com\/fr\/wp-json\/wp\/v2\/product_tag?post=2450"}],"curies":[{"name":"wp","href":"https:\/\/api.w.org\/{rel}","templated":true}]}}