{"id":2477,"date":"2025-12-15T08:47:15","date_gmt":"2025-12-15T08:47:15","guid":{"rendered":"https:\/\/www.shouyasanitary.com\/?post_type=product&#038;p=2477"},"modified":"2025-12-15T08:47:21","modified_gmt":"2025-12-15T08:47:21","slug":"wholesale-bathroom-floating-vanity","status":"publish","type":"product","link":"https:\/\/www.shouyasanitary.com\/fr\/produit\/wholesale-bathroom-floating-vanity\/","title":{"rendered":"Wholesale Bathroom Floating Vanity, PVC Bathroom Mirror Cabniet Vertical Texture"},"content":{"rendered":"<div class=\"wp-block-columns is-layout-flex wp-container-core-columns-is-layout-9d6595d7 wp-block-columns-is-layout-flex\">\n<div class=\"wp-block-column is-layout-flow wp-block-column-is-layout-flow\">\n<h2 class=\"wp-block-heading\">Caract\u00e9ristiques du meuble-lavabo flottant dans la salle de bains\uff1a<\/h2>\n\n\n\n<p><strong>Ne craint pas les environnements humides :<\/strong> Les armoires de salle de bains en PVC sont naturellement imperm\u00e9ables, et m\u00eame une fumigation \u00e0 la vapeur de longue dur\u00e9e dans la salle de bains ne provoquera pas de gonflement ou de d\u00e9collement. Apr\u00e8s une \u00e9claboussure d'eau dans la douche, il n'est pas n\u00e9cessaire de l'essuyer, et les salles de bains humides peuvent \u00e9galement \u00eatre pr\u00e9serv\u00e9es pendant longtemps.<\/p>\n\n\n\n<p><strong>Style l\u00e9ger et luxueux : <\/strong>La texture verticale de la porte du meuble en PVC blanc renforce l'impression de luxe. Associ\u00e9e \u00e0 une vasque en c\u00e9ramique, la palette de couleurs minimaliste convient aux salles de bains de style Wabi Sabi et moderne, cr\u00e9ant ainsi une atmosph\u00e8re de salle de bains haut de gamme.<\/p>\n\n\n\n<p><strong>Facile \u00e0 nettoyer et \u00e0 entretenir :<\/strong> La surface en PVC reste propre et les taches de dentifrice et les r\u00e9sidus de gel douche peuvent \u00eatre essuy\u00e9s imm\u00e9diatement. La quincaillerie en acier inoxydable ne pr\u00e9sente aucune rainure ni accumulation de poussi\u00e8re, et l'armoire suspendue permet au robot de balayage d'acc\u00e9der au fond, ce qui r\u00e9duit de moiti\u00e9 l'effort de nettoyage quotidien.<\/p>\n\n\n\n<p><strong>Conception conviviale pour les petites unit\u00e9s : <\/strong>La l\u00e9g\u00e8ret\u00e9 du PVC, combin\u00e9e \u00e0 la structure renforc\u00e9e en acier inoxydable, permet une installation suspendue qui n'\u00e9crase pas le mur. Non seulement elle lib\u00e8re de l'espace au sol, mais elle \u00e9vite \u00e9galement l'accumulation d'humidit\u00e9 au fond de l'armoire, ce qui rend son utilisation s\u00fbre pour les locataires et les salles de bains de petite taille.<\/p>\n\n\n\n<p><strong>Approvisionnement de l'usine de Shouya :<\/strong> En tant que fabricant leader de meubles de salle de bains, Shouya propose des essais en petits lots et une production \u00e0 grande \u00e9chelle pour r\u00e9pondre aux diff\u00e9rentes \u00e9chelles de projet.<\/p>\n<\/div>\n\n\n\n<div class=\"wp-block-column is-layout-flow wp-block-column-is-layout-flow\"><div class=\"wp-block-image\">\n<figure class=\"aligncenter size-full\"><img decoding=\"async\" width=\"700\" height=\"700\" src=\"https:\/\/www.shouyasanitary.com\/wp-content\/uploads\/2025\/12\/wholesale-bathroom-vanity-cabinet.webp\" alt=\"meuble sous-vasque de salle de bain en gros\" class=\"wp-image-2479\" style=\"object-fit:cover\" srcset=\"https:\/\/www.shouyasanitary.com\/wp-content\/uploads\/2025\/12\/wholesale-bathroom-vanity-cabinet.webp 700w, https:\/\/www.shouyasanitary.com\/wp-content\/uploads\/2025\/12\/wholesale-bathroom-vanity-cabinet-300x300.webp 300w, https:\/\/www.shouyasanitary.com\/wp-content\/uploads\/2025\/12\/wholesale-bathroom-vanity-cabinet-150x150.webp 150w, https:\/\/www.shouyasanitary.com\/wp-content\/uploads\/2025\/12\/wholesale-bathroom-vanity-cabinet-12x12.webp 12w, https:\/\/www.shouyasanitary.com\/wp-content\/uploads\/2025\/12\/wholesale-bathroom-vanity-cabinet-600x600.webp 600w, https:\/\/www.shouyasanitary.com\/wp-content\/uploads\/2025\/12\/wholesale-bathroom-vanity-cabinet-100x100.webp 100w\" sizes=\"(max-width: 700px) 100vw, 700px\" \/><\/figure>\n<\/div><\/div>\n<\/div>\n\n\n\n<p><\/p>","protected":false},"excerpt":{"rendered":"<p>Salle de bain flottante avec texture verticale, design mural, espace de rangement, imperm\u00e9able et r\u00e9sistant \u00e0 l'humidit\u00e9, facile \u00e0 nettoyer, parfait pour les petites salles de bain humides. Shouya offre des services de personnalisation pour la taille, la couleur, etc. N'h\u00e9sitez pas \u00e0 nous contacter !<\/p>\n<h2>Attributs du meuble-lavabo flottant dans la salle de bain\uff1a<\/h2>\n<p><strong><br \/>Mat\u00e9riau de l'armoire :<\/strong> PVC<br \/><strong>Couleur de l'armoire :<\/strong> Kaki<br \/><strong>Miroir :<\/strong> Miroir LED (3,5 mm\/3,8 mm), \u00e9clairage tricolore, d\u00e9sembuage par simple pression d'une touche, s\u00e9curis\u00e9 par un emballage en mousse multicouche.<br \/><strong>Type d'installation :<\/strong>\u00a0Montage mural<br \/><strong>Dimensions (L\u00d7L\u00d7H) :<\/strong> 80x47x45 cm<br \/><strong>Poids brut :<\/strong> 30kg\/set<\/p>\n<h2>Personnalisation et services :<\/h2>\n<p><strong>OEM ET ODM<\/strong>: Pris en charge<br \/><strong>Conception<\/strong>: Gratuit<br \/><strong>Accessoires<\/strong>: Lavabos, miroirs, robinets et autres accessoires de salle de bains<br \/><strong>Emballage<\/strong>: Pr\u00eat \u00e0 monter<\/p>","protected":false},"featured_media":2479,"comment_status":"closed","ping_status":"closed","template":"","meta":{"_acf_changed":false},"product_brand":[],"product_cat":[24],"product_tag":[],"class_list":{"0":"post-2477","1":"product","2":"type-product","3":"status-publish","4":"has-post-thumbnail","6":"product_cat-wholesale-pvc-bathroom-vanity-cabinets","8":"first","9":"instock","10":"shipping-taxable","11":"product-type-simple"},"acf":[],"_links":{"self":[{"href":"https:\/\/www.shouyasanitary.com\/fr\/wp-json\/wp\/v2\/product\/2477","targetHints":{"allow":["GET"]}}],"collection":[{"href":"https:\/\/www.shouyasanitary.com\/fr\/wp-json\/wp\/v2\/product"}],"about":[{"href":"https:\/\/www.shouyasanitary.com\/fr\/wp-json\/wp\/v2\/types\/product"}],"replies":[{"embeddable":true,"href":"https:\/\/www.shouyasanitary.com\/fr\/wp-json\/wp\/v2\/comments?post=2477"}],"wp:featuredmedia":[{"embeddable":true,"href":"https:\/\/www.shouyasanitary.com\/fr\/wp-json\/wp\/v2\/media\/2479"}],"wp:attachment":[{"href":"https:\/\/www.shouyasanitary.com\/fr\/wp-json\/wp\/v2\/media?parent=2477"}],"wp:term":[{"taxonomy":"product_brand","embeddable":true,"href":"https:\/\/www.shouyasanitary.com\/fr\/wp-json\/wp\/v2\/product_brand?post=2477"},{"taxonomy":"product_cat","embeddable":true,"href":"https:\/\/www.shouyasanitary.com\/fr\/wp-json\/wp\/v2\/product_cat?post=2477"},{"taxonomy":"product_tag","embeddable":true,"href":"https:\/\/www.shouyasanitary.com\/fr\/wp-json\/wp\/v2\/product_tag?post=2477"}],"curies":[{"name":"wp","href":"https:\/\/api.w.org\/{rel}","templated":true}]}}