{"id":2478,"date":"2025-12-15T09:20:56","date_gmt":"2025-12-15T09:20:56","guid":{"rendered":"https:\/\/www.shouyasanitary.com\/?post_type=product&#038;p=2478"},"modified":"2025-12-15T09:21:04","modified_gmt":"2025-12-15T09:21:04","slug":"custom-bathroom-sink-and-vanity","status":"publish","type":"product","link":"https:\/\/www.shouyasanitary.com\/fr\/produit\/custom-bathroom-sink-and-vanity\/","title":{"rendered":"Lavabo et vanit\u00e9 de salle de bain sur mesure, armoires de salle de bain en PVC avec miroir Cuvette en c\u00e9ramique en vrac"},"content":{"rendered":"<div class=\"wp-block-columns is-layout-flex wp-container-core-columns-is-layout-9d6595d7 wp-block-columns-is-layout-flex\">\n<div class=\"wp-block-column is-layout-flow wp-block-column-is-layout-flow\">\n<h2 class=\"wp-block-heading\">Caract\u00e9ristiques des lavabos et des meubles-lavabos\uff1a<\/h2>\n\n\n\n<p><strong>R\u00e9sistant \u00e0 l'humidit\u00e9<\/strong> et durable : L'armoire de salle de bains en PVC poss\u00e8de des propri\u00e9t\u00e9s imperm\u00e9ables et ne moisit pas et ne se d\u00e9forme pas dans les salles de bains humides. La quincaillerie en acier inoxydable est r\u00e9sistante \u00e0 la corrosion et ne rouille pas facilement, m\u00eame lorsqu'elle est expos\u00e9e \u00e0 la vapeur d'eau pendant une longue p\u00e9riode. Sa dur\u00e9e de vie peut \u00eatre enti\u00e8rement prolong\u00e9e.<\/p>\n\n\n\n<p><strong>Bonne texture : <\/strong>La texture verticale de la porte de l'armoire en PVC blanc att\u00e9nue l'impression de plastique, associ\u00e9e \u00e0 un cadre d'armoire de toilette en acier inoxydable noir. La palette de couleurs minimaliste convient \u00e0 diff\u00e9rents styles de d\u00e9coration, tels que le luxe l\u00e9ger et la modernit\u00e9, et l'\u00e9clairage doux cr\u00e9e une atmosph\u00e8re plus luxueuse.<\/p>\n\n\n\n<p><strong>Facile \u00e0 nettoyer : <\/strong>la surface en PVC est lisse et ne se tache pas, et les taches d'eau et les \u00e9claboussures de mousse dues au lavage quotidien peuvent \u00eatre nettoy\u00e9es \u00e0 l'aide d'un chiffon mouill\u00e9 ; le mat\u00e9riel en acier inoxydable n'accumule pas facilement la salet\u00e9, ce qui permet de l'entretenir facilement et sans perte de temps.<strong><\/strong><\/p>\n\n\n\n<p><strong>L\u00e9ger et s\u00fbr : <\/strong>Le mat\u00e9riau PVC est l\u00e9ger et est associ\u00e9 \u00e0 une structure porteuse en acier inoxydable. L'installation suspendue permet non seulement d'\u00e9conomiser de l'espace au sol, mais aussi d'\u00e9viter les angles morts en mati\u00e8re d'hygi\u00e8ne. M\u00eame les salles de bains de petite taille peuvent \u00eatre facilement contr\u00f4l\u00e9es, alliant s\u00e9curit\u00e9 et praticit\u00e9.<\/p>\n\n\n\n<p><strong>Service de personnalisation par lots :\u00a0<\/strong>Nous proposons une fabrication intelligente et flexible, de la conception \u00e0 la production, y compris le prototypage de petites s\u00e9ries et la livraison \u00e0 grande \u00e9chelle, et nous personnalisons les solutions de vanit\u00e9 de salle de bains pour les clients.<\/p>\n<\/div>\n\n\n\n<div class=\"wp-block-column is-layout-flow wp-block-column-is-layout-flow\"><div class=\"wp-block-image\">\n<figure class=\"aligncenter size-full\"><img decoding=\"async\" width=\"700\" height=\"700\" src=\"https:\/\/www.shouyasanitary.com\/wp-content\/uploads\/2025\/12\/wholesale-of-bathroom-cabinet.webp\" alt=\"vente en gros d&#039;armoires de toilette\" class=\"wp-image-2482\" style=\"object-fit:cover\" srcset=\"https:\/\/www.shouyasanitary.com\/wp-content\/uploads\/2025\/12\/wholesale-of-bathroom-cabinet.webp 700w, https:\/\/www.shouyasanitary.com\/wp-content\/uploads\/2025\/12\/wholesale-of-bathroom-cabinet-300x300.webp 300w, https:\/\/www.shouyasanitary.com\/wp-content\/uploads\/2025\/12\/wholesale-of-bathroom-cabinet-150x150.webp 150w, https:\/\/www.shouyasanitary.com\/wp-content\/uploads\/2025\/12\/wholesale-of-bathroom-cabinet-12x12.webp 12w, https:\/\/www.shouyasanitary.com\/wp-content\/uploads\/2025\/12\/wholesale-of-bathroom-cabinet-600x600.webp 600w, https:\/\/www.shouyasanitary.com\/wp-content\/uploads\/2025\/12\/wholesale-of-bathroom-cabinet-100x100.webp 100w\" sizes=\"(max-width: 700px) 100vw, 700px\" \/><\/figure>\n<\/div><\/div>\n<\/div>","protected":false},"excerpt":{"rendered":"<p>Lavabo et meuble-lavabo de salle de bain sur mesure, fabriqu\u00e9s en PVC durable et en acier inoxydable, avec une structure murale, des portes d'armoire textur\u00e9es verticalement et un design minimaliste, parfait pour les salles de bain modernes. Possibilit\u00e9 de personnalisation en vrac. N'h\u00e9sitez pas \u00e0 nous contacter pour un devis !<\/p>\n<h2>Attributs du lavabo et du meuble-lavabo\uff1a<\/h2>\n<p><strong><br \/>Mat\u00e9riau de l'armoire :<\/strong> PVC<br \/><strong>Couleur de l'armoire : <\/strong>Blanc<br \/><strong>Miroir :<\/strong> Miroir LED (3,5 mm\/3,8 mm), \u00e9clairage tricolore, d\u00e9sembuage par simple pression d'une touche, s\u00e9curis\u00e9 par un emballage en mousse multicouche.<br \/><strong>Type d'installation :<\/strong>\u00a0Montage mural<br \/><strong>Dimensions (L\u00d7L\u00d7H) :<\/strong> 100*47*50 cm<br \/><strong>Poids brut :<\/strong> 35kg\/set<\/p>\n<h2>Personnalisation et services :<\/h2>\n<p><strong>OEM ET ODM<\/strong>: Pris en charge<br \/><strong>Conception<\/strong>: Gratuit<br \/><strong>Accessoires<\/strong>: Lavabos, miroirs, robinets et autres accessoires de salle de bains<br \/><strong>Emballage<\/strong>: Pr\u00eat \u00e0 monter<\/p>","protected":false},"featured_media":2482,"comment_status":"closed","ping_status":"closed","template":"","meta":{"_acf_changed":false},"product_brand":[],"product_cat":[24],"product_tag":[],"class_list":{"0":"post-2478","1":"product","2":"type-product","3":"status-publish","4":"has-post-thumbnail","6":"product_cat-wholesale-pvc-bathroom-vanity-cabinets","8":"first","9":"instock","10":"shipping-taxable","11":"product-type-simple"},"acf":[],"_links":{"self":[{"href":"https:\/\/www.shouyasanitary.com\/fr\/wp-json\/wp\/v2\/product\/2478","targetHints":{"allow":["GET"]}}],"collection":[{"href":"https:\/\/www.shouyasanitary.com\/fr\/wp-json\/wp\/v2\/product"}],"about":[{"href":"https:\/\/www.shouyasanitary.com\/fr\/wp-json\/wp\/v2\/types\/product"}],"replies":[{"embeddable":true,"href":"https:\/\/www.shouyasanitary.com\/fr\/wp-json\/wp\/v2\/comments?post=2478"}],"wp:featuredmedia":[{"embeddable":true,"href":"https:\/\/www.shouyasanitary.com\/fr\/wp-json\/wp\/v2\/media\/2482"}],"wp:attachment":[{"href":"https:\/\/www.shouyasanitary.com\/fr\/wp-json\/wp\/v2\/media?parent=2478"}],"wp:term":[{"taxonomy":"product_brand","embeddable":true,"href":"https:\/\/www.shouyasanitary.com\/fr\/wp-json\/wp\/v2\/product_brand?post=2478"},{"taxonomy":"product_cat","embeddable":true,"href":"https:\/\/www.shouyasanitary.com\/fr\/wp-json\/wp\/v2\/product_cat?post=2478"},{"taxonomy":"product_tag","embeddable":true,"href":"https:\/\/www.shouyasanitary.com\/fr\/wp-json\/wp\/v2\/product_tag?post=2478"}],"curies":[{"name":"wp","href":"https:\/\/api.w.org\/{rel}","templated":true}]}}