{"id":2510,"date":"2025-12-24T02:29:31","date_gmt":"2025-12-24T02:29:31","guid":{"rendered":"https:\/\/www.shouyasanitary.com\/?post_type=product&#038;p=2510"},"modified":"2025-12-24T02:29:38","modified_gmt":"2025-12-24T02:29:38","slug":"custom-floating-vanity-bathroom","status":"publish","type":"product","link":"https:\/\/www.shouyasanitary.com\/fr\/produit\/custom-floating-vanity-bathroom\/","title":{"rendered":"Vanit\u00e9 flottante sur mesure, salle de bain avec armoires noires et miroir design en vrac"},"content":{"rendered":"<div class=\"wp-block-columns is-layout-flex wp-container-core-columns-is-layout-9d6595d7 wp-block-columns-is-layout-flex\">\n<div class=\"wp-block-column is-layout-flow wp-block-column-is-layout-flow\">\n<h2 class=\"wp-block-heading\">Vanit\u00e9 flottante Caract\u00e9ristiques de la salle de bain\uff1a<\/h2>\n\n\n\n<p><strong>Nouvelle conception :<\/strong> L'armoire de salle de bain en PVC de luxe de style italien pr\u00e9sente un sch\u00e9ma de couleurs gris fonc\u00e9 avec des textures \u00e9pur\u00e9es, combin\u00e9es avec le design de lumi\u00e8re et d'ombre des miroirs intelligents LED, int\u00e9grant parfaitement la mode et la praticit\u00e9, devenant la responsabilit\u00e9 esth\u00e9tique et fonctionnelle de l'espace de la salle de bain.<\/p>\n\n\n\n<p><strong>R\u00e9sistance \u00e0 l'humidit\u00e9 et aux moisissures : <\/strong>Le mat\u00e9riau PVC poss\u00e8de naturellement une excellente imperm\u00e9abilit\u00e9 et une r\u00e9sistance \u00e0 l'humidit\u00e9, ce qui le rend r\u00e9sistant aux environnements humides de la salle de bains. Il n'est pas facile \u00e0 d\u00e9former ou \u00e0 moisir apr\u00e8s une utilisation prolong\u00e9e. Par rapport aux armoires en bois massif, sa dur\u00e9e de vie est mieux garantie dans les environnements humides. L'entretien quotidien ne n\u00e9cessite qu'un simple coup d'\u00e9ponge pour le garder propre.<\/p>\n\n\n\n<p><strong>Facile \u00e0 installer : <\/strong>Le mat\u00e9riau PVC est plus l\u00e9ger, ce qui facilite l'installation de ce meuble de salle de bains suspendu. En m\u00eame temps, la structure de l'armoire est stable et a une excellente capacit\u00e9 de charge. <\/p>\n\n\n\n<p><strong>Structure murale : <\/strong>La conception de la suspension permet non seulement d'\u00e9conomiser de l'espace au sol, mais aussi d'\u00e9viter l'\u00e9rosion de l'humidit\u00e9 sur le sol, ce qui rend le nettoyage de la salle de bains plus facile.<\/p>\n\n\n\n<p><strong>Grande praticit\u00e9 : <\/strong>L'armoire de salle de bains en PVC comporte plusieurs niveaux de tiroirs pour le rangement, et un \u00e9quipement de nettoyage intelligent peut \u00eatre int\u00e9gr\u00e9 en dessous, ce qui permet de trouver un \u00e9quilibre entre l'esth\u00e9tique et les besoins quotidiens en mati\u00e8re de rangement et d'utilisation. C'est le choix pr\u00e9f\u00e9r\u00e9 pour les salles de bains l\u00e9g\u00e8res et luxueuses.<\/p>\n<\/div>\n\n\n\n<div class=\"wp-block-column is-layout-flow wp-block-column-is-layout-flow\"><div class=\"wp-block-image\">\n<figure class=\"aligncenter size-full\"><img decoding=\"async\" width=\"700\" height=\"700\" src=\"https:\/\/www.shouyasanitary.com\/wp-content\/uploads\/2025\/12\/custom-vanity-with-wash-basin-for-hotel-bathroom.webp\" alt=\"meuble sur mesure avec lavabo pour salle de bain d&#039;h\u00f4tel\" class=\"wp-image-2511\" style=\"object-fit:cover\" srcset=\"https:\/\/www.shouyasanitary.com\/wp-content\/uploads\/2025\/12\/custom-vanity-with-wash-basin-for-hotel-bathroom.webp 700w, https:\/\/www.shouyasanitary.com\/wp-content\/uploads\/2025\/12\/custom-vanity-with-wash-basin-for-hotel-bathroom-300x300.webp 300w, https:\/\/www.shouyasanitary.com\/wp-content\/uploads\/2025\/12\/custom-vanity-with-wash-basin-for-hotel-bathroom-150x150.webp 150w, https:\/\/www.shouyasanitary.com\/wp-content\/uploads\/2025\/12\/custom-vanity-with-wash-basin-for-hotel-bathroom-12x12.webp 12w, https:\/\/www.shouyasanitary.com\/wp-content\/uploads\/2025\/12\/custom-vanity-with-wash-basin-for-hotel-bathroom-600x600.webp 600w, https:\/\/www.shouyasanitary.com\/wp-content\/uploads\/2025\/12\/custom-vanity-with-wash-basin-for-hotel-bathroom-100x100.webp 100w\" sizes=\"(max-width: 700px) 100vw, 700px\" \/><\/figure>\n<\/div><\/div>\n<\/div>","protected":false},"excerpt":{"rendered":"<p>Le meuble de salle de bain flottant personnalis\u00e9 pr\u00e9sente un design \u00e9l\u00e9gant d'inspiration italienne en gris fonc\u00e9, rehauss\u00e9 d'un \u00e9clairage de miroir \u00e0 DEL. Fabriqu\u00e9 en PVC imperm\u00e9able, il offre un rangement pratique et un style moderne. Fourni par l'usine de Shouya. Contactez-nous pour obtenir une solution de salle de bain durable et peu encombrante.<\/p>\n<h2>Vanit\u00e9 flottante Attributs de la salle de bain\uff1a<\/h2>\n<p><strong>Mat\u00e9riau de l'armoire :<\/strong> PVC<br \/><strong>Couleur de l'armoire : <\/strong>Noir<br \/><strong>Miroir :<\/strong> Miroir LED (3,5 mm\/3,8 mm), \u00e9clairage tricolore, d\u00e9sembuage par simple pression d'une touche, s\u00e9curis\u00e9 par un emballage en mousse multicouche.<br \/><strong>Type d'installation :<\/strong>\u00a0Montage mural<br \/><strong>Dimensions (L\u00d7L\u00d7H) :<\/strong> 100*47*50 cm<br \/><strong>Poids brut :<\/strong> 34kg\/set<\/p>\n<h2>Personnalisation et services :<\/h2>\n<p><strong>OEM ET ODM<\/strong>: Pris en charge<br \/><strong>Conception<\/strong>: Gratuit<br \/><strong>Accessoires<\/strong>: Lavabos, miroirs, robinets et autres accessoires de salle de bains<br \/><strong>Emballage<\/strong>: Pr\u00eat \u00e0 monter<\/p>","protected":false},"featured_media":2511,"comment_status":"closed","ping_status":"closed","template":"","meta":{"_acf_changed":false},"product_brand":[],"product_cat":[24],"product_tag":[],"class_list":{"0":"post-2510","1":"product","2":"type-product","3":"status-publish","4":"has-post-thumbnail","6":"product_cat-wholesale-pvc-bathroom-vanity-cabinets","8":"first","9":"instock","10":"shipping-taxable","11":"product-type-simple"},"acf":[],"_links":{"self":[{"href":"https:\/\/www.shouyasanitary.com\/fr\/wp-json\/wp\/v2\/product\/2510","targetHints":{"allow":["GET"]}}],"collection":[{"href":"https:\/\/www.shouyasanitary.com\/fr\/wp-json\/wp\/v2\/product"}],"about":[{"href":"https:\/\/www.shouyasanitary.com\/fr\/wp-json\/wp\/v2\/types\/product"}],"replies":[{"embeddable":true,"href":"https:\/\/www.shouyasanitary.com\/fr\/wp-json\/wp\/v2\/comments?post=2510"}],"wp:featuredmedia":[{"embeddable":true,"href":"https:\/\/www.shouyasanitary.com\/fr\/wp-json\/wp\/v2\/media\/2511"}],"wp:attachment":[{"href":"https:\/\/www.shouyasanitary.com\/fr\/wp-json\/wp\/v2\/media?parent=2510"}],"wp:term":[{"taxonomy":"product_brand","embeddable":true,"href":"https:\/\/www.shouyasanitary.com\/fr\/wp-json\/wp\/v2\/product_brand?post=2510"},{"taxonomy":"product_cat","embeddable":true,"href":"https:\/\/www.shouyasanitary.com\/fr\/wp-json\/wp\/v2\/product_cat?post=2510"},{"taxonomy":"product_tag","embeddable":true,"href":"https:\/\/www.shouyasanitary.com\/fr\/wp-json\/wp\/v2\/product_tag?post=2510"}],"curies":[{"name":"wp","href":"https:\/\/api.w.org\/{rel}","templated":true}]}}