{"id":2514,"date":"2025-12-24T02:47:22","date_gmt":"2025-12-24T02:47:22","guid":{"rendered":"https:\/\/www.shouyasanitary.com\/?post_type=product&#038;p=2514"},"modified":"2025-12-24T02:47:28","modified_gmt":"2025-12-24T02:47:28","slug":"oem-bathroom-cabinets-with-mirror","status":"publish","type":"product","link":"https:\/\/www.shouyasanitary.com\/fr\/produit\/oem-bathroom-cabinets-with-mirror\/","title":{"rendered":"OEM Bathroom Cabinets with Mirror, Black Vertical Striped Cabinet Bathroom Supplier"},"content":{"rendered":"<div class=\"wp-block-columns is-layout-flex wp-container-core-columns-is-layout-9d6595d7 wp-block-columns-is-layout-flex\">\n<div class=\"wp-block-column is-layout-flow wp-block-column-is-layout-flow\">\n<h2 class=\"wp-block-heading\">Caract\u00e9ristiques des armoires de salle de bains avec miroir :<\/h2>\n\n\n\n<p><strong>Excellente plasticit\u00e9 dans la reproduction des textures<\/strong>: Gr\u00e2ce \u00e0 la grande plasticit\u00e9 du PVC, l'armoire est reproduite avec la texture exquise de la grille en m\u00e9tal et la texture profonde du caf\u00e9 en m\u00e9tal, avec des lignes nettes et sophistiqu\u00e9es qui brisent les limites visuelles du PVC et r\u00e9pondent parfaitement aux exigences esth\u00e9tiques d'un design minimaliste.<\/p>\n\n\n\n<p><strong>R\u00e9sistant \u00e0 l'humidit\u00e9 et durable :<\/strong> Le PVC poss\u00e8de d'excellentes propri\u00e9t\u00e9s d'imperm\u00e9abilit\u00e9 et de r\u00e9sistance \u00e0 l'humidit\u00e9, ce qui lui permet de s'adapter facilement \u00e0 l'environnement humide de la salle de bains. Il n'entra\u00eene pas de d\u00e9formation ni de probl\u00e8mes de moisissure dans les armoires en bois massif.<\/p>\n\n\n\n<p><strong>Vasque en c\u00e9ramique int\u00e9gr\u00e9e<\/strong>: Un nettoyage quotidien \u00e0 l'aide d'un chiffon humide permet de garder l'armoire propre et neuve, avec des co\u00fbts d'entretien extr\u00eamement faibles.<\/p>\n\n\n\n<p><strong>Installation l\u00e9g\u00e8re et plus s\u00fbre<\/strong>: Le mat\u00e9riau PVC est l\u00e9ger, ce qui facilite l'installation des armoires suspendues. En m\u00eame temps, la structure de l'armoire est stable et la capacit\u00e9 de charge est conforme \u00e0 la norme.<\/p>\n\n\n\n<p><strong>Solutions de personnalisation :<\/strong> Permet de personnaliser la taille, la couleur, le mat\u00e9riau, la disposition structurelle et la configuration de l'armoire de toilette et de l'\u00e9clairage. Nous pouvons fournir des solutions compl\u00e8tes d'armoires de toilette en fonction des diff\u00e9rents positionnements sur le march\u00e9, des exigences en mati\u00e8re d'espace et des styles de marque, ce qui raccourcit le cycle de lancement des nouveaux produits.ard. La conception de la suspension permet non seulement de lib\u00e9rer de l'espace au sol, mais aussi de r\u00e9duire le risque de d\u00e9formation et de d\u00e9tachement de l'armoire en raison de l'humidit\u00e9.<\/p>\n<\/div>\n\n\n\n<div class=\"wp-block-column is-layout-flow wp-block-column-is-layout-flow\"><div class=\"wp-block-image\">\n<figure class=\"aligncenter size-full\"><img decoding=\"async\" width=\"700\" height=\"700\" src=\"https:\/\/www.shouyasanitary.com\/wp-content\/uploads\/2025\/12\/custom-bathroom-cabinets-with-mirror.webp\" alt=\"armoires de toilette sur mesure avec miroir\" class=\"wp-image-2515\" style=\"object-fit:cover\" srcset=\"https:\/\/www.shouyasanitary.com\/wp-content\/uploads\/2025\/12\/custom-bathroom-cabinets-with-mirror.webp 700w, https:\/\/www.shouyasanitary.com\/wp-content\/uploads\/2025\/12\/custom-bathroom-cabinets-with-mirror-300x300.webp 300w, https:\/\/www.shouyasanitary.com\/wp-content\/uploads\/2025\/12\/custom-bathroom-cabinets-with-mirror-150x150.webp 150w, https:\/\/www.shouyasanitary.com\/wp-content\/uploads\/2025\/12\/custom-bathroom-cabinets-with-mirror-12x12.webp 12w, https:\/\/www.shouyasanitary.com\/wp-content\/uploads\/2025\/12\/custom-bathroom-cabinets-with-mirror-600x600.webp 600w, https:\/\/www.shouyasanitary.com\/wp-content\/uploads\/2025\/12\/custom-bathroom-cabinets-with-mirror-100x100.webp 100w\" sizes=\"(max-width: 700px) 100vw, 700px\" \/><\/figure>\n<\/div><\/div>\n<\/div>","protected":false},"excerpt":{"rendered":"<p>Les armoires de salle de bain OEM avec miroirs, comprenant une armoire en PVC gris fonc\u00e9 combin\u00e9e \u00e0 un syst\u00e8me de rangement \u00e0 plusieurs niveaux, un \u00e9clairage LED et un comptoir en dalles, cr\u00e9ent une solution de salle de bain qui allie une esth\u00e9tique sophistiqu\u00e9e \u00e0 une fonctionnalit\u00e9 pratique. Contactez-nous pour des solutions !<\/p>\n<h2>Armoires de salle de bains avec miroir Attributs\uff1a<\/h2>\n<p><strong><br \/>Mat\u00e9riau de l'armoire :<\/strong> PVC<br \/><strong>Couleur de l'armoire : <\/strong>Noir<br \/><strong>Miroir :<\/strong> Miroir LED (3,5 mm\/3,8 mm), \u00e9clairage tricolore, d\u00e9sembuage par simple pression d'une touche, s\u00e9curis\u00e9 par un emballage en mousse multicouche.<br \/><strong>Type d'installation :<\/strong>\u00a0Montage mural<br \/><strong>Dimensions (L\u00d7L\u00d7H) :<\/strong> 100*47*50 cm<br \/><strong>Poids brut :<\/strong> 33kg\/set<\/p>\n<h2>Personnalisation et services :<\/h2>\n<p><strong>OEM ET ODM<\/strong>: Pris en charge<br \/><strong>Conception<\/strong>: Gratuit<br \/><strong>Accessoires<\/strong>: Lavabos, miroirs, robinets et autres accessoires de salle de bains<br \/><strong>Emballage<\/strong>: Pr\u00eat \u00e0 monter<\/p>","protected":false},"featured_media":2515,"comment_status":"closed","ping_status":"closed","template":"","meta":{"_acf_changed":false},"product_brand":[],"product_cat":[24],"product_tag":[],"class_list":{"0":"post-2514","1":"product","2":"type-product","3":"status-publish","4":"has-post-thumbnail","6":"product_cat-wholesale-pvc-bathroom-vanity-cabinets","8":"first","9":"instock","10":"shipping-taxable","11":"product-type-simple"},"acf":[],"_links":{"self":[{"href":"https:\/\/www.shouyasanitary.com\/fr\/wp-json\/wp\/v2\/product\/2514","targetHints":{"allow":["GET"]}}],"collection":[{"href":"https:\/\/www.shouyasanitary.com\/fr\/wp-json\/wp\/v2\/product"}],"about":[{"href":"https:\/\/www.shouyasanitary.com\/fr\/wp-json\/wp\/v2\/types\/product"}],"replies":[{"embeddable":true,"href":"https:\/\/www.shouyasanitary.com\/fr\/wp-json\/wp\/v2\/comments?post=2514"}],"wp:featuredmedia":[{"embeddable":true,"href":"https:\/\/www.shouyasanitary.com\/fr\/wp-json\/wp\/v2\/media\/2515"}],"wp:attachment":[{"href":"https:\/\/www.shouyasanitary.com\/fr\/wp-json\/wp\/v2\/media?parent=2514"}],"wp:term":[{"taxonomy":"product_brand","embeddable":true,"href":"https:\/\/www.shouyasanitary.com\/fr\/wp-json\/wp\/v2\/product_brand?post=2514"},{"taxonomy":"product_cat","embeddable":true,"href":"https:\/\/www.shouyasanitary.com\/fr\/wp-json\/wp\/v2\/product_cat?post=2514"},{"taxonomy":"product_tag","embeddable":true,"href":"https:\/\/www.shouyasanitary.com\/fr\/wp-json\/wp\/v2\/product_tag?post=2514"}],"curies":[{"name":"wp","href":"https:\/\/api.w.org\/{rel}","templated":true}]}}