{"id":2518,"date":"2025-12-24T03:28:54","date_gmt":"2025-12-24T03:28:54","guid":{"rendered":"https:\/\/www.shouyasanitary.com\/?post_type=product&#038;p=2518"},"modified":"2025-12-24T03:29:00","modified_gmt":"2025-12-24T03:29:00","slug":"brown-bathroom-vanity-wholesale","status":"publish","type":"product","link":"https:\/\/www.shouyasanitary.com\/fr\/produit\/brown-bathroom-vanity-wholesale\/","title":{"rendered":"Vanit\u00e9 de salle de bain Walnut Brown Wholesale, Black Ceramic Basin &amp; Led Mirror Round Custom"},"content":{"rendered":"<div class=\"wp-block-columns is-layout-flex wp-container-core-columns-is-layout-9d6595d7 wp-block-columns-is-layout-flex\">\n<div class=\"wp-block-column is-layout-flow wp-block-column-is-layout-flow\">\n<h2 class=\"wp-block-heading\">Caract\u00e9ristiques du meuble-lavabo brun\uff1a<\/h2>\n\n\n\n<p><strong>Style moderne Design :\u00a0<\/strong>L'utilisation du brun noyer conf\u00e8re un style moderne \u00e0 l'ensemble. La texture est clairement visible et elle est assortie \u00e0 un comptoir noir, cr\u00e9ant ainsi une atmosph\u00e8re haut de gamme et luxueuse dans la salle de bains.<\/p>\n\n\n\n<p><strong>Texture exquise :\u00a0<\/strong>Le meuble en noyer est \u00e9quip\u00e9 d'une vasque en c\u00e9ramique. Elle est non seulement belle, mais aussi de bonne qualit\u00e9. Le mat\u00e9riau de l'armoire en PVC est r\u00e9sistant \u00e0 l'humidit\u00e9 et \u00e0 la d\u00e9formation.<\/p>\n\n\n\n<p><strong>Espace r\u00e9duit :<\/strong>\u00a0Taille compacte, adapt\u00e9e aux salles de bains de petite et moyenne taille. La conception murale lib\u00e8re de l'espace au sol. Il permet d'\u00e9conomiser de l'espace dans la salle de bains et facilite le nettoyage.<\/p>\n\n\n\n<p><strong>\u00c9vier de haute qualit\u00e9 : <\/strong>La vasque en c\u00e9ramique noire est fabriqu\u00e9e par cuisson \u00e0 haute temp\u00e9rature et ne pr\u00e9sente pas d'interstices ni d'angles morts. Elle est r\u00e9sistante \u00e0 la salet\u00e9 et aux rayures. Les taches peuvent \u00eatre facilement nettoy\u00e9es pour rester propres.<\/p>\n\n\n\n<p><strong>Nombreux rangements :\u00a0<\/strong>Double tiroir, poign\u00e9es cach\u00e9es en forme de U, grilles de s\u00e9paration int\u00e9gr\u00e9es, permettant de ranger facilement les articles quotidiens tels que les articles de toilette et les produits de soin.<\/p>\n\n\n\n<p><strong>Service OEM \/ ODM :<\/strong> Le syst\u00e8me de production OEM\/ODM de Shouya, bien rod\u00e9, est capable de fabriquer en sous-traitance selon les normes de la marque du client, de prendre en charge la conception diff\u00e9renci\u00e9e du LOGO et des d\u00e9tails du produit, ce qui permet aux clients de cr\u00e9er ou d'\u00e9tendre rapidement leurs propres lignes de produits de marque.<\/p>\n<\/div>\n\n\n\n<div class=\"wp-block-column is-layout-flow wp-block-column-is-layout-flow\"><div class=\"wp-block-image\">\n<figure class=\"aligncenter size-full\"><img decoding=\"async\" width=\"700\" height=\"700\" src=\"https:\/\/www.shouyasanitary.com\/wp-content\/uploads\/2025\/12\/bulk-purchases-bathroom-cabinet.webp\" alt=\"achats en vrac armoire de toilette\" class=\"wp-image-2519\" style=\"object-fit:cover\" srcset=\"https:\/\/www.shouyasanitary.com\/wp-content\/uploads\/2025\/12\/bulk-purchases-bathroom-cabinet.webp 700w, https:\/\/www.shouyasanitary.com\/wp-content\/uploads\/2025\/12\/bulk-purchases-bathroom-cabinet-300x300.webp 300w, https:\/\/www.shouyasanitary.com\/wp-content\/uploads\/2025\/12\/bulk-purchases-bathroom-cabinet-150x150.webp 150w, https:\/\/www.shouyasanitary.com\/wp-content\/uploads\/2025\/12\/bulk-purchases-bathroom-cabinet-12x12.webp 12w, https:\/\/www.shouyasanitary.com\/wp-content\/uploads\/2025\/12\/bulk-purchases-bathroom-cabinet-600x600.webp 600w, https:\/\/www.shouyasanitary.com\/wp-content\/uploads\/2025\/12\/bulk-purchases-bathroom-cabinet-100x100.webp 100w\" sizes=\"(max-width: 700px) 100vw, 700px\" \/><\/figure>\n<\/div><\/div>\n<\/div>","protected":false},"excerpt":{"rendered":"<p>Les vanit\u00e9s de salle de bain marron de premi\u00e8re qualit\u00e9 sont dot\u00e9es d'un design moderne avec des accents de noyer v\u00e9ritable, du PVC et des \u00e9viers en c\u00e9ramique \u00e9l\u00e9gants, id\u00e9aux pour cr\u00e9er des espaces de salle de bain uniques. Nous proposons des services OEM\/ODM complets. Contactez-nous d\u00e8s aujourd'hui pour obtenir des devis et des d\u00e9tails sur le catalogue.<\/p>\n<h2>Vanit\u00e9 de salle de bain marron Attributs\uff1a<\/h2>\n<p><strong><br \/>Mat\u00e9riau de l'armoire :<\/strong> PVC<br \/><strong>Couleur de l'armoire :<\/strong> Marron<br \/><strong>Miroir :<\/strong> Miroir LED (3,5 mm\/3,8 mm), \u00e9clairage tricolore, d\u00e9sembuage par simple pression d'une touche, s\u00e9curis\u00e9 par un emballage en mousse multicouche.<br \/><strong>Type d'installation :<\/strong>\u00a0Montage mural<br \/><strong>Dimensions (L\u00d7L\u00d7H) :<\/strong> 60x47x48 cm<br \/><strong>Poids brut :<\/strong> 30kg\/set<\/p>\n<h2>Personnalisation et services :<\/h2>\n<p><strong>OEM ET ODM<\/strong>: Pris en charge<br \/><strong>Conception<\/strong>: Gratuit<br \/><strong>Accessoires<\/strong>: Lavabos, miroirs, robinets et autres accessoires de salle de bains<br \/><strong>Emballage<\/strong>: Pr\u00eat \u00e0 monter<\/p>","protected":false},"featured_media":2519,"comment_status":"closed","ping_status":"closed","template":"","meta":{"_acf_changed":true},"product_brand":[],"product_cat":[24],"product_tag":[],"class_list":{"0":"post-2518","1":"product","2":"type-product","3":"status-publish","4":"has-post-thumbnail","6":"product_cat-wholesale-pvc-bathroom-vanity-cabinets","8":"first","9":"instock","10":"shipping-taxable","11":"product-type-simple"},"acf":[],"_links":{"self":[{"href":"https:\/\/www.shouyasanitary.com\/fr\/wp-json\/wp\/v2\/product\/2518","targetHints":{"allow":["GET"]}}],"collection":[{"href":"https:\/\/www.shouyasanitary.com\/fr\/wp-json\/wp\/v2\/product"}],"about":[{"href":"https:\/\/www.shouyasanitary.com\/fr\/wp-json\/wp\/v2\/types\/product"}],"replies":[{"embeddable":true,"href":"https:\/\/www.shouyasanitary.com\/fr\/wp-json\/wp\/v2\/comments?post=2518"}],"wp:featuredmedia":[{"embeddable":true,"href":"https:\/\/www.shouyasanitary.com\/fr\/wp-json\/wp\/v2\/media\/2519"}],"wp:attachment":[{"href":"https:\/\/www.shouyasanitary.com\/fr\/wp-json\/wp\/v2\/media?parent=2518"}],"wp:term":[{"taxonomy":"product_brand","embeddable":true,"href":"https:\/\/www.shouyasanitary.com\/fr\/wp-json\/wp\/v2\/product_brand?post=2518"},{"taxonomy":"product_cat","embeddable":true,"href":"https:\/\/www.shouyasanitary.com\/fr\/wp-json\/wp\/v2\/product_cat?post=2518"},{"taxonomy":"product_tag","embeddable":true,"href":"https:\/\/www.shouyasanitary.com\/fr\/wp-json\/wp\/v2\/product_tag?post=2518"}],"curies":[{"name":"wp","href":"https:\/\/api.w.org\/{rel}","templated":true}]}}