{"id":2522,"date":"2026-01-09T08:41:07","date_gmt":"2026-01-09T08:41:07","guid":{"rendered":"https:\/\/www.shouyasanitary.com\/?post_type=product&#038;p=2522"},"modified":"2026-01-09T08:42:06","modified_gmt":"2026-01-09T08:42:06","slug":"custom-floating-bathroom-sink-vanity","status":"publish","type":"product","link":"https:\/\/www.shouyasanitary.com\/fr\/produit\/custom-floating-bathroom-sink-vanity\/","title":{"rendered":"Meuble de salle de bain flottant sur mesure, Meuble de salle de bain gris PVC grand format en vrac"},"content":{"rendered":"<div class=\"wp-block-columns is-layout-flex wp-container-core-columns-is-layout-9d6595d7 wp-block-columns-is-layout-flex\">\n<div class=\"wp-block-column is-layout-flow wp-block-column-is-layout-flow\">\n<h2 class=\"wp-block-heading\">Caract\u00e9ristiques du meuble-lavabo flottant\uff1a<\/h2>\n\n\n\n<p><strong>Style moderne : <\/strong>Le style g\u00e9n\u00e9ral pr\u00e9sente un aspect industriel gris ciment avec un design moderne et minimaliste, qui correspond aux pr\u00e9f\u00e9rences esth\u00e9tiques des gens d'aujourd'hui. Le corps de l'armoire gris fonc\u00e9 mat, combin\u00e9 aux rayures verticales sur le panneau de porte, d\u00e9gage un niveau de sophistication extr\u00eamement \u00e9lev\u00e9.<\/p>\n\n\n\n<p><strong>Mat\u00e9riaux de qualit\u00e9 durable : <\/strong>Le corps de l'armoire est fabriqu\u00e9 en PVC, un mat\u00e9riau imperm\u00e9able, r\u00e9sistant \u00e0 l'humidit\u00e9 et ind\u00e9formable. Le plan de travail est en marbre monocouche, compl\u00e9t\u00e9 par une vasque en c\u00e9ramique blanche. La vasque en c\u00e9ramique est fabriqu\u00e9e par cuisson \u00e0 haute temp\u00e9rature et peut \u00eatre nettoy\u00e9e avec un chiffon pour enlever les taches de dentifrice ou d'eau.<\/p>\n\n\n\n<p><strong>Miroirs fonctionnels et armoires lat\u00e9rales : <\/strong>Miroir LED tricolore, r\u00e9tro\u00e9clair\u00e9, avec fonction de d\u00e9shumidification. M\u00eame en cas de brouillard ou de pluie, la surface du miroir reste s\u00e8che. L'armoire lat\u00e9rale comporte quatre couches de verre pour la compartimentation, avec des bandes lumineuses LED int\u00e9gr\u00e9es. Les produits de soin et les cosm\u00e9tiques peuvent \u00eatre plac\u00e9s dans l'ordre, couche par couche, et il n'y a plus d'inqui\u00e9tude \u00e0 avoir quant au d\u00e9sordre du comptoir.<\/p>\n\n\n\n<p><strong>Innovation en mati\u00e8re de conception : <\/strong>Les bandes verticales des panneaux de porte ont des lignes claires et il n'y a pas de boutons de poign\u00e9e pour appuyer sur la porte. Il suffit d'une l\u00e9g\u00e8re pression pour ouvrir la porte de l'armoire. On peut y ranger du d\u00e9tergent pour le linge, des serviettes, etc. Les petits objets peuvent \u00e9galement \u00eatre rang\u00e9s.<\/p>\n\n\n\n<p><strong>Support de personnalisation multidimensionnelle<\/strong>: Permet de personnaliser en profondeur la taille, le style, le mat\u00e9riau et la couleur de l'armoire de salle de bains, r\u00e9pond aux besoins de personnalisation des commandes en vrac et fournit aux clients une solution de conception unique.<\/p>\n<\/div>\n\n\n\n<div class=\"wp-block-column is-layout-flow wp-block-column-is-layout-flow\"><div class=\"wp-block-image\">\n<figure class=\"aligncenter size-full\"><img decoding=\"async\" width=\"700\" height=\"700\" src=\"https:\/\/www.shouyasanitary.com\/wp-content\/uploads\/2025\/12\/oem-design-of-large-sized-grey-bathroom-cabinet-vanity.webp\" alt=\"oem design of large-sized grey bathroom cabinet vanity,\" class=\"wp-image-2523\" style=\"object-fit:cover\" srcset=\"https:\/\/www.shouyasanitary.com\/wp-content\/uploads\/2025\/12\/oem-design-of-large-sized-grey-bathroom-cabinet-vanity.webp 700w, https:\/\/www.shouyasanitary.com\/wp-content\/uploads\/2025\/12\/oem-design-of-large-sized-grey-bathroom-cabinet-vanity-300x300.webp 300w, https:\/\/www.shouyasanitary.com\/wp-content\/uploads\/2025\/12\/oem-design-of-large-sized-grey-bathroom-cabinet-vanity-150x150.webp 150w, https:\/\/www.shouyasanitary.com\/wp-content\/uploads\/2025\/12\/oem-design-of-large-sized-grey-bathroom-cabinet-vanity-12x12.webp 12w, https:\/\/www.shouyasanitary.com\/wp-content\/uploads\/2025\/12\/oem-design-of-large-sized-grey-bathroom-cabinet-vanity-600x600.webp 600w, https:\/\/www.shouyasanitary.com\/wp-content\/uploads\/2025\/12\/oem-design-of-large-sized-grey-bathroom-cabinet-vanity-100x100.webp 100w\" sizes=\"(max-width: 700px) 100vw, 700px\" \/><\/figure>\n<\/div><\/div>\n<\/div>\n\n\n\n<p><\/p>","protected":false},"excerpt":{"rendered":"<p>Meuble de salle de bain flottant Shouya avec meuble en PVC gris imperm\u00e9able, finition mate avec portes \u00e0 bandes verticales, miroir LED 3 couleurs, \u00e9clairage antibu\u00e9e et r\u00e9tro\u00e9clair\u00e9, pratique pour une utilisation moderne dans la salle de bain. Solutions sur mesure disponibles. Contactez-nous pour un devis.<\/p>\n<h2>Lavabo flottant pour salle de bain Attributs\uff1a<\/h2>\n<p><strong><br \/>Mat\u00e9riau de l'armoire :<\/strong> PVC<br \/><strong>Couleur de l'armoire : <\/strong>Gris<br \/><strong>Miroir :<\/strong> Miroir LED (3,5 mm\/3,8 mm), \u00e9clairage tricolore, d\u00e9sembuage par simple pression d'une touche, s\u00e9curis\u00e9 par un emballage en mousse multicouche.<br \/><strong>Type d'installation :<\/strong>\u00a0Montage mural<br \/><strong>Dimensions (L\u00d7L\u00d7H) :<\/strong> 100*47*47 cm<br \/><strong>Poids brut :<\/strong> 32kg\/set<\/p>\n<h2>Personnalisation et services :<\/h2>\n<p><strong>OEM ET ODM<\/strong>: Pris en charge<br \/><strong>Conception<\/strong>: Gratuit<br \/><strong>Accessoires<\/strong>: Lavabos, miroirs, robinets et autres accessoires de salle de bains<br \/><strong>Emballage<\/strong>: Pr\u00eat \u00e0 monter<\/p>","protected":false},"featured_media":2523,"comment_status":"closed","ping_status":"closed","template":"","meta":{"_acf_changed":true},"product_brand":[],"product_cat":[24],"product_tag":[],"class_list":{"0":"post-2522","1":"product","2":"type-product","3":"status-publish","4":"has-post-thumbnail","6":"product_cat-wholesale-pvc-bathroom-vanity-cabinets","8":"first","9":"instock","10":"shipping-taxable","11":"product-type-simple"},"acf":[],"_links":{"self":[{"href":"https:\/\/www.shouyasanitary.com\/fr\/wp-json\/wp\/v2\/product\/2522","targetHints":{"allow":["GET"]}}],"collection":[{"href":"https:\/\/www.shouyasanitary.com\/fr\/wp-json\/wp\/v2\/product"}],"about":[{"href":"https:\/\/www.shouyasanitary.com\/fr\/wp-json\/wp\/v2\/types\/product"}],"replies":[{"embeddable":true,"href":"https:\/\/www.shouyasanitary.com\/fr\/wp-json\/wp\/v2\/comments?post=2522"}],"wp:featuredmedia":[{"embeddable":true,"href":"https:\/\/www.shouyasanitary.com\/fr\/wp-json\/wp\/v2\/media\/2523"}],"wp:attachment":[{"href":"https:\/\/www.shouyasanitary.com\/fr\/wp-json\/wp\/v2\/media?parent=2522"}],"wp:term":[{"taxonomy":"product_brand","embeddable":true,"href":"https:\/\/www.shouyasanitary.com\/fr\/wp-json\/wp\/v2\/product_brand?post=2522"},{"taxonomy":"product_cat","embeddable":true,"href":"https:\/\/www.shouyasanitary.com\/fr\/wp-json\/wp\/v2\/product_cat?post=2522"},{"taxonomy":"product_tag","embeddable":true,"href":"https:\/\/www.shouyasanitary.com\/fr\/wp-json\/wp\/v2\/product_tag?post=2522"}],"curies":[{"name":"wp","href":"https:\/\/api.w.org\/{rel}","templated":true}]}}