{"id":2535,"date":"2026-01-09T09:07:13","date_gmt":"2026-01-09T09:07:13","guid":{"rendered":"https:\/\/www.shouyasanitary.com\/?post_type=product&#038;p=2535"},"modified":"2026-01-09T09:12:04","modified_gmt":"2026-01-09T09:12:04","slug":"oem-bathroom-vanities-and-sinks","status":"publish","type":"product","link":"https:\/\/www.shouyasanitary.com\/fr\/produit\/oem-bathroom-vanities-and-sinks\/","title":{"rendered":"OEM Bathroom Vanities and Sinks, Wall Hung Bathroom Cabinet with Mirror Drawers Khaki Supplier"},"content":{"rendered":"<div class=\"wp-block-columns is-layout-flex wp-container-core-columns-is-layout-9d6595d7 wp-block-columns-is-layout-flex\">\n<div class=\"wp-block-column is-layout-flow wp-block-column-is-layout-flow\">\n<h2 class=\"wp-block-heading\">Caract\u00e9ristiques des meubles-lavabos et des lavabos\uff1a<\/h2>\n\n\n\n<p><strong>Chaud Aspect ext\u00e9rieur : <\/strong>Vanit\u00e9 flottante beige cr\u00e8me au style moderne et luxueux, convenant \u00e0 la plupart des salles de bains.<\/p>\n\n\n\n<p><strong>Durable et imperm\u00e9able : <\/strong>Fabriqu\u00e9 en PVC de haute qualit\u00e9, r\u00e9sistant \u00e0 l'humidit\u00e9 et id\u00e9al pour les salles de bains humides, il garantit des performances durables pour les installations en vrac.<\/p>\n\n\n\n<p><strong>Conception suspendue \u00e0 faible encombrement<\/strong>: Agencement mural avec un meuble gauche \u00e0 motifs verticaux et deux tiroirs \u00e0 droite pour un rangement clair et organis\u00e9.<\/p>\n\n\n\n<p><strong>Armoire de toilette intelligente<\/strong>: R\u00e9troviseur \u00e0 LED avec \u00e9clairage ambiant, double touche LED, fonction antibu\u00e9e et affichage de l'heure - de haute qualit\u00e9 et enti\u00e8rement fonctionnel.<\/p>\n\n\n\n<p><strong>Stockage pratique : <\/strong>Le meuble de gauche permet de ranger les gros articles comme les serviettes ou le d\u00e9tergent ; les tiroirs de droite permettent de ranger les petits articles comme les brosses \u00e0 dents et les produits de soin ; le plan de travail permet de ranger les produits de premi\u00e8re n\u00e9cessit\u00e9.<\/p>\n\n\n\n<p><strong>En vrac et pr\u00eat \u00e0 l'emploi :<\/strong> La conception standardis\u00e9e et les mat\u00e9riaux de haute qualit\u00e9 permettent une production de masse, une livraison rapide et une installation facile, ce qui est parfait pour les grossistes et les projets d'ing\u00e9nierie.<\/p>\n<\/div>\n\n\n\n<div class=\"wp-block-column is-layout-flow wp-block-column-is-layout-flow\"><div class=\"wp-block-image\">\n<figure class=\"aligncenter size-full\"><img decoding=\"async\" width=\"700\" height=\"700\" src=\"https:\/\/www.shouyasanitary.com\/wp-content\/uploads\/2025\/12\/bulk-purchase-good-quality-bathroom-cabinet-vanity.jpg\" alt=\"achat en vrac meuble de salle de bain de bonne qualit\u00e9\" class=\"wp-image-2536\" style=\"object-fit:cover\" srcset=\"https:\/\/www.shouyasanitary.com\/wp-content\/uploads\/2025\/12\/bulk-purchase-good-quality-bathroom-cabinet-vanity.jpg 700w, https:\/\/www.shouyasanitary.com\/wp-content\/uploads\/2025\/12\/bulk-purchase-good-quality-bathroom-cabinet-vanity-300x300.jpg 300w, https:\/\/www.shouyasanitary.com\/wp-content\/uploads\/2025\/12\/bulk-purchase-good-quality-bathroom-cabinet-vanity-150x150.jpg 150w, https:\/\/www.shouyasanitary.com\/wp-content\/uploads\/2025\/12\/bulk-purchase-good-quality-bathroom-cabinet-vanity-12x12.jpg 12w, https:\/\/www.shouyasanitary.com\/wp-content\/uploads\/2025\/12\/bulk-purchase-good-quality-bathroom-cabinet-vanity-600x600.jpg 600w, https:\/\/www.shouyasanitary.com\/wp-content\/uploads\/2025\/12\/bulk-purchase-good-quality-bathroom-cabinet-vanity-100x100.jpg 100w\" sizes=\"(max-width: 700px) 100vw, 700px\" \/><\/figure>\n<\/div><\/div>\n<\/div>","protected":false},"excerpt":{"rendered":"<p>Vanit\u00e9s et lavabos de salle de bain OEM avec armoire en PVC imperm\u00e9able, pr\u00e9sentant une taille standard, un bassin en c\u00e9ramique facile \u00e0 entretenir et un grand miroir LED carr\u00e9 avec anti-bu\u00e9e, ainsi qu'un rangement organis\u00e9. L'approvisionnement en usine Shouya garantit la qualit\u00e9 et la livraison, id\u00e9al pour les grossistes et les projets. Contactez-nous pour un devis.<\/p>\n<h2>Attributs des meubles-lavabos et des lavabos\uff1a<\/h2>\n<p><strong><br \/>Mat\u00e9riau de l'armoire :<\/strong> PVC<br \/><strong>Couleur de l'armoire : <\/strong>Kaki<br \/><strong>Miroir :<\/strong> Miroir LED (3,5 mm\/3,8 mm), \u00e9clairage tricolore, d\u00e9sembuage par simple pression d'une touche, s\u00e9curis\u00e9 par un emballage en mousse multicouche.<br \/><strong>Type d'installation :<\/strong>\u00a0Montage mural<br \/><strong>Dimensions (L\u00d7L\u00d7H) :<\/strong> 100*47*50 cm<br \/><strong>Poids brut :<\/strong> 35kg\/set<\/p>\n<h2>Personnalisation et services :<\/h2>\n<p><strong>OEM ET ODM<\/strong>: Pris en charge<br \/><strong>Conception<\/strong>: Gratuit<br \/><strong>Accessoires<\/strong>: Lavabos, miroirs, robinets et autres accessoires de salle de bains<br \/><strong>Emballage<\/strong>: Pr\u00eat \u00e0 monter<\/p>","protected":false},"featured_media":2536,"comment_status":"closed","ping_status":"closed","template":"","meta":{"_acf_changed":true},"product_brand":[],"product_cat":[24],"product_tag":[],"class_list":{"0":"post-2535","1":"product","2":"type-product","3":"status-publish","4":"has-post-thumbnail","6":"product_cat-wholesale-pvc-bathroom-vanity-cabinets","8":"first","9":"instock","10":"shipping-taxable","11":"product-type-simple"},"acf":[],"_links":{"self":[{"href":"https:\/\/www.shouyasanitary.com\/fr\/wp-json\/wp\/v2\/product\/2535","targetHints":{"allow":["GET"]}}],"collection":[{"href":"https:\/\/www.shouyasanitary.com\/fr\/wp-json\/wp\/v2\/product"}],"about":[{"href":"https:\/\/www.shouyasanitary.com\/fr\/wp-json\/wp\/v2\/types\/product"}],"replies":[{"embeddable":true,"href":"https:\/\/www.shouyasanitary.com\/fr\/wp-json\/wp\/v2\/comments?post=2535"}],"wp:featuredmedia":[{"embeddable":true,"href":"https:\/\/www.shouyasanitary.com\/fr\/wp-json\/wp\/v2\/media\/2536"}],"wp:attachment":[{"href":"https:\/\/www.shouyasanitary.com\/fr\/wp-json\/wp\/v2\/media?parent=2535"}],"wp:term":[{"taxonomy":"product_brand","embeddable":true,"href":"https:\/\/www.shouyasanitary.com\/fr\/wp-json\/wp\/v2\/product_brand?post=2535"},{"taxonomy":"product_cat","embeddable":true,"href":"https:\/\/www.shouyasanitary.com\/fr\/wp-json\/wp\/v2\/product_cat?post=2535"},{"taxonomy":"product_tag","embeddable":true,"href":"https:\/\/www.shouyasanitary.com\/fr\/wp-json\/wp\/v2\/product_tag?post=2535"}],"curies":[{"name":"wp","href":"https:\/\/api.w.org\/{rel}","templated":true}]}}