{"id":2539,"date":"2026-01-19T10:05:50","date_gmt":"2026-01-19T10:05:50","guid":{"rendered":"https:\/\/www.shouyasanitary.com\/?post_type=product&#038;p=2539"},"modified":"2026-01-19T10:06:13","modified_gmt":"2026-01-19T10:06:13","slug":"custom-bathroom-vanity-with-sinks","status":"publish","type":"product","link":"https:\/\/www.shouyasanitary.com\/fr\/produit\/custom-bathroom-vanity-with-sinks\/","title":{"rendered":"Meuble de salle de bain avec vasques, Meuble de salle de bain vert Miroir LED carr\u00e9 Supplier"},"content":{"rendered":"<div class=\"wp-block-columns is-layout-flex wp-container-core-columns-is-layout-9d6595d7 wp-block-columns-is-layout-flex\">\n<div class=\"wp-block-column is-layout-flow wp-block-column-is-layout-flow\">\n<h2 class=\"wp-block-heading\">Caract\u00e9ristiques du meuble-lavabo avec lavabos\uff1a<\/h2>\n\n\n\n<p><strong>Mati\u00e8re PVC imperm\u00e9able de haute qualit\u00e9 :<\/strong> Fabriqu\u00e9 \u00e0 partir de feuilles de PVC respectueuses de l'environnement, il est r\u00e9sistant \u00e0 l'humidit\u00e9, \u00e0 la moisissure et \u00e0 la d\u00e9formation, et convient aux salles de bains \u00e0 forte humidit\u00e9. Il est durable et facile \u00e0 entretenir.<\/p>\n\n\n\n<p><strong>\u00c9conomie d'espace<\/strong>: L'installation murale am\u00e9liore la sensation d'espace dans la salle de bains, est facile \u00e0 nettoyer et ajoute une esth\u00e9tique moderne et minimaliste.<\/p>\n\n\n\n<p><strong>Stockage optimis\u00e9 :<\/strong> La conception des tiroirs \u00e0 double couche avec une division rationnelle de l'espace facilite le rangement cat\u00e9goris\u00e9 des articles de toilette, ce qui permet de garder la salle de bains propre et organis\u00e9e.<\/p>\n\n\n\n<p><strong>Lavabo int\u00e9gr\u00e9 sur mesure<\/strong>: Livr\u00e9 avec un lavabo en c\u00e9ramique assorti. L'installation est pratique et la taille peut \u00eatre ajust\u00e9e en fonction des besoins du projet. La personnalisation en vrac est possible.<\/p>\n\n\n\n<p><strong>Miroir carr\u00e9 moderne \u00e0 LED :<\/strong> Le miroir LED carr\u00e9 fournit une lumi\u00e8re douce et homog\u00e8ne, alliant d\u00e9coration et praticit\u00e9 pour rehausser le style g\u00e9n\u00e9ral de la salle de bains.<\/p>\n\n\n\n<p><strong>Services de personnalisation disponibles pour r\u00e9pondre aux besoins des projets B2B<\/strong>: Diff\u00e9rentes tailles et options de couleurs PVC vertes sont disponibles pour la personnalisation, convenant aux h\u00f4tels, aux r\u00e9sidences et aux projets commerciaux. La production en vrac permet de r\u00e9pondre aux diverses demandes du march\u00e9.<\/p>\n<\/div>\n\n\n\n<div class=\"wp-block-column is-layout-flow wp-block-column-is-layout-flow\"><div class=\"wp-block-image\">\n<figure class=\"aligncenter size-full\"><img decoding=\"async\" width=\"700\" height=\"700\" src=\"https:\/\/www.shouyasanitary.com\/wp-content\/uploads\/2025\/12\/custom-service-bathroom-cabinet-vanity.jpg\" alt=\"service sur mesure armoire de salle de bain vanit\u00e9\" class=\"wp-image-2540\" style=\"object-fit:cover\" srcset=\"https:\/\/www.shouyasanitary.com\/wp-content\/uploads\/2025\/12\/custom-service-bathroom-cabinet-vanity.jpg 700w, https:\/\/www.shouyasanitary.com\/wp-content\/uploads\/2025\/12\/custom-service-bathroom-cabinet-vanity-300x300.jpg 300w, https:\/\/www.shouyasanitary.com\/wp-content\/uploads\/2025\/12\/custom-service-bathroom-cabinet-vanity-150x150.jpg 150w, https:\/\/www.shouyasanitary.com\/wp-content\/uploads\/2025\/12\/custom-service-bathroom-cabinet-vanity-12x12.jpg 12w, https:\/\/www.shouyasanitary.com\/wp-content\/uploads\/2025\/12\/custom-service-bathroom-cabinet-vanity-600x600.jpg 600w, https:\/\/www.shouyasanitary.com\/wp-content\/uploads\/2025\/12\/custom-service-bathroom-cabinet-vanity-100x100.jpg 100w\" sizes=\"(max-width: 700px) 100vw, 700px\" \/><\/figure>\n<\/div><\/div>\n<\/div>","protected":false},"excerpt":{"rendered":"<p>Meuble de salle de bain personnalis\u00e9 avec lavabos en PVC vert, design mural de 100cm, miroir LED pratique et double tiroirs, parfait pour les projets B2B. Contactez-nous pour une personnalisation en gros !<\/p>\n<h2>Meuble de salle de bain avec lavabos Attributs\uff1a<\/h2>\n<p><strong>Mat\u00e9riau de l'armoire<\/strong>: PVC<br \/><strong>Couleur de l'armoire :<\/strong> Vert<br \/><strong>Miroir :<\/strong> Miroir LED (3,5 mm\/3,8 mm), \u00e9clairage tricolore, d\u00e9sembuage par simple pression d'une touche, s\u00e9curis\u00e9 par un emballage en mousse multicouche.<br \/><strong>Type d'installation :<\/strong>\u00a0Montage mural<br \/><strong>Dimensions (L\u00d7L\u00d7H) :<\/strong> 100*47*52 cm<br \/><strong>Poids brut :<\/strong> 33kg\/set<\/p>\n<h2>Personnalisation et services :<\/h2>\n<p><strong>OEM ET ODM<\/strong>: Pris en charge<br \/><strong>Conception<\/strong>: Gratuit<br \/><strong>Accessoires<\/strong>: Lavabos, miroirs, robinets et autres accessoires de salle de bains<br \/><strong>Emballage<\/strong>: Pr\u00eat \u00e0 monter<\/p>","protected":false},"featured_media":2540,"comment_status":"closed","ping_status":"closed","template":"","meta":{"_acf_changed":false},"product_brand":[],"product_cat":[24],"product_tag":[],"class_list":{"0":"post-2539","1":"product","2":"type-product","3":"status-publish","4":"has-post-thumbnail","6":"product_cat-wholesale-pvc-bathroom-vanity-cabinets","8":"first","9":"instock","10":"shipping-taxable","11":"product-type-simple"},"acf":[],"_links":{"self":[{"href":"https:\/\/www.shouyasanitary.com\/fr\/wp-json\/wp\/v2\/product\/2539","targetHints":{"allow":["GET"]}}],"collection":[{"href":"https:\/\/www.shouyasanitary.com\/fr\/wp-json\/wp\/v2\/product"}],"about":[{"href":"https:\/\/www.shouyasanitary.com\/fr\/wp-json\/wp\/v2\/types\/product"}],"replies":[{"embeddable":true,"href":"https:\/\/www.shouyasanitary.com\/fr\/wp-json\/wp\/v2\/comments?post=2539"}],"wp:featuredmedia":[{"embeddable":true,"href":"https:\/\/www.shouyasanitary.com\/fr\/wp-json\/wp\/v2\/media\/2540"}],"wp:attachment":[{"href":"https:\/\/www.shouyasanitary.com\/fr\/wp-json\/wp\/v2\/media?parent=2539"}],"wp:term":[{"taxonomy":"product_brand","embeddable":true,"href":"https:\/\/www.shouyasanitary.com\/fr\/wp-json\/wp\/v2\/product_brand?post=2539"},{"taxonomy":"product_cat","embeddable":true,"href":"https:\/\/www.shouyasanitary.com\/fr\/wp-json\/wp\/v2\/product_cat?post=2539"},{"taxonomy":"product_tag","embeddable":true,"href":"https:\/\/www.shouyasanitary.com\/fr\/wp-json\/wp\/v2\/product_tag?post=2539"}],"curies":[{"name":"wp","href":"https:\/\/api.w.org\/{rel}","templated":true}]}}