{"id":2543,"date":"2026-01-19T10:50:56","date_gmt":"2026-01-19T10:50:56","guid":{"rendered":"https:\/\/www.shouyasanitary.com\/?post_type=product&#038;p=2543"},"modified":"2026-01-20T01:21:37","modified_gmt":"2026-01-20T01:21:37","slug":"wholesale-pvc-bathroom-cabinet","status":"publish","type":"product","link":"https:\/\/www.shouyasanitary.com\/fr\/produit\/wholesale-pvc-bathroom-cabinet\/","title":{"rendered":"Wholesale PVC Bathroom Cabinet, Floating Bathroom Vanity for Hotel Supplier"},"content":{"rendered":"<div class=\"wp-block-columns is-layout-flex wp-container-core-columns-is-layout-9d6595d7 wp-block-columns-is-layout-flex\">\n<div class=\"wp-block-column is-layout-flow wp-block-column-is-layout-flow\">\n<h2 class=\"wp-block-heading\">Caract\u00e9ristiques de l'armoire de salle de bain en PVC :<\/h2>\n\n\n\n<p><strong>R\u00e9sistant \u00e0 l'humidit\u00e9 et \u00e0 la corrosion<\/strong>: Le mat\u00e9riau PVC poss\u00e8de intrins\u00e8quement d'excellentes propri\u00e9t\u00e9s d'\u00e9tanch\u00e9it\u00e9 et de r\u00e9sistance \u00e0 l'humidit\u00e9, et ne craint pas l'humidit\u00e9 dans la salle de bains. Une utilisation \u00e0 long terme n'entra\u00eenera pas de probl\u00e8mes de d\u00e9formation, de moisissure ou de pourriture. Par rapport aux armoires en bois, il est plus durable et convient particuli\u00e8rement aux zones humides du sud ou aux salles de bains mal ventil\u00e9es.<\/p>\n\n\n\n<p><strong>Syst\u00e8me de stockage \u00e0 double efficacit\u00e9<\/strong>: L'armoire de toilette intelligente int\u00e9gr\u00e9e en haut fournit non seulement un \u00e9clairage LED uniforme pour le maquillage, mais \u00e9tend \u00e9galement l'espace de rangement le long du mur, ce qui am\u00e9liore grandement l'utilisation des petits espaces. Les doubles tiroirs du bas offrent une grande capacit\u00e9 pour le rangement cat\u00e9goris\u00e9 des fournitures de salle de bains, ce qui permet de garder le plan de travail bien rang\u00e9.<\/p>\n\n\n\n<p><strong>L\u00e9ger et robuste<\/strong>: Le panneau en PVC est l\u00e9ger mais structurellement stable, cr\u00e9ant une armoire suspendue qui r\u00e9duit la pression de la charge sur le mur et am\u00e9liore consid\u00e9rablement la facilit\u00e9 d'installation. Id\u00e9al pour les h\u00f4tels, les appartements et les projets commerciaux.<\/p>\n\n\n\n<p><strong>R\u00e9sistant \u00e0 la salet\u00e9, facile \u00e0 entretenir<\/strong>: La surface est lisse et n'absorbe pas la salet\u00e9. Les taches d'eau et de nettoyage quotidiennes peuvent \u00eatre facilement nettoy\u00e9es \u00e0 l'aide d'un chiffon humide. La texture mate permet \u00e9galement de r\u00e9duire les r\u00e9sidus d'empreintes digitales, ce qui \u00e9vite les nettoyages fr\u00e9quents.<\/p>\n\n\n\n<p><strong>Un soutien intelligent, une exp\u00e9rience am\u00e9lior\u00e9e<\/strong>: Le miroir intelligent \u00e0 r\u00e9tro\u00e9clairage LED assorti est dot\u00e9 de fonctions de gradation tactile et de d\u00e9sembuage. Le design int\u00e9gr\u00e9 de l'armoire de toilette permet de ranger de petits objets, de r\u00e9pondre aux besoins d'habillage, de rangement et d'\u00e9clairage en un seul endroit, cr\u00e9ant ainsi une exp\u00e9rience pratique dans la salle de bains.<\/p>\n<\/div>\n\n\n\n<div class=\"wp-block-column is-layout-flow wp-block-column-is-layout-flow\"><div class=\"wp-block-image\">\n<figure class=\"aligncenter size-full\"><img decoding=\"async\" width=\"700\" height=\"700\" src=\"https:\/\/www.shouyasanitary.com\/wp-content\/uploads\/2025\/12\/Bulk-Purchases-Bathroom-Cabinet.jpg\" alt=\"Achats en vrac Armoire de toilette\" class=\"wp-image-2544\" style=\"object-fit:cover\" srcset=\"https:\/\/www.shouyasanitary.com\/wp-content\/uploads\/2025\/12\/Bulk-Purchases-Bathroom-Cabinet.jpg 700w, https:\/\/www.shouyasanitary.com\/wp-content\/uploads\/2025\/12\/Bulk-Purchases-Bathroom-Cabinet-300x300.jpg 300w, https:\/\/www.shouyasanitary.com\/wp-content\/uploads\/2025\/12\/Bulk-Purchases-Bathroom-Cabinet-150x150.jpg 150w, https:\/\/www.shouyasanitary.com\/wp-content\/uploads\/2025\/12\/Bulk-Purchases-Bathroom-Cabinet-12x12.jpg 12w, https:\/\/www.shouyasanitary.com\/wp-content\/uploads\/2025\/12\/Bulk-Purchases-Bathroom-Cabinet-600x600.jpg 600w, https:\/\/www.shouyasanitary.com\/wp-content\/uploads\/2025\/12\/Bulk-Purchases-Bathroom-Cabinet-100x100.jpg 100w\" sizes=\"(max-width: 700px) 100vw, 700px\" \/><\/figure>\n<\/div><\/div>\n<\/div>","protected":false},"excerpt":{"rendered":"<p>L'armoire de salle de bain en PVC combine des armoires r\u00e9sistantes \u00e0 l'humidit\u00e9 et \u00e0 la corrosion avec des miroirs intelligents \u00e0 LED, deux tiroirs pour un rangement organis\u00e9 et un design l\u00e9ger \u00e0 montage mural, id\u00e9al pour les h\u00f4tels, les appartements et les projets commerciaux. Contactez-nous pour un devis et un catalogue de produits !<\/p>\n<h2>Armoire de salle de bain en PVC Attribut\uff1a<\/h2>\n<p><strong><br \/>Mat\u00e9riau de l'armoire :<\/strong> PVC<br \/><strong>Couleur de l'armoire : <\/strong>Gris<br \/><strong>Miroir :<\/strong> Miroir LED (3,5 mm\/3,8 mm), \u00e9clairage tricolore, d\u00e9sembuage par simple pression d'une touche, s\u00e9curis\u00e9 par un emballage en mousse multicouche.<br \/><strong>Type d'installation :<\/strong>\u00a0Montage mural<br \/><strong>Dimensions (L\u00d7L\u00d7H) :<\/strong> 100*47*50 cm<br \/><strong>Poids brut :<\/strong> 34kg\/set<\/p>\n<h2>Personnalisation et services :<\/h2>\n<p><strong>OEM ET ODM<\/strong>: Pris en charge<br \/><strong>Conception<\/strong>: Gratuit<br \/><strong>Accessoires<\/strong>: Lavabos, miroirs, robinets et autres accessoires de salle de bains<br \/><strong>Emballage<\/strong>: Pr\u00eat \u00e0 monter<\/p>","protected":false},"featured_media":2544,"comment_status":"closed","ping_status":"closed","template":"","meta":{"_acf_changed":false},"product_brand":[],"product_cat":[24],"product_tag":[],"class_list":{"0":"post-2543","1":"product","2":"type-product","3":"status-publish","4":"has-post-thumbnail","6":"product_cat-wholesale-pvc-bathroom-vanity-cabinets","8":"first","9":"instock","10":"shipping-taxable","11":"product-type-simple"},"acf":[],"_links":{"self":[{"href":"https:\/\/www.shouyasanitary.com\/fr\/wp-json\/wp\/v2\/product\/2543","targetHints":{"allow":["GET"]}}],"collection":[{"href":"https:\/\/www.shouyasanitary.com\/fr\/wp-json\/wp\/v2\/product"}],"about":[{"href":"https:\/\/www.shouyasanitary.com\/fr\/wp-json\/wp\/v2\/types\/product"}],"replies":[{"embeddable":true,"href":"https:\/\/www.shouyasanitary.com\/fr\/wp-json\/wp\/v2\/comments?post=2543"}],"wp:featuredmedia":[{"embeddable":true,"href":"https:\/\/www.shouyasanitary.com\/fr\/wp-json\/wp\/v2\/media\/2544"}],"wp:attachment":[{"href":"https:\/\/www.shouyasanitary.com\/fr\/wp-json\/wp\/v2\/media?parent=2543"}],"wp:term":[{"taxonomy":"product_brand","embeddable":true,"href":"https:\/\/www.shouyasanitary.com\/fr\/wp-json\/wp\/v2\/product_brand?post=2543"},{"taxonomy":"product_cat","embeddable":true,"href":"https:\/\/www.shouyasanitary.com\/fr\/wp-json\/wp\/v2\/product_cat?post=2543"},{"taxonomy":"product_tag","embeddable":true,"href":"https:\/\/www.shouyasanitary.com\/fr\/wp-json\/wp\/v2\/product_tag?post=2543"}],"curies":[{"name":"wp","href":"https:\/\/api.w.org\/{rel}","templated":true}]}}