{"id":2547,"date":"2026-01-19T10:25:37","date_gmt":"2026-01-19T10:25:37","guid":{"rendered":"https:\/\/www.shouyasanitary.com\/?post_type=product&#038;p=2547"},"modified":"2026-01-19T10:25:56","modified_gmt":"2026-01-19T10:25:56","slug":"modern-bathroom-vanities-wholesale","status":"publish","type":"product","link":"https:\/\/www.shouyasanitary.com\/fr\/produit\/modern-bathroom-vanities-wholesale\/","title":{"rendered":"Meubles-lavabos modernes Wholesale, Meuble de salle de bain mural Fabricant"},"content":{"rendered":"<div class=\"wp-block-columns is-layout-flex wp-container-core-columns-is-layout-9d6595d7 wp-block-columns-is-layout-flex\">\n<div class=\"wp-block-column is-layout-flow wp-block-column-is-layout-flow\">\n<h2 class=\"wp-block-heading\">Caract\u00e9ristiques des meubles-lavabos modernes\uff1a<\/h2>\n\n\n\n<p><strong>L\u00e9ger et facile \u00e0 installer : <\/strong>Les panneaux en PVC sont l\u00e9gers et faciles \u00e0 traiter, ce qui permet de cr\u00e9er une armoire suspendue qui non seulement r\u00e9duit la charge support\u00e9e par le mur, mais qui est \u00e9galement plus facile \u00e0 installer. <\/p>\n\n\n\n<p><strong>Mat\u00e9riau imperm\u00e9able : <\/strong>Le PVC lui-m\u00eame n'absorbe pas l'eau et ne se d\u00e9t\u00e9riore pas. Il r\u00e9siste parfaitement \u00e0 l'invasion de la vapeur d'eau dans la salle de bains. M\u00eame s'il reste longtemps dans un environnement humide, il ne moisira pas et ne se d\u00e9formera pas comme les meubles en bois, ce qui le rend particuli\u00e8rement adapt\u00e9 aux salles de bains mal ventil\u00e9es, et il est plus durable pour un usage quotidien.<\/p>\n\n\n\n<p><strong>Aspect moderne : <\/strong>Le meuble en PVC gris fonc\u00e9 et la vasque en c\u00e9ramique blanche cr\u00e9ent un contraste classique, tandis que les miroirs circulaires simples et les lignes minimalistes apportent un sentiment de luxe qui s'adapte parfaitement aux diff\u00e9rents styles de salle de bains.<\/p>\n\n\n\n<p><strong>Nettoyage et entretien faciles : <\/strong> La surface en PVC est lisse et compacte, et le bassin en c\u00e9ramique est \u00e9galement facile \u00e0 nettoyer. Les \u00e9claboussures quotidiennes et la mousse peuvent \u00eatre nettoy\u00e9es \u00e0 l'aide d'un chiffon, et le meuble peut r\u00e9sister \u00e0 de l\u00e9g\u00e8res rayures. Il peut toujours rester propre et beau sans n\u00e9cessiter d'entretien.<\/p>\n\n\n\n<p><strong>Contr\u00f4le strict de la qualit\u00e9 \u00e0 la source<\/strong>: En tant que fabricant, Shouya a une connaissance approfondie de chaque d\u00e9tail du produit, ce qui permet d'assurer la stabilit\u00e9 de la qualit\u00e9 du produit et la coh\u00e9rence avec l'effet d'affichage depuis la source, r\u00e9duisant ainsi l'inspection de la qualit\u00e9 et les co\u00fbts apr\u00e8s-vente.<\/p>\n<\/div>\n\n\n\n<div class=\"wp-block-column is-layout-flow wp-block-column-is-layout-flow\"><div class=\"wp-block-image\">\n<figure class=\"aligncenter size-full\"><img decoding=\"async\" width=\"700\" height=\"700\" src=\"https:\/\/www.shouyasanitary.com\/wp-content\/uploads\/2025\/12\/Custom-Solutions-Bathroom-Cabinet-With-Drawers.jpg\" alt=\"Solutions sur mesure Armoire de salle de bain avec tiroirs\" class=\"wp-image-2548\" style=\"object-fit:cover\" srcset=\"https:\/\/www.shouyasanitary.com\/wp-content\/uploads\/2025\/12\/Custom-Solutions-Bathroom-Cabinet-With-Drawers.jpg 700w, https:\/\/www.shouyasanitary.com\/wp-content\/uploads\/2025\/12\/Custom-Solutions-Bathroom-Cabinet-With-Drawers-300x300.jpg 300w, https:\/\/www.shouyasanitary.com\/wp-content\/uploads\/2025\/12\/Custom-Solutions-Bathroom-Cabinet-With-Drawers-150x150.jpg 150w, https:\/\/www.shouyasanitary.com\/wp-content\/uploads\/2025\/12\/Custom-Solutions-Bathroom-Cabinet-With-Drawers-12x12.jpg 12w, https:\/\/www.shouyasanitary.com\/wp-content\/uploads\/2025\/12\/Custom-Solutions-Bathroom-Cabinet-With-Drawers-600x600.jpg 600w, https:\/\/www.shouyasanitary.com\/wp-content\/uploads\/2025\/12\/Custom-Solutions-Bathroom-Cabinet-With-Drawers-100x100.jpg 100w\" sizes=\"(max-width: 700px) 100vw, 700px\" \/><\/figure>\n<\/div><\/div>\n<\/div>","protected":false},"excerpt":{"rendered":"<p>Les meubles de salle de bain modernes de Shouya comprennent des armoires murales en PVC avec tiroirs et miroirs, combinant un design minimaliste avec une fonctionnalit\u00e9 peu encombrante, parfaite pour les projets B2B. N'h\u00e9sitez pas \u00e0 nous contacter pour obtenir un devis et un catalogue de produits !<\/p>\n<h2>Vanit\u00e9s de salle de bain modernes Attributs\uff1a<\/h2>\n<p><strong>Mat\u00e9riau de l'armoire :<\/strong> PVC<br \/><strong>Couleur de l'armoire :\u00a0<\/strong>Gris<br \/><strong>Miroir :<\/strong> Miroir LED (3,5 mm\/3,8 mm), \u00e9clairage tricolore, d\u00e9sembuage par simple pression d'une touche, s\u00e9curis\u00e9 par un emballage en mousse multicouche.<br \/><strong>Type d'installation :<\/strong>\u00a0Montage mural<br \/><strong>Dimensions (L\u00d7L\u00d7H) :<\/strong> 100*47.5*50 cm<br \/><strong>Poids brut :<\/strong> 38kg\/set<\/p>\n<h2>Personnalisation et services :<\/h2>\n<p><strong>OEM ET ODM<\/strong>: Pris en charge<br \/><strong>Conception<\/strong>: Gratuit<br \/><strong>Accessoires<\/strong>: Lavabos, miroirs, robinets et autres accessoires de salle de bains<br \/><strong>Emballage<\/strong>: Pr\u00eat \u00e0 monter<\/p>","protected":false},"featured_media":2548,"comment_status":"closed","ping_status":"closed","template":"","meta":{"_acf_changed":true},"product_brand":[],"product_cat":[24],"product_tag":[],"class_list":{"0":"post-2547","1":"product","2":"type-product","3":"status-publish","4":"has-post-thumbnail","6":"product_cat-wholesale-pvc-bathroom-vanity-cabinets","8":"first","9":"instock","10":"shipping-taxable","11":"product-type-simple"},"acf":[],"_links":{"self":[{"href":"https:\/\/www.shouyasanitary.com\/fr\/wp-json\/wp\/v2\/product\/2547","targetHints":{"allow":["GET"]}}],"collection":[{"href":"https:\/\/www.shouyasanitary.com\/fr\/wp-json\/wp\/v2\/product"}],"about":[{"href":"https:\/\/www.shouyasanitary.com\/fr\/wp-json\/wp\/v2\/types\/product"}],"replies":[{"embeddable":true,"href":"https:\/\/www.shouyasanitary.com\/fr\/wp-json\/wp\/v2\/comments?post=2547"}],"wp:featuredmedia":[{"embeddable":true,"href":"https:\/\/www.shouyasanitary.com\/fr\/wp-json\/wp\/v2\/media\/2548"}],"wp:attachment":[{"href":"https:\/\/www.shouyasanitary.com\/fr\/wp-json\/wp\/v2\/media?parent=2547"}],"wp:term":[{"taxonomy":"product_brand","embeddable":true,"href":"https:\/\/www.shouyasanitary.com\/fr\/wp-json\/wp\/v2\/product_brand?post=2547"},{"taxonomy":"product_cat","embeddable":true,"href":"https:\/\/www.shouyasanitary.com\/fr\/wp-json\/wp\/v2\/product_cat?post=2547"},{"taxonomy":"product_tag","embeddable":true,"href":"https:\/\/www.shouyasanitary.com\/fr\/wp-json\/wp\/v2\/product_tag?post=2547"}],"curies":[{"name":"wp","href":"https:\/\/api.w.org\/{rel}","templated":true}]}}