{"id":2610,"date":"2026-01-24T08:44:36","date_gmt":"2026-01-24T08:44:36","guid":{"rendered":"https:\/\/www.shouyasanitary.com\/?post_type=product&#038;p=2610"},"modified":"2026-01-24T08:46:09","modified_gmt":"2026-01-24T08:46:09","slug":"custom-green-bathroom-vanity-cabinet","status":"publish","type":"product","link":"https:\/\/www.shouyasanitary.com\/fr\/produit\/custom-green-bathroom-vanity-cabinet\/","title":{"rendered":"Meuble de salle de bain vert personnalis\u00e9, Meuble de salle de bain mural en PVC pour appartement h\u00f4tel en vrac"},"content":{"rendered":"<div class=\"wp-block-columns is-layout-flex wp-container-core-columns-is-layout-9d6595d7 wp-block-columns-is-layout-flex\">\n<div class=\"wp-block-column is-layout-flow wp-block-column-is-layout-flow\">\n<h2 class=\"wp-block-heading\">Caract\u00e9ristiques du meuble-lavabo vert\uff1a<\/h2>\n\n\n\n<p><strong>Armoire en PVC :<\/strong> Fabriqu\u00e9 en PVC de haute qualit\u00e9, avec une finition mate et un toucher d\u00e9licat. Il pr\u00e9sente non seulement un aspect frais et soign\u00e9, mais aussi une excellente r\u00e9sistance \u00e0 l'humidit\u00e9 et aux taches. La structure mol\u00e9culaire du PVC est serr\u00e9e, ce qui permet d'isoler la vapeur d'eau et l'humidit\u00e9 dans la salle de bains. Il n'est pas facile \u00e0 mouler ou \u00e0 d\u00e9former apr\u00e8s une utilisation prolong\u00e9e.<\/p>\n\n\n\n<p><strong>Facile \u00e0 entretenir<\/strong>en : Le nettoyage quotidien ne n\u00e9cessite qu'un chiffon humide, et les taches d'eau et les salet\u00e9s de surface peuvent \u00eatre facilement \u00e9limin\u00e9es, sans aucune charge d'entretien.<\/p>\n\n\n\n<p><strong>Bassin int\u00e9gr\u00e9 en c\u00e9ramique antibact\u00e9rienne<\/strong>en : La vasque int\u00e9gr\u00e9e en c\u00e9ramique assortie est cuite \u00e0 haute temp\u00e9rature, avec une surface lisse et dense qui ne favorise pas la prolif\u00e9ration des bact\u00e9ries, et les taches peuvent \u00eatre nettoy\u00e9es imm\u00e9diatement. La conception int\u00e9gr\u00e9e \u00e9limine les angles morts en mati\u00e8re d'hygi\u00e8ne sur le bord de la vasque, ce qui permet de dire adieu aux probl\u00e8mes d'infiltration d'eau et de moisissure des vasques traditionnelles, et de garder le plan de travail propre et rafra\u00eechissant \u00e0 tout moment.<\/p>\n\n\n\n<p><strong>Armoire de toilette lumineuse intelligente :<\/strong> Des bandes lumineuses LED sont int\u00e9gr\u00e9es des deux c\u00f4t\u00e9s de l'armoire de toilette, avec une lumi\u00e8re douce et non \u00e9blouissante, qui permet de pr\u00e9senter clairement les d\u00e9tails du visage pendant le maquillage et les soins de la peau. Le miroir est dot\u00e9 d'un affichage de l'heure et d'une fonction de d\u00e9sembuage en un clic, ce qui vous permet de retrouver rapidement une image claire sans avoir \u00e0 vous essuyer apr\u00e8s le bain.<\/p>\n\n\n\n<p><strong>Rangement en couches :<\/strong> la combinaison d'une porte d'armoire ferm\u00e9e \u00e0 gauche et d'un double tiroir \u00e0 droite permet un cloisonnement scientifique des fournitures de salle de bains. Les articles de toilette courants peuvent \u00eatre rang\u00e9s dans les tiroirs, tandis que les articles plus volumineux tels que les serviettes et les peignoirs peuvent \u00eatre plac\u00e9s dans les armoires lat\u00e9rales, ce qui permet au comptoir de dire adieu au d\u00e9sordre et de cr\u00e9er un espace de salle de bains propre et ordonn\u00e9.<\/p>\n<\/div>\n\n\n\n<div class=\"wp-block-column is-layout-flow wp-block-column-is-layout-flow\"><div class=\"wp-block-image\">\n<figure class=\"aligncenter size-full\"><img decoding=\"async\" width=\"700\" height=\"700\" src=\"https:\/\/www.shouyasanitary.com\/wp-content\/uploads\/2026\/01\/Custom-Solutions-Bathroom-Vanity-1.webp\" alt=\"\" class=\"wp-image-2612\" style=\"object-fit:cover\" srcset=\"https:\/\/www.shouyasanitary.com\/wp-content\/uploads\/2026\/01\/Custom-Solutions-Bathroom-Vanity-1.webp 700w, https:\/\/www.shouyasanitary.com\/wp-content\/uploads\/2026\/01\/Custom-Solutions-Bathroom-Vanity-1-300x300.webp 300w, https:\/\/www.shouyasanitary.com\/wp-content\/uploads\/2026\/01\/Custom-Solutions-Bathroom-Vanity-1-150x150.webp 150w, https:\/\/www.shouyasanitary.com\/wp-content\/uploads\/2026\/01\/Custom-Solutions-Bathroom-Vanity-1-12x12.webp 12w, https:\/\/www.shouyasanitary.com\/wp-content\/uploads\/2026\/01\/Custom-Solutions-Bathroom-Vanity-1-600x600.webp 600w, https:\/\/www.shouyasanitary.com\/wp-content\/uploads\/2026\/01\/Custom-Solutions-Bathroom-Vanity-1-100x100.webp 100w\" sizes=\"(max-width: 700px) 100vw, 700px\" \/><\/figure>\n<\/div><\/div>\n<\/div>\n\n\n\n<p><\/p>","protected":false},"excerpt":{"rendered":"<p>Meuble de salle de bain vert personnalis\u00e9 avec corps en PVC, vasque en c\u00e9ramique antibact\u00e9rienne, miroir LED et rangement intelligent, \u00e9quilibrant parfaitement le confort et l'\u00e9l\u00e9gance pour les projets r\u00e9sidentiels et commerciaux. N'h\u00e9sitez pas \u00e0 nous contacter pour un devis et un catalogue de produits !<\/p>\n<h2>Meuble de salle de bain vert Attributs\uff1a<\/h2>\n<p><strong>Mod\u00e8le :<\/strong>6108-80<strong><br \/>Mat\u00e9riau de l'armoire :<\/strong> PVC<br \/><strong>Couleur de l'armoire : <\/strong>Vert<br \/><strong>Miroir :<\/strong> Miroir LED (3,5 mm\/3,8 mm), \u00e9clairage tricolore, d\u00e9sembuage par simple pression d'une touche, s\u00e9curis\u00e9 par un emballage en mousse multicouche.<br \/><strong>Type d'installation :<\/strong>\u00a0Montage mural<br \/><strong>Dimensions (L\u00d7L\u00d7H) :<\/strong> 80*48*50 cm<br \/><strong>Poids brut :<\/strong> 32kg\/set<\/p>\n<h2>Personnalisation et services :<\/h2>\n<p><strong>OEM ET ODM<\/strong>: Pris en charge<br \/><strong>Conception<\/strong>: Gratuit<br \/><strong>Accessoires<\/strong>: Lavabos, miroirs, robinets et autres accessoires de salle de bains<br \/><strong>Emballage<\/strong>: Pr\u00eat \u00e0 monter<\/p>","protected":false},"featured_media":2614,"comment_status":"closed","ping_status":"closed","template":"","meta":{"_acf_changed":true},"product_brand":[],"product_cat":[24],"product_tag":[],"class_list":{"0":"post-2610","1":"product","2":"type-product","3":"status-publish","4":"has-post-thumbnail","6":"product_cat-wholesale-pvc-bathroom-vanity-cabinets","8":"first","9":"instock","10":"shipping-taxable","11":"product-type-simple"},"acf":[],"_links":{"self":[{"href":"https:\/\/www.shouyasanitary.com\/fr\/wp-json\/wp\/v2\/product\/2610","targetHints":{"allow":["GET"]}}],"collection":[{"href":"https:\/\/www.shouyasanitary.com\/fr\/wp-json\/wp\/v2\/product"}],"about":[{"href":"https:\/\/www.shouyasanitary.com\/fr\/wp-json\/wp\/v2\/types\/product"}],"replies":[{"embeddable":true,"href":"https:\/\/www.shouyasanitary.com\/fr\/wp-json\/wp\/v2\/comments?post=2610"}],"wp:featuredmedia":[{"embeddable":true,"href":"https:\/\/www.shouyasanitary.com\/fr\/wp-json\/wp\/v2\/media\/2614"}],"wp:attachment":[{"href":"https:\/\/www.shouyasanitary.com\/fr\/wp-json\/wp\/v2\/media?parent=2610"}],"wp:term":[{"taxonomy":"product_brand","embeddable":true,"href":"https:\/\/www.shouyasanitary.com\/fr\/wp-json\/wp\/v2\/product_brand?post=2610"},{"taxonomy":"product_cat","embeddable":true,"href":"https:\/\/www.shouyasanitary.com\/fr\/wp-json\/wp\/v2\/product_cat?post=2610"},{"taxonomy":"product_tag","embeddable":true,"href":"https:\/\/www.shouyasanitary.com\/fr\/wp-json\/wp\/v2\/product_tag?post=2610"}],"curies":[{"name":"wp","href":"https:\/\/api.w.org\/{rel}","templated":true}]}}