{"id":2615,"date":"2026-01-24T09:01:53","date_gmt":"2026-01-24T09:01:53","guid":{"rendered":"https:\/\/www.shouyasanitary.com\/?post_type=product&#038;p=2615"},"modified":"2026-01-24T09:11:37","modified_gmt":"2026-01-24T09:11:37","slug":"oem-bathroom-vanity-cabinet-with-sink","status":"publish","type":"product","link":"https:\/\/www.shouyasanitary.com\/fr\/produit\/oem-bathroom-vanity-cabinet-with-sink\/","title":{"rendered":"OEM Meuble de salle de bain avec \u00e9vier, Meuble de salle de bain simple avec miroir LED intelligent Fournisseur"},"content":{"rendered":"<div class=\"wp-block-columns is-layout-flex wp-container-core-columns-is-layout-9d6595d7 wp-block-columns-is-layout-flex\">\n<div class=\"wp-block-column is-layout-flow wp-block-column-is-layout-flow\">\n<h2 class=\"wp-block-heading\">Caract\u00e9ristiques du meuble-lavabo avec \u00e9vier\uff1a<\/h2>\n\n\n\n<p><strong>Style minimaliste :<\/strong> Le meuble principal est d'une seule couleur, l'or, ce qui donne une impression de grandeur et convient aux temps modernes. Il s'agit d'un espace de salle de bains luxueux avec une conception visuelle simple et des mat\u00e9riaux de haute qualit\u00e9.<\/p>\n\n\n\n<p><strong>Rangement pratique :<\/strong>\u00a0Le corps de l'armoire \u00e0 un seul tiroir permet de ranger facilement les articles de toilette. L'installation murale permet d'\u00e9conomiser de l'espace au sol, tout en \u00e9vitant les coins cach\u00e9s, ce qui rend le nettoyage plus pratique.<\/p>\n\n\n\n<p><strong>Cuvette en c\u00e9ramique int\u00e9gr\u00e9e<\/strong>en : Si l'espace disponible sur le comptoir est suffisant, il peut contenir la lessive quotidienne et d'autres articles, et il est facile \u00e0 prendre, r\u00e9sistant aux taches et facile \u00e0 nettoyer. Il suffit de l'essuyer avec un chiffon et les taches s'enl\u00e8vent facilement.<\/p>\n\n\n\n<p><strong>Mat\u00e9riaux de haute qualit\u00e9 :<\/strong>\u00a0Utilise un mat\u00e9riau PVC de haute qualit\u00e9 et respectueux de l'environnement. Il est imperm\u00e9able \u00e0 l'eau et \u00e0 l'humidit\u00e9, la surface de la porte de l'armoire est r\u00e9sistante aux rayures et \u00e0 l'usure, et elle est tr\u00e8s durable.<\/p>\n\n\n\n<p><strong>Fabricant professionnel de produits sanitaires :<\/strong> Une \u00e9quipe ayant 20 ans d'exp\u00e9rience dans l'exportation v\u00e9rifie strictement la qualit\u00e9, la cha\u00eene de production compl\u00e8te contr\u00f4le la qualit\u00e9, personnalise un emballage de haute qualit\u00e9 pour assurer le transport, et le service apr\u00e8s-vente est excellent, ce qui fait que l'achat d'armoires de salle de bains apporte une double tranquillit\u00e9 d'esprit.<\/p>\n<\/div>\n\n\n\n<div class=\"wp-block-column is-layout-flow wp-block-column-is-layout-flow\"><div class=\"wp-block-image\">\n<figure class=\"aligncenter size-full\"><img decoding=\"async\" width=\"700\" height=\"700\" src=\"https:\/\/www.shouyasanitary.com\/wp-content\/uploads\/2026\/01\/wholesale-customization-PVC-wall-mounted-bathroom-vanity.webp\" alt=\"Grossiste personnalisation vanit\u00e9 de salle de bain murale en PVC\" class=\"wp-image-2616\" style=\"object-fit:cover\" srcset=\"https:\/\/www.shouyasanitary.com\/wp-content\/uploads\/2026\/01\/wholesale-customization-PVC-wall-mounted-bathroom-vanity.webp 700w, https:\/\/www.shouyasanitary.com\/wp-content\/uploads\/2026\/01\/wholesale-customization-PVC-wall-mounted-bathroom-vanity-300x300.webp 300w, https:\/\/www.shouyasanitary.com\/wp-content\/uploads\/2026\/01\/wholesale-customization-PVC-wall-mounted-bathroom-vanity-150x150.webp 150w, https:\/\/www.shouyasanitary.com\/wp-content\/uploads\/2026\/01\/wholesale-customization-PVC-wall-mounted-bathroom-vanity-12x12.webp 12w, https:\/\/www.shouyasanitary.com\/wp-content\/uploads\/2026\/01\/wholesale-customization-PVC-wall-mounted-bathroom-vanity-600x600.webp 600w, https:\/\/www.shouyasanitary.com\/wp-content\/uploads\/2026\/01\/wholesale-customization-PVC-wall-mounted-bathroom-vanity-100x100.webp 100w\" sizes=\"(max-width: 700px) 100vw, 700px\" \/><\/figure>\n<\/div><\/div>\n<\/div>","protected":false},"excerpt":{"rendered":"<p>Meuble de salle de bain OEM avec lavabo, au design \u00e9l\u00e9gant et dor\u00e9, avec corps en PVC respectueux de l'environnement et vasque en c\u00e9ramique int\u00e9gr\u00e9e. Le tiroir unique mont\u00e9 sur le mur permet d'\u00e9conomiser de l'espace et est facile \u00e0 nettoyer. Shouya fabricant de fournitures, offre la personnalisation et d'excellents services. N'h\u00e9sitez pas \u00e0 nous contacter pour obtenir un devis d\u00e8s aujourd'hui !<\/p>\n<h2>Meuble de salle de bain avec lavabo Attributs\uff1a<\/h2>\n<p><strong>Mod\u00e8le :<\/strong>6113-80<strong><br \/>Mat\u00e9riau de l'armoire :<\/strong> PVC<br \/><strong>Couleur de l'armoire : <\/strong>Marron<br \/><strong>Miroir :<\/strong> Miroir LED (3,5 mm\/3,8 mm), \u00e9clairage tricolore, d\u00e9sembuage par simple pression d'une touche, s\u00e9curis\u00e9 par un emballage en mousse multicouche.<br \/><strong>Type d'installation :<\/strong>\u00a0Montage mural<br \/><strong>Dimensions (L\u00d7L\u00d7H) :<\/strong> 80*47*50 cm<br \/><strong>Poids brut :<\/strong> 35kg\/set<\/p>\n<h2>Personnalisation et services :<\/h2>\n<p><strong>OEM ET ODM<\/strong>: Pris en charge<br \/><strong>Conception<\/strong>: Gratuit<br \/><strong>Accessoires<\/strong>: Lavabos, miroirs, robinets et autres accessoires de salle de bains<br \/><strong>Emballage<\/strong>: Pr\u00eat \u00e0 monter<\/p>","protected":false},"featured_media":2616,"comment_status":"closed","ping_status":"closed","template":"","meta":{"_acf_changed":true},"product_brand":[],"product_cat":[24],"product_tag":[],"class_list":{"0":"post-2615","1":"product","2":"type-product","3":"status-publish","4":"has-post-thumbnail","6":"product_cat-wholesale-pvc-bathroom-vanity-cabinets","8":"first","9":"instock","10":"shipping-taxable","11":"product-type-simple"},"acf":[],"_links":{"self":[{"href":"https:\/\/www.shouyasanitary.com\/fr\/wp-json\/wp\/v2\/product\/2615","targetHints":{"allow":["GET"]}}],"collection":[{"href":"https:\/\/www.shouyasanitary.com\/fr\/wp-json\/wp\/v2\/product"}],"about":[{"href":"https:\/\/www.shouyasanitary.com\/fr\/wp-json\/wp\/v2\/types\/product"}],"replies":[{"embeddable":true,"href":"https:\/\/www.shouyasanitary.com\/fr\/wp-json\/wp\/v2\/comments?post=2615"}],"wp:featuredmedia":[{"embeddable":true,"href":"https:\/\/www.shouyasanitary.com\/fr\/wp-json\/wp\/v2\/media\/2616"}],"wp:attachment":[{"href":"https:\/\/www.shouyasanitary.com\/fr\/wp-json\/wp\/v2\/media?parent=2615"}],"wp:term":[{"taxonomy":"product_brand","embeddable":true,"href":"https:\/\/www.shouyasanitary.com\/fr\/wp-json\/wp\/v2\/product_brand?post=2615"},{"taxonomy":"product_cat","embeddable":true,"href":"https:\/\/www.shouyasanitary.com\/fr\/wp-json\/wp\/v2\/product_cat?post=2615"},{"taxonomy":"product_tag","embeddable":true,"href":"https:\/\/www.shouyasanitary.com\/fr\/wp-json\/wp\/v2\/product_tag?post=2615"}],"curies":[{"name":"wp","href":"https:\/\/api.w.org\/{rel}","templated":true}]}}