{"id":2619,"date":"2026-01-30T03:48:26","date_gmt":"2026-01-30T03:48:26","guid":{"rendered":"https:\/\/www.shouyasanitary.com\/?post_type=product&#038;p=2619"},"modified":"2026-03-04T02:59:48","modified_gmt":"2026-03-04T02:59:48","slug":"custom-grey-bathroom-cabinets","status":"publish","type":"product","link":"https:\/\/www.shouyasanitary.com\/fr\/produit\/custom-grey-bathroom-cabinets\/","title":{"rendered":"Custom Grey Bathroom Cabinets, Floating Bathroom Vanity with Smart Mirror Double Drawer Supplier"},"content":{"rendered":"<div class=\"wp-block-columns is-layout-flex wp-container-core-columns-is-layout-9d6595d7 wp-block-columns-is-layout-flex\">\n<div class=\"wp-block-column is-layout-flow wp-block-column-is-layout-flow\">\n<h2 class=\"wp-block-heading\">Caract\u00e9ristiques des armoires de salle de bain grises\uff1a<\/h2>\n\n\n\n<p><strong>Tonalit\u00e9 grise moderne :<\/strong> Le corps principal de l'armoire est compos\u00e9 d'un design aux tons gris, pr\u00e9sentant un style simple. La surface de l'armoire est trait\u00e9e avec une finition mate, pr\u00e9sentant une texture lisse et semblable \u00e0 celle de la peau, parfaite pour un h\u00f4tel ou un appartement. <\/p>\n\n\n\n<p><strong>Mat\u00e9riau imperm\u00e9able<\/strong>: Il est fabriqu\u00e9 en PVC, un mat\u00e9riau \u00e9cologique, imperm\u00e9able \u00e0 l'eau et \u00e0 l'humidit\u00e9, qui offre d'excellentes performances et convient aux environnements humides. Le nettoyage quotidien ne n\u00e9cessite qu'un l\u00e9ger coup de chiffon.<\/p>\n\n\n\n<p><strong>Fonctions pratiques :<\/strong> Il adopte une conception d'installation suspendue, ce qui permet d'\u00e9conomiser de l'espace au sol. Il permet d'\u00e9viter les angles morts lors du nettoyage et est \u00e9quip\u00e9 d'un double tiroir de rangement, facilitant le stockage des articles de toilette.<\/p>\n\n\n\n<p><strong>Armoire de toilette LED intelligente : <\/strong>Il se compose d'une armoire de toilette rectangulaire \u00e0 LED, simple et \u00e9l\u00e9gante. Les bords sont arrondis pour \u00e9viter les rayures. Le miroir est disponible en trois couleurs, avec un r\u00e9tro\u00e9clairage \u00e0 l'arri\u00e8re, un interrupteur \u00e0 commande tactile et des fonctions d'\u00e9clairage et de d\u00e9sembuage, \u00e9quilibrant ainsi l'esth\u00e9tique et la praticit\u00e9.<\/p>\n\n\n\n<p><strong>Compatibilit\u00e9 de style : <\/strong>Le corps de meuble gris et la longue poign\u00e9e simple, associ\u00e9s \u00e0 une vasque en c\u00e9ramique blanche et \u00e0 un double tiroir, permettent d'utiliser un grand espace pour ranger les objets quotidiens et les articles de toilette. Il est compatible avec diff\u00e9rents styles de d\u00e9coration de salle de bains et rehausse facilement la texture de l'espace.<\/p>\n<\/div>\n\n\n\n<div class=\"wp-block-column is-layout-flow wp-block-column-is-layout-flow\"><div class=\"wp-block-image\">\n<figure class=\"aligncenter size-full\"><img decoding=\"async\" width=\"700\" height=\"700\" src=\"https:\/\/www.shouyasanitary.com\/wp-content\/uploads\/2026\/01\/bulk-purchase-large-size-bathroom-cabinet-vanity.webp\" alt=\"achat en vrac meuble de salle de bain de grande taille\" class=\"wp-image-2621\" style=\"object-fit:cover\" srcset=\"https:\/\/www.shouyasanitary.com\/wp-content\/uploads\/2026\/01\/bulk-purchase-large-size-bathroom-cabinet-vanity.webp 700w, https:\/\/www.shouyasanitary.com\/wp-content\/uploads\/2026\/01\/bulk-purchase-large-size-bathroom-cabinet-vanity-300x300.webp 300w, https:\/\/www.shouyasanitary.com\/wp-content\/uploads\/2026\/01\/bulk-purchase-large-size-bathroom-cabinet-vanity-150x150.webp 150w, https:\/\/www.shouyasanitary.com\/wp-content\/uploads\/2026\/01\/bulk-purchase-large-size-bathroom-cabinet-vanity-12x12.webp 12w, https:\/\/www.shouyasanitary.com\/wp-content\/uploads\/2026\/01\/bulk-purchase-large-size-bathroom-cabinet-vanity-600x600.webp 600w, https:\/\/www.shouyasanitary.com\/wp-content\/uploads\/2026\/01\/bulk-purchase-large-size-bathroom-cabinet-vanity-100x100.webp 100w\" sizes=\"(max-width: 700px) 100vw, 700px\" \/><\/figure>\n<\/div><\/div>\n<\/div>","protected":false},"excerpt":{"rendered":"<p>Les armoires grises personnalis\u00e9es Shouya, fabriqu\u00e9es en PVC \u00e9cologique, sont dot\u00e9es d'un panneau mat et d'un design suspendu peu encombrant. Elle comprend un double tiroir de rangement, une vasque en c\u00e9ramique blanche et une armoire de toilette rectangulaire \u00e0 LED avec \u00e9clairage tactile et fonction de d\u00e9sembuage. Elle s'adapte \u00e0 diff\u00e9rents styles de d\u00e9coration de salle de bains. Possibilit\u00e9 de personnalisation et de vente en gros. Renseignez-vous d\u00e8s maintenant !<\/p>\n<h2>Armoires de salle de bain grises Attributs\uff1a<\/h2>\n<p><strong>Mod\u00e8le :<\/strong> 6610-80<br \/><strong>Mat\u00e9riau de l'armoire :<\/strong> PVC<br \/><strong>Couleur de l'armoire : <\/strong>Gris<br \/><strong>Miroir :<\/strong> Miroir LED (3,5 mm\/3,8 mm), \u00e9clairage tricolore, d\u00e9sembuage par simple pression d'une touche, s\u00e9curis\u00e9 par un emballage en mousse multicouche.<br \/><strong>Type d'installation :<\/strong>\u00a0Montage mural<br \/><strong>Dimensions (L\u00d7L\u00d7H) :<\/strong> 80*47*50 cm<br \/><strong>Poids brut :<\/strong> 34kg\/set<\/p>\n<h2>Personnalisation et services :<\/h2>\n<p><strong>OEM ET ODM<\/strong>: Pris en charge<br \/><strong>Conception<\/strong>: Gratuit<br \/><strong>Accessoires<\/strong>: Lavabos, miroirs, robinets et autres accessoires de salle de bains<br \/><strong>Emballage<\/strong>: Pr\u00eat \u00e0 monter<\/p>","protected":false},"featured_media":2621,"comment_status":"closed","ping_status":"closed","template":"","meta":{"_acf_changed":false},"product_brand":[],"product_cat":[24],"product_tag":[],"class_list":{"0":"post-2619","1":"product","2":"type-product","3":"status-publish","4":"has-post-thumbnail","6":"product_cat-wholesale-pvc-bathroom-vanity-cabinets","8":"first","9":"instock","10":"shipping-taxable","11":"product-type-simple"},"acf":[],"_links":{"self":[{"href":"https:\/\/www.shouyasanitary.com\/fr\/wp-json\/wp\/v2\/product\/2619","targetHints":{"allow":["GET"]}}],"collection":[{"href":"https:\/\/www.shouyasanitary.com\/fr\/wp-json\/wp\/v2\/product"}],"about":[{"href":"https:\/\/www.shouyasanitary.com\/fr\/wp-json\/wp\/v2\/types\/product"}],"replies":[{"embeddable":true,"href":"https:\/\/www.shouyasanitary.com\/fr\/wp-json\/wp\/v2\/comments?post=2619"}],"wp:featuredmedia":[{"embeddable":true,"href":"https:\/\/www.shouyasanitary.com\/fr\/wp-json\/wp\/v2\/media\/2621"}],"wp:attachment":[{"href":"https:\/\/www.shouyasanitary.com\/fr\/wp-json\/wp\/v2\/media?parent=2619"}],"wp:term":[{"taxonomy":"product_brand","embeddable":true,"href":"https:\/\/www.shouyasanitary.com\/fr\/wp-json\/wp\/v2\/product_brand?post=2619"},{"taxonomy":"product_cat","embeddable":true,"href":"https:\/\/www.shouyasanitary.com\/fr\/wp-json\/wp\/v2\/product_cat?post=2619"},{"taxonomy":"product_tag","embeddable":true,"href":"https:\/\/www.shouyasanitary.com\/fr\/wp-json\/wp\/v2\/product_tag?post=2619"}],"curies":[{"name":"wp","href":"https:\/\/api.w.org\/{rel}","templated":true}]}}