{"id":2633,"date":"2026-02-03T07:33:30","date_gmt":"2026-02-03T07:33:30","guid":{"rendered":"https:\/\/www.shouyasanitary.com\/?post_type=product&#038;p=2633"},"modified":"2026-02-03T07:36:55","modified_gmt":"2026-02-03T07:36:55","slug":"custom-mirrors-for-bathrooms","status":"publish","type":"product","link":"https:\/\/www.shouyasanitary.com\/fr\/produit\/custom-mirrors-for-bathrooms\/","title":{"rendered":"Miroirs personnalis\u00e9s pour salles de bains Miroir LED \u00e0 cadre noir pour h\u00f4tel"},"content":{"rendered":"<div class=\"wp-block-columns is-layout-flex wp-container-core-columns-is-layout-9d6595d7 wp-block-columns-is-layout-flex\">\n<div class=\"wp-block-column is-layout-flow wp-block-column-is-layout-flow\">\n<h2 class=\"wp-block-heading\">Caract\u00e9ristiques des miroirs pour salles de bains\uff1a<\/h2>\n\n\n\n<p><strong>Lumi\u00e8re d'appoint intelligente<\/strong>: Les billes LED int\u00e9gr\u00e9es dans le miroir fournissent une lumi\u00e8re uniforme et douce, simulent les effets de la lumi\u00e8re naturelle, r\u00e9duisent les ombres sur le visage et pr\u00e9sentent les d\u00e9tails avec pr\u00e9cision pendant le maquillage et les soins de la peau.<\/p>\n\n\n\n<p><strong>Imperm\u00e9able et s\u00fbr :<\/strong> Le circuit et les perles de la lampe sont trait\u00e9s de mani\u00e8re \u00e9tanche, ce qui r\u00e9pond aux normes de s\u00e9curit\u00e9 pour l'\u00e9lectricit\u00e9 dans les salles de bains.<\/p>\n\n\n\n<p><strong>Forte durabilit\u00e9<\/strong>: Le mat\u00e9riau du cadre, r\u00e9sistant \u00e0 l'humidit\u00e9 et \u00e0 la rouille, peut \u00e9galement supporter des environnements humides pendant une longue p\u00e9riode, ne se d\u00e9forme pas facilement, ne moisit pas et a une dur\u00e9e de vie plus longue.<\/p>\n\n\n\n<p><strong>Simple et beau :<\/strong> Le bord arqu\u00e9 pr\u00e9sente des lignes douces et le bord blanc s'int\u00e8gre parfaitement au style moderne de la salle de bains. Il peut rehausser la d\u00e9licatesse et l'atmosph\u00e8re de l'espace.<\/p>\n\n\n\n<p><strong>Forte capacit\u00e9 de production de masse :<\/strong> Nous disposons de lignes de production et de syst\u00e8mes de contr\u00f4le de la qualit\u00e9 \u00e9prouv\u00e9s, qui nous permettent de r\u00e9pondre \u00e0 des commandes de gros volumes avec des d\u00e9lais de livraison stables, ce qui nous rend aptes \u00e0 une coop\u00e9ration \u00e0 long terme avec des grossistes et des projets d'ing\u00e9nierie \u00e0 l'\u00e9tranger.<\/p>\n<\/div>\n\n\n\n<div class=\"wp-block-column is-layout-flow wp-block-column-is-layout-flow\"><div class=\"wp-block-image\">\n<figure class=\"aligncenter size-full\"><img decoding=\"async\" width=\"700\" height=\"700\" src=\"https:\/\/www.shouyasanitary.com\/wp-content\/uploads\/2026\/01\/Custom-With-Mirror.webp\" alt=\"Miroir de salle de bain personnalis\u00e9\" class=\"wp-image-2638\" style=\"object-fit:cover\" srcset=\"https:\/\/www.shouyasanitary.com\/wp-content\/uploads\/2026\/01\/Custom-With-Mirror.webp 700w, https:\/\/www.shouyasanitary.com\/wp-content\/uploads\/2026\/01\/Custom-With-Mirror-300x300.webp 300w, https:\/\/www.shouyasanitary.com\/wp-content\/uploads\/2026\/01\/Custom-With-Mirror-150x150.webp 150w, https:\/\/www.shouyasanitary.com\/wp-content\/uploads\/2026\/01\/Custom-With-Mirror-12x12.webp 12w, https:\/\/www.shouyasanitary.com\/wp-content\/uploads\/2026\/01\/Custom-With-Mirror-600x600.webp 600w, https:\/\/www.shouyasanitary.com\/wp-content\/uploads\/2026\/01\/Custom-With-Mirror-100x100.webp 100w\" sizes=\"(max-width: 700px) 100vw, 700px\" \/><\/figure>\n<\/div><\/div>\n<\/div>","protected":false},"excerpt":{"rendered":"<p>Les miroirs personnalis\u00e9s pour salles de bains sont dot\u00e9s d'un \u00e9clairage LED doux qui simule la lumi\u00e8re naturelle, de circuits \u00e9tanches et s\u00fbrs, de cadres anti-humidit\u00e9 durables et d'un design blanc \u00e9pur\u00e9 et incurv\u00e9. Une production stable en vrac est disponible. Contactez-nous pour toute demande de projet ou de vente en gros.<\/p>\n<h2>Miroirs pour salles de bains Attributs\uff1a<\/h2>\n<p><strong>Mat\u00e9riau :<\/strong> Plastique ABS et verre<br \/><strong>Fonction :<\/strong> \u00c9clairage tricolore, d\u00e9sembuage par simple pression d'une touche<strong><br \/><\/strong><strong>Dimensions :<\/strong> 50\u00d770 cm<br \/><strong>Miroir \u00c9paisseur :<\/strong> 3,5 mm\/3,8 mm<br \/><strong>Poids brut :<\/strong> 5kg\/PCS<\/p>\n<h2>Personnalisation et services :<\/h2>\n<p><strong>OEM ET ODM<\/strong>: Pris en charge<br \/><strong>Conception<\/strong>: Gratuit<br \/><strong>Emballage<\/strong>: Emballage fixe en mousse multicouche<\/p>","protected":false},"featured_media":2638,"comment_status":"closed","ping_status":"closed","template":"","meta":{"_acf_changed":false},"product_brand":[],"product_cat":[26],"product_tag":[],"class_list":{"0":"post-2633","1":"product","2":"type-product","3":"status-publish","4":"has-post-thumbnail","6":"product_cat-wholesale-bathroom-mirror","8":"first","9":"instock","10":"shipping-taxable","11":"product-type-simple"},"acf":[],"_links":{"self":[{"href":"https:\/\/www.shouyasanitary.com\/fr\/wp-json\/wp\/v2\/product\/2633","targetHints":{"allow":["GET"]}}],"collection":[{"href":"https:\/\/www.shouyasanitary.com\/fr\/wp-json\/wp\/v2\/product"}],"about":[{"href":"https:\/\/www.shouyasanitary.com\/fr\/wp-json\/wp\/v2\/types\/product"}],"replies":[{"embeddable":true,"href":"https:\/\/www.shouyasanitary.com\/fr\/wp-json\/wp\/v2\/comments?post=2633"}],"wp:featuredmedia":[{"embeddable":true,"href":"https:\/\/www.shouyasanitary.com\/fr\/wp-json\/wp\/v2\/media\/2638"}],"wp:attachment":[{"href":"https:\/\/www.shouyasanitary.com\/fr\/wp-json\/wp\/v2\/media?parent=2633"}],"wp:term":[{"taxonomy":"product_brand","embeddable":true,"href":"https:\/\/www.shouyasanitary.com\/fr\/wp-json\/wp\/v2\/product_brand?post=2633"},{"taxonomy":"product_cat","embeddable":true,"href":"https:\/\/www.shouyasanitary.com\/fr\/wp-json\/wp\/v2\/product_cat?post=2633"},{"taxonomy":"product_tag","embeddable":true,"href":"https:\/\/www.shouyasanitary.com\/fr\/wp-json\/wp\/v2\/product_tag?post=2633"}],"curies":[{"name":"wp","href":"https:\/\/api.w.org\/{rel}","templated":true}]}}